{"id":8983,"date":"2022-01-19T06:42:21","date_gmt":"2022-01-19T05:42:21","guid":{"rendered":"https:\/\/clubs.misterugby.com\/am92\/produit\/bodywarmer-kappa-homme-marine-modele-dattilo\/"},"modified":"2026-02-28T10:41:54","modified_gmt":"2026-02-28T09:41:54","slug":"bodywarmer-kappa-homme-marine-modele-dattilo","status":"publish","type":"product","link":"https:\/\/clubs.misterugby.com\/am92\/produit\/bodywarmer-kappa-homme-marine-modele-dattilo\/","title":{"rendered":"Bodywarmer KAPPA Homme Marine \u2013 mod\u00e8le VIATTO"},"content":{"rendered":"","protected":false},"excerpt":{"rendered":"<ul>\n<li>100% nylon<\/li>\n<li>confort, chaleur et \u00e9l\u00e9gance<\/li>\n<li>slim fit<\/li>\n<li>logo brod\u00e9<\/li>\n<li>2 poches lat\u00e9rales zipp\u00e9es<\/li>\n<\/ul>\n","protected":false},"featured_media":9117,"template":"","meta":[],"product_brand":[],"product_cat":[39],"product_tag":[],"class_list":{"0":"post-8983","1":"product","2":"type-product","3":"status-publish","4":"has-post-thumbnail","6":"product_cat-homme","8":"first","9":"instock","10":"taxable","11":"shipping-taxable","12":"product-type-variable"},"yoast_head":"<!-- This site is optimized with the Yoast SEO plugin v26.9 - https:\/\/yoast.com\/product\/yoast-seo-wordpress\/ -->\n<title>Bodywarmer KAPPA Homme Marine \u2013 mod\u00e8le VIATTO - am92<\/title>\n<meta name=\"robots\" content=\"noindex, follow, max-snippet:-1, max-image-preview:large, max-video-preview:-1\" \/>\n<meta property=\"og:locale\" content=\"fr_FR\" \/>\n<meta property=\"og:type\" content=\"article\" \/>\n<meta property=\"og:title\" content=\"Bodywarmer KAPPA Homme Marine \u2013 mod\u00e8le VIATTO - am92\" \/>\n<meta property=\"og:description\" content=\"100% nylon  confort, chaleur et \u00e9l\u00e9gance  slim fit  logo brod\u00e9  2 poches lat\u00e9rales zipp\u00e9es\" \/>\n<meta property=\"og:url\" content=\"https:\/\/clubs.misterugby.com\/am92\/produit\/bodywarmer-kappa-homme-marine-modele-dattilo\/\" \/>\n<meta property=\"og:site_name\" content=\"am92\" \/>\n<meta property=\"article:modified_time\" content=\"2026-02-28T09:41:54+00:00\" \/>\n<meta property=\"og:image\" content=\"http:\/\/clubs.misterugby.com\/am92\/wp-content\/uploads\/sites\/5\/2022\/01\/tffff.jpg\" \/>\n\t<meta property=\"og:image:width\" content=\"1000\" \/>\n\t<meta property=\"og:image:height\" content=\"1000\" \/>\n\t<meta property=\"og:image:type\" content=\"image\/jpeg\" \/>\n<meta name=\"twitter:card\" content=\"summary_large_image\" \/>\n<script type=\"application\/ld+json\" class=\"yoast-schema-graph\">{\"@context\":\"https:\/\/schema.org\",\"@graph\":[{\"@type\":\"WebPage\",\"@id\":\"https:\/\/clubs.misterugby.com\/am92\/produit\/bodywarmer-kappa-homme-marine-modele-dattilo\/\",\"url\":\"https:\/\/clubs.misterugby.com\/am92\/produit\/bodywarmer-kappa-homme-marine-modele-dattilo\/\",\"name\":\"Bodywarmer KAPPA Homme Marine \u2013 mod\u00e8le VIATTO - am92\",\"isPartOf\":{\"@id\":\"https:\/\/clubs.misterugby.com\/am92\/#website\"},\"primaryImageOfPage\":{\"@id\":\"https:\/\/clubs.misterugby.com\/am92\/produit\/bodywarmer-kappa-homme-marine-modele-dattilo\/#primaryimage\"},\"image\":{\"@id\":\"https:\/\/clubs.misterugby.com\/am92\/produit\/bodywarmer-kappa-homme-marine-modele-dattilo\/#primaryimage\"},\"thumbnailUrl\":\"https:\/\/clubs.misterugby.com\/am92\/wp-content\/uploads\/sites\/5\/2022\/01\/tffff.jpg\",\"datePublished\":\"2022-01-19T05:42:21+00:00\",\"dateModified\":\"2026-02-28T09:41:54+00:00\",\"breadcrumb\":{\"@id\":\"https:\/\/clubs.misterugby.com\/am92\/produit\/bodywarmer-kappa-homme-marine-modele-dattilo\/#breadcrumb\"},\"inLanguage\":\"fr-FR\",\"potentialAction\":[{\"@type\":\"ReadAction\",\"target\":[\"https:\/\/clubs.misterugby.com\/am92\/produit\/bodywarmer-kappa-homme-marine-modele-dattilo\/\"]}]},{\"@type\":\"ImageObject\",\"inLanguage\":\"fr-FR\",\"@id\":\"https:\/\/clubs.misterugby.com\/am92\/produit\/bodywarmer-kappa-homme-marine-modele-dattilo\/#primaryimage\",\"url\":\"https:\/\/clubs.misterugby.com\/am92\/wp-content\/uploads\/sites\/5\/2022\/01\/tffff.jpg\",\"contentUrl\":\"https:\/\/clubs.misterugby.com\/am92\/wp-content\/uploads\/sites\/5\/2022\/01\/tffff.jpg\",\"width\":1000,\"height\":1000},{\"@type\":\"BreadcrumbList\",\"@id\":\"https:\/\/clubs.misterugby.com\/am92\/produit\/bodywarmer-kappa-homme-marine-modele-dattilo\/#breadcrumb\",\"itemListElement\":[{\"@type\":\"ListItem\",\"position\":1,\"name\":\"Accueil\",\"item\":\"https:\/\/clubs.misterugby.com\/am92\/\"},{\"@type\":\"ListItem\",\"position\":2,\"name\":\"Boutique\",\"item\":\"https:\/\/clubs.misterugby.com\/am92\/\"},{\"@type\":\"ListItem\",\"position\":3,\"name\":\"Bodywarmer KAPPA Homme Marine \u2013 mod\u00e8le VIATTO\"}]},{\"@type\":\"WebSite\",\"@id\":\"https:\/\/clubs.misterugby.com\/am92\/#website\",\"url\":\"https:\/\/clubs.misterugby.com\/am92\/\",\"name\":\"am92\",\"description\":\"\",\"publisher\":{\"@id\":\"https:\/\/clubs.misterugby.com\/am92\/#organization\"},\"potentialAction\":[{\"@type\":\"SearchAction\",\"target\":{\"@type\":\"EntryPoint\",\"urlTemplate\":\"https:\/\/clubs.misterugby.com\/am92\/?s={search_term_string}\"},\"query-input\":{\"@type\":\"PropertyValueSpecification\",\"valueRequired\":true,\"valueName\":\"search_term_string\"}}],\"inLanguage\":\"fr-FR\"},{\"@type\":\"Organization\",\"@id\":\"https:\/\/clubs.misterugby.com\/am92\/#organization\",\"name\":\"am92\",\"url\":\"https:\/\/clubs.misterugby.com\/am92\/\",\"logo\":{\"@type\":\"ImageObject\",\"inLanguage\":\"fr-FR\",\"@id\":\"https:\/\/clubs.misterugby.com\/am92\/#\/schema\/logo\/image\/\",\"url\":\"https:\/\/clubs.misterugby.com\/am92\/wp-content\/uploads\/sites\/5\/2023\/08\/cropped-Sans-titre-2.png\",\"contentUrl\":\"https:\/\/clubs.misterugby.com\/am92\/wp-content\/uploads\/sites\/5\/2023\/08\/cropped-Sans-titre-2.png\",\"width\":424,\"height\":530,\"caption\":\"am92\"},\"image\":{\"@id\":\"https:\/\/clubs.misterugby.com\/am92\/#\/schema\/logo\/image\/\"}}]}<\/script>\n<!-- \/ Yoast SEO plugin. -->","yoast_head_json":{"title":"Bodywarmer KAPPA Homme Marine \u2013 mod\u00e8le VIATTO - am92","robots":{"index":"noindex","follow":"follow","max-snippet":"max-snippet:-1","max-image-preview":"max-image-preview:large","max-video-preview":"max-video-preview:-1"},"og_locale":"fr_FR","og_type":"article","og_title":"Bodywarmer KAPPA Homme Marine \u2013 mod\u00e8le VIATTO - am92","og_description":"100% nylon  confort, chaleur et \u00e9l\u00e9gance  slim fit  logo brod\u00e9  2 poches lat\u00e9rales zipp\u00e9es","og_url":"https:\/\/clubs.misterugby.com\/am92\/produit\/bodywarmer-kappa-homme-marine-modele-dattilo\/","og_site_name":"am92","article_modified_time":"2026-02-28T09:41:54+00:00","og_image":[{"width":1000,"height":1000,"url":"http:\/\/clubs.misterugby.com\/am92\/wp-content\/uploads\/sites\/5\/2022\/01\/tffff.jpg","type":"image\/jpeg"}],"twitter_card":"summary_large_image","schema":{"@context":"https:\/\/schema.org","@graph":[{"@type":"WebPage","@id":"https:\/\/clubs.misterugby.com\/am92\/produit\/bodywarmer-kappa-homme-marine-modele-dattilo\/","url":"https:\/\/clubs.misterugby.com\/am92\/produit\/bodywarmer-kappa-homme-marine-modele-dattilo\/","name":"Bodywarmer KAPPA Homme Marine \u2013 mod\u00e8le VIATTO - am92","isPartOf":{"@id":"https:\/\/clubs.misterugby.com\/am92\/#website"},"primaryImageOfPage":{"@id":"https:\/\/clubs.misterugby.com\/am92\/produit\/bodywarmer-kappa-homme-marine-modele-dattilo\/#primaryimage"},"image":{"@id":"https:\/\/clubs.misterugby.com\/am92\/produit\/bodywarmer-kappa-homme-marine-modele-dattilo\/#primaryimage"},"thumbnailUrl":"https:\/\/clubs.misterugby.com\/am92\/wp-content\/uploads\/sites\/5\/2022\/01\/tffff.jpg","datePublished":"2022-01-19T05:42:21+00:00","dateModified":"2026-02-28T09:41:54+00:00","breadcrumb":{"@id":"https:\/\/clubs.misterugby.com\/am92\/produit\/bodywarmer-kappa-homme-marine-modele-dattilo\/#breadcrumb"},"inLanguage":"fr-FR","potentialAction":[{"@type":"ReadAction","target":["https:\/\/clubs.misterugby.com\/am92\/produit\/bodywarmer-kappa-homme-marine-modele-dattilo\/"]}]},{"@type":"ImageObject","inLanguage":"fr-FR","@id":"https:\/\/clubs.misterugby.com\/am92\/produit\/bodywarmer-kappa-homme-marine-modele-dattilo\/#primaryimage","url":"https:\/\/clubs.misterugby.com\/am92\/wp-content\/uploads\/sites\/5\/2022\/01\/tffff.jpg","contentUrl":"https:\/\/clubs.misterugby.com\/am92\/wp-content\/uploads\/sites\/5\/2022\/01\/tffff.jpg","width":1000,"height":1000},{"@type":"BreadcrumbList","@id":"https:\/\/clubs.misterugby.com\/am92\/produit\/bodywarmer-kappa-homme-marine-modele-dattilo\/#breadcrumb","itemListElement":[{"@type":"ListItem","position":1,"name":"Accueil","item":"https:\/\/clubs.misterugby.com\/am92\/"},{"@type":"ListItem","position":2,"name":"Boutique","item":"https:\/\/clubs.misterugby.com\/am92\/"},{"@type":"ListItem","position":3,"name":"Bodywarmer KAPPA Homme Marine \u2013 mod\u00e8le VIATTO"}]},{"@type":"WebSite","@id":"https:\/\/clubs.misterugby.com\/am92\/#website","url":"https:\/\/clubs.misterugby.com\/am92\/","name":"am92","description":"","publisher":{"@id":"https:\/\/clubs.misterugby.com\/am92\/#organization"},"potentialAction":[{"@type":"SearchAction","target":{"@type":"EntryPoint","urlTemplate":"https:\/\/clubs.misterugby.com\/am92\/?s={search_term_string}"},"query-input":{"@type":"PropertyValueSpecification","valueRequired":true,"valueName":"search_term_string"}}],"inLanguage":"fr-FR"},{"@type":"Organization","@id":"https:\/\/clubs.misterugby.com\/am92\/#organization","name":"am92","url":"https:\/\/clubs.misterugby.com\/am92\/","logo":{"@type":"ImageObject","inLanguage":"fr-FR","@id":"https:\/\/clubs.misterugby.com\/am92\/#\/schema\/logo\/image\/","url":"https:\/\/clubs.misterugby.com\/am92\/wp-content\/uploads\/sites\/5\/2023\/08\/cropped-Sans-titre-2.png","contentUrl":"https:\/\/clubs.misterugby.com\/am92\/wp-content\/uploads\/sites\/5\/2023\/08\/cropped-Sans-titre-2.png","width":424,"height":530,"caption":"am92"},"image":{"@id":"https:\/\/clubs.misterugby.com\/am92\/#\/schema\/logo\/image\/"}}]}},"_links":{"self":[{"href":"https:\/\/clubs.misterugby.com\/am92\/wp-json\/wp\/v2\/product\/8983","targetHints":{"allow":["GET"]}}],"collection":[{"href":"https:\/\/clubs.misterugby.com\/am92\/wp-json\/wp\/v2\/product"}],"about":[{"href":"https:\/\/clubs.misterugby.com\/am92\/wp-json\/wp\/v2\/types\/product"}],"wp:featuredmedia":[{"embeddable":true,"href":"https:\/\/clubs.misterugby.com\/am92\/wp-json\/wp\/v2\/media\/9117"}],"wp:attachment":[{"href":"https:\/\/clubs.misterugby.com\/am92\/wp-json\/wp\/v2\/media?parent=8983"}],"wp:term":[{"taxonomy":"product_brand","embeddable":true,"href":"https:\/\/clubs.misterugby.com\/am92\/wp-json\/wp\/v2\/product_brand?post=8983"},{"taxonomy":"product_cat","embeddable":true,"href":"https:\/\/clubs.misterugby.com\/am92\/wp-json\/wp\/v2\/product_cat?post=8983"},{"taxonomy":"product_tag","embeddable":true,"href":"https:\/\/clubs.misterugby.com\/am92\/wp-json\/wp\/v2\/product_tag?post=8983"}],"curies":[{"name":"wp","href":"https:\/\/api.w.org\/{rel}","templated":true}]}}