{"id":13246,"date":"2025-04-21T18:21:27","date_gmt":"2025-04-21T16:21:27","guid":{"rendered":"https:\/\/clubs.misterugby.com\/asf-maillots\/?post_type=product&#038;p=13246"},"modified":"2026-04-02T17:34:47","modified_gmt":"2026-04-02T15:34:47","slug":"maillot-rugby-sublime-lady-misterugby-femme-modele-rugby","status":"publish","type":"product","link":"https:\/\/clubs.misterugby.com\/asf-maillots\/produit\/maillot-rugby-sublime-lady-misterugby-femme-modele-rugby\/","title":{"rendered":"Maillot rugby sublim\u00e9 Lady MisteRugby Femme \u2013 mod\u00e8le RUGBY"},"content":{"rendered":"","protected":false},"excerpt":{"rendered":"<ul>\n<li>Nouveau maillot femme sublim\u00e9 Team MisteRugby<\/li>\n<li>100% polyester climatisant 260 gr<\/li>\n<li>manches raglantes<\/li>\n<li>col V<\/li>\n<li>coupe femme ajust\u00e9e<\/li>\n<li><em><strong>maillot Ind\u00e9chirable con\u00e7u pour la pratique du RUGBY PLAQUER<\/strong><\/em><\/li>\n<li><strong><em>Fabriqu\u00e9 avec Amour en FRANCE<\/em><\/strong><\/li>\n<\/ul>\n<p><b>MERCI D\u2019INDIQUER LE NOM ET LE NUMERO DANS LES CASES CORRESPONDANTES ( obligatoires), si vous ne voulez ni nom ni num\u00e9ro, merci de taper PAS DE NOM \/ PAS DE NUMERO<\/b><\/p>\n<p><b>Coupe Match ajust\u00e9e, prendre une taille au dessus en cas de doute ( se r\u00e9f\u00e9rer a la correspondance de taille en bas \u00e0 gauche du descriptif rectangle\u00a0 )<\/b><\/p>\n<p><em><strong>D\u00e9lai de livraison: \u00e0 partir du 11 mai<\/strong><\/em><\/p>\n","protected":false},"featured_media":13241,"template":"","meta":[],"product_brand":[],"product_cat":[70],"product_tag":[],"class_list":{"0":"post-13246","1":"product","2":"type-product","3":"status-publish","4":"has-post-thumbnail","6":"product_cat-femme","7":"wcpa_has_options","9":"first","10":"instock","11":"taxable","12":"shipping-taxable","13":"purchasable","14":"product-type-variable"},"yoast_head":"<!-- This site is optimized with the Yoast SEO plugin v26.9 - https:\/\/yoast.com\/product\/yoast-seo-wordpress\/ -->\n<title>Maillot rugby sublim\u00e9 Lady MisteRugby Femme \u2013 mod\u00e8le RUGBY - asf-maillots<\/title>\n<meta name=\"robots\" content=\"noindex, follow, max-snippet:-1, max-image-preview:large, max-video-preview:-1\" \/>\n<meta property=\"og:locale\" content=\"fr_FR\" \/>\n<meta property=\"og:type\" content=\"article\" \/>\n<meta property=\"og:title\" content=\"Maillot rugby sublim\u00e9 Lady MisteRugby Femme \u2013 mod\u00e8le RUGBY - asf-maillots\" \/>\n<meta property=\"og:description\" content=\"Nouveau maillot femme sublim\u00e9 Team MisteRugby  100% polyester climatisant 260 gr  manches raglantes  col V  coupe femme ajust\u00e9e  maillot Ind\u00e9chirable con\u00e7u pour la pratique du RUGBY PLAQUER  Fabriqu\u00e9 avec Amour en FRANCE  MERCI D\u2019INDIQUER LE NOM ET LE NUMERO DANS LES CASES CORRESPONDANTES ( obligatoires), si vous ne voulez ni nom ni num\u00e9ro, merci de taper PAS DE NOM \/ PAS DE NUMERO  Coupe Match ajust\u00e9e, prendre une taille au dessus en cas de doute ( se r\u00e9f\u00e9rer a la correspondance de taille en bas \u00e0 gauche du descriptif rectangle\u00a0 )  D\u00e9lai de livraison: \u00e0 partir du 11 mai\" \/>\n<meta property=\"og:url\" content=\"https:\/\/clubs.misterugby.com\/asf-maillots\/produit\/maillot-rugby-sublime-lady-misterugby-femme-modele-rugby\/\" \/>\n<meta property=\"og:site_name\" content=\"asf-maillots\" \/>\n<meta property=\"article:modified_time\" content=\"2026-04-02T15:34:47+00:00\" \/>\n<meta property=\"og:image\" content=\"http:\/\/clubs.misterugby.com\/asf-maillots\/wp-content\/uploads\/sites\/79\/2025\/04\/rugby-femme.jpg\" \/>\n\t<meta property=\"og:image:width\" content=\"1000\" \/>\n\t<meta property=\"og:image:height\" content=\"1000\" \/>\n\t<meta property=\"og:image:type\" content=\"image\/jpeg\" \/>\n<meta name=\"twitter:card\" content=\"summary_large_image\" \/>\n<meta name=\"twitter:label1\" content=\"Dur\u00e9e de lecture estim\u00e9e\" \/>\n\t<meta name=\"twitter:data1\" content=\"1 minute\" \/>\n<script type=\"application\/ld+json\" class=\"yoast-schema-graph\">{\"@context\":\"https:\/\/schema.org\",\"@graph\":[{\"@type\":\"WebPage\",\"@id\":\"https:\/\/clubs.misterugby.com\/asf-maillots\/produit\/maillot-rugby-sublime-lady-misterugby-femme-modele-rugby\/\",\"url\":\"https:\/\/clubs.misterugby.com\/asf-maillots\/produit\/maillot-rugby-sublime-lady-misterugby-femme-modele-rugby\/\",\"name\":\"Maillot rugby sublim\u00e9 Lady MisteRugby Femme \u2013 mod\u00e8le RUGBY - asf-maillots\",\"isPartOf\":{\"@id\":\"https:\/\/clubs.misterugby.com\/asf-maillots\/#website\"},\"primaryImageOfPage\":{\"@id\":\"https:\/\/clubs.misterugby.com\/asf-maillots\/produit\/maillot-rugby-sublime-lady-misterugby-femme-modele-rugby\/#primaryimage\"},\"image\":{\"@id\":\"https:\/\/clubs.misterugby.com\/asf-maillots\/produit\/maillot-rugby-sublime-lady-misterugby-femme-modele-rugby\/#primaryimage\"},\"thumbnailUrl\":\"https:\/\/clubs.misterugby.com\/asf-maillots\/wp-content\/uploads\/sites\/79\/2025\/04\/rugby-femme.jpg\",\"datePublished\":\"2025-04-21T16:21:27+00:00\",\"dateModified\":\"2026-04-02T15:34:47+00:00\",\"breadcrumb\":{\"@id\":\"https:\/\/clubs.misterugby.com\/asf-maillots\/produit\/maillot-rugby-sublime-lady-misterugby-femme-modele-rugby\/#breadcrumb\"},\"inLanguage\":\"fr-FR\",\"potentialAction\":[{\"@type\":\"ReadAction\",\"target\":[\"https:\/\/clubs.misterugby.com\/asf-maillots\/produit\/maillot-rugby-sublime-lady-misterugby-femme-modele-rugby\/\"]}]},{\"@type\":\"ImageObject\",\"inLanguage\":\"fr-FR\",\"@id\":\"https:\/\/clubs.misterugby.com\/asf-maillots\/produit\/maillot-rugby-sublime-lady-misterugby-femme-modele-rugby\/#primaryimage\",\"url\":\"https:\/\/clubs.misterugby.com\/asf-maillots\/wp-content\/uploads\/sites\/79\/2025\/04\/rugby-femme.jpg\",\"contentUrl\":\"https:\/\/clubs.misterugby.com\/asf-maillots\/wp-content\/uploads\/sites\/79\/2025\/04\/rugby-femme.jpg\",\"width\":1000,\"height\":1000},{\"@type\":\"BreadcrumbList\",\"@id\":\"https:\/\/clubs.misterugby.com\/asf-maillots\/produit\/maillot-rugby-sublime-lady-misterugby-femme-modele-rugby\/#breadcrumb\",\"itemListElement\":[{\"@type\":\"ListItem\",\"position\":1,\"name\":\"Accueil\",\"item\":\"https:\/\/clubs.misterugby.com\/asf-maillots\/\"},{\"@type\":\"ListItem\",\"position\":2,\"name\":\"Boutique\",\"item\":\"https:\/\/clubs.misterugby.com\/asf-maillots\/\"},{\"@type\":\"ListItem\",\"position\":3,\"name\":\"Maillot rugby sublim\u00e9 Lady MisteRugby Femme \u2013 mod\u00e8le RUGBY\"}]},{\"@type\":\"WebSite\",\"@id\":\"https:\/\/clubs.misterugby.com\/asf-maillots\/#website\",\"url\":\"https:\/\/clubs.misterugby.com\/asf-maillots\/\",\"name\":\"asf-maillots\",\"description\":\"\",\"publisher\":{\"@id\":\"https:\/\/clubs.misterugby.com\/asf-maillots\/#organization\"},\"potentialAction\":[{\"@type\":\"SearchAction\",\"target\":{\"@type\":\"EntryPoint\",\"urlTemplate\":\"https:\/\/clubs.misterugby.com\/asf-maillots\/?s={search_term_string}\"},\"query-input\":{\"@type\":\"PropertyValueSpecification\",\"valueRequired\":true,\"valueName\":\"search_term_string\"}}],\"inLanguage\":\"fr-FR\"},{\"@type\":\"Organization\",\"@id\":\"https:\/\/clubs.misterugby.com\/asf-maillots\/#organization\",\"name\":\"asf-maillots\",\"url\":\"https:\/\/clubs.misterugby.com\/asf-maillots\/\",\"logo\":{\"@type\":\"ImageObject\",\"inLanguage\":\"fr-FR\",\"@id\":\"https:\/\/clubs.misterugby.com\/asf-maillots\/#\/schema\/logo\/image\/\",\"url\":\"https:\/\/clubs.misterugby.com\/asf-maillots\/wp-content\/uploads\/sites\/79\/2025\/04\/cropped-cropped-asf-r.png\",\"contentUrl\":\"https:\/\/clubs.misterugby.com\/asf-maillots\/wp-content\/uploads\/sites\/79\/2025\/04\/cropped-cropped-asf-r.png\",\"width\":511,\"height\":511,\"caption\":\"asf-maillots\"},\"image\":{\"@id\":\"https:\/\/clubs.misterugby.com\/asf-maillots\/#\/schema\/logo\/image\/\"}}]}<\/script>\n<!-- \/ Yoast SEO plugin. -->","yoast_head_json":{"title":"Maillot rugby sublim\u00e9 Lady MisteRugby Femme \u2013 mod\u00e8le RUGBY - asf-maillots","robots":{"index":"noindex","follow":"follow","max-snippet":"max-snippet:-1","max-image-preview":"max-image-preview:large","max-video-preview":"max-video-preview:-1"},"og_locale":"fr_FR","og_type":"article","og_title":"Maillot rugby sublim\u00e9 Lady MisteRugby Femme \u2013 mod\u00e8le RUGBY - asf-maillots","og_description":"Nouveau maillot femme sublim\u00e9 Team MisteRugby  100% polyester climatisant 260 gr  manches raglantes  col V  coupe femme ajust\u00e9e  maillot Ind\u00e9chirable con\u00e7u pour la pratique du RUGBY PLAQUER  Fabriqu\u00e9 avec Amour en FRANCE  MERCI D\u2019INDIQUER LE NOM ET LE NUMERO DANS LES CASES CORRESPONDANTES ( obligatoires), si vous ne voulez ni nom ni num\u00e9ro, merci de taper PAS DE NOM \/ PAS DE NUMERO  Coupe Match ajust\u00e9e, prendre une taille au dessus en cas de doute ( se r\u00e9f\u00e9rer a la correspondance de taille en bas \u00e0 gauche du descriptif rectangle\u00a0 )  D\u00e9lai de livraison: \u00e0 partir du 11 mai","og_url":"https:\/\/clubs.misterugby.com\/asf-maillots\/produit\/maillot-rugby-sublime-lady-misterugby-femme-modele-rugby\/","og_site_name":"asf-maillots","article_modified_time":"2026-04-02T15:34:47+00:00","og_image":[{"width":1000,"height":1000,"url":"http:\/\/clubs.misterugby.com\/asf-maillots\/wp-content\/uploads\/sites\/79\/2025\/04\/rugby-femme.jpg","type":"image\/jpeg"}],"twitter_card":"summary_large_image","twitter_misc":{"Dur\u00e9e de lecture estim\u00e9e":"1 minute"},"schema":{"@context":"https:\/\/schema.org","@graph":[{"@type":"WebPage","@id":"https:\/\/clubs.misterugby.com\/asf-maillots\/produit\/maillot-rugby-sublime-lady-misterugby-femme-modele-rugby\/","url":"https:\/\/clubs.misterugby.com\/asf-maillots\/produit\/maillot-rugby-sublime-lady-misterugby-femme-modele-rugby\/","name":"Maillot rugby sublim\u00e9 Lady MisteRugby Femme \u2013 mod\u00e8le RUGBY - asf-maillots","isPartOf":{"@id":"https:\/\/clubs.misterugby.com\/asf-maillots\/#website"},"primaryImageOfPage":{"@id":"https:\/\/clubs.misterugby.com\/asf-maillots\/produit\/maillot-rugby-sublime-lady-misterugby-femme-modele-rugby\/#primaryimage"},"image":{"@id":"https:\/\/clubs.misterugby.com\/asf-maillots\/produit\/maillot-rugby-sublime-lady-misterugby-femme-modele-rugby\/#primaryimage"},"thumbnailUrl":"https:\/\/clubs.misterugby.com\/asf-maillots\/wp-content\/uploads\/sites\/79\/2025\/04\/rugby-femme.jpg","datePublished":"2025-04-21T16:21:27+00:00","dateModified":"2026-04-02T15:34:47+00:00","breadcrumb":{"@id":"https:\/\/clubs.misterugby.com\/asf-maillots\/produit\/maillot-rugby-sublime-lady-misterugby-femme-modele-rugby\/#breadcrumb"},"inLanguage":"fr-FR","potentialAction":[{"@type":"ReadAction","target":["https:\/\/clubs.misterugby.com\/asf-maillots\/produit\/maillot-rugby-sublime-lady-misterugby-femme-modele-rugby\/"]}]},{"@type":"ImageObject","inLanguage":"fr-FR","@id":"https:\/\/clubs.misterugby.com\/asf-maillots\/produit\/maillot-rugby-sublime-lady-misterugby-femme-modele-rugby\/#primaryimage","url":"https:\/\/clubs.misterugby.com\/asf-maillots\/wp-content\/uploads\/sites\/79\/2025\/04\/rugby-femme.jpg","contentUrl":"https:\/\/clubs.misterugby.com\/asf-maillots\/wp-content\/uploads\/sites\/79\/2025\/04\/rugby-femme.jpg","width":1000,"height":1000},{"@type":"BreadcrumbList","@id":"https:\/\/clubs.misterugby.com\/asf-maillots\/produit\/maillot-rugby-sublime-lady-misterugby-femme-modele-rugby\/#breadcrumb","itemListElement":[{"@type":"ListItem","position":1,"name":"Accueil","item":"https:\/\/clubs.misterugby.com\/asf-maillots\/"},{"@type":"ListItem","position":2,"name":"Boutique","item":"https:\/\/clubs.misterugby.com\/asf-maillots\/"},{"@type":"ListItem","position":3,"name":"Maillot rugby sublim\u00e9 Lady MisteRugby Femme \u2013 mod\u00e8le RUGBY"}]},{"@type":"WebSite","@id":"https:\/\/clubs.misterugby.com\/asf-maillots\/#website","url":"https:\/\/clubs.misterugby.com\/asf-maillots\/","name":"asf-maillots","description":"","publisher":{"@id":"https:\/\/clubs.misterugby.com\/asf-maillots\/#organization"},"potentialAction":[{"@type":"SearchAction","target":{"@type":"EntryPoint","urlTemplate":"https:\/\/clubs.misterugby.com\/asf-maillots\/?s={search_term_string}"},"query-input":{"@type":"PropertyValueSpecification","valueRequired":true,"valueName":"search_term_string"}}],"inLanguage":"fr-FR"},{"@type":"Organization","@id":"https:\/\/clubs.misterugby.com\/asf-maillots\/#organization","name":"asf-maillots","url":"https:\/\/clubs.misterugby.com\/asf-maillots\/","logo":{"@type":"ImageObject","inLanguage":"fr-FR","@id":"https:\/\/clubs.misterugby.com\/asf-maillots\/#\/schema\/logo\/image\/","url":"https:\/\/clubs.misterugby.com\/asf-maillots\/wp-content\/uploads\/sites\/79\/2025\/04\/cropped-cropped-asf-r.png","contentUrl":"https:\/\/clubs.misterugby.com\/asf-maillots\/wp-content\/uploads\/sites\/79\/2025\/04\/cropped-cropped-asf-r.png","width":511,"height":511,"caption":"asf-maillots"},"image":{"@id":"https:\/\/clubs.misterugby.com\/asf-maillots\/#\/schema\/logo\/image\/"}}]}},"_links":{"self":[{"href":"https:\/\/clubs.misterugby.com\/asf-maillots\/wp-json\/wp\/v2\/product\/13246","targetHints":{"allow":["GET"]}}],"collection":[{"href":"https:\/\/clubs.misterugby.com\/asf-maillots\/wp-json\/wp\/v2\/product"}],"about":[{"href":"https:\/\/clubs.misterugby.com\/asf-maillots\/wp-json\/wp\/v2\/types\/product"}],"wp:featuredmedia":[{"embeddable":true,"href":"https:\/\/clubs.misterugby.com\/asf-maillots\/wp-json\/wp\/v2\/media\/13241"}],"wp:attachment":[{"href":"https:\/\/clubs.misterugby.com\/asf-maillots\/wp-json\/wp\/v2\/media?parent=13246"}],"wp:term":[{"taxonomy":"product_brand","embeddable":true,"href":"https:\/\/clubs.misterugby.com\/asf-maillots\/wp-json\/wp\/v2\/product_brand?post=13246"},{"taxonomy":"product_cat","embeddable":true,"href":"https:\/\/clubs.misterugby.com\/asf-maillots\/wp-json\/wp\/v2\/product_cat?post=13246"},{"taxonomy":"product_tag","embeddable":true,"href":"https:\/\/clubs.misterugby.com\/asf-maillots\/wp-json\/wp\/v2\/product_tag?post=13246"}],"curies":[{"name":"wp","href":"https:\/\/api.w.org\/{rel}","templated":true}]}}