{"id":13261,"date":"2025-04-21T18:28:26","date_gmt":"2025-04-21T16:28:26","guid":{"rendered":"https:\/\/clubs.misterugby.com\/asf-maillots\/?post_type=product&#038;p=13261"},"modified":"2026-04-02T17:33:53","modified_gmt":"2026-04-02T15:33:53","slug":"debardeur-basket-sublime-misterugby-unisexe-modele-wemby","status":"publish","type":"product","link":"https:\/\/clubs.misterugby.com\/asf-maillots\/produit\/debardeur-basket-sublime-misterugby-unisexe-modele-wemby\/","title":{"rendered":"D\u00e9bardeur basket sublim\u00e9 MisteRugby Unisexe \u2013 mod\u00e8le WEMBY"},"content":{"rendered":"","protected":false},"excerpt":{"rendered":"<ul>\n<li>\u00a0Nouveau d\u00e9bardeur de basket pour la saison 2024\/2025<\/li>\n<li>100% polyester climatisant textur\u00e9 180 gr<\/li>\n<li>col et \u00e9paules en bord cotes lourd 280 gr<\/li>\n<li>coupe droite unisexe<\/li>\n<li><em><strong>Fabriqu\u00e9 avec Amour en FRANCE<\/strong><\/em><\/li>\n<\/ul>\n<p><b>MERCI D\u2019INDIQUER LE NOM ET LE NUMERO DANS LES CASES CORRESPONDANTES ( obligatoires), si vous ne voulez ni nom ni num\u00e9ro, merci de taper PAS DE NOM \/ PAS DE NUMERO<\/b><\/p>\n<p><b>Coupe droite , prendre une taille au dessus en cas de doute ( se r\u00e9f\u00e9rer a la correspondance de taille en bas \u00e0 gauche du descriptif rectangle\u00a0 )<\/b><\/p>\n<p><em><strong>D\u00e9lai de livraison: \u00e0 partir du 11 mai<\/strong><\/em><\/p>\n","protected":false},"featured_media":13240,"template":"","meta":[],"product_brand":[],"product_cat":[39,41],"product_tag":[],"class_list":{"0":"post-13261","1":"product","2":"type-product","3":"status-publish","4":"has-post-thumbnail","6":"product_cat-homme","7":"product_cat-enfant","8":"wcpa_has_options","10":"first","11":"instock","12":"taxable","13":"shipping-taxable","14":"purchasable","15":"product-type-variable"},"yoast_head":"<!-- This site is optimized with the Yoast SEO plugin v26.9 - https:\/\/yoast.com\/product\/yoast-seo-wordpress\/ -->\n<title>D\u00e9bardeur basket sublim\u00e9 MisteRugby Unisexe \u2013 mod\u00e8le WEMBY - asf-maillots<\/title>\n<meta name=\"robots\" content=\"noindex, follow, max-snippet:-1, max-image-preview:large, max-video-preview:-1\" \/>\n<meta property=\"og:locale\" content=\"fr_FR\" \/>\n<meta property=\"og:type\" content=\"article\" \/>\n<meta property=\"og:title\" content=\"D\u00e9bardeur basket sublim\u00e9 MisteRugby Unisexe \u2013 mod\u00e8le WEMBY - asf-maillots\" \/>\n<meta property=\"og:description\" content=\"\u00a0Nouveau d\u00e9bardeur de basket pour la saison 2024\/2025  100% polyester climatisant textur\u00e9 180 gr  col et \u00e9paules en bord cotes lourd 280 gr  coupe droite unisexe  Fabriqu\u00e9 avec Amour en FRANCE  MERCI D\u2019INDIQUER LE NOM ET LE NUMERO DANS LES CASES CORRESPONDANTES ( obligatoires), si vous ne voulez ni nom ni num\u00e9ro, merci de taper PAS DE NOM \/ PAS DE NUMERO  Coupe droite , prendre une taille au dessus en cas de doute ( se r\u00e9f\u00e9rer a la correspondance de taille en bas \u00e0 gauche du descriptif rectangle\u00a0 )  D\u00e9lai de livraison: \u00e0 partir du 11 mai\" \/>\n<meta property=\"og:url\" content=\"https:\/\/clubs.misterugby.com\/asf-maillots\/produit\/debardeur-basket-sublime-misterugby-unisexe-modele-wemby\/\" \/>\n<meta property=\"og:site_name\" content=\"asf-maillots\" \/>\n<meta property=\"article:modified_time\" content=\"2026-04-02T15:33:53+00:00\" \/>\n<meta property=\"og:image\" content=\"http:\/\/clubs.misterugby.com\/asf-maillots\/wp-content\/uploads\/sites\/79\/2025\/04\/deb-basket.jpg\" \/>\n\t<meta property=\"og:image:width\" content=\"1000\" \/>\n\t<meta property=\"og:image:height\" content=\"1000\" \/>\n\t<meta property=\"og:image:type\" content=\"image\/jpeg\" \/>\n<meta name=\"twitter:card\" content=\"summary_large_image\" \/>\n<meta name=\"twitter:label1\" content=\"Dur\u00e9e de lecture estim\u00e9e\" \/>\n\t<meta name=\"twitter:data1\" content=\"1 minute\" \/>\n<script type=\"application\/ld+json\" class=\"yoast-schema-graph\">{\"@context\":\"https:\/\/schema.org\",\"@graph\":[{\"@type\":\"WebPage\",\"@id\":\"https:\/\/clubs.misterugby.com\/asf-maillots\/produit\/debardeur-basket-sublime-misterugby-unisexe-modele-wemby\/\",\"url\":\"https:\/\/clubs.misterugby.com\/asf-maillots\/produit\/debardeur-basket-sublime-misterugby-unisexe-modele-wemby\/\",\"name\":\"D\u00e9bardeur basket sublim\u00e9 MisteRugby Unisexe \u2013 mod\u00e8le WEMBY - asf-maillots\",\"isPartOf\":{\"@id\":\"https:\/\/clubs.misterugby.com\/asf-maillots\/#website\"},\"primaryImageOfPage\":{\"@id\":\"https:\/\/clubs.misterugby.com\/asf-maillots\/produit\/debardeur-basket-sublime-misterugby-unisexe-modele-wemby\/#primaryimage\"},\"image\":{\"@id\":\"https:\/\/clubs.misterugby.com\/asf-maillots\/produit\/debardeur-basket-sublime-misterugby-unisexe-modele-wemby\/#primaryimage\"},\"thumbnailUrl\":\"https:\/\/clubs.misterugby.com\/asf-maillots\/wp-content\/uploads\/sites\/79\/2025\/04\/deb-basket.jpg\",\"datePublished\":\"2025-04-21T16:28:26+00:00\",\"dateModified\":\"2026-04-02T15:33:53+00:00\",\"breadcrumb\":{\"@id\":\"https:\/\/clubs.misterugby.com\/asf-maillots\/produit\/debardeur-basket-sublime-misterugby-unisexe-modele-wemby\/#breadcrumb\"},\"inLanguage\":\"fr-FR\",\"potentialAction\":[{\"@type\":\"ReadAction\",\"target\":[\"https:\/\/clubs.misterugby.com\/asf-maillots\/produit\/debardeur-basket-sublime-misterugby-unisexe-modele-wemby\/\"]}]},{\"@type\":\"ImageObject\",\"inLanguage\":\"fr-FR\",\"@id\":\"https:\/\/clubs.misterugby.com\/asf-maillots\/produit\/debardeur-basket-sublime-misterugby-unisexe-modele-wemby\/#primaryimage\",\"url\":\"https:\/\/clubs.misterugby.com\/asf-maillots\/wp-content\/uploads\/sites\/79\/2025\/04\/deb-basket.jpg\",\"contentUrl\":\"https:\/\/clubs.misterugby.com\/asf-maillots\/wp-content\/uploads\/sites\/79\/2025\/04\/deb-basket.jpg\",\"width\":1000,\"height\":1000},{\"@type\":\"BreadcrumbList\",\"@id\":\"https:\/\/clubs.misterugby.com\/asf-maillots\/produit\/debardeur-basket-sublime-misterugby-unisexe-modele-wemby\/#breadcrumb\",\"itemListElement\":[{\"@type\":\"ListItem\",\"position\":1,\"name\":\"Accueil\",\"item\":\"https:\/\/clubs.misterugby.com\/asf-maillots\/\"},{\"@type\":\"ListItem\",\"position\":2,\"name\":\"Boutique\",\"item\":\"https:\/\/clubs.misterugby.com\/asf-maillots\/\"},{\"@type\":\"ListItem\",\"position\":3,\"name\":\"D\u00e9bardeur basket sublim\u00e9 MisteRugby Unisexe \u2013 mod\u00e8le WEMBY\"}]},{\"@type\":\"WebSite\",\"@id\":\"https:\/\/clubs.misterugby.com\/asf-maillots\/#website\",\"url\":\"https:\/\/clubs.misterugby.com\/asf-maillots\/\",\"name\":\"asf-maillots\",\"description\":\"\",\"publisher\":{\"@id\":\"https:\/\/clubs.misterugby.com\/asf-maillots\/#organization\"},\"potentialAction\":[{\"@type\":\"SearchAction\",\"target\":{\"@type\":\"EntryPoint\",\"urlTemplate\":\"https:\/\/clubs.misterugby.com\/asf-maillots\/?s={search_term_string}\"},\"query-input\":{\"@type\":\"PropertyValueSpecification\",\"valueRequired\":true,\"valueName\":\"search_term_string\"}}],\"inLanguage\":\"fr-FR\"},{\"@type\":\"Organization\",\"@id\":\"https:\/\/clubs.misterugby.com\/asf-maillots\/#organization\",\"name\":\"asf-maillots\",\"url\":\"https:\/\/clubs.misterugby.com\/asf-maillots\/\",\"logo\":{\"@type\":\"ImageObject\",\"inLanguage\":\"fr-FR\",\"@id\":\"https:\/\/clubs.misterugby.com\/asf-maillots\/#\/schema\/logo\/image\/\",\"url\":\"https:\/\/clubs.misterugby.com\/asf-maillots\/wp-content\/uploads\/sites\/79\/2025\/04\/cropped-cropped-asf-r.png\",\"contentUrl\":\"https:\/\/clubs.misterugby.com\/asf-maillots\/wp-content\/uploads\/sites\/79\/2025\/04\/cropped-cropped-asf-r.png\",\"width\":511,\"height\":511,\"caption\":\"asf-maillots\"},\"image\":{\"@id\":\"https:\/\/clubs.misterugby.com\/asf-maillots\/#\/schema\/logo\/image\/\"}}]}<\/script>\n<!-- \/ Yoast SEO plugin. -->","yoast_head_json":{"title":"D\u00e9bardeur basket sublim\u00e9 MisteRugby Unisexe \u2013 mod\u00e8le WEMBY - asf-maillots","robots":{"index":"noindex","follow":"follow","max-snippet":"max-snippet:-1","max-image-preview":"max-image-preview:large","max-video-preview":"max-video-preview:-1"},"og_locale":"fr_FR","og_type":"article","og_title":"D\u00e9bardeur basket sublim\u00e9 MisteRugby Unisexe \u2013 mod\u00e8le WEMBY - asf-maillots","og_description":"\u00a0Nouveau d\u00e9bardeur de basket pour la saison 2024\/2025  100% polyester climatisant textur\u00e9 180 gr  col et \u00e9paules en bord cotes lourd 280 gr  coupe droite unisexe  Fabriqu\u00e9 avec Amour en FRANCE  MERCI D\u2019INDIQUER LE NOM ET LE NUMERO DANS LES CASES CORRESPONDANTES ( obligatoires), si vous ne voulez ni nom ni num\u00e9ro, merci de taper PAS DE NOM \/ PAS DE NUMERO  Coupe droite , prendre une taille au dessus en cas de doute ( se r\u00e9f\u00e9rer a la correspondance de taille en bas \u00e0 gauche du descriptif rectangle\u00a0 )  D\u00e9lai de livraison: \u00e0 partir du 11 mai","og_url":"https:\/\/clubs.misterugby.com\/asf-maillots\/produit\/debardeur-basket-sublime-misterugby-unisexe-modele-wemby\/","og_site_name":"asf-maillots","article_modified_time":"2026-04-02T15:33:53+00:00","og_image":[{"width":1000,"height":1000,"url":"http:\/\/clubs.misterugby.com\/asf-maillots\/wp-content\/uploads\/sites\/79\/2025\/04\/deb-basket.jpg","type":"image\/jpeg"}],"twitter_card":"summary_large_image","twitter_misc":{"Dur\u00e9e de lecture estim\u00e9e":"1 minute"},"schema":{"@context":"https:\/\/schema.org","@graph":[{"@type":"WebPage","@id":"https:\/\/clubs.misterugby.com\/asf-maillots\/produit\/debardeur-basket-sublime-misterugby-unisexe-modele-wemby\/","url":"https:\/\/clubs.misterugby.com\/asf-maillots\/produit\/debardeur-basket-sublime-misterugby-unisexe-modele-wemby\/","name":"D\u00e9bardeur basket sublim\u00e9 MisteRugby Unisexe \u2013 mod\u00e8le WEMBY - asf-maillots","isPartOf":{"@id":"https:\/\/clubs.misterugby.com\/asf-maillots\/#website"},"primaryImageOfPage":{"@id":"https:\/\/clubs.misterugby.com\/asf-maillots\/produit\/debardeur-basket-sublime-misterugby-unisexe-modele-wemby\/#primaryimage"},"image":{"@id":"https:\/\/clubs.misterugby.com\/asf-maillots\/produit\/debardeur-basket-sublime-misterugby-unisexe-modele-wemby\/#primaryimage"},"thumbnailUrl":"https:\/\/clubs.misterugby.com\/asf-maillots\/wp-content\/uploads\/sites\/79\/2025\/04\/deb-basket.jpg","datePublished":"2025-04-21T16:28:26+00:00","dateModified":"2026-04-02T15:33:53+00:00","breadcrumb":{"@id":"https:\/\/clubs.misterugby.com\/asf-maillots\/produit\/debardeur-basket-sublime-misterugby-unisexe-modele-wemby\/#breadcrumb"},"inLanguage":"fr-FR","potentialAction":[{"@type":"ReadAction","target":["https:\/\/clubs.misterugby.com\/asf-maillots\/produit\/debardeur-basket-sublime-misterugby-unisexe-modele-wemby\/"]}]},{"@type":"ImageObject","inLanguage":"fr-FR","@id":"https:\/\/clubs.misterugby.com\/asf-maillots\/produit\/debardeur-basket-sublime-misterugby-unisexe-modele-wemby\/#primaryimage","url":"https:\/\/clubs.misterugby.com\/asf-maillots\/wp-content\/uploads\/sites\/79\/2025\/04\/deb-basket.jpg","contentUrl":"https:\/\/clubs.misterugby.com\/asf-maillots\/wp-content\/uploads\/sites\/79\/2025\/04\/deb-basket.jpg","width":1000,"height":1000},{"@type":"BreadcrumbList","@id":"https:\/\/clubs.misterugby.com\/asf-maillots\/produit\/debardeur-basket-sublime-misterugby-unisexe-modele-wemby\/#breadcrumb","itemListElement":[{"@type":"ListItem","position":1,"name":"Accueil","item":"https:\/\/clubs.misterugby.com\/asf-maillots\/"},{"@type":"ListItem","position":2,"name":"Boutique","item":"https:\/\/clubs.misterugby.com\/asf-maillots\/"},{"@type":"ListItem","position":3,"name":"D\u00e9bardeur basket sublim\u00e9 MisteRugby Unisexe \u2013 mod\u00e8le WEMBY"}]},{"@type":"WebSite","@id":"https:\/\/clubs.misterugby.com\/asf-maillots\/#website","url":"https:\/\/clubs.misterugby.com\/asf-maillots\/","name":"asf-maillots","description":"","publisher":{"@id":"https:\/\/clubs.misterugby.com\/asf-maillots\/#organization"},"potentialAction":[{"@type":"SearchAction","target":{"@type":"EntryPoint","urlTemplate":"https:\/\/clubs.misterugby.com\/asf-maillots\/?s={search_term_string}"},"query-input":{"@type":"PropertyValueSpecification","valueRequired":true,"valueName":"search_term_string"}}],"inLanguage":"fr-FR"},{"@type":"Organization","@id":"https:\/\/clubs.misterugby.com\/asf-maillots\/#organization","name":"asf-maillots","url":"https:\/\/clubs.misterugby.com\/asf-maillots\/","logo":{"@type":"ImageObject","inLanguage":"fr-FR","@id":"https:\/\/clubs.misterugby.com\/asf-maillots\/#\/schema\/logo\/image\/","url":"https:\/\/clubs.misterugby.com\/asf-maillots\/wp-content\/uploads\/sites\/79\/2025\/04\/cropped-cropped-asf-r.png","contentUrl":"https:\/\/clubs.misterugby.com\/asf-maillots\/wp-content\/uploads\/sites\/79\/2025\/04\/cropped-cropped-asf-r.png","width":511,"height":511,"caption":"asf-maillots"},"image":{"@id":"https:\/\/clubs.misterugby.com\/asf-maillots\/#\/schema\/logo\/image\/"}}]}},"_links":{"self":[{"href":"https:\/\/clubs.misterugby.com\/asf-maillots\/wp-json\/wp\/v2\/product\/13261","targetHints":{"allow":["GET"]}}],"collection":[{"href":"https:\/\/clubs.misterugby.com\/asf-maillots\/wp-json\/wp\/v2\/product"}],"about":[{"href":"https:\/\/clubs.misterugby.com\/asf-maillots\/wp-json\/wp\/v2\/types\/product"}],"wp:featuredmedia":[{"embeddable":true,"href":"https:\/\/clubs.misterugby.com\/asf-maillots\/wp-json\/wp\/v2\/media\/13240"}],"wp:attachment":[{"href":"https:\/\/clubs.misterugby.com\/asf-maillots\/wp-json\/wp\/v2\/media?parent=13261"}],"wp:term":[{"taxonomy":"product_brand","embeddable":true,"href":"https:\/\/clubs.misterugby.com\/asf-maillots\/wp-json\/wp\/v2\/product_brand?post=13261"},{"taxonomy":"product_cat","embeddable":true,"href":"https:\/\/clubs.misterugby.com\/asf-maillots\/wp-json\/wp\/v2\/product_cat?post=13261"},{"taxonomy":"product_tag","embeddable":true,"href":"https:\/\/clubs.misterugby.com\/asf-maillots\/wp-json\/wp\/v2\/product_tag?post=13261"}],"curies":[{"name":"wp","href":"https:\/\/api.w.org\/{rel}","templated":true}]}}