{"id":5908,"date":"2022-01-19T06:42:57","date_gmt":"2022-01-19T05:42:57","guid":{"rendered":"https:\/\/clubs.misterugby.com\/asfrugby\/produit\/survetement-kappa-enfant-marine-blanc-modele-salcito\/"},"modified":"2026-02-05T00:57:01","modified_gmt":"2026-02-04T23:57:01","slug":"survetement-kappa-enfant-marine-blanc-modele-salcito","status":"publish","type":"product","link":"https:\/\/clubs.misterugby.com\/asfrugby\/produit\/survetement-kappa-enfant-marine-blanc-modele-salcito\/","title":{"rendered":"Surv\u00eatement Kappa Enfant Marine Blanc \u2013 mod\u00e8le DALCITO"},"content":{"rendered":"","protected":false},"excerpt":{"rendered":"<ul>\n<li>100% polyester<\/li>\n<li>Veste avec poches zipp\u00e9es<\/li>\n<li>bas avec 2 poches plaqu\u00e9es , coupe slim<\/li>\n<li>zip en bas des jambes<\/li>\n<li>Empi\u00e8cement mesh contrast\u00e9 sur les manches<\/li>\n<li>coloris bleu marine et blanc<\/li>\n<li>logos en transfert s\u00e9rigraphiques<\/li>\n<\/ul>\n","protected":false},"featured_media":6944,"template":"","meta":[],"product_brand":[],"product_cat":[118,119,41],"product_tag":[],"class_list":{"0":"post-5908","1":"product","2":"type-product","3":"status-publish","4":"has-post-thumbnail","6":"product_cat-presentation-enfant","7":"product_cat-training-enfant","8":"product_cat-enfant","10":"first","11":"instock","12":"taxable","13":"shipping-taxable","14":"purchasable","15":"product-type-variable"},"yoast_head":"<!-- This site is optimized with the Yoast SEO plugin v26.9 - https:\/\/yoast.com\/product\/yoast-seo-wordpress\/ -->\n<title>Surv\u00eatement Kappa Enfant Marine Blanc \u2013 mod\u00e8le DALCITO - asfrugby<\/title>\n<meta name=\"robots\" content=\"noindex, follow, max-snippet:-1, max-image-preview:large, max-video-preview:-1\" \/>\n<meta property=\"og:locale\" content=\"fr_FR\" \/>\n<meta property=\"og:type\" content=\"article\" \/>\n<meta property=\"og:title\" content=\"Surv\u00eatement Kappa Enfant Marine Blanc \u2013 mod\u00e8le DALCITO - asfrugby\" \/>\n<meta property=\"og:description\" content=\"100% polyester  Veste avec poches zipp\u00e9es  bas avec 2 poches plaqu\u00e9es , coupe slim  zip en bas des jambes  Empi\u00e8cement mesh contrast\u00e9 sur les manches  coloris bleu marine et blanc  logos en transfert s\u00e9rigraphiques\" \/>\n<meta property=\"og:url\" content=\"https:\/\/clubs.misterugby.com\/asfrugby\/produit\/survetement-kappa-enfant-marine-blanc-modele-salcito\/\" \/>\n<meta property=\"og:site_name\" content=\"asfrugby\" \/>\n<meta property=\"article:modified_time\" content=\"2026-02-04T23:57:01+00:00\" \/>\n<meta property=\"og:image\" content=\"http:\/\/clubs.misterugby.com\/asfrugby\/wp-content\/uploads\/sites\/19\/2022\/01\/zt.jpg\" \/>\n\t<meta property=\"og:image:width\" content=\"1000\" \/>\n\t<meta property=\"og:image:height\" content=\"1000\" \/>\n\t<meta property=\"og:image:type\" content=\"image\/jpeg\" \/>\n<meta name=\"twitter:card\" content=\"summary_large_image\" \/>\n<meta name=\"twitter:label1\" content=\"Dur\u00e9e de lecture estim\u00e9e\" \/>\n\t<meta name=\"twitter:data1\" content=\"1 minute\" \/>\n<script type=\"application\/ld+json\" class=\"yoast-schema-graph\">{\"@context\":\"https:\/\/schema.org\",\"@graph\":[{\"@type\":\"WebPage\",\"@id\":\"https:\/\/clubs.misterugby.com\/asfrugby\/produit\/survetement-kappa-enfant-marine-blanc-modele-salcito\/\",\"url\":\"https:\/\/clubs.misterugby.com\/asfrugby\/produit\/survetement-kappa-enfant-marine-blanc-modele-salcito\/\",\"name\":\"Surv\u00eatement Kappa Enfant Marine Blanc \u2013 mod\u00e8le DALCITO - asfrugby\",\"isPartOf\":{\"@id\":\"https:\/\/clubs.misterugby.com\/asfrugby\/#website\"},\"primaryImageOfPage\":{\"@id\":\"https:\/\/clubs.misterugby.com\/asfrugby\/produit\/survetement-kappa-enfant-marine-blanc-modele-salcito\/#primaryimage\"},\"image\":{\"@id\":\"https:\/\/clubs.misterugby.com\/asfrugby\/produit\/survetement-kappa-enfant-marine-blanc-modele-salcito\/#primaryimage\"},\"thumbnailUrl\":\"https:\/\/clubs.misterugby.com\/asfrugby\/wp-content\/uploads\/sites\/19\/2022\/01\/zt.jpg\",\"datePublished\":\"2022-01-19T05:42:57+00:00\",\"dateModified\":\"2026-02-04T23:57:01+00:00\",\"breadcrumb\":{\"@id\":\"https:\/\/clubs.misterugby.com\/asfrugby\/produit\/survetement-kappa-enfant-marine-blanc-modele-salcito\/#breadcrumb\"},\"inLanguage\":\"fr-FR\",\"potentialAction\":[{\"@type\":\"ReadAction\",\"target\":[\"https:\/\/clubs.misterugby.com\/asfrugby\/produit\/survetement-kappa-enfant-marine-blanc-modele-salcito\/\"]}]},{\"@type\":\"ImageObject\",\"inLanguage\":\"fr-FR\",\"@id\":\"https:\/\/clubs.misterugby.com\/asfrugby\/produit\/survetement-kappa-enfant-marine-blanc-modele-salcito\/#primaryimage\",\"url\":\"https:\/\/clubs.misterugby.com\/asfrugby\/wp-content\/uploads\/sites\/19\/2022\/01\/zt.jpg\",\"contentUrl\":\"https:\/\/clubs.misterugby.com\/asfrugby\/wp-content\/uploads\/sites\/19\/2022\/01\/zt.jpg\",\"width\":1000,\"height\":1000},{\"@type\":\"BreadcrumbList\",\"@id\":\"https:\/\/clubs.misterugby.com\/asfrugby\/produit\/survetement-kappa-enfant-marine-blanc-modele-salcito\/#breadcrumb\",\"itemListElement\":[{\"@type\":\"ListItem\",\"position\":1,\"name\":\"Accueil\",\"item\":\"https:\/\/clubs.misterugby.com\/asfrugby\/\"},{\"@type\":\"ListItem\",\"position\":2,\"name\":\"Boutique\",\"item\":\"https:\/\/clubs.misterugby.com\/asfrugby\/\"},{\"@type\":\"ListItem\",\"position\":3,\"name\":\"Surv\u00eatement Kappa Enfant Marine Blanc \u2013 mod\u00e8le DALCITO\"}]},{\"@type\":\"WebSite\",\"@id\":\"https:\/\/clubs.misterugby.com\/asfrugby\/#website\",\"url\":\"https:\/\/clubs.misterugby.com\/asfrugby\/\",\"name\":\"asfrugby\",\"description\":\"\",\"publisher\":{\"@id\":\"https:\/\/clubs.misterugby.com\/asfrugby\/#organization\"},\"potentialAction\":[{\"@type\":\"SearchAction\",\"target\":{\"@type\":\"EntryPoint\",\"urlTemplate\":\"https:\/\/clubs.misterugby.com\/asfrugby\/?s={search_term_string}\"},\"query-input\":{\"@type\":\"PropertyValueSpecification\",\"valueRequired\":true,\"valueName\":\"search_term_string\"}}],\"inLanguage\":\"fr-FR\"},{\"@type\":\"Organization\",\"@id\":\"https:\/\/clubs.misterugby.com\/asfrugby\/#organization\",\"name\":\"asfrugby\",\"url\":\"https:\/\/clubs.misterugby.com\/asfrugby\/\",\"logo\":{\"@type\":\"ImageObject\",\"inLanguage\":\"fr-FR\",\"@id\":\"https:\/\/clubs.misterugby.com\/asfrugby\/#\/schema\/logo\/image\/\",\"url\":\"https:\/\/clubs.misterugby.com\/asfrugby\/wp-content\/uploads\/sites\/19\/2024\/08\/cropped-cropped-logo-plein-1.png\",\"contentUrl\":\"https:\/\/clubs.misterugby.com\/asfrugby\/wp-content\/uploads\/sites\/19\/2024\/08\/cropped-cropped-logo-plein-1.png\",\"width\":1047,\"height\":1181,\"caption\":\"asfrugby\"},\"image\":{\"@id\":\"https:\/\/clubs.misterugby.com\/asfrugby\/#\/schema\/logo\/image\/\"}}]}<\/script>\n<!-- \/ Yoast SEO plugin. -->","yoast_head_json":{"title":"Surv\u00eatement Kappa Enfant Marine Blanc \u2013 mod\u00e8le DALCITO - asfrugby","robots":{"index":"noindex","follow":"follow","max-snippet":"max-snippet:-1","max-image-preview":"max-image-preview:large","max-video-preview":"max-video-preview:-1"},"og_locale":"fr_FR","og_type":"article","og_title":"Surv\u00eatement Kappa Enfant Marine Blanc \u2013 mod\u00e8le DALCITO - asfrugby","og_description":"100% polyester  Veste avec poches zipp\u00e9es  bas avec 2 poches plaqu\u00e9es , coupe slim  zip en bas des jambes  Empi\u00e8cement mesh contrast\u00e9 sur les manches  coloris bleu marine et blanc  logos en transfert s\u00e9rigraphiques","og_url":"https:\/\/clubs.misterugby.com\/asfrugby\/produit\/survetement-kappa-enfant-marine-blanc-modele-salcito\/","og_site_name":"asfrugby","article_modified_time":"2026-02-04T23:57:01+00:00","og_image":[{"width":1000,"height":1000,"url":"http:\/\/clubs.misterugby.com\/asfrugby\/wp-content\/uploads\/sites\/19\/2022\/01\/zt.jpg","type":"image\/jpeg"}],"twitter_card":"summary_large_image","twitter_misc":{"Dur\u00e9e de lecture estim\u00e9e":"1 minute"},"schema":{"@context":"https:\/\/schema.org","@graph":[{"@type":"WebPage","@id":"https:\/\/clubs.misterugby.com\/asfrugby\/produit\/survetement-kappa-enfant-marine-blanc-modele-salcito\/","url":"https:\/\/clubs.misterugby.com\/asfrugby\/produit\/survetement-kappa-enfant-marine-blanc-modele-salcito\/","name":"Surv\u00eatement Kappa Enfant Marine Blanc \u2013 mod\u00e8le DALCITO - asfrugby","isPartOf":{"@id":"https:\/\/clubs.misterugby.com\/asfrugby\/#website"},"primaryImageOfPage":{"@id":"https:\/\/clubs.misterugby.com\/asfrugby\/produit\/survetement-kappa-enfant-marine-blanc-modele-salcito\/#primaryimage"},"image":{"@id":"https:\/\/clubs.misterugby.com\/asfrugby\/produit\/survetement-kappa-enfant-marine-blanc-modele-salcito\/#primaryimage"},"thumbnailUrl":"https:\/\/clubs.misterugby.com\/asfrugby\/wp-content\/uploads\/sites\/19\/2022\/01\/zt.jpg","datePublished":"2022-01-19T05:42:57+00:00","dateModified":"2026-02-04T23:57:01+00:00","breadcrumb":{"@id":"https:\/\/clubs.misterugby.com\/asfrugby\/produit\/survetement-kappa-enfant-marine-blanc-modele-salcito\/#breadcrumb"},"inLanguage":"fr-FR","potentialAction":[{"@type":"ReadAction","target":["https:\/\/clubs.misterugby.com\/asfrugby\/produit\/survetement-kappa-enfant-marine-blanc-modele-salcito\/"]}]},{"@type":"ImageObject","inLanguage":"fr-FR","@id":"https:\/\/clubs.misterugby.com\/asfrugby\/produit\/survetement-kappa-enfant-marine-blanc-modele-salcito\/#primaryimage","url":"https:\/\/clubs.misterugby.com\/asfrugby\/wp-content\/uploads\/sites\/19\/2022\/01\/zt.jpg","contentUrl":"https:\/\/clubs.misterugby.com\/asfrugby\/wp-content\/uploads\/sites\/19\/2022\/01\/zt.jpg","width":1000,"height":1000},{"@type":"BreadcrumbList","@id":"https:\/\/clubs.misterugby.com\/asfrugby\/produit\/survetement-kappa-enfant-marine-blanc-modele-salcito\/#breadcrumb","itemListElement":[{"@type":"ListItem","position":1,"name":"Accueil","item":"https:\/\/clubs.misterugby.com\/asfrugby\/"},{"@type":"ListItem","position":2,"name":"Boutique","item":"https:\/\/clubs.misterugby.com\/asfrugby\/"},{"@type":"ListItem","position":3,"name":"Surv\u00eatement Kappa Enfant Marine Blanc \u2013 mod\u00e8le DALCITO"}]},{"@type":"WebSite","@id":"https:\/\/clubs.misterugby.com\/asfrugby\/#website","url":"https:\/\/clubs.misterugby.com\/asfrugby\/","name":"asfrugby","description":"","publisher":{"@id":"https:\/\/clubs.misterugby.com\/asfrugby\/#organization"},"potentialAction":[{"@type":"SearchAction","target":{"@type":"EntryPoint","urlTemplate":"https:\/\/clubs.misterugby.com\/asfrugby\/?s={search_term_string}"},"query-input":{"@type":"PropertyValueSpecification","valueRequired":true,"valueName":"search_term_string"}}],"inLanguage":"fr-FR"},{"@type":"Organization","@id":"https:\/\/clubs.misterugby.com\/asfrugby\/#organization","name":"asfrugby","url":"https:\/\/clubs.misterugby.com\/asfrugby\/","logo":{"@type":"ImageObject","inLanguage":"fr-FR","@id":"https:\/\/clubs.misterugby.com\/asfrugby\/#\/schema\/logo\/image\/","url":"https:\/\/clubs.misterugby.com\/asfrugby\/wp-content\/uploads\/sites\/19\/2024\/08\/cropped-cropped-logo-plein-1.png","contentUrl":"https:\/\/clubs.misterugby.com\/asfrugby\/wp-content\/uploads\/sites\/19\/2024\/08\/cropped-cropped-logo-plein-1.png","width":1047,"height":1181,"caption":"asfrugby"},"image":{"@id":"https:\/\/clubs.misterugby.com\/asfrugby\/#\/schema\/logo\/image\/"}}]}},"_links":{"self":[{"href":"https:\/\/clubs.misterugby.com\/asfrugby\/wp-json\/wp\/v2\/product\/5908","targetHints":{"allow":["GET"]}}],"collection":[{"href":"https:\/\/clubs.misterugby.com\/asfrugby\/wp-json\/wp\/v2\/product"}],"about":[{"href":"https:\/\/clubs.misterugby.com\/asfrugby\/wp-json\/wp\/v2\/types\/product"}],"wp:featuredmedia":[{"embeddable":true,"href":"https:\/\/clubs.misterugby.com\/asfrugby\/wp-json\/wp\/v2\/media\/6944"}],"wp:attachment":[{"href":"https:\/\/clubs.misterugby.com\/asfrugby\/wp-json\/wp\/v2\/media?parent=5908"}],"wp:term":[{"taxonomy":"product_brand","embeddable":true,"href":"https:\/\/clubs.misterugby.com\/asfrugby\/wp-json\/wp\/v2\/product_brand?post=5908"},{"taxonomy":"product_cat","embeddable":true,"href":"https:\/\/clubs.misterugby.com\/asfrugby\/wp-json\/wp\/v2\/product_cat?post=5908"},{"taxonomy":"product_tag","embeddable":true,"href":"https:\/\/clubs.misterugby.com\/asfrugby\/wp-json\/wp\/v2\/product_tag?post=5908"}],"curies":[{"name":"wp","href":"https:\/\/api.w.org\/{rel}","templated":true}]}}