{"id":13042,"date":"2024-12-03T16:51:34","date_gmt":"2024-12-03T15:51:34","guid":{"rendered":"https:\/\/clubs.misterugby.com\/bagneux-maillots\/?post_type=product&#038;p=13042"},"modified":"2025-11-10T10:58:50","modified_gmt":"2025-11-10T09:58:50","slug":"debardeur-basket-sublime-misterugby-modele-chill","status":"publish","type":"product","link":"https:\/\/clubs.misterugby.com\/bagneux-maillots\/produit\/debardeur-basket-sublime-misterugby-modele-chill\/","title":{"rendered":"D\u00e9bardeur basket sublim\u00e9 MisteRugby \u2013 mod\u00e8le Rouge"},"content":{"rendered":"","protected":false},"excerpt":{"rendered":"<ul>\n<li>Nouveau d\u00e9bardeur de basket pour la saison 2024\/2025<\/li>\n<li>100% polyester climatisant textur\u00e9 180 gr<\/li>\n<li>col et \u00e9paules en bord cotes lourd 280 gr<\/li>\n<li>coupe droite<\/li>\n<li><em><strong>Fabriqu\u00e9 avec Amour en FRANCE<\/strong><\/em><\/li>\n<\/ul>\n<p><b>MERCI D\u2019INDIQUER LE NOM ET LE NUMERO DANS LES CASES CORRESPONDANTES ( obligatoires), si vous ne voulez ni nom ni num\u00e9ro, merci de taper PAS DE NOM \/ PAS DE NUMERO<\/b><\/p>\n<p><b>Coupe droite , prendre sa taille habituelle<\/b><\/p>\n<p><em><strong>D\u00e9lai de livraison:\u00a0 <\/strong><\/em><em><strong>4 semaines\u00a0 \u00e0 partir de la cl\u00f4ture des commandes, livraison directement au club.\u00a0<\/strong><\/em><\/p>\n<p>&nbsp;<\/p>\n","protected":false},"featured_media":13074,"template":"","meta":[],"product_brand":[],"product_cat":[39,41],"product_tag":[],"class_list":{"0":"post-13042","1":"product","2":"type-product","3":"status-publish","4":"has-post-thumbnail","6":"product_cat-homme","7":"product_cat-enfant","8":"wcpa_has_options","10":"first","11":"instock","12":"taxable","13":"shipping-taxable","14":"purchasable","15":"product-type-variable"},"yoast_head":"<!-- This site is optimized with the Yoast SEO plugin v26.9 - https:\/\/yoast.com\/product\/yoast-seo-wordpress\/ -->\n<title>D\u00e9bardeur basket sublim\u00e9 MisteRugby \u2013 mod\u00e8le Rouge - bagneux-maillots<\/title>\n<meta name=\"robots\" content=\"noindex, follow, max-snippet:-1, max-image-preview:large, max-video-preview:-1\" \/>\n<meta property=\"og:locale\" content=\"fr_FR\" \/>\n<meta property=\"og:type\" content=\"article\" \/>\n<meta property=\"og:title\" content=\"D\u00e9bardeur basket sublim\u00e9 MisteRugby \u2013 mod\u00e8le Rouge - bagneux-maillots\" \/>\n<meta property=\"og:description\" content=\"Nouveau d\u00e9bardeur de basket pour la saison 2024\/2025  100% polyester climatisant textur\u00e9 180 gr  col et \u00e9paules en bord cotes lourd 280 gr  coupe droite  Fabriqu\u00e9 avec Amour en FRANCE  MERCI D\u2019INDIQUER LE NOM ET LE NUMERO DANS LES CASES CORRESPONDANTES ( obligatoires), si vous ne voulez ni nom ni num\u00e9ro, merci de taper PAS DE NOM \/ PAS DE NUMERO  Coupe droite , prendre sa taille habituelle  D\u00e9lai de livraison:\u00a0 4 semaines\u00a0 \u00e0 partir de la cl\u00f4ture des commandes, livraison directement au club.\u00a0  &nbsp;\" \/>\n<meta property=\"og:url\" content=\"https:\/\/clubs.misterugby.com\/bagneux-maillots\/produit\/debardeur-basket-sublime-misterugby-modele-chill\/\" \/>\n<meta property=\"og:site_name\" content=\"bagneux-maillots\" \/>\n<meta property=\"article:modified_time\" content=\"2025-11-10T09:58:50+00:00\" \/>\n<meta property=\"og:image\" content=\"http:\/\/clubs.misterugby.com\/bagneux-maillots\/wp-content\/uploads\/sites\/72\/2024\/12\/basket-k.jpg\" \/>\n\t<meta property=\"og:image:width\" content=\"1000\" \/>\n\t<meta property=\"og:image:height\" content=\"1000\" \/>\n\t<meta property=\"og:image:type\" content=\"image\/jpeg\" \/>\n<meta name=\"twitter:card\" content=\"summary_large_image\" \/>\n<meta name=\"twitter:label1\" content=\"Dur\u00e9e de lecture estim\u00e9e\" \/>\n\t<meta name=\"twitter:data1\" content=\"1 minute\" \/>\n<script type=\"application\/ld+json\" class=\"yoast-schema-graph\">{\"@context\":\"https:\/\/schema.org\",\"@graph\":[{\"@type\":\"WebPage\",\"@id\":\"https:\/\/clubs.misterugby.com\/bagneux-maillots\/produit\/debardeur-basket-sublime-misterugby-modele-chill\/\",\"url\":\"https:\/\/clubs.misterugby.com\/bagneux-maillots\/produit\/debardeur-basket-sublime-misterugby-modele-chill\/\",\"name\":\"D\u00e9bardeur basket sublim\u00e9 MisteRugby \u2013 mod\u00e8le Rouge - bagneux-maillots\",\"isPartOf\":{\"@id\":\"https:\/\/clubs.misterugby.com\/bagneux-maillots\/#website\"},\"primaryImageOfPage\":{\"@id\":\"https:\/\/clubs.misterugby.com\/bagneux-maillots\/produit\/debardeur-basket-sublime-misterugby-modele-chill\/#primaryimage\"},\"image\":{\"@id\":\"https:\/\/clubs.misterugby.com\/bagneux-maillots\/produit\/debardeur-basket-sublime-misterugby-modele-chill\/#primaryimage\"},\"thumbnailUrl\":\"https:\/\/clubs.misterugby.com\/bagneux-maillots\/wp-content\/uploads\/sites\/72\/2024\/12\/basket-k.jpg\",\"datePublished\":\"2024-12-03T15:51:34+00:00\",\"dateModified\":\"2025-11-10T09:58:50+00:00\",\"breadcrumb\":{\"@id\":\"https:\/\/clubs.misterugby.com\/bagneux-maillots\/produit\/debardeur-basket-sublime-misterugby-modele-chill\/#breadcrumb\"},\"inLanguage\":\"fr-FR\",\"potentialAction\":[{\"@type\":\"ReadAction\",\"target\":[\"https:\/\/clubs.misterugby.com\/bagneux-maillots\/produit\/debardeur-basket-sublime-misterugby-modele-chill\/\"]}]},{\"@type\":\"ImageObject\",\"inLanguage\":\"fr-FR\",\"@id\":\"https:\/\/clubs.misterugby.com\/bagneux-maillots\/produit\/debardeur-basket-sublime-misterugby-modele-chill\/#primaryimage\",\"url\":\"https:\/\/clubs.misterugby.com\/bagneux-maillots\/wp-content\/uploads\/sites\/72\/2024\/12\/basket-k.jpg\",\"contentUrl\":\"https:\/\/clubs.misterugby.com\/bagneux-maillots\/wp-content\/uploads\/sites\/72\/2024\/12\/basket-k.jpg\",\"width\":1000,\"height\":1000},{\"@type\":\"BreadcrumbList\",\"@id\":\"https:\/\/clubs.misterugby.com\/bagneux-maillots\/produit\/debardeur-basket-sublime-misterugby-modele-chill\/#breadcrumb\",\"itemListElement\":[{\"@type\":\"ListItem\",\"position\":1,\"name\":\"Accueil\",\"item\":\"https:\/\/clubs.misterugby.com\/bagneux-maillots\/\"},{\"@type\":\"ListItem\",\"position\":2,\"name\":\"Boutique\",\"item\":\"https:\/\/clubs.misterugby.com\/bagneux-maillots\/\"},{\"@type\":\"ListItem\",\"position\":3,\"name\":\"D\u00e9bardeur basket sublim\u00e9 MisteRugby \u2013 mod\u00e8le Rouge\"}]},{\"@type\":\"WebSite\",\"@id\":\"https:\/\/clubs.misterugby.com\/bagneux-maillots\/#website\",\"url\":\"https:\/\/clubs.misterugby.com\/bagneux-maillots\/\",\"name\":\"bagneux-maillots\",\"description\":\"\",\"publisher\":{\"@id\":\"https:\/\/clubs.misterugby.com\/bagneux-maillots\/#organization\"},\"potentialAction\":[{\"@type\":\"SearchAction\",\"target\":{\"@type\":\"EntryPoint\",\"urlTemplate\":\"https:\/\/clubs.misterugby.com\/bagneux-maillots\/?s={search_term_string}\"},\"query-input\":{\"@type\":\"PropertyValueSpecification\",\"valueRequired\":true,\"valueName\":\"search_term_string\"}}],\"inLanguage\":\"fr-FR\"},{\"@type\":\"Organization\",\"@id\":\"https:\/\/clubs.misterugby.com\/bagneux-maillots\/#organization\",\"name\":\"bagneux-maillots\",\"url\":\"https:\/\/clubs.misterugby.com\/bagneux-maillots\/\",\"logo\":{\"@type\":\"ImageObject\",\"inLanguage\":\"fr-FR\",\"@id\":\"https:\/\/clubs.misterugby.com\/bagneux-maillots\/#\/schema\/logo\/image\/\",\"url\":\"https:\/\/clubs.misterugby.com\/bagneux-maillots\/wp-content\/uploads\/sites\/72\/2024\/12\/cropped-Sans-titre-57.jpg\",\"contentUrl\":\"https:\/\/clubs.misterugby.com\/bagneux-maillots\/wp-content\/uploads\/sites\/72\/2024\/12\/cropped-Sans-titre-57.jpg\",\"width\":640,\"height\":916,\"caption\":\"bagneux-maillots\"},\"image\":{\"@id\":\"https:\/\/clubs.misterugby.com\/bagneux-maillots\/#\/schema\/logo\/image\/\"}}]}<\/script>\n<!-- \/ Yoast SEO plugin. -->","yoast_head_json":{"title":"D\u00e9bardeur basket sublim\u00e9 MisteRugby \u2013 mod\u00e8le Rouge - bagneux-maillots","robots":{"index":"noindex","follow":"follow","max-snippet":"max-snippet:-1","max-image-preview":"max-image-preview:large","max-video-preview":"max-video-preview:-1"},"og_locale":"fr_FR","og_type":"article","og_title":"D\u00e9bardeur basket sublim\u00e9 MisteRugby \u2013 mod\u00e8le Rouge - bagneux-maillots","og_description":"Nouveau d\u00e9bardeur de basket pour la saison 2024\/2025  100% polyester climatisant textur\u00e9 180 gr  col et \u00e9paules en bord cotes lourd 280 gr  coupe droite  Fabriqu\u00e9 avec Amour en FRANCE  MERCI D\u2019INDIQUER LE NOM ET LE NUMERO DANS LES CASES CORRESPONDANTES ( obligatoires), si vous ne voulez ni nom ni num\u00e9ro, merci de taper PAS DE NOM \/ PAS DE NUMERO  Coupe droite , prendre sa taille habituelle  D\u00e9lai de livraison:\u00a0 4 semaines\u00a0 \u00e0 partir de la cl\u00f4ture des commandes, livraison directement au club.\u00a0  &nbsp;","og_url":"https:\/\/clubs.misterugby.com\/bagneux-maillots\/produit\/debardeur-basket-sublime-misterugby-modele-chill\/","og_site_name":"bagneux-maillots","article_modified_time":"2025-11-10T09:58:50+00:00","og_image":[{"width":1000,"height":1000,"url":"http:\/\/clubs.misterugby.com\/bagneux-maillots\/wp-content\/uploads\/sites\/72\/2024\/12\/basket-k.jpg","type":"image\/jpeg"}],"twitter_card":"summary_large_image","twitter_misc":{"Dur\u00e9e de lecture estim\u00e9e":"1 minute"},"schema":{"@context":"https:\/\/schema.org","@graph":[{"@type":"WebPage","@id":"https:\/\/clubs.misterugby.com\/bagneux-maillots\/produit\/debardeur-basket-sublime-misterugby-modele-chill\/","url":"https:\/\/clubs.misterugby.com\/bagneux-maillots\/produit\/debardeur-basket-sublime-misterugby-modele-chill\/","name":"D\u00e9bardeur basket sublim\u00e9 MisteRugby \u2013 mod\u00e8le Rouge - bagneux-maillots","isPartOf":{"@id":"https:\/\/clubs.misterugby.com\/bagneux-maillots\/#website"},"primaryImageOfPage":{"@id":"https:\/\/clubs.misterugby.com\/bagneux-maillots\/produit\/debardeur-basket-sublime-misterugby-modele-chill\/#primaryimage"},"image":{"@id":"https:\/\/clubs.misterugby.com\/bagneux-maillots\/produit\/debardeur-basket-sublime-misterugby-modele-chill\/#primaryimage"},"thumbnailUrl":"https:\/\/clubs.misterugby.com\/bagneux-maillots\/wp-content\/uploads\/sites\/72\/2024\/12\/basket-k.jpg","datePublished":"2024-12-03T15:51:34+00:00","dateModified":"2025-11-10T09:58:50+00:00","breadcrumb":{"@id":"https:\/\/clubs.misterugby.com\/bagneux-maillots\/produit\/debardeur-basket-sublime-misterugby-modele-chill\/#breadcrumb"},"inLanguage":"fr-FR","potentialAction":[{"@type":"ReadAction","target":["https:\/\/clubs.misterugby.com\/bagneux-maillots\/produit\/debardeur-basket-sublime-misterugby-modele-chill\/"]}]},{"@type":"ImageObject","inLanguage":"fr-FR","@id":"https:\/\/clubs.misterugby.com\/bagneux-maillots\/produit\/debardeur-basket-sublime-misterugby-modele-chill\/#primaryimage","url":"https:\/\/clubs.misterugby.com\/bagneux-maillots\/wp-content\/uploads\/sites\/72\/2024\/12\/basket-k.jpg","contentUrl":"https:\/\/clubs.misterugby.com\/bagneux-maillots\/wp-content\/uploads\/sites\/72\/2024\/12\/basket-k.jpg","width":1000,"height":1000},{"@type":"BreadcrumbList","@id":"https:\/\/clubs.misterugby.com\/bagneux-maillots\/produit\/debardeur-basket-sublime-misterugby-modele-chill\/#breadcrumb","itemListElement":[{"@type":"ListItem","position":1,"name":"Accueil","item":"https:\/\/clubs.misterugby.com\/bagneux-maillots\/"},{"@type":"ListItem","position":2,"name":"Boutique","item":"https:\/\/clubs.misterugby.com\/bagneux-maillots\/"},{"@type":"ListItem","position":3,"name":"D\u00e9bardeur basket sublim\u00e9 MisteRugby \u2013 mod\u00e8le Rouge"}]},{"@type":"WebSite","@id":"https:\/\/clubs.misterugby.com\/bagneux-maillots\/#website","url":"https:\/\/clubs.misterugby.com\/bagneux-maillots\/","name":"bagneux-maillots","description":"","publisher":{"@id":"https:\/\/clubs.misterugby.com\/bagneux-maillots\/#organization"},"potentialAction":[{"@type":"SearchAction","target":{"@type":"EntryPoint","urlTemplate":"https:\/\/clubs.misterugby.com\/bagneux-maillots\/?s={search_term_string}"},"query-input":{"@type":"PropertyValueSpecification","valueRequired":true,"valueName":"search_term_string"}}],"inLanguage":"fr-FR"},{"@type":"Organization","@id":"https:\/\/clubs.misterugby.com\/bagneux-maillots\/#organization","name":"bagneux-maillots","url":"https:\/\/clubs.misterugby.com\/bagneux-maillots\/","logo":{"@type":"ImageObject","inLanguage":"fr-FR","@id":"https:\/\/clubs.misterugby.com\/bagneux-maillots\/#\/schema\/logo\/image\/","url":"https:\/\/clubs.misterugby.com\/bagneux-maillots\/wp-content\/uploads\/sites\/72\/2024\/12\/cropped-Sans-titre-57.jpg","contentUrl":"https:\/\/clubs.misterugby.com\/bagneux-maillots\/wp-content\/uploads\/sites\/72\/2024\/12\/cropped-Sans-titre-57.jpg","width":640,"height":916,"caption":"bagneux-maillots"},"image":{"@id":"https:\/\/clubs.misterugby.com\/bagneux-maillots\/#\/schema\/logo\/image\/"}}]}},"_links":{"self":[{"href":"https:\/\/clubs.misterugby.com\/bagneux-maillots\/wp-json\/wp\/v2\/product\/13042","targetHints":{"allow":["GET"]}}],"collection":[{"href":"https:\/\/clubs.misterugby.com\/bagneux-maillots\/wp-json\/wp\/v2\/product"}],"about":[{"href":"https:\/\/clubs.misterugby.com\/bagneux-maillots\/wp-json\/wp\/v2\/types\/product"}],"wp:featuredmedia":[{"embeddable":true,"href":"https:\/\/clubs.misterugby.com\/bagneux-maillots\/wp-json\/wp\/v2\/media\/13074"}],"wp:attachment":[{"href":"https:\/\/clubs.misterugby.com\/bagneux-maillots\/wp-json\/wp\/v2\/media?parent=13042"}],"wp:term":[{"taxonomy":"product_brand","embeddable":true,"href":"https:\/\/clubs.misterugby.com\/bagneux-maillots\/wp-json\/wp\/v2\/product_brand?post=13042"},{"taxonomy":"product_cat","embeddable":true,"href":"https:\/\/clubs.misterugby.com\/bagneux-maillots\/wp-json\/wp\/v2\/product_cat?post=13042"},{"taxonomy":"product_tag","embeddable":true,"href":"https:\/\/clubs.misterugby.com\/bagneux-maillots\/wp-json\/wp\/v2\/product_tag?post=13042"}],"curies":[{"name":"wp","href":"https:\/\/api.w.org\/{rel}","templated":true}]}}