{"id":13211,"date":"2025-11-03T10:26:34","date_gmt":"2025-11-03T09:26:34","guid":{"rendered":"https:\/\/clubs.misterugby.com\/bagneux-maillots\/?post_type=product&#038;p=13211"},"modified":"2025-11-10T11:06:41","modified_gmt":"2025-11-10T10:06:41","slug":"maillot-rugby-sublime-team-misterugby-modele-replica-2-tailles-adultes","status":"publish","type":"product","link":"https:\/\/clubs.misterugby.com\/bagneux-maillots\/produit\/maillot-rugby-sublime-team-misterugby-modele-replica-2-tailles-adultes\/","title":{"rendered":"Maillot rugby sublim\u00e9 Team MisteRugby &#8211; mod\u00e8le Noir adultes"},"content":{"rendered":"","protected":false},"excerpt":{"rendered":"<ul>\n<li>Nouveau maillot home sublim\u00e9 Team MisteRugby REPLICA<\/li>\n<li>100% polyester climatisant 260 gr<\/li>\n<li>manches raglantes<\/li>\n<li>col confort<\/li>\n<li>coupe ajust\u00e9e<\/li>\n<li><strong><em>Fabriqu\u00e9 avec Amour en FRANCE<\/em><\/strong><\/li>\n<\/ul>\n<p><b>MERCI D\u2019INDIQUER LE NOM ET LE NUMERO DANS LES CASES CORRESPONDANTES ( obligatoires), si vous ne voulez ni nom ni num\u00e9ro, merci de taper PAS DE NOM \/ PAS DE NUMERO<\/b><\/p>\n<p><b>Coupe Match ajust\u00e9e, prendre une taille au dessus en cas de doute ( se r\u00e9f\u00e9rer a la correspondance de taille en bas \u00e0 gauche du descriptif rectangle rouge )<\/b><\/p>\n<p><em><strong>D\u00e9lai de livraison: 4 semaines\u00a0 \u00e0 partir de la cl\u00f4ture des commandes, livraison directement au club.\u00a0<\/strong><\/em><\/p>\n<p>&nbsp;<\/p>\n","protected":false},"featured_media":13220,"template":"","meta":[],"product_brand":[],"product_cat":[39],"product_tag":[],"class_list":{"0":"post-13211","1":"product","2":"type-product","3":"status-publish","4":"has-post-thumbnail","6":"product_cat-homme","7":"wcpa_has_options","9":"first","10":"instock","11":"taxable","12":"shipping-taxable","13":"purchasable","14":"product-type-variable"},"yoast_head":"<!-- This site is optimized with the Yoast SEO plugin v26.9 - https:\/\/yoast.com\/product\/yoast-seo-wordpress\/ -->\n<title>Maillot rugby sublim\u00e9 Team MisteRugby - mod\u00e8le Noir adultes - bagneux-maillots<\/title>\n<meta name=\"robots\" content=\"noindex, follow, max-snippet:-1, max-image-preview:large, max-video-preview:-1\" \/>\n<meta property=\"og:locale\" content=\"fr_FR\" \/>\n<meta property=\"og:type\" content=\"article\" \/>\n<meta property=\"og:title\" content=\"Maillot rugby sublim\u00e9 Team MisteRugby - mod\u00e8le Noir adultes - bagneux-maillots\" \/>\n<meta property=\"og:description\" content=\"Nouveau maillot home sublim\u00e9 Team MisteRugby REPLICA  100% polyester climatisant 260 gr  manches raglantes  col confort  coupe ajust\u00e9e  Fabriqu\u00e9 avec Amour en FRANCE  MERCI D\u2019INDIQUER LE NOM ET LE NUMERO DANS LES CASES CORRESPONDANTES ( obligatoires), si vous ne voulez ni nom ni num\u00e9ro, merci de taper PAS DE NOM \/ PAS DE NUMERO  Coupe Match ajust\u00e9e, prendre une taille au dessus en cas de doute ( se r\u00e9f\u00e9rer a la correspondance de taille en bas \u00e0 gauche du descriptif rectangle rouge )  D\u00e9lai de livraison: 4 semaines\u00a0 \u00e0 partir de la cl\u00f4ture des commandes, livraison directement au club.\u00a0  &nbsp;\" \/>\n<meta property=\"og:url\" content=\"https:\/\/clubs.misterugby.com\/bagneux-maillots\/produit\/maillot-rugby-sublime-team-misterugby-modele-replica-2-tailles-adultes\/\" \/>\n<meta property=\"og:site_name\" content=\"bagneux-maillots\" \/>\n<meta property=\"article:modified_time\" content=\"2025-11-10T10:06:41+00:00\" \/>\n<meta property=\"og:image\" content=\"http:\/\/clubs.misterugby.com\/bagneux-maillots\/wp-content\/uploads\/sites\/72\/2025\/11\/Maillot-Replica.jpg\" \/>\n\t<meta property=\"og:image:width\" content=\"746\" \/>\n\t<meta property=\"og:image:height\" content=\"770\" \/>\n\t<meta property=\"og:image:type\" content=\"image\/jpeg\" \/>\n<meta name=\"twitter:card\" content=\"summary_large_image\" \/>\n<meta name=\"twitter:label1\" content=\"Dur\u00e9e de lecture estim\u00e9e\" \/>\n\t<meta name=\"twitter:data1\" content=\"1 minute\" \/>\n<script type=\"application\/ld+json\" class=\"yoast-schema-graph\">{\"@context\":\"https:\/\/schema.org\",\"@graph\":[{\"@type\":\"WebPage\",\"@id\":\"https:\/\/clubs.misterugby.com\/bagneux-maillots\/produit\/maillot-rugby-sublime-team-misterugby-modele-replica-2-tailles-adultes\/\",\"url\":\"https:\/\/clubs.misterugby.com\/bagneux-maillots\/produit\/maillot-rugby-sublime-team-misterugby-modele-replica-2-tailles-adultes\/\",\"name\":\"Maillot rugby sublim\u00e9 Team MisteRugby - mod\u00e8le Noir adultes - bagneux-maillots\",\"isPartOf\":{\"@id\":\"https:\/\/clubs.misterugby.com\/bagneux-maillots\/#website\"},\"primaryImageOfPage\":{\"@id\":\"https:\/\/clubs.misterugby.com\/bagneux-maillots\/produit\/maillot-rugby-sublime-team-misterugby-modele-replica-2-tailles-adultes\/#primaryimage\"},\"image\":{\"@id\":\"https:\/\/clubs.misterugby.com\/bagneux-maillots\/produit\/maillot-rugby-sublime-team-misterugby-modele-replica-2-tailles-adultes\/#primaryimage\"},\"thumbnailUrl\":\"https:\/\/clubs.misterugby.com\/bagneux-maillots\/wp-content\/uploads\/sites\/72\/2025\/11\/Maillot-Replica.jpg\",\"datePublished\":\"2025-11-03T09:26:34+00:00\",\"dateModified\":\"2025-11-10T10:06:41+00:00\",\"breadcrumb\":{\"@id\":\"https:\/\/clubs.misterugby.com\/bagneux-maillots\/produit\/maillot-rugby-sublime-team-misterugby-modele-replica-2-tailles-adultes\/#breadcrumb\"},\"inLanguage\":\"fr-FR\",\"potentialAction\":[{\"@type\":\"ReadAction\",\"target\":[\"https:\/\/clubs.misterugby.com\/bagneux-maillots\/produit\/maillot-rugby-sublime-team-misterugby-modele-replica-2-tailles-adultes\/\"]}]},{\"@type\":\"ImageObject\",\"inLanguage\":\"fr-FR\",\"@id\":\"https:\/\/clubs.misterugby.com\/bagneux-maillots\/produit\/maillot-rugby-sublime-team-misterugby-modele-replica-2-tailles-adultes\/#primaryimage\",\"url\":\"https:\/\/clubs.misterugby.com\/bagneux-maillots\/wp-content\/uploads\/sites\/72\/2025\/11\/Maillot-Replica.jpg\",\"contentUrl\":\"https:\/\/clubs.misterugby.com\/bagneux-maillots\/wp-content\/uploads\/sites\/72\/2025\/11\/Maillot-Replica.jpg\",\"width\":746,\"height\":770},{\"@type\":\"BreadcrumbList\",\"@id\":\"https:\/\/clubs.misterugby.com\/bagneux-maillots\/produit\/maillot-rugby-sublime-team-misterugby-modele-replica-2-tailles-adultes\/#breadcrumb\",\"itemListElement\":[{\"@type\":\"ListItem\",\"position\":1,\"name\":\"Accueil\",\"item\":\"https:\/\/clubs.misterugby.com\/bagneux-maillots\/\"},{\"@type\":\"ListItem\",\"position\":2,\"name\":\"Boutique\",\"item\":\"https:\/\/clubs.misterugby.com\/bagneux-maillots\/\"},{\"@type\":\"ListItem\",\"position\":3,\"name\":\"Maillot rugby sublim\u00e9 Team MisteRugby &#8211; mod\u00e8le Noir adultes\"}]},{\"@type\":\"WebSite\",\"@id\":\"https:\/\/clubs.misterugby.com\/bagneux-maillots\/#website\",\"url\":\"https:\/\/clubs.misterugby.com\/bagneux-maillots\/\",\"name\":\"bagneux-maillots\",\"description\":\"\",\"publisher\":{\"@id\":\"https:\/\/clubs.misterugby.com\/bagneux-maillots\/#organization\"},\"potentialAction\":[{\"@type\":\"SearchAction\",\"target\":{\"@type\":\"EntryPoint\",\"urlTemplate\":\"https:\/\/clubs.misterugby.com\/bagneux-maillots\/?s={search_term_string}\"},\"query-input\":{\"@type\":\"PropertyValueSpecification\",\"valueRequired\":true,\"valueName\":\"search_term_string\"}}],\"inLanguage\":\"fr-FR\"},{\"@type\":\"Organization\",\"@id\":\"https:\/\/clubs.misterugby.com\/bagneux-maillots\/#organization\",\"name\":\"bagneux-maillots\",\"url\":\"https:\/\/clubs.misterugby.com\/bagneux-maillots\/\",\"logo\":{\"@type\":\"ImageObject\",\"inLanguage\":\"fr-FR\",\"@id\":\"https:\/\/clubs.misterugby.com\/bagneux-maillots\/#\/schema\/logo\/image\/\",\"url\":\"https:\/\/clubs.misterugby.com\/bagneux-maillots\/wp-content\/uploads\/sites\/72\/2024\/12\/cropped-Sans-titre-57.jpg\",\"contentUrl\":\"https:\/\/clubs.misterugby.com\/bagneux-maillots\/wp-content\/uploads\/sites\/72\/2024\/12\/cropped-Sans-titre-57.jpg\",\"width\":640,\"height\":916,\"caption\":\"bagneux-maillots\"},\"image\":{\"@id\":\"https:\/\/clubs.misterugby.com\/bagneux-maillots\/#\/schema\/logo\/image\/\"}}]}<\/script>\n<!-- \/ Yoast SEO plugin. -->","yoast_head_json":{"title":"Maillot rugby sublim\u00e9 Team MisteRugby - mod\u00e8le Noir adultes - bagneux-maillots","robots":{"index":"noindex","follow":"follow","max-snippet":"max-snippet:-1","max-image-preview":"max-image-preview:large","max-video-preview":"max-video-preview:-1"},"og_locale":"fr_FR","og_type":"article","og_title":"Maillot rugby sublim\u00e9 Team MisteRugby - mod\u00e8le Noir adultes - bagneux-maillots","og_description":"Nouveau maillot home sublim\u00e9 Team MisteRugby REPLICA  100% polyester climatisant 260 gr  manches raglantes  col confort  coupe ajust\u00e9e  Fabriqu\u00e9 avec Amour en FRANCE  MERCI D\u2019INDIQUER LE NOM ET LE NUMERO DANS LES CASES CORRESPONDANTES ( obligatoires), si vous ne voulez ni nom ni num\u00e9ro, merci de taper PAS DE NOM \/ PAS DE NUMERO  Coupe Match ajust\u00e9e, prendre une taille au dessus en cas de doute ( se r\u00e9f\u00e9rer a la correspondance de taille en bas \u00e0 gauche du descriptif rectangle rouge )  D\u00e9lai de livraison: 4 semaines\u00a0 \u00e0 partir de la cl\u00f4ture des commandes, livraison directement au club.\u00a0  &nbsp;","og_url":"https:\/\/clubs.misterugby.com\/bagneux-maillots\/produit\/maillot-rugby-sublime-team-misterugby-modele-replica-2-tailles-adultes\/","og_site_name":"bagneux-maillots","article_modified_time":"2025-11-10T10:06:41+00:00","og_image":[{"width":746,"height":770,"url":"http:\/\/clubs.misterugby.com\/bagneux-maillots\/wp-content\/uploads\/sites\/72\/2025\/11\/Maillot-Replica.jpg","type":"image\/jpeg"}],"twitter_card":"summary_large_image","twitter_misc":{"Dur\u00e9e de lecture estim\u00e9e":"1 minute"},"schema":{"@context":"https:\/\/schema.org","@graph":[{"@type":"WebPage","@id":"https:\/\/clubs.misterugby.com\/bagneux-maillots\/produit\/maillot-rugby-sublime-team-misterugby-modele-replica-2-tailles-adultes\/","url":"https:\/\/clubs.misterugby.com\/bagneux-maillots\/produit\/maillot-rugby-sublime-team-misterugby-modele-replica-2-tailles-adultes\/","name":"Maillot rugby sublim\u00e9 Team MisteRugby - mod\u00e8le Noir adultes - bagneux-maillots","isPartOf":{"@id":"https:\/\/clubs.misterugby.com\/bagneux-maillots\/#website"},"primaryImageOfPage":{"@id":"https:\/\/clubs.misterugby.com\/bagneux-maillots\/produit\/maillot-rugby-sublime-team-misterugby-modele-replica-2-tailles-adultes\/#primaryimage"},"image":{"@id":"https:\/\/clubs.misterugby.com\/bagneux-maillots\/produit\/maillot-rugby-sublime-team-misterugby-modele-replica-2-tailles-adultes\/#primaryimage"},"thumbnailUrl":"https:\/\/clubs.misterugby.com\/bagneux-maillots\/wp-content\/uploads\/sites\/72\/2025\/11\/Maillot-Replica.jpg","datePublished":"2025-11-03T09:26:34+00:00","dateModified":"2025-11-10T10:06:41+00:00","breadcrumb":{"@id":"https:\/\/clubs.misterugby.com\/bagneux-maillots\/produit\/maillot-rugby-sublime-team-misterugby-modele-replica-2-tailles-adultes\/#breadcrumb"},"inLanguage":"fr-FR","potentialAction":[{"@type":"ReadAction","target":["https:\/\/clubs.misterugby.com\/bagneux-maillots\/produit\/maillot-rugby-sublime-team-misterugby-modele-replica-2-tailles-adultes\/"]}]},{"@type":"ImageObject","inLanguage":"fr-FR","@id":"https:\/\/clubs.misterugby.com\/bagneux-maillots\/produit\/maillot-rugby-sublime-team-misterugby-modele-replica-2-tailles-adultes\/#primaryimage","url":"https:\/\/clubs.misterugby.com\/bagneux-maillots\/wp-content\/uploads\/sites\/72\/2025\/11\/Maillot-Replica.jpg","contentUrl":"https:\/\/clubs.misterugby.com\/bagneux-maillots\/wp-content\/uploads\/sites\/72\/2025\/11\/Maillot-Replica.jpg","width":746,"height":770},{"@type":"BreadcrumbList","@id":"https:\/\/clubs.misterugby.com\/bagneux-maillots\/produit\/maillot-rugby-sublime-team-misterugby-modele-replica-2-tailles-adultes\/#breadcrumb","itemListElement":[{"@type":"ListItem","position":1,"name":"Accueil","item":"https:\/\/clubs.misterugby.com\/bagneux-maillots\/"},{"@type":"ListItem","position":2,"name":"Boutique","item":"https:\/\/clubs.misterugby.com\/bagneux-maillots\/"},{"@type":"ListItem","position":3,"name":"Maillot rugby sublim\u00e9 Team MisteRugby &#8211; mod\u00e8le Noir adultes"}]},{"@type":"WebSite","@id":"https:\/\/clubs.misterugby.com\/bagneux-maillots\/#website","url":"https:\/\/clubs.misterugby.com\/bagneux-maillots\/","name":"bagneux-maillots","description":"","publisher":{"@id":"https:\/\/clubs.misterugby.com\/bagneux-maillots\/#organization"},"potentialAction":[{"@type":"SearchAction","target":{"@type":"EntryPoint","urlTemplate":"https:\/\/clubs.misterugby.com\/bagneux-maillots\/?s={search_term_string}"},"query-input":{"@type":"PropertyValueSpecification","valueRequired":true,"valueName":"search_term_string"}}],"inLanguage":"fr-FR"},{"@type":"Organization","@id":"https:\/\/clubs.misterugby.com\/bagneux-maillots\/#organization","name":"bagneux-maillots","url":"https:\/\/clubs.misterugby.com\/bagneux-maillots\/","logo":{"@type":"ImageObject","inLanguage":"fr-FR","@id":"https:\/\/clubs.misterugby.com\/bagneux-maillots\/#\/schema\/logo\/image\/","url":"https:\/\/clubs.misterugby.com\/bagneux-maillots\/wp-content\/uploads\/sites\/72\/2024\/12\/cropped-Sans-titre-57.jpg","contentUrl":"https:\/\/clubs.misterugby.com\/bagneux-maillots\/wp-content\/uploads\/sites\/72\/2024\/12\/cropped-Sans-titre-57.jpg","width":640,"height":916,"caption":"bagneux-maillots"},"image":{"@id":"https:\/\/clubs.misterugby.com\/bagneux-maillots\/#\/schema\/logo\/image\/"}}]}},"_links":{"self":[{"href":"https:\/\/clubs.misterugby.com\/bagneux-maillots\/wp-json\/wp\/v2\/product\/13211","targetHints":{"allow":["GET"]}}],"collection":[{"href":"https:\/\/clubs.misterugby.com\/bagneux-maillots\/wp-json\/wp\/v2\/product"}],"about":[{"href":"https:\/\/clubs.misterugby.com\/bagneux-maillots\/wp-json\/wp\/v2\/types\/product"}],"wp:featuredmedia":[{"embeddable":true,"href":"https:\/\/clubs.misterugby.com\/bagneux-maillots\/wp-json\/wp\/v2\/media\/13220"}],"wp:attachment":[{"href":"https:\/\/clubs.misterugby.com\/bagneux-maillots\/wp-json\/wp\/v2\/media?parent=13211"}],"wp:term":[{"taxonomy":"product_brand","embeddable":true,"href":"https:\/\/clubs.misterugby.com\/bagneux-maillots\/wp-json\/wp\/v2\/product_brand?post=13211"},{"taxonomy":"product_cat","embeddable":true,"href":"https:\/\/clubs.misterugby.com\/bagneux-maillots\/wp-json\/wp\/v2\/product_cat?post=13211"},{"taxonomy":"product_tag","embeddable":true,"href":"https:\/\/clubs.misterugby.com\/bagneux-maillots\/wp-json\/wp\/v2\/product_tag?post=13211"}],"curies":[{"name":"wp","href":"https:\/\/api.w.org\/{rel}","templated":true}]}}