{"id":13851,"date":"2023-08-22T12:15:04","date_gmt":"2023-08-22T10:15:04","guid":{"rendered":"https:\/\/clubs.misterugby.com\/chilly-rugby\/produit\/sac-a-dos-force-xv-noir-modele-plus-2\/"},"modified":"2026-02-03T13:13:44","modified_gmt":"2026-02-03T12:13:44","slug":"sac-a-dos-force-xv-noir-modele-plus-2","status":"publish","type":"product","link":"https:\/\/clubs.misterugby.com\/chilly-rugby\/produit\/sac-a-dos-force-xv-noir-modele-plus-2\/","title":{"rendered":"Sac \u00e0 dos Force XV Gris \u2013 mod\u00e8le PLUS"},"content":{"rendered":"","protected":false},"excerpt":{"rendered":"<ul>\n<li>100% Polyester 420D<\/li>\n<li>Dimensions : 50x30x27cm<\/li>\n<li>\u00a0compartiment principal zipp\u00e9 et une poche rigide zipp\u00e9e au bas du sac pour mettre les crampons<\/li>\n<li>2 poches lat\u00e9rales en mesh<\/li>\n<li>Bretelles matelass\u00e9es.<\/li>\n<li>\u00e9lastique devant pour pouvoir y mettre un ballon<\/li>\n<li>Logo brod\u00e9<\/li>\n<\/ul>\n","protected":false},"featured_media":13852,"template":"","meta":[],"product_brand":[],"product_cat":[42],"product_tag":[],"class_list":{"0":"post-13851","1":"product","2":"type-product","3":"status-publish","4":"has-post-thumbnail","6":"product_cat-accessoires","8":"first","9":"instock","10":"taxable","11":"shipping-taxable","12":"purchasable","13":"product-type-simple"},"yoast_head":"<!-- This site is optimized with the Yoast SEO plugin v26.9 - https:\/\/yoast.com\/product\/yoast-seo-wordpress\/ -->\n<title>Sac \u00e0 dos Force XV Gris \u2013 mod\u00e8le PLUS - chilly-rugby<\/title>\n<meta name=\"robots\" content=\"noindex, follow, max-snippet:-1, max-image-preview:large, max-video-preview:-1\" \/>\n<meta property=\"og:locale\" content=\"fr_FR\" \/>\n<meta property=\"og:type\" content=\"article\" \/>\n<meta property=\"og:title\" content=\"Sac \u00e0 dos Force XV Gris \u2013 mod\u00e8le PLUS - chilly-rugby\" \/>\n<meta property=\"og:description\" content=\"100% Polyester 420D  Dimensions : 50x30x27cm  \u00a0compartiment principal zipp\u00e9 et une poche rigide zipp\u00e9e au bas du sac pour mettre les crampons  2 poches lat\u00e9rales en mesh  Bretelles matelass\u00e9es.  \u00e9lastique devant pour pouvoir y mettre un ballon  Logo brod\u00e9\" \/>\n<meta property=\"og:url\" content=\"https:\/\/clubs.misterugby.com\/chilly-rugby\/produit\/sac-a-dos-force-xv-noir-modele-plus-2\/\" \/>\n<meta property=\"og:site_name\" content=\"chilly-rugby\" \/>\n<meta property=\"article:modified_time\" content=\"2026-02-03T12:13:44+00:00\" \/>\n<meta property=\"og:image\" content=\"http:\/\/clubs.misterugby.com\/chilly-rugby\/wp-content\/uploads\/sites\/87\/2023\/08\/chill.jpg\" \/>\n\t<meta property=\"og:image:width\" content=\"1000\" \/>\n\t<meta property=\"og:image:height\" content=\"1000\" \/>\n\t<meta property=\"og:image:type\" content=\"image\/jpeg\" \/>\n<meta name=\"twitter:card\" content=\"summary_large_image\" \/>\n<meta name=\"twitter:label1\" content=\"Dur\u00e9e de lecture estim\u00e9e\" \/>\n\t<meta name=\"twitter:data1\" content=\"1 minute\" \/>\n<script type=\"application\/ld+json\" class=\"yoast-schema-graph\">{\"@context\":\"https:\/\/schema.org\",\"@graph\":[{\"@type\":\"WebPage\",\"@id\":\"https:\/\/clubs.misterugby.com\/chilly-rugby\/produit\/sac-a-dos-force-xv-noir-modele-plus-2\/\",\"url\":\"https:\/\/clubs.misterugby.com\/chilly-rugby\/produit\/sac-a-dos-force-xv-noir-modele-plus-2\/\",\"name\":\"Sac \u00e0 dos Force XV Gris \u2013 mod\u00e8le PLUS - chilly-rugby\",\"isPartOf\":{\"@id\":\"https:\/\/clubs.misterugby.com\/chilly-rugby\/#website\"},\"primaryImageOfPage\":{\"@id\":\"https:\/\/clubs.misterugby.com\/chilly-rugby\/produit\/sac-a-dos-force-xv-noir-modele-plus-2\/#primaryimage\"},\"image\":{\"@id\":\"https:\/\/clubs.misterugby.com\/chilly-rugby\/produit\/sac-a-dos-force-xv-noir-modele-plus-2\/#primaryimage\"},\"thumbnailUrl\":\"https:\/\/clubs.misterugby.com\/chilly-rugby\/wp-content\/uploads\/sites\/87\/2023\/08\/chill.jpg\",\"datePublished\":\"2023-08-22T10:15:04+00:00\",\"dateModified\":\"2026-02-03T12:13:44+00:00\",\"breadcrumb\":{\"@id\":\"https:\/\/clubs.misterugby.com\/chilly-rugby\/produit\/sac-a-dos-force-xv-noir-modele-plus-2\/#breadcrumb\"},\"inLanguage\":\"fr-FR\",\"potentialAction\":[{\"@type\":\"ReadAction\",\"target\":[\"https:\/\/clubs.misterugby.com\/chilly-rugby\/produit\/sac-a-dos-force-xv-noir-modele-plus-2\/\"]}]},{\"@type\":\"ImageObject\",\"inLanguage\":\"fr-FR\",\"@id\":\"https:\/\/clubs.misterugby.com\/chilly-rugby\/produit\/sac-a-dos-force-xv-noir-modele-plus-2\/#primaryimage\",\"url\":\"https:\/\/clubs.misterugby.com\/chilly-rugby\/wp-content\/uploads\/sites\/87\/2023\/08\/chill.jpg\",\"contentUrl\":\"https:\/\/clubs.misterugby.com\/chilly-rugby\/wp-content\/uploads\/sites\/87\/2023\/08\/chill.jpg\",\"width\":1000,\"height\":1000},{\"@type\":\"BreadcrumbList\",\"@id\":\"https:\/\/clubs.misterugby.com\/chilly-rugby\/produit\/sac-a-dos-force-xv-noir-modele-plus-2\/#breadcrumb\",\"itemListElement\":[{\"@type\":\"ListItem\",\"position\":1,\"name\":\"Accueil\",\"item\":\"https:\/\/clubs.misterugby.com\/chilly-rugby\/\"},{\"@type\":\"ListItem\",\"position\":2,\"name\":\"Boutique\",\"item\":\"https:\/\/clubs.misterugby.com\/chilly-rugby\/\"},{\"@type\":\"ListItem\",\"position\":3,\"name\":\"Sac \u00e0 dos Force XV Gris \u2013 mod\u00e8le PLUS\"}]},{\"@type\":\"WebSite\",\"@id\":\"https:\/\/clubs.misterugby.com\/chilly-rugby\/#website\",\"url\":\"https:\/\/clubs.misterugby.com\/chilly-rugby\/\",\"name\":\"chilly-rugby\",\"description\":\"\",\"publisher\":{\"@id\":\"https:\/\/clubs.misterugby.com\/chilly-rugby\/#organization\"},\"potentialAction\":[{\"@type\":\"SearchAction\",\"target\":{\"@type\":\"EntryPoint\",\"urlTemplate\":\"https:\/\/clubs.misterugby.com\/chilly-rugby\/?s={search_term_string}\"},\"query-input\":{\"@type\":\"PropertyValueSpecification\",\"valueRequired\":true,\"valueName\":\"search_term_string\"}}],\"inLanguage\":\"fr-FR\"},{\"@type\":\"Organization\",\"@id\":\"https:\/\/clubs.misterugby.com\/chilly-rugby\/#organization\",\"name\":\"chilly-rugby\",\"url\":\"https:\/\/clubs.misterugby.com\/chilly-rugby\/\",\"logo\":{\"@type\":\"ImageObject\",\"inLanguage\":\"fr-FR\",\"@id\":\"https:\/\/clubs.misterugby.com\/chilly-rugby\/#\/schema\/logo\/image\/\",\"url\":\"https:\/\/clubs.misterugby.com\/chilly-rugby\/wp-content\/uploads\/sites\/87\/2025\/10\/cropped-logo-chilly-mazarin-1-1.png\",\"contentUrl\":\"https:\/\/clubs.misterugby.com\/chilly-rugby\/wp-content\/uploads\/sites\/87\/2025\/10\/cropped-logo-chilly-mazarin-1-1.png\",\"width\":2360,\"height\":1945,\"caption\":\"chilly-rugby\"},\"image\":{\"@id\":\"https:\/\/clubs.misterugby.com\/chilly-rugby\/#\/schema\/logo\/image\/\"}}]}<\/script>\n<!-- \/ Yoast SEO plugin. -->","yoast_head_json":{"title":"Sac \u00e0 dos Force XV Gris \u2013 mod\u00e8le PLUS - chilly-rugby","robots":{"index":"noindex","follow":"follow","max-snippet":"max-snippet:-1","max-image-preview":"max-image-preview:large","max-video-preview":"max-video-preview:-1"},"og_locale":"fr_FR","og_type":"article","og_title":"Sac \u00e0 dos Force XV Gris \u2013 mod\u00e8le PLUS - chilly-rugby","og_description":"100% Polyester 420D  Dimensions : 50x30x27cm  \u00a0compartiment principal zipp\u00e9 et une poche rigide zipp\u00e9e au bas du sac pour mettre les crampons  2 poches lat\u00e9rales en mesh  Bretelles matelass\u00e9es.  \u00e9lastique devant pour pouvoir y mettre un ballon  Logo brod\u00e9","og_url":"https:\/\/clubs.misterugby.com\/chilly-rugby\/produit\/sac-a-dos-force-xv-noir-modele-plus-2\/","og_site_name":"chilly-rugby","article_modified_time":"2026-02-03T12:13:44+00:00","og_image":[{"width":1000,"height":1000,"url":"http:\/\/clubs.misterugby.com\/chilly-rugby\/wp-content\/uploads\/sites\/87\/2023\/08\/chill.jpg","type":"image\/jpeg"}],"twitter_card":"summary_large_image","twitter_misc":{"Dur\u00e9e de lecture estim\u00e9e":"1 minute"},"schema":{"@context":"https:\/\/schema.org","@graph":[{"@type":"WebPage","@id":"https:\/\/clubs.misterugby.com\/chilly-rugby\/produit\/sac-a-dos-force-xv-noir-modele-plus-2\/","url":"https:\/\/clubs.misterugby.com\/chilly-rugby\/produit\/sac-a-dos-force-xv-noir-modele-plus-2\/","name":"Sac \u00e0 dos Force XV Gris \u2013 mod\u00e8le PLUS - chilly-rugby","isPartOf":{"@id":"https:\/\/clubs.misterugby.com\/chilly-rugby\/#website"},"primaryImageOfPage":{"@id":"https:\/\/clubs.misterugby.com\/chilly-rugby\/produit\/sac-a-dos-force-xv-noir-modele-plus-2\/#primaryimage"},"image":{"@id":"https:\/\/clubs.misterugby.com\/chilly-rugby\/produit\/sac-a-dos-force-xv-noir-modele-plus-2\/#primaryimage"},"thumbnailUrl":"https:\/\/clubs.misterugby.com\/chilly-rugby\/wp-content\/uploads\/sites\/87\/2023\/08\/chill.jpg","datePublished":"2023-08-22T10:15:04+00:00","dateModified":"2026-02-03T12:13:44+00:00","breadcrumb":{"@id":"https:\/\/clubs.misterugby.com\/chilly-rugby\/produit\/sac-a-dos-force-xv-noir-modele-plus-2\/#breadcrumb"},"inLanguage":"fr-FR","potentialAction":[{"@type":"ReadAction","target":["https:\/\/clubs.misterugby.com\/chilly-rugby\/produit\/sac-a-dos-force-xv-noir-modele-plus-2\/"]}]},{"@type":"ImageObject","inLanguage":"fr-FR","@id":"https:\/\/clubs.misterugby.com\/chilly-rugby\/produit\/sac-a-dos-force-xv-noir-modele-plus-2\/#primaryimage","url":"https:\/\/clubs.misterugby.com\/chilly-rugby\/wp-content\/uploads\/sites\/87\/2023\/08\/chill.jpg","contentUrl":"https:\/\/clubs.misterugby.com\/chilly-rugby\/wp-content\/uploads\/sites\/87\/2023\/08\/chill.jpg","width":1000,"height":1000},{"@type":"BreadcrumbList","@id":"https:\/\/clubs.misterugby.com\/chilly-rugby\/produit\/sac-a-dos-force-xv-noir-modele-plus-2\/#breadcrumb","itemListElement":[{"@type":"ListItem","position":1,"name":"Accueil","item":"https:\/\/clubs.misterugby.com\/chilly-rugby\/"},{"@type":"ListItem","position":2,"name":"Boutique","item":"https:\/\/clubs.misterugby.com\/chilly-rugby\/"},{"@type":"ListItem","position":3,"name":"Sac \u00e0 dos Force XV Gris \u2013 mod\u00e8le PLUS"}]},{"@type":"WebSite","@id":"https:\/\/clubs.misterugby.com\/chilly-rugby\/#website","url":"https:\/\/clubs.misterugby.com\/chilly-rugby\/","name":"chilly-rugby","description":"","publisher":{"@id":"https:\/\/clubs.misterugby.com\/chilly-rugby\/#organization"},"potentialAction":[{"@type":"SearchAction","target":{"@type":"EntryPoint","urlTemplate":"https:\/\/clubs.misterugby.com\/chilly-rugby\/?s={search_term_string}"},"query-input":{"@type":"PropertyValueSpecification","valueRequired":true,"valueName":"search_term_string"}}],"inLanguage":"fr-FR"},{"@type":"Organization","@id":"https:\/\/clubs.misterugby.com\/chilly-rugby\/#organization","name":"chilly-rugby","url":"https:\/\/clubs.misterugby.com\/chilly-rugby\/","logo":{"@type":"ImageObject","inLanguage":"fr-FR","@id":"https:\/\/clubs.misterugby.com\/chilly-rugby\/#\/schema\/logo\/image\/","url":"https:\/\/clubs.misterugby.com\/chilly-rugby\/wp-content\/uploads\/sites\/87\/2025\/10\/cropped-logo-chilly-mazarin-1-1.png","contentUrl":"https:\/\/clubs.misterugby.com\/chilly-rugby\/wp-content\/uploads\/sites\/87\/2025\/10\/cropped-logo-chilly-mazarin-1-1.png","width":2360,"height":1945,"caption":"chilly-rugby"},"image":{"@id":"https:\/\/clubs.misterugby.com\/chilly-rugby\/#\/schema\/logo\/image\/"}}]}},"_links":{"self":[{"href":"https:\/\/clubs.misterugby.com\/chilly-rugby\/wp-json\/wp\/v2\/product\/13851","targetHints":{"allow":["GET"]}}],"collection":[{"href":"https:\/\/clubs.misterugby.com\/chilly-rugby\/wp-json\/wp\/v2\/product"}],"about":[{"href":"https:\/\/clubs.misterugby.com\/chilly-rugby\/wp-json\/wp\/v2\/types\/product"}],"wp:featuredmedia":[{"embeddable":true,"href":"https:\/\/clubs.misterugby.com\/chilly-rugby\/wp-json\/wp\/v2\/media\/13852"}],"wp:attachment":[{"href":"https:\/\/clubs.misterugby.com\/chilly-rugby\/wp-json\/wp\/v2\/media?parent=13851"}],"wp:term":[{"taxonomy":"product_brand","embeddable":true,"href":"https:\/\/clubs.misterugby.com\/chilly-rugby\/wp-json\/wp\/v2\/product_brand?post=13851"},{"taxonomy":"product_cat","embeddable":true,"href":"https:\/\/clubs.misterugby.com\/chilly-rugby\/wp-json\/wp\/v2\/product_cat?post=13851"},{"taxonomy":"product_tag","embeddable":true,"href":"https:\/\/clubs.misterugby.com\/chilly-rugby\/wp-json\/wp\/v2\/product_tag?post=13851"}],"curies":[{"name":"wp","href":"https:\/\/api.w.org\/{rel}","templated":true}]}}