{"id":13918,"date":"2023-08-16T16:23:07","date_gmt":"2023-08-16T14:23:07","guid":{"rendered":"https:\/\/clubs.misterugby.com\/chilly-rugby\/produit\/pantalon-pluie-force-xv-noir-adulte-modele-force-2\/"},"modified":"2026-03-30T15:09:04","modified_gmt":"2026-03-30T13:09:04","slug":"pantalon-pluie-force-xv-noir-adulte-modele-force-2","status":"publish","type":"product","link":"https:\/\/clubs.misterugby.com\/chilly-rugby\/produit\/pantalon-pluie-force-xv-noir-adulte-modele-force-2\/","title":{"rendered":"Pantalon Pluie Force XV Noir Adulte \u2013 mod\u00e8le FORCE"},"content":{"rendered":"","protected":false},"excerpt":{"rendered":"<ul>\n<li>100% PES taffeta<\/li>\n<li>coupe droite avec ouvertures lat\u00e9rales zipp\u00e9es<\/li>\n<li>2 poches zipp\u00e9es<\/li>\n<li>Logo brod\u00e9<\/li>\n<\/ul>\n","protected":false},"featured_media":0,"template":"","meta":[],"product_brand":[],"product_cat":[92,39],"product_tag":[],"class_list":{"0":"post-13918","1":"product","2":"type-product","3":"status-publish","5":"product_cat-training","6":"product_cat-homme","8":"first","9":"instock","10":"taxable","11":"shipping-taxable","12":"product-type-variable"},"yoast_head":"<!-- This site is optimized with the Yoast SEO plugin v26.9 - https:\/\/yoast.com\/product\/yoast-seo-wordpress\/ -->\n<title>Pantalon Pluie Force XV Noir Adulte \u2013 mod\u00e8le FORCE - chilly-rugby<\/title>\n<meta name=\"robots\" content=\"noindex, follow, max-snippet:-1, max-image-preview:large, max-video-preview:-1\" \/>\n<meta property=\"og:locale\" content=\"fr_FR\" \/>\n<meta property=\"og:type\" content=\"article\" \/>\n<meta property=\"og:title\" content=\"Pantalon Pluie Force XV Noir Adulte \u2013 mod\u00e8le FORCE - chilly-rugby\" \/>\n<meta property=\"og:description\" content=\"100% PES taffeta  coupe droite avec ouvertures lat\u00e9rales zipp\u00e9es  2 poches zipp\u00e9es  Logo brod\u00e9\" \/>\n<meta property=\"og:url\" content=\"https:\/\/clubs.misterugby.com\/chilly-rugby\/produit\/pantalon-pluie-force-xv-noir-adulte-modele-force-2\/\" \/>\n<meta property=\"og:site_name\" content=\"chilly-rugby\" \/>\n<meta property=\"article:modified_time\" content=\"2026-03-30T13:09:04+00:00\" \/>\n<meta name=\"twitter:card\" content=\"summary_large_image\" \/>\n<script type=\"application\/ld+json\" class=\"yoast-schema-graph\">{\"@context\":\"https:\/\/schema.org\",\"@graph\":[{\"@type\":\"WebPage\",\"@id\":\"https:\/\/clubs.misterugby.com\/chilly-rugby\/produit\/pantalon-pluie-force-xv-noir-adulte-modele-force-2\/\",\"url\":\"https:\/\/clubs.misterugby.com\/chilly-rugby\/produit\/pantalon-pluie-force-xv-noir-adulte-modele-force-2\/\",\"name\":\"Pantalon Pluie Force XV Noir Adulte \u2013 mod\u00e8le FORCE - chilly-rugby\",\"isPartOf\":{\"@id\":\"https:\/\/clubs.misterugby.com\/chilly-rugby\/#website\"},\"datePublished\":\"2023-08-16T14:23:07+00:00\",\"dateModified\":\"2026-03-30T13:09:04+00:00\",\"breadcrumb\":{\"@id\":\"https:\/\/clubs.misterugby.com\/chilly-rugby\/produit\/pantalon-pluie-force-xv-noir-adulte-modele-force-2\/#breadcrumb\"},\"inLanguage\":\"fr-FR\",\"potentialAction\":[{\"@type\":\"ReadAction\",\"target\":[\"https:\/\/clubs.misterugby.com\/chilly-rugby\/produit\/pantalon-pluie-force-xv-noir-adulte-modele-force-2\/\"]}]},{\"@type\":\"BreadcrumbList\",\"@id\":\"https:\/\/clubs.misterugby.com\/chilly-rugby\/produit\/pantalon-pluie-force-xv-noir-adulte-modele-force-2\/#breadcrumb\",\"itemListElement\":[{\"@type\":\"ListItem\",\"position\":1,\"name\":\"Accueil\",\"item\":\"https:\/\/clubs.misterugby.com\/chilly-rugby\/\"},{\"@type\":\"ListItem\",\"position\":2,\"name\":\"Boutique\",\"item\":\"https:\/\/clubs.misterugby.com\/chilly-rugby\/\"},{\"@type\":\"ListItem\",\"position\":3,\"name\":\"Pantalon Pluie Force XV Noir Adulte \u2013 mod\u00e8le FORCE\"}]},{\"@type\":\"WebSite\",\"@id\":\"https:\/\/clubs.misterugby.com\/chilly-rugby\/#website\",\"url\":\"https:\/\/clubs.misterugby.com\/chilly-rugby\/\",\"name\":\"chilly-rugby\",\"description\":\"\",\"publisher\":{\"@id\":\"https:\/\/clubs.misterugby.com\/chilly-rugby\/#organization\"},\"potentialAction\":[{\"@type\":\"SearchAction\",\"target\":{\"@type\":\"EntryPoint\",\"urlTemplate\":\"https:\/\/clubs.misterugby.com\/chilly-rugby\/?s={search_term_string}\"},\"query-input\":{\"@type\":\"PropertyValueSpecification\",\"valueRequired\":true,\"valueName\":\"search_term_string\"}}],\"inLanguage\":\"fr-FR\"},{\"@type\":\"Organization\",\"@id\":\"https:\/\/clubs.misterugby.com\/chilly-rugby\/#organization\",\"name\":\"chilly-rugby\",\"url\":\"https:\/\/clubs.misterugby.com\/chilly-rugby\/\",\"logo\":{\"@type\":\"ImageObject\",\"inLanguage\":\"fr-FR\",\"@id\":\"https:\/\/clubs.misterugby.com\/chilly-rugby\/#\/schema\/logo\/image\/\",\"url\":\"https:\/\/clubs.misterugby.com\/chilly-rugby\/wp-content\/uploads\/sites\/87\/2025\/10\/cropped-logo-chilly-mazarin-1-1.png\",\"contentUrl\":\"https:\/\/clubs.misterugby.com\/chilly-rugby\/wp-content\/uploads\/sites\/87\/2025\/10\/cropped-logo-chilly-mazarin-1-1.png\",\"width\":2360,\"height\":1945,\"caption\":\"chilly-rugby\"},\"image\":{\"@id\":\"https:\/\/clubs.misterugby.com\/chilly-rugby\/#\/schema\/logo\/image\/\"}}]}<\/script>\n<!-- \/ Yoast SEO plugin. -->","yoast_head_json":{"title":"Pantalon Pluie Force XV Noir Adulte \u2013 mod\u00e8le FORCE - chilly-rugby","robots":{"index":"noindex","follow":"follow","max-snippet":"max-snippet:-1","max-image-preview":"max-image-preview:large","max-video-preview":"max-video-preview:-1"},"og_locale":"fr_FR","og_type":"article","og_title":"Pantalon Pluie Force XV Noir Adulte \u2013 mod\u00e8le FORCE - chilly-rugby","og_description":"100% PES taffeta  coupe droite avec ouvertures lat\u00e9rales zipp\u00e9es  2 poches zipp\u00e9es  Logo brod\u00e9","og_url":"https:\/\/clubs.misterugby.com\/chilly-rugby\/produit\/pantalon-pluie-force-xv-noir-adulte-modele-force-2\/","og_site_name":"chilly-rugby","article_modified_time":"2026-03-30T13:09:04+00:00","twitter_card":"summary_large_image","schema":{"@context":"https:\/\/schema.org","@graph":[{"@type":"WebPage","@id":"https:\/\/clubs.misterugby.com\/chilly-rugby\/produit\/pantalon-pluie-force-xv-noir-adulte-modele-force-2\/","url":"https:\/\/clubs.misterugby.com\/chilly-rugby\/produit\/pantalon-pluie-force-xv-noir-adulte-modele-force-2\/","name":"Pantalon Pluie Force XV Noir Adulte \u2013 mod\u00e8le FORCE - chilly-rugby","isPartOf":{"@id":"https:\/\/clubs.misterugby.com\/chilly-rugby\/#website"},"datePublished":"2023-08-16T14:23:07+00:00","dateModified":"2026-03-30T13:09:04+00:00","breadcrumb":{"@id":"https:\/\/clubs.misterugby.com\/chilly-rugby\/produit\/pantalon-pluie-force-xv-noir-adulte-modele-force-2\/#breadcrumb"},"inLanguage":"fr-FR","potentialAction":[{"@type":"ReadAction","target":["https:\/\/clubs.misterugby.com\/chilly-rugby\/produit\/pantalon-pluie-force-xv-noir-adulte-modele-force-2\/"]}]},{"@type":"BreadcrumbList","@id":"https:\/\/clubs.misterugby.com\/chilly-rugby\/produit\/pantalon-pluie-force-xv-noir-adulte-modele-force-2\/#breadcrumb","itemListElement":[{"@type":"ListItem","position":1,"name":"Accueil","item":"https:\/\/clubs.misterugby.com\/chilly-rugby\/"},{"@type":"ListItem","position":2,"name":"Boutique","item":"https:\/\/clubs.misterugby.com\/chilly-rugby\/"},{"@type":"ListItem","position":3,"name":"Pantalon Pluie Force XV Noir Adulte \u2013 mod\u00e8le FORCE"}]},{"@type":"WebSite","@id":"https:\/\/clubs.misterugby.com\/chilly-rugby\/#website","url":"https:\/\/clubs.misterugby.com\/chilly-rugby\/","name":"chilly-rugby","description":"","publisher":{"@id":"https:\/\/clubs.misterugby.com\/chilly-rugby\/#organization"},"potentialAction":[{"@type":"SearchAction","target":{"@type":"EntryPoint","urlTemplate":"https:\/\/clubs.misterugby.com\/chilly-rugby\/?s={search_term_string}"},"query-input":{"@type":"PropertyValueSpecification","valueRequired":true,"valueName":"search_term_string"}}],"inLanguage":"fr-FR"},{"@type":"Organization","@id":"https:\/\/clubs.misterugby.com\/chilly-rugby\/#organization","name":"chilly-rugby","url":"https:\/\/clubs.misterugby.com\/chilly-rugby\/","logo":{"@type":"ImageObject","inLanguage":"fr-FR","@id":"https:\/\/clubs.misterugby.com\/chilly-rugby\/#\/schema\/logo\/image\/","url":"https:\/\/clubs.misterugby.com\/chilly-rugby\/wp-content\/uploads\/sites\/87\/2025\/10\/cropped-logo-chilly-mazarin-1-1.png","contentUrl":"https:\/\/clubs.misterugby.com\/chilly-rugby\/wp-content\/uploads\/sites\/87\/2025\/10\/cropped-logo-chilly-mazarin-1-1.png","width":2360,"height":1945,"caption":"chilly-rugby"},"image":{"@id":"https:\/\/clubs.misterugby.com\/chilly-rugby\/#\/schema\/logo\/image\/"}}]}},"_links":{"self":[{"href":"https:\/\/clubs.misterugby.com\/chilly-rugby\/wp-json\/wp\/v2\/product\/13918","targetHints":{"allow":["GET"]}}],"collection":[{"href":"https:\/\/clubs.misterugby.com\/chilly-rugby\/wp-json\/wp\/v2\/product"}],"about":[{"href":"https:\/\/clubs.misterugby.com\/chilly-rugby\/wp-json\/wp\/v2\/types\/product"}],"wp:attachment":[{"href":"https:\/\/clubs.misterugby.com\/chilly-rugby\/wp-json\/wp\/v2\/media?parent=13918"}],"wp:term":[{"taxonomy":"product_brand","embeddable":true,"href":"https:\/\/clubs.misterugby.com\/chilly-rugby\/wp-json\/wp\/v2\/product_brand?post=13918"},{"taxonomy":"product_cat","embeddable":true,"href":"https:\/\/clubs.misterugby.com\/chilly-rugby\/wp-json\/wp\/v2\/product_cat?post=13918"},{"taxonomy":"product_tag","embeddable":true,"href":"https:\/\/clubs.misterugby.com\/chilly-rugby\/wp-json\/wp\/v2\/product_tag?post=13918"}],"curies":[{"name":"wp","href":"https:\/\/api.w.org\/{rel}","templated":true}]}}