{"id":5987,"date":"2022-01-19T06:41:46","date_gmt":"2022-01-19T05:41:46","guid":{"rendered":"https:\/\/clubs.misterugby.com\/csmg\/produit\/bonnet-tricote-noir-modele-pompon\/"},"modified":"2025-12-15T18:20:56","modified_gmt":"2025-12-15T17:20:56","slug":"bonnet-tricote-gris-modele-pompon","status":"publish","type":"product","link":"https:\/\/clubs.misterugby.com\/csmg\/produit\/bonnet-tricote-gris-modele-pompon\/","title":{"rendered":"Bonnet tricot\u00e9 Noir- mod\u00e8le POMPON"},"content":{"rendered":"","protected":false},"excerpt":{"rendered":"<ul>\n<li>100% maille acrylique touch\u00e9 doux<\/li>\n<li>Tricot \u00e9pais, double \u00e9paisseur<\/li>\n<li>Pompon, bord repli\u00e9<\/li>\n<li>coloris noir<\/li>\n<li>logo club brod\u00e9<\/li>\n<\/ul>\n","protected":false},"featured_media":6296,"template":"","meta":[],"product_brand":[],"product_cat":[42],"product_tag":[],"class_list":{"0":"post-5987","1":"product","2":"type-product","3":"status-publish","4":"has-post-thumbnail","6":"product_cat-accessoires","8":"first","9":"instock","10":"taxable","11":"shipping-taxable","12":"purchasable","13":"product-type-simple"},"yoast_head":"<!-- This site is optimized with the Yoast SEO plugin v26.9 - https:\/\/yoast.com\/product\/yoast-seo-wordpress\/ -->\n<title>Bonnet tricot\u00e9 Noir- mod\u00e8le POMPON - csmg<\/title>\n<meta name=\"robots\" content=\"noindex, follow, max-snippet:-1, max-image-preview:large, max-video-preview:-1\" \/>\n<meta property=\"og:locale\" content=\"fr_FR\" \/>\n<meta property=\"og:type\" content=\"article\" \/>\n<meta property=\"og:title\" content=\"Bonnet tricot\u00e9 Noir- mod\u00e8le POMPON - csmg\" \/>\n<meta property=\"og:description\" content=\"100% maille acrylique touch\u00e9 doux  Tricot \u00e9pais, double \u00e9paisseur  Pompon, bord repli\u00e9  coloris noir  logo club brod\u00e9\" \/>\n<meta property=\"og:url\" content=\"https:\/\/clubs.misterugby.com\/csmg\/produit\/bonnet-tricote-gris-modele-pompon\/\" \/>\n<meta property=\"og:site_name\" content=\"csmg\" \/>\n<meta property=\"article:modified_time\" content=\"2025-12-15T17:20:56+00:00\" \/>\n<meta property=\"og:image\" content=\"https:\/\/clubs.misterugby.com\/csmg\/wp-content\/uploads\/sites\/7\/2022\/01\/gbb.jpg\" \/>\n\t<meta property=\"og:image:width\" content=\"1000\" \/>\n\t<meta property=\"og:image:height\" content=\"1000\" \/>\n\t<meta property=\"og:image:type\" content=\"image\/jpeg\" \/>\n<meta name=\"twitter:card\" content=\"summary_large_image\" \/>\n<script type=\"application\/ld+json\" class=\"yoast-schema-graph\">{\"@context\":\"https:\/\/schema.org\",\"@graph\":[{\"@type\":\"WebPage\",\"@id\":\"https:\/\/clubs.misterugby.com\/csmg\/produit\/bonnet-tricote-gris-modele-pompon\/\",\"url\":\"https:\/\/clubs.misterugby.com\/csmg\/produit\/bonnet-tricote-gris-modele-pompon\/\",\"name\":\"Bonnet tricot\u00e9 Noir- mod\u00e8le POMPON - csmg\",\"isPartOf\":{\"@id\":\"https:\/\/clubs.misterugby.com\/csmg\/#website\"},\"primaryImageOfPage\":{\"@id\":\"https:\/\/clubs.misterugby.com\/csmg\/produit\/bonnet-tricote-gris-modele-pompon\/#primaryimage\"},\"image\":{\"@id\":\"https:\/\/clubs.misterugby.com\/csmg\/produit\/bonnet-tricote-gris-modele-pompon\/#primaryimage\"},\"thumbnailUrl\":\"https:\/\/clubs.misterugby.com\/csmg\/wp-content\/uploads\/sites\/7\/2022\/01\/gbb.jpg\",\"datePublished\":\"2022-01-19T05:41:46+00:00\",\"dateModified\":\"2025-12-15T17:20:56+00:00\",\"breadcrumb\":{\"@id\":\"https:\/\/clubs.misterugby.com\/csmg\/produit\/bonnet-tricote-gris-modele-pompon\/#breadcrumb\"},\"inLanguage\":\"fr-FR\",\"potentialAction\":[{\"@type\":\"ReadAction\",\"target\":[\"https:\/\/clubs.misterugby.com\/csmg\/produit\/bonnet-tricote-gris-modele-pompon\/\"]}]},{\"@type\":\"ImageObject\",\"inLanguage\":\"fr-FR\",\"@id\":\"https:\/\/clubs.misterugby.com\/csmg\/produit\/bonnet-tricote-gris-modele-pompon\/#primaryimage\",\"url\":\"https:\/\/clubs.misterugby.com\/csmg\/wp-content\/uploads\/sites\/7\/2022\/01\/gbb.jpg\",\"contentUrl\":\"https:\/\/clubs.misterugby.com\/csmg\/wp-content\/uploads\/sites\/7\/2022\/01\/gbb.jpg\",\"width\":1000,\"height\":1000},{\"@type\":\"BreadcrumbList\",\"@id\":\"https:\/\/clubs.misterugby.com\/csmg\/produit\/bonnet-tricote-gris-modele-pompon\/#breadcrumb\",\"itemListElement\":[{\"@type\":\"ListItem\",\"position\":1,\"name\":\"Accueil\",\"item\":\"https:\/\/clubs.misterugby.com\/csmg\/\"},{\"@type\":\"ListItem\",\"position\":2,\"name\":\"Boutique\",\"item\":\"https:\/\/clubs.misterugby.com\/csmg\/\"},{\"@type\":\"ListItem\",\"position\":3,\"name\":\"Bonnet tricot\u00e9 Noir- mod\u00e8le POMPON\"}]},{\"@type\":\"WebSite\",\"@id\":\"https:\/\/clubs.misterugby.com\/csmg\/#website\",\"url\":\"https:\/\/clubs.misterugby.com\/csmg\/\",\"name\":\"csmg\",\"description\":\"\",\"publisher\":{\"@id\":\"https:\/\/clubs.misterugby.com\/csmg\/#organization\"},\"potentialAction\":[{\"@type\":\"SearchAction\",\"target\":{\"@type\":\"EntryPoint\",\"urlTemplate\":\"https:\/\/clubs.misterugby.com\/csmg\/?s={search_term_string}\"},\"query-input\":{\"@type\":\"PropertyValueSpecification\",\"valueRequired\":true,\"valueName\":\"search_term_string\"}}],\"inLanguage\":\"fr-FR\"},{\"@type\":\"Organization\",\"@id\":\"https:\/\/clubs.misterugby.com\/csmg\/#organization\",\"name\":\"csmg\",\"url\":\"https:\/\/clubs.misterugby.com\/csmg\/\",\"logo\":{\"@type\":\"ImageObject\",\"inLanguage\":\"fr-FR\",\"@id\":\"https:\/\/clubs.misterugby.com\/csmg\/#\/schema\/logo\/image\/\",\"url\":\"https:\/\/clubs.misterugby.com\/csmg\/wp-content\/uploads\/sites\/7\/2019\/04\/cropped-logo-GEGEN-2019-date-scaled.png\",\"contentUrl\":\"https:\/\/clubs.misterugby.com\/csmg\/wp-content\/uploads\/sites\/7\/2019\/04\/cropped-logo-GEGEN-2019-date-scaled.png\",\"width\":2218,\"height\":2560,\"caption\":\"csmg\"},\"image\":{\"@id\":\"https:\/\/clubs.misterugby.com\/csmg\/#\/schema\/logo\/image\/\"}}]}<\/script>\n<!-- \/ Yoast SEO plugin. -->","yoast_head_json":{"title":"Bonnet tricot\u00e9 Noir- mod\u00e8le POMPON - csmg","robots":{"index":"noindex","follow":"follow","max-snippet":"max-snippet:-1","max-image-preview":"max-image-preview:large","max-video-preview":"max-video-preview:-1"},"og_locale":"fr_FR","og_type":"article","og_title":"Bonnet tricot\u00e9 Noir- mod\u00e8le POMPON - csmg","og_description":"100% maille acrylique touch\u00e9 doux  Tricot \u00e9pais, double \u00e9paisseur  Pompon, bord repli\u00e9  coloris noir  logo club brod\u00e9","og_url":"https:\/\/clubs.misterugby.com\/csmg\/produit\/bonnet-tricote-gris-modele-pompon\/","og_site_name":"csmg","article_modified_time":"2025-12-15T17:20:56+00:00","og_image":[{"width":1000,"height":1000,"url":"https:\/\/clubs.misterugby.com\/csmg\/wp-content\/uploads\/sites\/7\/2022\/01\/gbb.jpg","type":"image\/jpeg"}],"twitter_card":"summary_large_image","schema":{"@context":"https:\/\/schema.org","@graph":[{"@type":"WebPage","@id":"https:\/\/clubs.misterugby.com\/csmg\/produit\/bonnet-tricote-gris-modele-pompon\/","url":"https:\/\/clubs.misterugby.com\/csmg\/produit\/bonnet-tricote-gris-modele-pompon\/","name":"Bonnet tricot\u00e9 Noir- mod\u00e8le POMPON - csmg","isPartOf":{"@id":"https:\/\/clubs.misterugby.com\/csmg\/#website"},"primaryImageOfPage":{"@id":"https:\/\/clubs.misterugby.com\/csmg\/produit\/bonnet-tricote-gris-modele-pompon\/#primaryimage"},"image":{"@id":"https:\/\/clubs.misterugby.com\/csmg\/produit\/bonnet-tricote-gris-modele-pompon\/#primaryimage"},"thumbnailUrl":"https:\/\/clubs.misterugby.com\/csmg\/wp-content\/uploads\/sites\/7\/2022\/01\/gbb.jpg","datePublished":"2022-01-19T05:41:46+00:00","dateModified":"2025-12-15T17:20:56+00:00","breadcrumb":{"@id":"https:\/\/clubs.misterugby.com\/csmg\/produit\/bonnet-tricote-gris-modele-pompon\/#breadcrumb"},"inLanguage":"fr-FR","potentialAction":[{"@type":"ReadAction","target":["https:\/\/clubs.misterugby.com\/csmg\/produit\/bonnet-tricote-gris-modele-pompon\/"]}]},{"@type":"ImageObject","inLanguage":"fr-FR","@id":"https:\/\/clubs.misterugby.com\/csmg\/produit\/bonnet-tricote-gris-modele-pompon\/#primaryimage","url":"https:\/\/clubs.misterugby.com\/csmg\/wp-content\/uploads\/sites\/7\/2022\/01\/gbb.jpg","contentUrl":"https:\/\/clubs.misterugby.com\/csmg\/wp-content\/uploads\/sites\/7\/2022\/01\/gbb.jpg","width":1000,"height":1000},{"@type":"BreadcrumbList","@id":"https:\/\/clubs.misterugby.com\/csmg\/produit\/bonnet-tricote-gris-modele-pompon\/#breadcrumb","itemListElement":[{"@type":"ListItem","position":1,"name":"Accueil","item":"https:\/\/clubs.misterugby.com\/csmg\/"},{"@type":"ListItem","position":2,"name":"Boutique","item":"https:\/\/clubs.misterugby.com\/csmg\/"},{"@type":"ListItem","position":3,"name":"Bonnet tricot\u00e9 Noir- mod\u00e8le POMPON"}]},{"@type":"WebSite","@id":"https:\/\/clubs.misterugby.com\/csmg\/#website","url":"https:\/\/clubs.misterugby.com\/csmg\/","name":"csmg","description":"","publisher":{"@id":"https:\/\/clubs.misterugby.com\/csmg\/#organization"},"potentialAction":[{"@type":"SearchAction","target":{"@type":"EntryPoint","urlTemplate":"https:\/\/clubs.misterugby.com\/csmg\/?s={search_term_string}"},"query-input":{"@type":"PropertyValueSpecification","valueRequired":true,"valueName":"search_term_string"}}],"inLanguage":"fr-FR"},{"@type":"Organization","@id":"https:\/\/clubs.misterugby.com\/csmg\/#organization","name":"csmg","url":"https:\/\/clubs.misterugby.com\/csmg\/","logo":{"@type":"ImageObject","inLanguage":"fr-FR","@id":"https:\/\/clubs.misterugby.com\/csmg\/#\/schema\/logo\/image\/","url":"https:\/\/clubs.misterugby.com\/csmg\/wp-content\/uploads\/sites\/7\/2019\/04\/cropped-logo-GEGEN-2019-date-scaled.png","contentUrl":"https:\/\/clubs.misterugby.com\/csmg\/wp-content\/uploads\/sites\/7\/2019\/04\/cropped-logo-GEGEN-2019-date-scaled.png","width":2218,"height":2560,"caption":"csmg"},"image":{"@id":"https:\/\/clubs.misterugby.com\/csmg\/#\/schema\/logo\/image\/"}}]}},"_links":{"self":[{"href":"https:\/\/clubs.misterugby.com\/csmg\/wp-json\/wp\/v2\/product\/5987","targetHints":{"allow":["GET"]}}],"collection":[{"href":"https:\/\/clubs.misterugby.com\/csmg\/wp-json\/wp\/v2\/product"}],"about":[{"href":"https:\/\/clubs.misterugby.com\/csmg\/wp-json\/wp\/v2\/types\/product"}],"wp:featuredmedia":[{"embeddable":true,"href":"https:\/\/clubs.misterugby.com\/csmg\/wp-json\/wp\/v2\/media\/6296"}],"wp:attachment":[{"href":"https:\/\/clubs.misterugby.com\/csmg\/wp-json\/wp\/v2\/media?parent=5987"}],"wp:term":[{"taxonomy":"product_brand","embeddable":true,"href":"https:\/\/clubs.misterugby.com\/csmg\/wp-json\/wp\/v2\/product_brand?post=5987"},{"taxonomy":"product_cat","embeddable":true,"href":"https:\/\/clubs.misterugby.com\/csmg\/wp-json\/wp\/v2\/product_cat?post=5987"},{"taxonomy":"product_tag","embeddable":true,"href":"https:\/\/clubs.misterugby.com\/csmg\/wp-json\/wp\/v2\/product_tag?post=5987"}],"curies":[{"name":"wp","href":"https:\/\/api.w.org\/{rel}","templated":true}]}}