{"id":7296,"date":"2022-01-19T06:44:27","date_gmt":"2022-01-19T05:44:27","guid":{"rendered":"https:\/\/clubs.misterugby.com\/csmg\/produit\/sac-a-roulettes-kappa-noir-modele-tarcisio\/"},"modified":"2026-02-05T17:34:20","modified_gmt":"2026-02-05T16:34:20","slug":"sac-a-roulettes-kappa-noir-modele-tarcisio","status":"publish","type":"product","link":"https:\/\/clubs.misterugby.com\/csmg\/produit\/sac-a-roulettes-kappa-noir-modele-tarcisio\/","title":{"rendered":"Sac \u00e0 roulettes Kappa Noir \u2013 mod\u00e8le GARCISIO L"},"content":{"rendered":"","protected":false},"excerpt":{"rendered":"<ul>\n<li>polyester 600D<\/li>\n<li>Poche principale avec zip et poche \u00e0 chaussures lat\u00e9rale.<\/li>\n<li>Fond en PVC diamand renforc\u00e9 et d\u00e9perlant.<\/li>\n<li>Poche int\u00e9rieure zipp\u00e9e.<\/li>\n<li>coloris noir<\/li>\n<li>capacit\u00e9 60 litres<\/li>\n<li>65*32*30 cm<\/li>\n<li>logo club brod\u00e9<\/li>\n<\/ul>\n","protected":false},"featured_media":7667,"template":"","meta":[],"product_brand":[],"product_cat":[42],"product_tag":[],"class_list":{"0":"post-7296","1":"product","2":"type-product","3":"status-publish","4":"has-post-thumbnail","6":"product_cat-accessoires","8":"first","9":"instock","10":"taxable","11":"shipping-taxable","12":"purchasable","13":"product-type-simple"},"yoast_head":"<!-- This site is optimized with the Yoast SEO plugin v26.9 - https:\/\/yoast.com\/product\/yoast-seo-wordpress\/ -->\n<title>Sac \u00e0 roulettes Kappa Noir \u2013 mod\u00e8le GARCISIO L - csmg<\/title>\n<meta name=\"robots\" content=\"noindex, follow, max-snippet:-1, max-image-preview:large, max-video-preview:-1\" \/>\n<meta property=\"og:locale\" content=\"fr_FR\" \/>\n<meta property=\"og:type\" content=\"article\" \/>\n<meta property=\"og:title\" content=\"Sac \u00e0 roulettes Kappa Noir \u2013 mod\u00e8le GARCISIO L - csmg\" \/>\n<meta property=\"og:description\" content=\"polyester 600D  Poche principale avec zip et poche \u00e0 chaussures lat\u00e9rale.  Fond en PVC diamand renforc\u00e9 et d\u00e9perlant.  Poche int\u00e9rieure zipp\u00e9e.  coloris noir  capacit\u00e9 60 litres  65*32*30 cm  logo club brod\u00e9\" \/>\n<meta property=\"og:url\" content=\"https:\/\/clubs.misterugby.com\/csmg\/produit\/sac-a-roulettes-kappa-noir-modele-tarcisio\/\" \/>\n<meta property=\"og:site_name\" content=\"csmg\" \/>\n<meta property=\"article:modified_time\" content=\"2026-02-05T16:34:20+00:00\" \/>\n<meta property=\"og:image\" content=\"https:\/\/clubs.misterugby.com\/csmg\/wp-content\/uploads\/sites\/7\/2022\/01\/wd.jpg\" \/>\n\t<meta property=\"og:image:width\" content=\"1000\" \/>\n\t<meta property=\"og:image:height\" content=\"1000\" \/>\n\t<meta property=\"og:image:type\" content=\"image\/jpeg\" \/>\n<meta name=\"twitter:card\" content=\"summary_large_image\" \/>\n<meta name=\"twitter:label1\" content=\"Dur\u00e9e de lecture estim\u00e9e\" \/>\n\t<meta name=\"twitter:data1\" content=\"1 minute\" \/>\n<script type=\"application\/ld+json\" class=\"yoast-schema-graph\">{\"@context\":\"https:\/\/schema.org\",\"@graph\":[{\"@type\":\"WebPage\",\"@id\":\"https:\/\/clubs.misterugby.com\/csmg\/produit\/sac-a-roulettes-kappa-noir-modele-tarcisio\/\",\"url\":\"https:\/\/clubs.misterugby.com\/csmg\/produit\/sac-a-roulettes-kappa-noir-modele-tarcisio\/\",\"name\":\"Sac \u00e0 roulettes Kappa Noir \u2013 mod\u00e8le GARCISIO L - csmg\",\"isPartOf\":{\"@id\":\"https:\/\/clubs.misterugby.com\/csmg\/#website\"},\"primaryImageOfPage\":{\"@id\":\"https:\/\/clubs.misterugby.com\/csmg\/produit\/sac-a-roulettes-kappa-noir-modele-tarcisio\/#primaryimage\"},\"image\":{\"@id\":\"https:\/\/clubs.misterugby.com\/csmg\/produit\/sac-a-roulettes-kappa-noir-modele-tarcisio\/#primaryimage\"},\"thumbnailUrl\":\"https:\/\/clubs.misterugby.com\/csmg\/wp-content\/uploads\/sites\/7\/2022\/01\/wd.jpg\",\"datePublished\":\"2022-01-19T05:44:27+00:00\",\"dateModified\":\"2026-02-05T16:34:20+00:00\",\"breadcrumb\":{\"@id\":\"https:\/\/clubs.misterugby.com\/csmg\/produit\/sac-a-roulettes-kappa-noir-modele-tarcisio\/#breadcrumb\"},\"inLanguage\":\"fr-FR\",\"potentialAction\":[{\"@type\":\"ReadAction\",\"target\":[\"https:\/\/clubs.misterugby.com\/csmg\/produit\/sac-a-roulettes-kappa-noir-modele-tarcisio\/\"]}]},{\"@type\":\"ImageObject\",\"inLanguage\":\"fr-FR\",\"@id\":\"https:\/\/clubs.misterugby.com\/csmg\/produit\/sac-a-roulettes-kappa-noir-modele-tarcisio\/#primaryimage\",\"url\":\"https:\/\/clubs.misterugby.com\/csmg\/wp-content\/uploads\/sites\/7\/2022\/01\/wd.jpg\",\"contentUrl\":\"https:\/\/clubs.misterugby.com\/csmg\/wp-content\/uploads\/sites\/7\/2022\/01\/wd.jpg\",\"width\":1000,\"height\":1000},{\"@type\":\"BreadcrumbList\",\"@id\":\"https:\/\/clubs.misterugby.com\/csmg\/produit\/sac-a-roulettes-kappa-noir-modele-tarcisio\/#breadcrumb\",\"itemListElement\":[{\"@type\":\"ListItem\",\"position\":1,\"name\":\"Accueil\",\"item\":\"https:\/\/clubs.misterugby.com\/csmg\/\"},{\"@type\":\"ListItem\",\"position\":2,\"name\":\"Boutique\",\"item\":\"https:\/\/clubs.misterugby.com\/csmg\/\"},{\"@type\":\"ListItem\",\"position\":3,\"name\":\"Sac \u00e0 roulettes Kappa Noir \u2013 mod\u00e8le GARCISIO L\"}]},{\"@type\":\"WebSite\",\"@id\":\"https:\/\/clubs.misterugby.com\/csmg\/#website\",\"url\":\"https:\/\/clubs.misterugby.com\/csmg\/\",\"name\":\"csmg\",\"description\":\"\",\"publisher\":{\"@id\":\"https:\/\/clubs.misterugby.com\/csmg\/#organization\"},\"potentialAction\":[{\"@type\":\"SearchAction\",\"target\":{\"@type\":\"EntryPoint\",\"urlTemplate\":\"https:\/\/clubs.misterugby.com\/csmg\/?s={search_term_string}\"},\"query-input\":{\"@type\":\"PropertyValueSpecification\",\"valueRequired\":true,\"valueName\":\"search_term_string\"}}],\"inLanguage\":\"fr-FR\"},{\"@type\":\"Organization\",\"@id\":\"https:\/\/clubs.misterugby.com\/csmg\/#organization\",\"name\":\"csmg\",\"url\":\"https:\/\/clubs.misterugby.com\/csmg\/\",\"logo\":{\"@type\":\"ImageObject\",\"inLanguage\":\"fr-FR\",\"@id\":\"https:\/\/clubs.misterugby.com\/csmg\/#\/schema\/logo\/image\/\",\"url\":\"https:\/\/clubs.misterugby.com\/csmg\/wp-content\/uploads\/sites\/7\/2019\/04\/cropped-logo-GEGEN-2019-date-scaled.png\",\"contentUrl\":\"https:\/\/clubs.misterugby.com\/csmg\/wp-content\/uploads\/sites\/7\/2019\/04\/cropped-logo-GEGEN-2019-date-scaled.png\",\"width\":2218,\"height\":2560,\"caption\":\"csmg\"},\"image\":{\"@id\":\"https:\/\/clubs.misterugby.com\/csmg\/#\/schema\/logo\/image\/\"}}]}<\/script>\n<!-- \/ Yoast SEO plugin. -->","yoast_head_json":{"title":"Sac \u00e0 roulettes Kappa Noir \u2013 mod\u00e8le GARCISIO L - csmg","robots":{"index":"noindex","follow":"follow","max-snippet":"max-snippet:-1","max-image-preview":"max-image-preview:large","max-video-preview":"max-video-preview:-1"},"og_locale":"fr_FR","og_type":"article","og_title":"Sac \u00e0 roulettes Kappa Noir \u2013 mod\u00e8le GARCISIO L - csmg","og_description":"polyester 600D  Poche principale avec zip et poche \u00e0 chaussures lat\u00e9rale.  Fond en PVC diamand renforc\u00e9 et d\u00e9perlant.  Poche int\u00e9rieure zipp\u00e9e.  coloris noir  capacit\u00e9 60 litres  65*32*30 cm  logo club brod\u00e9","og_url":"https:\/\/clubs.misterugby.com\/csmg\/produit\/sac-a-roulettes-kappa-noir-modele-tarcisio\/","og_site_name":"csmg","article_modified_time":"2026-02-05T16:34:20+00:00","og_image":[{"width":1000,"height":1000,"url":"https:\/\/clubs.misterugby.com\/csmg\/wp-content\/uploads\/sites\/7\/2022\/01\/wd.jpg","type":"image\/jpeg"}],"twitter_card":"summary_large_image","twitter_misc":{"Dur\u00e9e de lecture estim\u00e9e":"1 minute"},"schema":{"@context":"https:\/\/schema.org","@graph":[{"@type":"WebPage","@id":"https:\/\/clubs.misterugby.com\/csmg\/produit\/sac-a-roulettes-kappa-noir-modele-tarcisio\/","url":"https:\/\/clubs.misterugby.com\/csmg\/produit\/sac-a-roulettes-kappa-noir-modele-tarcisio\/","name":"Sac \u00e0 roulettes Kappa Noir \u2013 mod\u00e8le GARCISIO L - csmg","isPartOf":{"@id":"https:\/\/clubs.misterugby.com\/csmg\/#website"},"primaryImageOfPage":{"@id":"https:\/\/clubs.misterugby.com\/csmg\/produit\/sac-a-roulettes-kappa-noir-modele-tarcisio\/#primaryimage"},"image":{"@id":"https:\/\/clubs.misterugby.com\/csmg\/produit\/sac-a-roulettes-kappa-noir-modele-tarcisio\/#primaryimage"},"thumbnailUrl":"https:\/\/clubs.misterugby.com\/csmg\/wp-content\/uploads\/sites\/7\/2022\/01\/wd.jpg","datePublished":"2022-01-19T05:44:27+00:00","dateModified":"2026-02-05T16:34:20+00:00","breadcrumb":{"@id":"https:\/\/clubs.misterugby.com\/csmg\/produit\/sac-a-roulettes-kappa-noir-modele-tarcisio\/#breadcrumb"},"inLanguage":"fr-FR","potentialAction":[{"@type":"ReadAction","target":["https:\/\/clubs.misterugby.com\/csmg\/produit\/sac-a-roulettes-kappa-noir-modele-tarcisio\/"]}]},{"@type":"ImageObject","inLanguage":"fr-FR","@id":"https:\/\/clubs.misterugby.com\/csmg\/produit\/sac-a-roulettes-kappa-noir-modele-tarcisio\/#primaryimage","url":"https:\/\/clubs.misterugby.com\/csmg\/wp-content\/uploads\/sites\/7\/2022\/01\/wd.jpg","contentUrl":"https:\/\/clubs.misterugby.com\/csmg\/wp-content\/uploads\/sites\/7\/2022\/01\/wd.jpg","width":1000,"height":1000},{"@type":"BreadcrumbList","@id":"https:\/\/clubs.misterugby.com\/csmg\/produit\/sac-a-roulettes-kappa-noir-modele-tarcisio\/#breadcrumb","itemListElement":[{"@type":"ListItem","position":1,"name":"Accueil","item":"https:\/\/clubs.misterugby.com\/csmg\/"},{"@type":"ListItem","position":2,"name":"Boutique","item":"https:\/\/clubs.misterugby.com\/csmg\/"},{"@type":"ListItem","position":3,"name":"Sac \u00e0 roulettes Kappa Noir \u2013 mod\u00e8le GARCISIO L"}]},{"@type":"WebSite","@id":"https:\/\/clubs.misterugby.com\/csmg\/#website","url":"https:\/\/clubs.misterugby.com\/csmg\/","name":"csmg","description":"","publisher":{"@id":"https:\/\/clubs.misterugby.com\/csmg\/#organization"},"potentialAction":[{"@type":"SearchAction","target":{"@type":"EntryPoint","urlTemplate":"https:\/\/clubs.misterugby.com\/csmg\/?s={search_term_string}"},"query-input":{"@type":"PropertyValueSpecification","valueRequired":true,"valueName":"search_term_string"}}],"inLanguage":"fr-FR"},{"@type":"Organization","@id":"https:\/\/clubs.misterugby.com\/csmg\/#organization","name":"csmg","url":"https:\/\/clubs.misterugby.com\/csmg\/","logo":{"@type":"ImageObject","inLanguage":"fr-FR","@id":"https:\/\/clubs.misterugby.com\/csmg\/#\/schema\/logo\/image\/","url":"https:\/\/clubs.misterugby.com\/csmg\/wp-content\/uploads\/sites\/7\/2019\/04\/cropped-logo-GEGEN-2019-date-scaled.png","contentUrl":"https:\/\/clubs.misterugby.com\/csmg\/wp-content\/uploads\/sites\/7\/2019\/04\/cropped-logo-GEGEN-2019-date-scaled.png","width":2218,"height":2560,"caption":"csmg"},"image":{"@id":"https:\/\/clubs.misterugby.com\/csmg\/#\/schema\/logo\/image\/"}}]}},"_links":{"self":[{"href":"https:\/\/clubs.misterugby.com\/csmg\/wp-json\/wp\/v2\/product\/7296","targetHints":{"allow":["GET"]}}],"collection":[{"href":"https:\/\/clubs.misterugby.com\/csmg\/wp-json\/wp\/v2\/product"}],"about":[{"href":"https:\/\/clubs.misterugby.com\/csmg\/wp-json\/wp\/v2\/types\/product"}],"wp:featuredmedia":[{"embeddable":true,"href":"https:\/\/clubs.misterugby.com\/csmg\/wp-json\/wp\/v2\/media\/7667"}],"wp:attachment":[{"href":"https:\/\/clubs.misterugby.com\/csmg\/wp-json\/wp\/v2\/media?parent=7296"}],"wp:term":[{"taxonomy":"product_brand","embeddable":true,"href":"https:\/\/clubs.misterugby.com\/csmg\/wp-json\/wp\/v2\/product_brand?post=7296"},{"taxonomy":"product_cat","embeddable":true,"href":"https:\/\/clubs.misterugby.com\/csmg\/wp-json\/wp\/v2\/product_cat?post=7296"},{"taxonomy":"product_tag","embeddable":true,"href":"https:\/\/clubs.misterugby.com\/csmg\/wp-json\/wp\/v2\/product_tag?post=7296"}],"curies":[{"name":"wp","href":"https:\/\/api.w.org\/{rel}","templated":true}]}}