{"id":142,"date":"2019-03-06T17:56:12","date_gmt":"2019-03-06T16:56:12","guid":{"rendered":"http:\/\/clubs.misterugby.com\/base\/?page_id=142"},"modified":"2022-08-04T16:55:21","modified_gmt":"2022-08-04T14:55:21","slug":"livraison","status":"publish","type":"page","link":"https:\/\/clubs.misterugby.com\/dinan-rugby\/livraison\/","title":{"rendered":"Livraison"},"content":{"rendered":"<div class=\"wpb-content-wrapper\"><p>[vc_row css=\u00a0\u00bb.vc_custom_1554061352971{padding-top: 25px !important;}\u00a0\u00bb][vc_column][vc_column_text]<\/p>\n<p style=\"text-align: center;\"><strong>Votre boutique en ligne est ouverte du 1er au 5 de chaque mois. Le d\u00e9lai de livraison est de 15 jours ouvr\u00e9s.<\/strong><\/p>\n<p style=\"text-align: center;\">Vous serez pr\u00e9venu par mail de l\u2019 envoi de votre commande accompagn\u00e9 du num\u00e9ro de suivi.<\/p>\n<p style=\"text-align: center;\"><strong>Votre boutique est ferm\u00e9e les mois d&rsquo; Aout et Janvier<\/strong><\/p>\n<hr \/>\n<p>[\/vc_column_text][\/vc_column][\/vc_row][vc_row equal_height=\u00a0\u00bbyes\u00a0\u00bb][vc_column width=\u00a0\u00bb1\/2&Prime;][vc_column_text]<img loading=\"lazy\" decoding=\"async\" class=\"aligncenter wp-image-190\" src=\"http:\/\/clubs.misterugby.com\/base\/wp-content\/uploads\/sites\/2\/2019\/03\/Sans-titre-2-3.jpg\" alt=\"\" width=\"206\" height=\"170\" \/><\/p>\n<p style=\"text-align: center;\"><em><strong>FRANCE\u00a0<\/strong><\/em><b><i>M\u00c9TROPOLITAINE<\/i><\/b><\/p>\n<p style=\"text-align: center;\">Livraison \u00e0 domicile en Colissimo suivi =\u00a0<em><strong>6 euros<\/strong><\/em><\/p>\n<p style=\"text-align: center;\"><em><strong>Livraison OFFERTE \u00e0 partir de 150 \u20ac d&rsquo; achat<\/strong><\/em><\/p>\n<p style=\"text-align: center;\">( 48 h de d\u00e9lais au d\u00e9part de nos locaux )<\/p>\n<p>[\/vc_column_text][\/vc_column][\/vc_row][vc_row][vc_column width=\u00a0\u00bb1\/2&Prime;][vc_column_text]<img loading=\"lazy\" decoding=\"async\" class=\"aligncenter wp-image-191\" src=\"http:\/\/clubs.misterugby.com\/base\/wp-content\/uploads\/sites\/2\/2019\/03\/Sans-titre-4.jpg\" alt=\"\" width=\"214\" height=\"170\" \/><\/p>\n<p style=\"text-align: center;\"><em><strong>DOM TOM ET HORS UNION EUROPEENNE<\/strong><\/em><\/p>\n<p style=\"text-align: center;\">Livraison \u00e0 domicile en Colissimo Expert international =\u00a0<em><strong>30 euros<\/strong><\/em><\/p>\n<p style=\"text-align: center;\">( d\u00e9lais de 5 \u00e0 8 jours ouvr\u00e9s au d\u00e9part de nos locaux )<\/p>\n<p>[\/vc_column_text][\/vc_column][vc_column width=\u00a0\u00bb1\/2&Prime;][vc_column_text]<img loading=\"lazy\" decoding=\"async\" class=\"aligncenter wp-image-212\" src=\"http:\/\/clubs.misterugby.com\/base\/wp-content\/uploads\/sites\/2\/2019\/03\/colissimo-europe.jpg\" alt=\"\" width=\"206\" height=\"170\" \/><\/p>\n<p style=\"text-align: center;\"><em><strong>EUROPE<\/strong><\/em><\/p>\n<p style=\"text-align: center;\">Livraison \u00e0 domicile en Colissimo suivi Expert = <em><strong>15<\/strong> <strong>euros<\/strong><\/em><\/p>\n<p style=\"text-align: center;\">( d\u00e9lais de 3 \u00e0 5 jours ouvr\u00e9s au d\u00e9part de nos locaux )<\/p>\n<p>[\/vc_column_text][\/vc_column][\/vc_row]<\/p>\n<\/div>","protected":false},"excerpt":{"rendered":"<p>[vc_row css=\u00a0\u00bb.vc_custom_1554061352971{padding-top: 25px !important;}\u00a0\u00bb][vc_column][vc_column_text] Votre boutique en ligne est ouverte du 1er au 5 de chaque mois. Le d\u00e9lai de livraison est de 15 jours ouvr\u00e9s. Vous serez pr\u00e9venu par mail de l\u2019 envoi de votre commande accompagn\u00e9 du num\u00e9ro de suivi. Votre boutique est ferm\u00e9e les mois d&rsquo; Aout et Janvier [\/vc_column_text][\/vc_column][\/vc_row][vc_row equal_height=\u00a0\u00bbyes\u00a0\u00bb][vc_column width=\u00a0\u00bb1\/2&Prime;][vc_column_text] [&hellip;]<\/p>\n","protected":false},"author":1,"featured_media":0,"parent":0,"menu_order":0,"comment_status":"closed","ping_status":"closed","template":"template-fullwidth.php","meta":{"footnotes":""},"class_list":["post-142","page","type-page","status-publish","hentry"],"yoast_head":"<!-- This site is optimized with the Yoast SEO plugin v26.9 - https:\/\/yoast.com\/product\/yoast-seo-wordpress\/ -->\n<title>Livraison - dinan-rugby<\/title>\n<meta name=\"robots\" content=\"noindex, follow, max-snippet:-1, max-image-preview:large, max-video-preview:-1\" \/>\n<meta property=\"og:locale\" content=\"fr_FR\" \/>\n<meta property=\"og:type\" content=\"article\" \/>\n<meta property=\"og:title\" content=\"Livraison - dinan-rugby\" \/>\n<meta property=\"og:description\" content=\"[vc_row css=\u00a0\u00bb.vc_custom_1554061352971{padding-top: 25px !important;}\u00a0\u00bb][vc_column][vc_column_text] Votre boutique en ligne est ouverte du 1er au 5 de chaque mois. Le d\u00e9lai de livraison est de 15 jours ouvr\u00e9s. Vous serez pr\u00e9venu par mail de l\u2019 envoi de votre commande accompagn\u00e9 du num\u00e9ro de suivi. Votre boutique est ferm\u00e9e les mois d&rsquo; Aout et Janvier [\/vc_column_text][\/vc_column][\/vc_row][vc_row equal_height=\u00a0\u00bbyes\u00a0\u00bb][vc_column width=\u00a0\u00bb1\/2&Prime;][vc_column_text] [&hellip;]\" \/>\n<meta property=\"og:url\" content=\"https:\/\/clubs.misterugby.com\/dinan-rugby\/livraison\/\" \/>\n<meta property=\"og:site_name\" content=\"dinan-rugby\" \/>\n<meta property=\"article:modified_time\" content=\"2022-08-04T14:55:21+00:00\" \/>\n<meta property=\"og:image\" content=\"http:\/\/clubs.misterugby.com\/base\/wp-content\/uploads\/sites\/2\/2019\/03\/Sans-titre-2-3.jpg\" \/>\n<meta name=\"twitter:card\" content=\"summary_large_image\" \/>\n<meta name=\"twitter:label1\" content=\"Dur\u00e9e de lecture estim\u00e9e\" \/>\n\t<meta name=\"twitter:data1\" content=\"2 minutes\" \/>\n<script type=\"application\/ld+json\" class=\"yoast-schema-graph\">{\"@context\":\"https:\/\/schema.org\",\"@graph\":[{\"@type\":\"WebPage\",\"@id\":\"https:\/\/clubs.misterugby.com\/dinan-rugby\/livraison\/\",\"url\":\"https:\/\/clubs.misterugby.com\/dinan-rugby\/livraison\/\",\"name\":\"Livraison - dinan-rugby\",\"isPartOf\":{\"@id\":\"https:\/\/clubs.misterugby.com\/dinan-rugby\/#website\"},\"primaryImageOfPage\":{\"@id\":\"https:\/\/clubs.misterugby.com\/dinan-rugby\/livraison\/#primaryimage\"},\"image\":{\"@id\":\"https:\/\/clubs.misterugby.com\/dinan-rugby\/livraison\/#primaryimage\"},\"thumbnailUrl\":\"http:\/\/clubs.misterugby.com\/base\/wp-content\/uploads\/sites\/2\/2019\/03\/Sans-titre-2-3.jpg\",\"datePublished\":\"2019-03-06T16:56:12+00:00\",\"dateModified\":\"2022-08-04T14:55:21+00:00\",\"breadcrumb\":{\"@id\":\"https:\/\/clubs.misterugby.com\/dinan-rugby\/livraison\/#breadcrumb\"},\"inLanguage\":\"fr-FR\",\"potentialAction\":[{\"@type\":\"ReadAction\",\"target\":[\"https:\/\/clubs.misterugby.com\/dinan-rugby\/livraison\/\"]}]},{\"@type\":\"ImageObject\",\"inLanguage\":\"fr-FR\",\"@id\":\"https:\/\/clubs.misterugby.com\/dinan-rugby\/livraison\/#primaryimage\",\"url\":\"http:\/\/clubs.misterugby.com\/base\/wp-content\/uploads\/sites\/2\/2019\/03\/Sans-titre-2-3.jpg\",\"contentUrl\":\"http:\/\/clubs.misterugby.com\/base\/wp-content\/uploads\/sites\/2\/2019\/03\/Sans-titre-2-3.jpg\"},{\"@type\":\"BreadcrumbList\",\"@id\":\"https:\/\/clubs.misterugby.com\/dinan-rugby\/livraison\/#breadcrumb\",\"itemListElement\":[{\"@type\":\"ListItem\",\"position\":1,\"name\":\"Accueil\",\"item\":\"https:\/\/clubs.misterugby.com\/dinan-rugby\/\"},{\"@type\":\"ListItem\",\"position\":2,\"name\":\"Livraison\"}]},{\"@type\":\"WebSite\",\"@id\":\"https:\/\/clubs.misterugby.com\/dinan-rugby\/#website\",\"url\":\"https:\/\/clubs.misterugby.com\/dinan-rugby\/\",\"name\":\"dinan-rugby\",\"description\":\"\",\"publisher\":{\"@id\":\"https:\/\/clubs.misterugby.com\/dinan-rugby\/#organization\"},\"potentialAction\":[{\"@type\":\"SearchAction\",\"target\":{\"@type\":\"EntryPoint\",\"urlTemplate\":\"https:\/\/clubs.misterugby.com\/dinan-rugby\/?s={search_term_string}\"},\"query-input\":{\"@type\":\"PropertyValueSpecification\",\"valueRequired\":true,\"valueName\":\"search_term_string\"}}],\"inLanguage\":\"fr-FR\"},{\"@type\":\"Organization\",\"@id\":\"https:\/\/clubs.misterugby.com\/dinan-rugby\/#organization\",\"name\":\"dinan-rugby\",\"url\":\"https:\/\/clubs.misterugby.com\/dinan-rugby\/\",\"logo\":{\"@type\":\"ImageObject\",\"inLanguage\":\"fr-FR\",\"@id\":\"https:\/\/clubs.misterugby.com\/dinan-rugby\/#\/schema\/logo\/image\/\",\"url\":\"https:\/\/clubs.misterugby.com\/dinan-rugby\/wp-content\/uploads\/sites\/57\/2021\/05\/cropped-logo-fc-seul.png\",\"contentUrl\":\"https:\/\/clubs.misterugby.com\/dinan-rugby\/wp-content\/uploads\/sites\/57\/2021\/05\/cropped-logo-fc-seul.png\",\"width\":961,\"height\":1304,\"caption\":\"dinan-rugby\"},\"image\":{\"@id\":\"https:\/\/clubs.misterugby.com\/dinan-rugby\/#\/schema\/logo\/image\/\"}}]}<\/script>\n<!-- \/ Yoast SEO plugin. -->","yoast_head_json":{"title":"Livraison - dinan-rugby","robots":{"index":"noindex","follow":"follow","max-snippet":"max-snippet:-1","max-image-preview":"max-image-preview:large","max-video-preview":"max-video-preview:-1"},"og_locale":"fr_FR","og_type":"article","og_title":"Livraison - dinan-rugby","og_description":"[vc_row css=\u00a0\u00bb.vc_custom_1554061352971{padding-top: 25px !important;}\u00a0\u00bb][vc_column][vc_column_text] Votre boutique en ligne est ouverte du 1er au 5 de chaque mois. Le d\u00e9lai de livraison est de 15 jours ouvr\u00e9s. Vous serez pr\u00e9venu par mail de l\u2019 envoi de votre commande accompagn\u00e9 du num\u00e9ro de suivi. Votre boutique est ferm\u00e9e les mois d&rsquo; Aout et Janvier [\/vc_column_text][\/vc_column][\/vc_row][vc_row equal_height=\u00a0\u00bbyes\u00a0\u00bb][vc_column width=\u00a0\u00bb1\/2&Prime;][vc_column_text] [&hellip;]","og_url":"https:\/\/clubs.misterugby.com\/dinan-rugby\/livraison\/","og_site_name":"dinan-rugby","article_modified_time":"2022-08-04T14:55:21+00:00","og_image":[{"url":"http:\/\/clubs.misterugby.com\/base\/wp-content\/uploads\/sites\/2\/2019\/03\/Sans-titre-2-3.jpg","type":"","width":"","height":""}],"twitter_card":"summary_large_image","twitter_misc":{"Dur\u00e9e de lecture estim\u00e9e":"2 minutes"},"schema":{"@context":"https:\/\/schema.org","@graph":[{"@type":"WebPage","@id":"https:\/\/clubs.misterugby.com\/dinan-rugby\/livraison\/","url":"https:\/\/clubs.misterugby.com\/dinan-rugby\/livraison\/","name":"Livraison - dinan-rugby","isPartOf":{"@id":"https:\/\/clubs.misterugby.com\/dinan-rugby\/#website"},"primaryImageOfPage":{"@id":"https:\/\/clubs.misterugby.com\/dinan-rugby\/livraison\/#primaryimage"},"image":{"@id":"https:\/\/clubs.misterugby.com\/dinan-rugby\/livraison\/#primaryimage"},"thumbnailUrl":"http:\/\/clubs.misterugby.com\/base\/wp-content\/uploads\/sites\/2\/2019\/03\/Sans-titre-2-3.jpg","datePublished":"2019-03-06T16:56:12+00:00","dateModified":"2022-08-04T14:55:21+00:00","breadcrumb":{"@id":"https:\/\/clubs.misterugby.com\/dinan-rugby\/livraison\/#breadcrumb"},"inLanguage":"fr-FR","potentialAction":[{"@type":"ReadAction","target":["https:\/\/clubs.misterugby.com\/dinan-rugby\/livraison\/"]}]},{"@type":"ImageObject","inLanguage":"fr-FR","@id":"https:\/\/clubs.misterugby.com\/dinan-rugby\/livraison\/#primaryimage","url":"http:\/\/clubs.misterugby.com\/base\/wp-content\/uploads\/sites\/2\/2019\/03\/Sans-titre-2-3.jpg","contentUrl":"http:\/\/clubs.misterugby.com\/base\/wp-content\/uploads\/sites\/2\/2019\/03\/Sans-titre-2-3.jpg"},{"@type":"BreadcrumbList","@id":"https:\/\/clubs.misterugby.com\/dinan-rugby\/livraison\/#breadcrumb","itemListElement":[{"@type":"ListItem","position":1,"name":"Accueil","item":"https:\/\/clubs.misterugby.com\/dinan-rugby\/"},{"@type":"ListItem","position":2,"name":"Livraison"}]},{"@type":"WebSite","@id":"https:\/\/clubs.misterugby.com\/dinan-rugby\/#website","url":"https:\/\/clubs.misterugby.com\/dinan-rugby\/","name":"dinan-rugby","description":"","publisher":{"@id":"https:\/\/clubs.misterugby.com\/dinan-rugby\/#organization"},"potentialAction":[{"@type":"SearchAction","target":{"@type":"EntryPoint","urlTemplate":"https:\/\/clubs.misterugby.com\/dinan-rugby\/?s={search_term_string}"},"query-input":{"@type":"PropertyValueSpecification","valueRequired":true,"valueName":"search_term_string"}}],"inLanguage":"fr-FR"},{"@type":"Organization","@id":"https:\/\/clubs.misterugby.com\/dinan-rugby\/#organization","name":"dinan-rugby","url":"https:\/\/clubs.misterugby.com\/dinan-rugby\/","logo":{"@type":"ImageObject","inLanguage":"fr-FR","@id":"https:\/\/clubs.misterugby.com\/dinan-rugby\/#\/schema\/logo\/image\/","url":"https:\/\/clubs.misterugby.com\/dinan-rugby\/wp-content\/uploads\/sites\/57\/2021\/05\/cropped-logo-fc-seul.png","contentUrl":"https:\/\/clubs.misterugby.com\/dinan-rugby\/wp-content\/uploads\/sites\/57\/2021\/05\/cropped-logo-fc-seul.png","width":961,"height":1304,"caption":"dinan-rugby"},"image":{"@id":"https:\/\/clubs.misterugby.com\/dinan-rugby\/#\/schema\/logo\/image\/"}}]}},"_links":{"self":[{"href":"https:\/\/clubs.misterugby.com\/dinan-rugby\/wp-json\/wp\/v2\/pages\/142","targetHints":{"allow":["GET"]}}],"collection":[{"href":"https:\/\/clubs.misterugby.com\/dinan-rugby\/wp-json\/wp\/v2\/pages"}],"about":[{"href":"https:\/\/clubs.misterugby.com\/dinan-rugby\/wp-json\/wp\/v2\/types\/page"}],"author":[{"embeddable":true,"href":"https:\/\/clubs.misterugby.com\/dinan-rugby\/wp-json\/wp\/v2\/users\/1"}],"replies":[{"embeddable":true,"href":"https:\/\/clubs.misterugby.com\/dinan-rugby\/wp-json\/wp\/v2\/comments?post=142"}],"version-history":[{"count":2,"href":"https:\/\/clubs.misterugby.com\/dinan-rugby\/wp-json\/wp\/v2\/pages\/142\/revisions"}],"predecessor-version":[{"id":6216,"href":"https:\/\/clubs.misterugby.com\/dinan-rugby\/wp-json\/wp\/v2\/pages\/142\/revisions\/6216"}],"wp:attachment":[{"href":"https:\/\/clubs.misterugby.com\/dinan-rugby\/wp-json\/wp\/v2\/media?parent=142"}],"curies":[{"name":"wp","href":"https:\/\/api.w.org\/{rel}","templated":true}]}}