{"id":6126,"date":"2022-01-27T17:39:33","date_gmt":"2022-01-27T16:39:33","guid":{"rendered":"https:\/\/clubs.misterugby.com\/dinan-rugby\/produit\/sweat-capuche-coton-full-zip-femme-noir-modele-bio\/"},"modified":"2022-02-25T12:32:17","modified_gmt":"2022-02-25T11:32:17","slug":"sweat-capuche-coton-full-zip-femme-noir-modele-bio","status":"publish","type":"product","link":"https:\/\/clubs.misterugby.com\/dinan-rugby\/produit\/sweat-capuche-coton-full-zip-femme-noir-modele-bio\/","title":{"rendered":"Sweat capuche coton full zip Femme Noir &#8211; mod\u00e8le BIO"},"content":{"rendered":"","protected":false},"excerpt":{"rendered":"<ul>\n<li>85% coton biologique \/ 15% polyeste<a class=\"tt-tooltip-btn link\" href=\"https:\/\/www.toptex.fr\/sweat-shirt-ecoresponsable-zippe-a-capuche-homme.html#POLYESTER\">r<\/a>\u00a0recycl\u00e9<\/li>\n<li>Molleton gratt\u00e9 3 fils LSF<\/li>\n<li>full zip, 2 poches lat\u00e9rales<\/li>\n<li>logo club brod\u00e9<\/li>\n<\/ul>\n","protected":false},"featured_media":5421,"template":"","meta":[],"product_brand":[],"product_cat":[70,91],"product_tag":[],"class_list":{"0":"post-6126","1":"product","2":"type-product","3":"status-publish","4":"has-post-thumbnail","6":"product_cat-femme","7":"product_cat-presentation-femme","9":"first","10":"instock","11":"taxable","12":"shipping-taxable","13":"purchasable","14":"product-type-variable"},"yoast_head":"<!-- This site is optimized with the Yoast SEO plugin v26.9 - https:\/\/yoast.com\/product\/yoast-seo-wordpress\/ -->\n<title>Sweat capuche coton full zip Femme Noir - mod\u00e8le BIO - dinan-rugby<\/title>\n<meta name=\"robots\" content=\"noindex, follow, max-snippet:-1, max-image-preview:large, max-video-preview:-1\" \/>\n<meta property=\"og:locale\" content=\"fr_FR\" \/>\n<meta property=\"og:type\" content=\"article\" \/>\n<meta property=\"og:title\" content=\"Sweat capuche coton full zip Femme Noir - mod\u00e8le BIO - dinan-rugby\" \/>\n<meta property=\"og:description\" content=\"85% coton biologique \/ 15% polyester\u00a0recycl\u00e9  Molleton gratt\u00e9 3 fils LSF  full zip, 2 poches lat\u00e9rales  logo club brod\u00e9\" \/>\n<meta property=\"og:url\" content=\"https:\/\/clubs.misterugby.com\/dinan-rugby\/produit\/sweat-capuche-coton-full-zip-femme-noir-modele-bio\/\" \/>\n<meta property=\"og:site_name\" content=\"dinan-rugby\" \/>\n<meta property=\"article:modified_time\" content=\"2022-02-25T11:32:17+00:00\" \/>\n<meta property=\"og:image\" content=\"http:\/\/clubs.misterugby.com\/dinan-rugby\/wp-content\/uploads\/sites\/57\/2021\/05\/Sans-titre-8.jpg\" \/>\n\t<meta property=\"og:image:width\" content=\"1000\" \/>\n\t<meta property=\"og:image:height\" content=\"1108\" \/>\n\t<meta property=\"og:image:type\" content=\"image\/jpeg\" \/>\n<meta name=\"twitter:card\" content=\"summary_large_image\" \/>\n<script type=\"application\/ld+json\" class=\"yoast-schema-graph\">{\"@context\":\"https:\/\/schema.org\",\"@graph\":[{\"@type\":\"WebPage\",\"@id\":\"https:\/\/clubs.misterugby.com\/dinan-rugby\/produit\/sweat-capuche-coton-full-zip-femme-noir-modele-bio\/\",\"url\":\"https:\/\/clubs.misterugby.com\/dinan-rugby\/produit\/sweat-capuche-coton-full-zip-femme-noir-modele-bio\/\",\"name\":\"Sweat capuche coton full zip Femme Noir - mod\u00e8le BIO - dinan-rugby\",\"isPartOf\":{\"@id\":\"https:\/\/clubs.misterugby.com\/dinan-rugby\/#website\"},\"primaryImageOfPage\":{\"@id\":\"https:\/\/clubs.misterugby.com\/dinan-rugby\/produit\/sweat-capuche-coton-full-zip-femme-noir-modele-bio\/#primaryimage\"},\"image\":{\"@id\":\"https:\/\/clubs.misterugby.com\/dinan-rugby\/produit\/sweat-capuche-coton-full-zip-femme-noir-modele-bio\/#primaryimage\"},\"thumbnailUrl\":\"https:\/\/clubs.misterugby.com\/dinan-rugby\/wp-content\/uploads\/sites\/57\/2021\/05\/Sans-titre-8.jpg\",\"datePublished\":\"2022-01-27T16:39:33+00:00\",\"dateModified\":\"2022-02-25T11:32:17+00:00\",\"breadcrumb\":{\"@id\":\"https:\/\/clubs.misterugby.com\/dinan-rugby\/produit\/sweat-capuche-coton-full-zip-femme-noir-modele-bio\/#breadcrumb\"},\"inLanguage\":\"fr-FR\",\"potentialAction\":[{\"@type\":\"ReadAction\",\"target\":[\"https:\/\/clubs.misterugby.com\/dinan-rugby\/produit\/sweat-capuche-coton-full-zip-femme-noir-modele-bio\/\"]}]},{\"@type\":\"ImageObject\",\"inLanguage\":\"fr-FR\",\"@id\":\"https:\/\/clubs.misterugby.com\/dinan-rugby\/produit\/sweat-capuche-coton-full-zip-femme-noir-modele-bio\/#primaryimage\",\"url\":\"https:\/\/clubs.misterugby.com\/dinan-rugby\/wp-content\/uploads\/sites\/57\/2021\/05\/Sans-titre-8.jpg\",\"contentUrl\":\"https:\/\/clubs.misterugby.com\/dinan-rugby\/wp-content\/uploads\/sites\/57\/2021\/05\/Sans-titre-8.jpg\",\"width\":1000,\"height\":1108},{\"@type\":\"BreadcrumbList\",\"@id\":\"https:\/\/clubs.misterugby.com\/dinan-rugby\/produit\/sweat-capuche-coton-full-zip-femme-noir-modele-bio\/#breadcrumb\",\"itemListElement\":[{\"@type\":\"ListItem\",\"position\":1,\"name\":\"Accueil\",\"item\":\"https:\/\/clubs.misterugby.com\/dinan-rugby\/\"},{\"@type\":\"ListItem\",\"position\":2,\"name\":\"Boutique\",\"item\":\"https:\/\/clubs.misterugby.com\/dinan-rugby\/\"},{\"@type\":\"ListItem\",\"position\":3,\"name\":\"Sweat capuche coton full zip Femme Noir &#8211; mod\u00e8le BIO\"}]},{\"@type\":\"WebSite\",\"@id\":\"https:\/\/clubs.misterugby.com\/dinan-rugby\/#website\",\"url\":\"https:\/\/clubs.misterugby.com\/dinan-rugby\/\",\"name\":\"dinan-rugby\",\"description\":\"\",\"publisher\":{\"@id\":\"https:\/\/clubs.misterugby.com\/dinan-rugby\/#organization\"},\"potentialAction\":[{\"@type\":\"SearchAction\",\"target\":{\"@type\":\"EntryPoint\",\"urlTemplate\":\"https:\/\/clubs.misterugby.com\/dinan-rugby\/?s={search_term_string}\"},\"query-input\":{\"@type\":\"PropertyValueSpecification\",\"valueRequired\":true,\"valueName\":\"search_term_string\"}}],\"inLanguage\":\"fr-FR\"},{\"@type\":\"Organization\",\"@id\":\"https:\/\/clubs.misterugby.com\/dinan-rugby\/#organization\",\"name\":\"dinan-rugby\",\"url\":\"https:\/\/clubs.misterugby.com\/dinan-rugby\/\",\"logo\":{\"@type\":\"ImageObject\",\"inLanguage\":\"fr-FR\",\"@id\":\"https:\/\/clubs.misterugby.com\/dinan-rugby\/#\/schema\/logo\/image\/\",\"url\":\"https:\/\/clubs.misterugby.com\/dinan-rugby\/wp-content\/uploads\/sites\/57\/2021\/05\/cropped-logo-fc-seul.png\",\"contentUrl\":\"https:\/\/clubs.misterugby.com\/dinan-rugby\/wp-content\/uploads\/sites\/57\/2021\/05\/cropped-logo-fc-seul.png\",\"width\":961,\"height\":1304,\"caption\":\"dinan-rugby\"},\"image\":{\"@id\":\"https:\/\/clubs.misterugby.com\/dinan-rugby\/#\/schema\/logo\/image\/\"}}]}<\/script>\n<!-- \/ Yoast SEO plugin. -->","yoast_head_json":{"title":"Sweat capuche coton full zip Femme Noir - mod\u00e8le BIO - dinan-rugby","robots":{"index":"noindex","follow":"follow","max-snippet":"max-snippet:-1","max-image-preview":"max-image-preview:large","max-video-preview":"max-video-preview:-1"},"og_locale":"fr_FR","og_type":"article","og_title":"Sweat capuche coton full zip Femme Noir - mod\u00e8le BIO - dinan-rugby","og_description":"85% coton biologique \/ 15% polyester\u00a0recycl\u00e9  Molleton gratt\u00e9 3 fils LSF  full zip, 2 poches lat\u00e9rales  logo club brod\u00e9","og_url":"https:\/\/clubs.misterugby.com\/dinan-rugby\/produit\/sweat-capuche-coton-full-zip-femme-noir-modele-bio\/","og_site_name":"dinan-rugby","article_modified_time":"2022-02-25T11:32:17+00:00","og_image":[{"width":1000,"height":1108,"url":"http:\/\/clubs.misterugby.com\/dinan-rugby\/wp-content\/uploads\/sites\/57\/2021\/05\/Sans-titre-8.jpg","type":"image\/jpeg"}],"twitter_card":"summary_large_image","schema":{"@context":"https:\/\/schema.org","@graph":[{"@type":"WebPage","@id":"https:\/\/clubs.misterugby.com\/dinan-rugby\/produit\/sweat-capuche-coton-full-zip-femme-noir-modele-bio\/","url":"https:\/\/clubs.misterugby.com\/dinan-rugby\/produit\/sweat-capuche-coton-full-zip-femme-noir-modele-bio\/","name":"Sweat capuche coton full zip Femme Noir - mod\u00e8le BIO - dinan-rugby","isPartOf":{"@id":"https:\/\/clubs.misterugby.com\/dinan-rugby\/#website"},"primaryImageOfPage":{"@id":"https:\/\/clubs.misterugby.com\/dinan-rugby\/produit\/sweat-capuche-coton-full-zip-femme-noir-modele-bio\/#primaryimage"},"image":{"@id":"https:\/\/clubs.misterugby.com\/dinan-rugby\/produit\/sweat-capuche-coton-full-zip-femme-noir-modele-bio\/#primaryimage"},"thumbnailUrl":"https:\/\/clubs.misterugby.com\/dinan-rugby\/wp-content\/uploads\/sites\/57\/2021\/05\/Sans-titre-8.jpg","datePublished":"2022-01-27T16:39:33+00:00","dateModified":"2022-02-25T11:32:17+00:00","breadcrumb":{"@id":"https:\/\/clubs.misterugby.com\/dinan-rugby\/produit\/sweat-capuche-coton-full-zip-femme-noir-modele-bio\/#breadcrumb"},"inLanguage":"fr-FR","potentialAction":[{"@type":"ReadAction","target":["https:\/\/clubs.misterugby.com\/dinan-rugby\/produit\/sweat-capuche-coton-full-zip-femme-noir-modele-bio\/"]}]},{"@type":"ImageObject","inLanguage":"fr-FR","@id":"https:\/\/clubs.misterugby.com\/dinan-rugby\/produit\/sweat-capuche-coton-full-zip-femme-noir-modele-bio\/#primaryimage","url":"https:\/\/clubs.misterugby.com\/dinan-rugby\/wp-content\/uploads\/sites\/57\/2021\/05\/Sans-titre-8.jpg","contentUrl":"https:\/\/clubs.misterugby.com\/dinan-rugby\/wp-content\/uploads\/sites\/57\/2021\/05\/Sans-titre-8.jpg","width":1000,"height":1108},{"@type":"BreadcrumbList","@id":"https:\/\/clubs.misterugby.com\/dinan-rugby\/produit\/sweat-capuche-coton-full-zip-femme-noir-modele-bio\/#breadcrumb","itemListElement":[{"@type":"ListItem","position":1,"name":"Accueil","item":"https:\/\/clubs.misterugby.com\/dinan-rugby\/"},{"@type":"ListItem","position":2,"name":"Boutique","item":"https:\/\/clubs.misterugby.com\/dinan-rugby\/"},{"@type":"ListItem","position":3,"name":"Sweat capuche coton full zip Femme Noir &#8211; mod\u00e8le BIO"}]},{"@type":"WebSite","@id":"https:\/\/clubs.misterugby.com\/dinan-rugby\/#website","url":"https:\/\/clubs.misterugby.com\/dinan-rugby\/","name":"dinan-rugby","description":"","publisher":{"@id":"https:\/\/clubs.misterugby.com\/dinan-rugby\/#organization"},"potentialAction":[{"@type":"SearchAction","target":{"@type":"EntryPoint","urlTemplate":"https:\/\/clubs.misterugby.com\/dinan-rugby\/?s={search_term_string}"},"query-input":{"@type":"PropertyValueSpecification","valueRequired":true,"valueName":"search_term_string"}}],"inLanguage":"fr-FR"},{"@type":"Organization","@id":"https:\/\/clubs.misterugby.com\/dinan-rugby\/#organization","name":"dinan-rugby","url":"https:\/\/clubs.misterugby.com\/dinan-rugby\/","logo":{"@type":"ImageObject","inLanguage":"fr-FR","@id":"https:\/\/clubs.misterugby.com\/dinan-rugby\/#\/schema\/logo\/image\/","url":"https:\/\/clubs.misterugby.com\/dinan-rugby\/wp-content\/uploads\/sites\/57\/2021\/05\/cropped-logo-fc-seul.png","contentUrl":"https:\/\/clubs.misterugby.com\/dinan-rugby\/wp-content\/uploads\/sites\/57\/2021\/05\/cropped-logo-fc-seul.png","width":961,"height":1304,"caption":"dinan-rugby"},"image":{"@id":"https:\/\/clubs.misterugby.com\/dinan-rugby\/#\/schema\/logo\/image\/"}}]}},"_links":{"self":[{"href":"https:\/\/clubs.misterugby.com\/dinan-rugby\/wp-json\/wp\/v2\/product\/6126","targetHints":{"allow":["GET"]}}],"collection":[{"href":"https:\/\/clubs.misterugby.com\/dinan-rugby\/wp-json\/wp\/v2\/product"}],"about":[{"href":"https:\/\/clubs.misterugby.com\/dinan-rugby\/wp-json\/wp\/v2\/types\/product"}],"wp:featuredmedia":[{"embeddable":true,"href":"https:\/\/clubs.misterugby.com\/dinan-rugby\/wp-json\/wp\/v2\/media\/5421"}],"wp:attachment":[{"href":"https:\/\/clubs.misterugby.com\/dinan-rugby\/wp-json\/wp\/v2\/media?parent=6126"}],"wp:term":[{"taxonomy":"product_brand","embeddable":true,"href":"https:\/\/clubs.misterugby.com\/dinan-rugby\/wp-json\/wp\/v2\/product_brand?post=6126"},{"taxonomy":"product_cat","embeddable":true,"href":"https:\/\/clubs.misterugby.com\/dinan-rugby\/wp-json\/wp\/v2\/product_cat?post=6126"},{"taxonomy":"product_tag","embeddable":true,"href":"https:\/\/clubs.misterugby.com\/dinan-rugby\/wp-json\/wp\/v2\/product_tag?post=6126"}],"curies":[{"name":"wp","href":"https:\/\/api.w.org\/{rel}","templated":true}]}}