{"id":12970,"date":"2024-09-30T19:42:39","date_gmt":"2024-09-30T17:42:39","guid":{"rendered":"https:\/\/clubs.misterugby.com\/potos-paris\/?post_type=product&#038;p=12970"},"modified":"2025-11-05T15:51:00","modified_gmt":"2025-11-05T14:51:00","slug":"sweat-capuche-coton-homme-bleu-ciel-modele-kang","status":"publish","type":"product","link":"https:\/\/clubs.misterugby.com\/potos-paris\/produit\/sweat-capuche-coton-homme-bleu-ciel-modele-kang\/","title":{"rendered":"Sweat capuche coton Homme bleu ciel &#8211; mod\u00e8le PECHE"},"content":{"rendered":"","protected":false},"excerpt":{"rendered":"<ul>\n<li>80% coton \/ 20%\u00a0polyester, 280 gr<\/li>\n<li>Molleton gratt\u00e9. Manches mont\u00e9es<\/li>\n<li>Capuche doubl\u00e9e avec cordon de serrage ton sur ton.<\/li>\n<li>Poches Kangourou. Finition bord-c\u00f4te\u00a0bas de manches et de v\u00eatement.<\/li>\n<li>logo poitrine en peau de peche<\/li>\n<li>logo \u00e9paule en transfert s\u00e9rigraphique<\/li>\n<\/ul>\n","protected":false},"featured_media":12981,"template":"","meta":[],"product_brand":[],"product_cat":[89,39],"product_tag":[],"class_list":{"0":"post-12970","1":"product","2":"type-product","3":"status-publish","4":"has-post-thumbnail","6":"product_cat-presentation","7":"product_cat-homme","9":"first","10":"instock","11":"taxable","12":"shipping-taxable","13":"purchasable","14":"product-type-variable"},"yoast_head":"<!-- This site is optimized with the Yoast SEO plugin v26.9 - https:\/\/yoast.com\/product\/yoast-seo-wordpress\/ -->\n<title>Sweat capuche coton Homme bleu ciel - mod\u00e8le PECHE - potos-paris<\/title>\n<meta name=\"robots\" content=\"noindex, follow, max-snippet:-1, max-image-preview:large, max-video-preview:-1\" \/>\n<meta property=\"og:locale\" content=\"fr_FR\" \/>\n<meta property=\"og:type\" content=\"article\" \/>\n<meta property=\"og:title\" content=\"Sweat capuche coton Homme bleu ciel - mod\u00e8le PECHE - potos-paris\" \/>\n<meta property=\"og:description\" content=\"80% coton \/ 20%\u00a0polyester, 280 gr  Molleton gratt\u00e9. Manches mont\u00e9es  Capuche doubl\u00e9e avec cordon de serrage ton sur ton.  Poches Kangourou. Finition bord-c\u00f4te\u00a0bas de manches et de v\u00eatement.  logo poitrine en peau de peche  logo \u00e9paule en transfert s\u00e9rigraphique\" \/>\n<meta property=\"og:url\" content=\"https:\/\/clubs.misterugby.com\/potos-paris\/produit\/sweat-capuche-coton-homme-bleu-ciel-modele-kang\/\" \/>\n<meta property=\"og:site_name\" content=\"potos-paris\" \/>\n<meta property=\"article:modified_time\" content=\"2025-11-05T14:51:00+00:00\" \/>\n<meta property=\"og:image\" content=\"http:\/\/clubs.misterugby.com\/potos-paris\/wp-content\/uploads\/sites\/69\/2024\/09\/ciel.jpg\" \/>\n\t<meta property=\"og:image:width\" content=\"1000\" \/>\n\t<meta property=\"og:image:height\" content=\"1000\" \/>\n\t<meta property=\"og:image:type\" content=\"image\/jpeg\" \/>\n<meta name=\"twitter:card\" content=\"summary_large_image\" \/>\n<meta name=\"twitter:label1\" content=\"Dur\u00e9e de lecture estim\u00e9e\" \/>\n\t<meta name=\"twitter:data1\" content=\"1 minute\" \/>\n<script type=\"application\/ld+json\" class=\"yoast-schema-graph\">{\"@context\":\"https:\/\/schema.org\",\"@graph\":[{\"@type\":\"WebPage\",\"@id\":\"https:\/\/clubs.misterugby.com\/potos-paris\/produit\/sweat-capuche-coton-homme-bleu-ciel-modele-kang\/\",\"url\":\"https:\/\/clubs.misterugby.com\/potos-paris\/produit\/sweat-capuche-coton-homme-bleu-ciel-modele-kang\/\",\"name\":\"Sweat capuche coton Homme bleu ciel - mod\u00e8le PECHE - potos-paris\",\"isPartOf\":{\"@id\":\"https:\/\/clubs.misterugby.com\/potos-paris\/#website\"},\"primaryImageOfPage\":{\"@id\":\"https:\/\/clubs.misterugby.com\/potos-paris\/produit\/sweat-capuche-coton-homme-bleu-ciel-modele-kang\/#primaryimage\"},\"image\":{\"@id\":\"https:\/\/clubs.misterugby.com\/potos-paris\/produit\/sweat-capuche-coton-homme-bleu-ciel-modele-kang\/#primaryimage\"},\"thumbnailUrl\":\"https:\/\/clubs.misterugby.com\/potos-paris\/wp-content\/uploads\/sites\/69\/2024\/09\/ciel.jpg\",\"datePublished\":\"2024-09-30T17:42:39+00:00\",\"dateModified\":\"2025-11-05T14:51:00+00:00\",\"breadcrumb\":{\"@id\":\"https:\/\/clubs.misterugby.com\/potos-paris\/produit\/sweat-capuche-coton-homme-bleu-ciel-modele-kang\/#breadcrumb\"},\"inLanguage\":\"fr-FR\",\"potentialAction\":[{\"@type\":\"ReadAction\",\"target\":[\"https:\/\/clubs.misterugby.com\/potos-paris\/produit\/sweat-capuche-coton-homme-bleu-ciel-modele-kang\/\"]}]},{\"@type\":\"ImageObject\",\"inLanguage\":\"fr-FR\",\"@id\":\"https:\/\/clubs.misterugby.com\/potos-paris\/produit\/sweat-capuche-coton-homme-bleu-ciel-modele-kang\/#primaryimage\",\"url\":\"https:\/\/clubs.misterugby.com\/potos-paris\/wp-content\/uploads\/sites\/69\/2024\/09\/ciel.jpg\",\"contentUrl\":\"https:\/\/clubs.misterugby.com\/potos-paris\/wp-content\/uploads\/sites\/69\/2024\/09\/ciel.jpg\",\"width\":1000,\"height\":1000},{\"@type\":\"BreadcrumbList\",\"@id\":\"https:\/\/clubs.misterugby.com\/potos-paris\/produit\/sweat-capuche-coton-homme-bleu-ciel-modele-kang\/#breadcrumb\",\"itemListElement\":[{\"@type\":\"ListItem\",\"position\":1,\"name\":\"Accueil\",\"item\":\"https:\/\/clubs.misterugby.com\/potos-paris\/\"},{\"@type\":\"ListItem\",\"position\":2,\"name\":\"Boutique\",\"item\":\"https:\/\/clubs.misterugby.com\/potos-paris\/\"},{\"@type\":\"ListItem\",\"position\":3,\"name\":\"Sweat capuche coton Homme bleu ciel &#8211; mod\u00e8le PECHE\"}]},{\"@type\":\"WebSite\",\"@id\":\"https:\/\/clubs.misterugby.com\/potos-paris\/#website\",\"url\":\"https:\/\/clubs.misterugby.com\/potos-paris\/\",\"name\":\"potos-paris\",\"description\":\"\",\"publisher\":{\"@id\":\"https:\/\/clubs.misterugby.com\/potos-paris\/#organization\"},\"potentialAction\":[{\"@type\":\"SearchAction\",\"target\":{\"@type\":\"EntryPoint\",\"urlTemplate\":\"https:\/\/clubs.misterugby.com\/potos-paris\/?s={search_term_string}\"},\"query-input\":{\"@type\":\"PropertyValueSpecification\",\"valueRequired\":true,\"valueName\":\"search_term_string\"}}],\"inLanguage\":\"fr-FR\"},{\"@type\":\"Organization\",\"@id\":\"https:\/\/clubs.misterugby.com\/potos-paris\/#organization\",\"name\":\"potos-paris\",\"url\":\"https:\/\/clubs.misterugby.com\/potos-paris\/\",\"logo\":{\"@type\":\"ImageObject\",\"inLanguage\":\"fr-FR\",\"@id\":\"https:\/\/clubs.misterugby.com\/potos-paris\/#\/schema\/logo\/image\/\",\"url\":\"https:\/\/clubs.misterugby.com\/potos-paris\/wp-content\/uploads\/sites\/69\/2024\/10\/cropped-potos.png\",\"contentUrl\":\"https:\/\/clubs.misterugby.com\/potos-paris\/wp-content\/uploads\/sites\/69\/2024\/10\/cropped-potos.png\",\"width\":3933,\"height\":4370,\"caption\":\"potos-paris\"},\"image\":{\"@id\":\"https:\/\/clubs.misterugby.com\/potos-paris\/#\/schema\/logo\/image\/\"}}]}<\/script>\n<!-- \/ Yoast SEO plugin. -->","yoast_head_json":{"title":"Sweat capuche coton Homme bleu ciel - mod\u00e8le PECHE - potos-paris","robots":{"index":"noindex","follow":"follow","max-snippet":"max-snippet:-1","max-image-preview":"max-image-preview:large","max-video-preview":"max-video-preview:-1"},"og_locale":"fr_FR","og_type":"article","og_title":"Sweat capuche coton Homme bleu ciel - mod\u00e8le PECHE - potos-paris","og_description":"80% coton \/ 20%\u00a0polyester, 280 gr  Molleton gratt\u00e9. Manches mont\u00e9es  Capuche doubl\u00e9e avec cordon de serrage ton sur ton.  Poches Kangourou. Finition bord-c\u00f4te\u00a0bas de manches et de v\u00eatement.  logo poitrine en peau de peche  logo \u00e9paule en transfert s\u00e9rigraphique","og_url":"https:\/\/clubs.misterugby.com\/potos-paris\/produit\/sweat-capuche-coton-homme-bleu-ciel-modele-kang\/","og_site_name":"potos-paris","article_modified_time":"2025-11-05T14:51:00+00:00","og_image":[{"width":1000,"height":1000,"url":"http:\/\/clubs.misterugby.com\/potos-paris\/wp-content\/uploads\/sites\/69\/2024\/09\/ciel.jpg","type":"image\/jpeg"}],"twitter_card":"summary_large_image","twitter_misc":{"Dur\u00e9e de lecture estim\u00e9e":"1 minute"},"schema":{"@context":"https:\/\/schema.org","@graph":[{"@type":"WebPage","@id":"https:\/\/clubs.misterugby.com\/potos-paris\/produit\/sweat-capuche-coton-homme-bleu-ciel-modele-kang\/","url":"https:\/\/clubs.misterugby.com\/potos-paris\/produit\/sweat-capuche-coton-homme-bleu-ciel-modele-kang\/","name":"Sweat capuche coton Homme bleu ciel - mod\u00e8le PECHE - potos-paris","isPartOf":{"@id":"https:\/\/clubs.misterugby.com\/potos-paris\/#website"},"primaryImageOfPage":{"@id":"https:\/\/clubs.misterugby.com\/potos-paris\/produit\/sweat-capuche-coton-homme-bleu-ciel-modele-kang\/#primaryimage"},"image":{"@id":"https:\/\/clubs.misterugby.com\/potos-paris\/produit\/sweat-capuche-coton-homme-bleu-ciel-modele-kang\/#primaryimage"},"thumbnailUrl":"https:\/\/clubs.misterugby.com\/potos-paris\/wp-content\/uploads\/sites\/69\/2024\/09\/ciel.jpg","datePublished":"2024-09-30T17:42:39+00:00","dateModified":"2025-11-05T14:51:00+00:00","breadcrumb":{"@id":"https:\/\/clubs.misterugby.com\/potos-paris\/produit\/sweat-capuche-coton-homme-bleu-ciel-modele-kang\/#breadcrumb"},"inLanguage":"fr-FR","potentialAction":[{"@type":"ReadAction","target":["https:\/\/clubs.misterugby.com\/potos-paris\/produit\/sweat-capuche-coton-homme-bleu-ciel-modele-kang\/"]}]},{"@type":"ImageObject","inLanguage":"fr-FR","@id":"https:\/\/clubs.misterugby.com\/potos-paris\/produit\/sweat-capuche-coton-homme-bleu-ciel-modele-kang\/#primaryimage","url":"https:\/\/clubs.misterugby.com\/potos-paris\/wp-content\/uploads\/sites\/69\/2024\/09\/ciel.jpg","contentUrl":"https:\/\/clubs.misterugby.com\/potos-paris\/wp-content\/uploads\/sites\/69\/2024\/09\/ciel.jpg","width":1000,"height":1000},{"@type":"BreadcrumbList","@id":"https:\/\/clubs.misterugby.com\/potos-paris\/produit\/sweat-capuche-coton-homme-bleu-ciel-modele-kang\/#breadcrumb","itemListElement":[{"@type":"ListItem","position":1,"name":"Accueil","item":"https:\/\/clubs.misterugby.com\/potos-paris\/"},{"@type":"ListItem","position":2,"name":"Boutique","item":"https:\/\/clubs.misterugby.com\/potos-paris\/"},{"@type":"ListItem","position":3,"name":"Sweat capuche coton Homme bleu ciel &#8211; mod\u00e8le PECHE"}]},{"@type":"WebSite","@id":"https:\/\/clubs.misterugby.com\/potos-paris\/#website","url":"https:\/\/clubs.misterugby.com\/potos-paris\/","name":"potos-paris","description":"","publisher":{"@id":"https:\/\/clubs.misterugby.com\/potos-paris\/#organization"},"potentialAction":[{"@type":"SearchAction","target":{"@type":"EntryPoint","urlTemplate":"https:\/\/clubs.misterugby.com\/potos-paris\/?s={search_term_string}"},"query-input":{"@type":"PropertyValueSpecification","valueRequired":true,"valueName":"search_term_string"}}],"inLanguage":"fr-FR"},{"@type":"Organization","@id":"https:\/\/clubs.misterugby.com\/potos-paris\/#organization","name":"potos-paris","url":"https:\/\/clubs.misterugby.com\/potos-paris\/","logo":{"@type":"ImageObject","inLanguage":"fr-FR","@id":"https:\/\/clubs.misterugby.com\/potos-paris\/#\/schema\/logo\/image\/","url":"https:\/\/clubs.misterugby.com\/potos-paris\/wp-content\/uploads\/sites\/69\/2024\/10\/cropped-potos.png","contentUrl":"https:\/\/clubs.misterugby.com\/potos-paris\/wp-content\/uploads\/sites\/69\/2024\/10\/cropped-potos.png","width":3933,"height":4370,"caption":"potos-paris"},"image":{"@id":"https:\/\/clubs.misterugby.com\/potos-paris\/#\/schema\/logo\/image\/"}}]}},"_links":{"self":[{"href":"https:\/\/clubs.misterugby.com\/potos-paris\/wp-json\/wp\/v2\/product\/12970","targetHints":{"allow":["GET"]}}],"collection":[{"href":"https:\/\/clubs.misterugby.com\/potos-paris\/wp-json\/wp\/v2\/product"}],"about":[{"href":"https:\/\/clubs.misterugby.com\/potos-paris\/wp-json\/wp\/v2\/types\/product"}],"wp:featuredmedia":[{"embeddable":true,"href":"https:\/\/clubs.misterugby.com\/potos-paris\/wp-json\/wp\/v2\/media\/12981"}],"wp:attachment":[{"href":"https:\/\/clubs.misterugby.com\/potos-paris\/wp-json\/wp\/v2\/media?parent=12970"}],"wp:term":[{"taxonomy":"product_brand","embeddable":true,"href":"https:\/\/clubs.misterugby.com\/potos-paris\/wp-json\/wp\/v2\/product_brand?post=12970"},{"taxonomy":"product_cat","embeddable":true,"href":"https:\/\/clubs.misterugby.com\/potos-paris\/wp-json\/wp\/v2\/product_cat?post=12970"},{"taxonomy":"product_tag","embeddable":true,"href":"https:\/\/clubs.misterugby.com\/potos-paris\/wp-json\/wp\/v2\/product_tag?post=12970"}],"curies":[{"name":"wp","href":"https:\/\/api.w.org\/{rel}","templated":true}]}}