{"id":13106,"date":"2025-04-01T11:25:35","date_gmt":"2025-04-01T09:25:35","guid":{"rendered":"https:\/\/clubs.misterugby.com\/potos-paris\/?post_type=product&#038;p=13106"},"modified":"2025-10-06T21:23:37","modified_gmt":"2025-10-06T19:23:37","slug":"short-de-bain-polyester-modele-ibiza","status":"publish","type":"product","link":"https:\/\/clubs.misterugby.com\/potos-paris\/produit\/short-de-bain-polyester-modele-ibiza\/","title":{"rendered":"Short de bain polyester Homme &#8211; mod\u00e8le IBIZA"},"content":{"rendered":"","protected":false},"excerpt":{"rendered":"<ul>\n<li>Material: 100% polyester, 100 g\/m\u00b2.<\/li>\n<li>2 poches lat\u00e9rales<\/li>\n<li>Cordon adaptable au ton, poche arri\u00e8re avec rabat et oeillet drainant<\/li>\n<li>Ouverture lat\u00e9ral<\/li>\n<li>Slip int\u00e9rieur. Doublure de poche.<\/li>\n<li>logo club en broderie<\/li>\n<\/ul>\n","protected":false},"featured_media":13113,"template":"","meta":[],"product_brand":[],"product_cat":[89,39],"product_tag":[],"class_list":{"0":"post-13106","1":"product","2":"type-product","3":"status-publish","4":"has-post-thumbnail","6":"product_cat-presentation","7":"product_cat-homme","9":"first","10":"instock","11":"taxable","12":"shipping-taxable","13":"purchasable","14":"product-type-variable"},"yoast_head":"<!-- This site is optimized with the Yoast SEO plugin v26.9 - https:\/\/yoast.com\/product\/yoast-seo-wordpress\/ -->\n<title>Short de bain polyester Homme - mod\u00e8le IBIZA - potos-paris<\/title>\n<meta name=\"robots\" content=\"noindex, follow, max-snippet:-1, max-image-preview:large, max-video-preview:-1\" \/>\n<meta property=\"og:locale\" content=\"fr_FR\" \/>\n<meta property=\"og:type\" content=\"article\" \/>\n<meta property=\"og:title\" content=\"Short de bain polyester Homme - mod\u00e8le IBIZA - potos-paris\" \/>\n<meta property=\"og:description\" content=\"Material: 100% polyester, 100 g\/m\u00b2.  2 poches lat\u00e9rales  Cordon adaptable au ton, poche arri\u00e8re avec rabat et oeillet drainant  Ouverture lat\u00e9ral  Slip int\u00e9rieur. Doublure de poche.  logo club en broderie\" \/>\n<meta property=\"og:url\" content=\"https:\/\/clubs.misterugby.com\/potos-paris\/produit\/short-de-bain-polyester-modele-ibiza\/\" \/>\n<meta property=\"og:site_name\" content=\"potos-paris\" \/>\n<meta property=\"article:modified_time\" content=\"2025-10-06T19:23:37+00:00\" \/>\n<meta property=\"og:image\" content=\"http:\/\/clubs.misterugby.com\/potos-paris\/wp-content\/uploads\/sites\/69\/2025\/04\/bain.jpg\" \/>\n\t<meta property=\"og:image:width\" content=\"1000\" \/>\n\t<meta property=\"og:image:height\" content=\"1000\" \/>\n\t<meta property=\"og:image:type\" content=\"image\/jpeg\" \/>\n<meta name=\"twitter:card\" content=\"summary_large_image\" \/>\n<meta name=\"twitter:label1\" content=\"Dur\u00e9e de lecture estim\u00e9e\" \/>\n\t<meta name=\"twitter:data1\" content=\"1 minute\" \/>\n<script type=\"application\/ld+json\" class=\"yoast-schema-graph\">{\"@context\":\"https:\/\/schema.org\",\"@graph\":[{\"@type\":\"WebPage\",\"@id\":\"https:\/\/clubs.misterugby.com\/potos-paris\/produit\/short-de-bain-polyester-modele-ibiza\/\",\"url\":\"https:\/\/clubs.misterugby.com\/potos-paris\/produit\/short-de-bain-polyester-modele-ibiza\/\",\"name\":\"Short de bain polyester Homme - mod\u00e8le IBIZA - potos-paris\",\"isPartOf\":{\"@id\":\"https:\/\/clubs.misterugby.com\/potos-paris\/#website\"},\"primaryImageOfPage\":{\"@id\":\"https:\/\/clubs.misterugby.com\/potos-paris\/produit\/short-de-bain-polyester-modele-ibiza\/#primaryimage\"},\"image\":{\"@id\":\"https:\/\/clubs.misterugby.com\/potos-paris\/produit\/short-de-bain-polyester-modele-ibiza\/#primaryimage\"},\"thumbnailUrl\":\"https:\/\/clubs.misterugby.com\/potos-paris\/wp-content\/uploads\/sites\/69\/2025\/04\/bain.jpg\",\"datePublished\":\"2025-04-01T09:25:35+00:00\",\"dateModified\":\"2025-10-06T19:23:37+00:00\",\"breadcrumb\":{\"@id\":\"https:\/\/clubs.misterugby.com\/potos-paris\/produit\/short-de-bain-polyester-modele-ibiza\/#breadcrumb\"},\"inLanguage\":\"fr-FR\",\"potentialAction\":[{\"@type\":\"ReadAction\",\"target\":[\"https:\/\/clubs.misterugby.com\/potos-paris\/produit\/short-de-bain-polyester-modele-ibiza\/\"]}]},{\"@type\":\"ImageObject\",\"inLanguage\":\"fr-FR\",\"@id\":\"https:\/\/clubs.misterugby.com\/potos-paris\/produit\/short-de-bain-polyester-modele-ibiza\/#primaryimage\",\"url\":\"https:\/\/clubs.misterugby.com\/potos-paris\/wp-content\/uploads\/sites\/69\/2025\/04\/bain.jpg\",\"contentUrl\":\"https:\/\/clubs.misterugby.com\/potos-paris\/wp-content\/uploads\/sites\/69\/2025\/04\/bain.jpg\",\"width\":1000,\"height\":1000},{\"@type\":\"BreadcrumbList\",\"@id\":\"https:\/\/clubs.misterugby.com\/potos-paris\/produit\/short-de-bain-polyester-modele-ibiza\/#breadcrumb\",\"itemListElement\":[{\"@type\":\"ListItem\",\"position\":1,\"name\":\"Accueil\",\"item\":\"https:\/\/clubs.misterugby.com\/potos-paris\/\"},{\"@type\":\"ListItem\",\"position\":2,\"name\":\"Boutique\",\"item\":\"https:\/\/clubs.misterugby.com\/potos-paris\/\"},{\"@type\":\"ListItem\",\"position\":3,\"name\":\"Short de bain polyester Homme &#8211; mod\u00e8le IBIZA\"}]},{\"@type\":\"WebSite\",\"@id\":\"https:\/\/clubs.misterugby.com\/potos-paris\/#website\",\"url\":\"https:\/\/clubs.misterugby.com\/potos-paris\/\",\"name\":\"potos-paris\",\"description\":\"\",\"publisher\":{\"@id\":\"https:\/\/clubs.misterugby.com\/potos-paris\/#organization\"},\"potentialAction\":[{\"@type\":\"SearchAction\",\"target\":{\"@type\":\"EntryPoint\",\"urlTemplate\":\"https:\/\/clubs.misterugby.com\/potos-paris\/?s={search_term_string}\"},\"query-input\":{\"@type\":\"PropertyValueSpecification\",\"valueRequired\":true,\"valueName\":\"search_term_string\"}}],\"inLanguage\":\"fr-FR\"},{\"@type\":\"Organization\",\"@id\":\"https:\/\/clubs.misterugby.com\/potos-paris\/#organization\",\"name\":\"potos-paris\",\"url\":\"https:\/\/clubs.misterugby.com\/potos-paris\/\",\"logo\":{\"@type\":\"ImageObject\",\"inLanguage\":\"fr-FR\",\"@id\":\"https:\/\/clubs.misterugby.com\/potos-paris\/#\/schema\/logo\/image\/\",\"url\":\"https:\/\/clubs.misterugby.com\/potos-paris\/wp-content\/uploads\/sites\/69\/2024\/10\/cropped-potos.png\",\"contentUrl\":\"https:\/\/clubs.misterugby.com\/potos-paris\/wp-content\/uploads\/sites\/69\/2024\/10\/cropped-potos.png\",\"width\":3933,\"height\":4370,\"caption\":\"potos-paris\"},\"image\":{\"@id\":\"https:\/\/clubs.misterugby.com\/potos-paris\/#\/schema\/logo\/image\/\"}}]}<\/script>\n<!-- \/ Yoast SEO plugin. -->","yoast_head_json":{"title":"Short de bain polyester Homme - mod\u00e8le IBIZA - potos-paris","robots":{"index":"noindex","follow":"follow","max-snippet":"max-snippet:-1","max-image-preview":"max-image-preview:large","max-video-preview":"max-video-preview:-1"},"og_locale":"fr_FR","og_type":"article","og_title":"Short de bain polyester Homme - mod\u00e8le IBIZA - potos-paris","og_description":"Material: 100% polyester, 100 g\/m\u00b2.  2 poches lat\u00e9rales  Cordon adaptable au ton, poche arri\u00e8re avec rabat et oeillet drainant  Ouverture lat\u00e9ral  Slip int\u00e9rieur. Doublure de poche.  logo club en broderie","og_url":"https:\/\/clubs.misterugby.com\/potos-paris\/produit\/short-de-bain-polyester-modele-ibiza\/","og_site_name":"potos-paris","article_modified_time":"2025-10-06T19:23:37+00:00","og_image":[{"width":1000,"height":1000,"url":"http:\/\/clubs.misterugby.com\/potos-paris\/wp-content\/uploads\/sites\/69\/2025\/04\/bain.jpg","type":"image\/jpeg"}],"twitter_card":"summary_large_image","twitter_misc":{"Dur\u00e9e de lecture estim\u00e9e":"1 minute"},"schema":{"@context":"https:\/\/schema.org","@graph":[{"@type":"WebPage","@id":"https:\/\/clubs.misterugby.com\/potos-paris\/produit\/short-de-bain-polyester-modele-ibiza\/","url":"https:\/\/clubs.misterugby.com\/potos-paris\/produit\/short-de-bain-polyester-modele-ibiza\/","name":"Short de bain polyester Homme - mod\u00e8le IBIZA - potos-paris","isPartOf":{"@id":"https:\/\/clubs.misterugby.com\/potos-paris\/#website"},"primaryImageOfPage":{"@id":"https:\/\/clubs.misterugby.com\/potos-paris\/produit\/short-de-bain-polyester-modele-ibiza\/#primaryimage"},"image":{"@id":"https:\/\/clubs.misterugby.com\/potos-paris\/produit\/short-de-bain-polyester-modele-ibiza\/#primaryimage"},"thumbnailUrl":"https:\/\/clubs.misterugby.com\/potos-paris\/wp-content\/uploads\/sites\/69\/2025\/04\/bain.jpg","datePublished":"2025-04-01T09:25:35+00:00","dateModified":"2025-10-06T19:23:37+00:00","breadcrumb":{"@id":"https:\/\/clubs.misterugby.com\/potos-paris\/produit\/short-de-bain-polyester-modele-ibiza\/#breadcrumb"},"inLanguage":"fr-FR","potentialAction":[{"@type":"ReadAction","target":["https:\/\/clubs.misterugby.com\/potos-paris\/produit\/short-de-bain-polyester-modele-ibiza\/"]}]},{"@type":"ImageObject","inLanguage":"fr-FR","@id":"https:\/\/clubs.misterugby.com\/potos-paris\/produit\/short-de-bain-polyester-modele-ibiza\/#primaryimage","url":"https:\/\/clubs.misterugby.com\/potos-paris\/wp-content\/uploads\/sites\/69\/2025\/04\/bain.jpg","contentUrl":"https:\/\/clubs.misterugby.com\/potos-paris\/wp-content\/uploads\/sites\/69\/2025\/04\/bain.jpg","width":1000,"height":1000},{"@type":"BreadcrumbList","@id":"https:\/\/clubs.misterugby.com\/potos-paris\/produit\/short-de-bain-polyester-modele-ibiza\/#breadcrumb","itemListElement":[{"@type":"ListItem","position":1,"name":"Accueil","item":"https:\/\/clubs.misterugby.com\/potos-paris\/"},{"@type":"ListItem","position":2,"name":"Boutique","item":"https:\/\/clubs.misterugby.com\/potos-paris\/"},{"@type":"ListItem","position":3,"name":"Short de bain polyester Homme &#8211; mod\u00e8le IBIZA"}]},{"@type":"WebSite","@id":"https:\/\/clubs.misterugby.com\/potos-paris\/#website","url":"https:\/\/clubs.misterugby.com\/potos-paris\/","name":"potos-paris","description":"","publisher":{"@id":"https:\/\/clubs.misterugby.com\/potos-paris\/#organization"},"potentialAction":[{"@type":"SearchAction","target":{"@type":"EntryPoint","urlTemplate":"https:\/\/clubs.misterugby.com\/potos-paris\/?s={search_term_string}"},"query-input":{"@type":"PropertyValueSpecification","valueRequired":true,"valueName":"search_term_string"}}],"inLanguage":"fr-FR"},{"@type":"Organization","@id":"https:\/\/clubs.misterugby.com\/potos-paris\/#organization","name":"potos-paris","url":"https:\/\/clubs.misterugby.com\/potos-paris\/","logo":{"@type":"ImageObject","inLanguage":"fr-FR","@id":"https:\/\/clubs.misterugby.com\/potos-paris\/#\/schema\/logo\/image\/","url":"https:\/\/clubs.misterugby.com\/potos-paris\/wp-content\/uploads\/sites\/69\/2024\/10\/cropped-potos.png","contentUrl":"https:\/\/clubs.misterugby.com\/potos-paris\/wp-content\/uploads\/sites\/69\/2024\/10\/cropped-potos.png","width":3933,"height":4370,"caption":"potos-paris"},"image":{"@id":"https:\/\/clubs.misterugby.com\/potos-paris\/#\/schema\/logo\/image\/"}}]}},"_links":{"self":[{"href":"https:\/\/clubs.misterugby.com\/potos-paris\/wp-json\/wp\/v2\/product\/13106","targetHints":{"allow":["GET"]}}],"collection":[{"href":"https:\/\/clubs.misterugby.com\/potos-paris\/wp-json\/wp\/v2\/product"}],"about":[{"href":"https:\/\/clubs.misterugby.com\/potos-paris\/wp-json\/wp\/v2\/types\/product"}],"wp:featuredmedia":[{"embeddable":true,"href":"https:\/\/clubs.misterugby.com\/potos-paris\/wp-json\/wp\/v2\/media\/13113"}],"wp:attachment":[{"href":"https:\/\/clubs.misterugby.com\/potos-paris\/wp-json\/wp\/v2\/media?parent=13106"}],"wp:term":[{"taxonomy":"product_brand","embeddable":true,"href":"https:\/\/clubs.misterugby.com\/potos-paris\/wp-json\/wp\/v2\/product_brand?post=13106"},{"taxonomy":"product_cat","embeddable":true,"href":"https:\/\/clubs.misterugby.com\/potos-paris\/wp-json\/wp\/v2\/product_cat?post=13106"},{"taxonomy":"product_tag","embeddable":true,"href":"https:\/\/clubs.misterugby.com\/potos-paris\/wp-json\/wp\/v2\/product_tag?post=13106"}],"curies":[{"name":"wp","href":"https:\/\/api.w.org\/{rel}","templated":true}]}}