{"id":4415,"date":"2022-01-19T06:41:49","date_gmt":"2022-01-19T05:41:49","guid":{"rendered":"https:\/\/clubs.misterugby.com\/rcacp\/produit\/chaussettes-bicolore-noir-jaune-modele-rugby\/"},"modified":"2026-01-13T18:10:01","modified_gmt":"2026-01-13T17:10:01","slug":"chaussettes-bicolore-noir-jaune-modele-rugby","status":"publish","type":"product","link":"https:\/\/clubs.misterugby.com\/rcacp\/produit\/chaussettes-bicolore-noir-jaune-modele-rugby\/","title":{"rendered":"Chaussettes bicolore Noir Jaune &#8211; mod\u00e8le RUGBY"},"content":{"rendered":"","protected":false},"excerpt":{"rendered":"<ul>\n<li>84% polyester \/ 16% \u00e9lasthanne.<\/li>\n<li>Partie sup\u00e9rieure \u00e9lastiqu\u00e9e et contrast\u00e9e<\/li>\n<li>Bague \u00e9lastique \u00e0 la cheville anti-glissement<\/li>\n<li>Chausson int\u00e9rieur bouclettes.<\/li>\n<li>coloris noir\/jaune<\/li>\n<\/ul>\n<p><em><strong>ce produit n&rsquo;est pas logot\u00e9<\/strong><\/em><\/p>\n","protected":false},"featured_media":2005,"template":"","meta":[],"product_brand":[],"product_cat":[42],"product_tag":[],"class_list":{"0":"post-4415","1":"product","2":"type-product","3":"status-publish","4":"has-post-thumbnail","6":"product_cat-accessoires","8":"first","9":"instock","10":"taxable","11":"shipping-taxable","12":"purchasable","13":"product-type-variable"},"yoast_head":"<!-- This site is optimized with the Yoast SEO plugin v26.9 - https:\/\/yoast.com\/product\/yoast-seo-wordpress\/ -->\n<title>Chaussettes bicolore Noir Jaune - mod\u00e8le RUGBY - rcacp<\/title>\n<meta name=\"robots\" content=\"noindex, follow, max-snippet:-1, max-image-preview:large, max-video-preview:-1\" \/>\n<meta property=\"og:locale\" content=\"fr_FR\" \/>\n<meta property=\"og:type\" content=\"article\" \/>\n<meta property=\"og:title\" content=\"Chaussettes bicolore Noir Jaune - mod\u00e8le RUGBY - rcacp\" \/>\n<meta property=\"og:description\" content=\"84% polyester \/ 16% \u00e9lasthanne.  Partie sup\u00e9rieure \u00e9lastiqu\u00e9e et contrast\u00e9e  Bague \u00e9lastique \u00e0 la cheville anti-glissement  Chausson int\u00e9rieur bouclettes.  coloris noir\/jaune  ce produit n&#039;est pas logot\u00e9\" \/>\n<meta property=\"og:url\" content=\"https:\/\/clubs.misterugby.com\/rcacp\/produit\/chaussettes-bicolore-noir-jaune-modele-rugby\/\" \/>\n<meta property=\"og:site_name\" content=\"rcacp\" \/>\n<meta property=\"article:modified_time\" content=\"2026-01-13T17:10:01+00:00\" \/>\n<meta property=\"og:image\" content=\"http:\/\/clubs.misterugby.com\/rcacp\/wp-content\/uploads\/sites\/54\/2021\/01\/nj-scaled-1.jpg\" \/>\n\t<meta property=\"og:image:width\" content=\"1708\" \/>\n\t<meta property=\"og:image:height\" content=\"2560\" \/>\n\t<meta property=\"og:image:type\" content=\"image\/jpeg\" \/>\n<meta name=\"twitter:card\" content=\"summary_large_image\" \/>\n<meta name=\"twitter:label1\" content=\"Dur\u00e9e de lecture estim\u00e9e\" \/>\n\t<meta name=\"twitter:data1\" content=\"1 minute\" \/>\n<script type=\"application\/ld+json\" class=\"yoast-schema-graph\">{\"@context\":\"https:\/\/schema.org\",\"@graph\":[{\"@type\":\"WebPage\",\"@id\":\"https:\/\/clubs.misterugby.com\/rcacp\/produit\/chaussettes-bicolore-noir-jaune-modele-rugby\/\",\"url\":\"https:\/\/clubs.misterugby.com\/rcacp\/produit\/chaussettes-bicolore-noir-jaune-modele-rugby\/\",\"name\":\"Chaussettes bicolore Noir Jaune - mod\u00e8le RUGBY - rcacp\",\"isPartOf\":{\"@id\":\"https:\/\/clubs.misterugby.com\/rcacp\/#website\"},\"primaryImageOfPage\":{\"@id\":\"https:\/\/clubs.misterugby.com\/rcacp\/produit\/chaussettes-bicolore-noir-jaune-modele-rugby\/#primaryimage\"},\"image\":{\"@id\":\"https:\/\/clubs.misterugby.com\/rcacp\/produit\/chaussettes-bicolore-noir-jaune-modele-rugby\/#primaryimage\"},\"thumbnailUrl\":\"https:\/\/clubs.misterugby.com\/rcacp\/wp-content\/uploads\/sites\/54\/2021\/01\/nj-scaled-1.jpg\",\"datePublished\":\"2022-01-19T05:41:49+00:00\",\"dateModified\":\"2026-01-13T17:10:01+00:00\",\"breadcrumb\":{\"@id\":\"https:\/\/clubs.misterugby.com\/rcacp\/produit\/chaussettes-bicolore-noir-jaune-modele-rugby\/#breadcrumb\"},\"inLanguage\":\"fr-FR\",\"potentialAction\":[{\"@type\":\"ReadAction\",\"target\":[\"https:\/\/clubs.misterugby.com\/rcacp\/produit\/chaussettes-bicolore-noir-jaune-modele-rugby\/\"]}]},{\"@type\":\"ImageObject\",\"inLanguage\":\"fr-FR\",\"@id\":\"https:\/\/clubs.misterugby.com\/rcacp\/produit\/chaussettes-bicolore-noir-jaune-modele-rugby\/#primaryimage\",\"url\":\"https:\/\/clubs.misterugby.com\/rcacp\/wp-content\/uploads\/sites\/54\/2021\/01\/nj-scaled-1.jpg\",\"contentUrl\":\"https:\/\/clubs.misterugby.com\/rcacp\/wp-content\/uploads\/sites\/54\/2021\/01\/nj-scaled-1.jpg\",\"width\":1708,\"height\":2560},{\"@type\":\"BreadcrumbList\",\"@id\":\"https:\/\/clubs.misterugby.com\/rcacp\/produit\/chaussettes-bicolore-noir-jaune-modele-rugby\/#breadcrumb\",\"itemListElement\":[{\"@type\":\"ListItem\",\"position\":1,\"name\":\"Accueil\",\"item\":\"https:\/\/clubs.misterugby.com\/rcacp\/\"},{\"@type\":\"ListItem\",\"position\":2,\"name\":\"Boutique\",\"item\":\"https:\/\/clubs.misterugby.com\/rcacp\/\"},{\"@type\":\"ListItem\",\"position\":3,\"name\":\"Chaussettes bicolore Noir Jaune &#8211; mod\u00e8le RUGBY\"}]},{\"@type\":\"WebSite\",\"@id\":\"https:\/\/clubs.misterugby.com\/rcacp\/#website\",\"url\":\"https:\/\/clubs.misterugby.com\/rcacp\/\",\"name\":\"rcacp\",\"description\":\"\",\"publisher\":{\"@id\":\"https:\/\/clubs.misterugby.com\/rcacp\/#organization\"},\"potentialAction\":[{\"@type\":\"SearchAction\",\"target\":{\"@type\":\"EntryPoint\",\"urlTemplate\":\"https:\/\/clubs.misterugby.com\/rcacp\/?s={search_term_string}\"},\"query-input\":{\"@type\":\"PropertyValueSpecification\",\"valueRequired\":true,\"valueName\":\"search_term_string\"}}],\"inLanguage\":\"fr-FR\"},{\"@type\":\"Organization\",\"@id\":\"https:\/\/clubs.misterugby.com\/rcacp\/#organization\",\"name\":\"rcacp\",\"url\":\"https:\/\/clubs.misterugby.com\/rcacp\/\",\"logo\":{\"@type\":\"ImageObject\",\"inLanguage\":\"fr-FR\",\"@id\":\"https:\/\/clubs.misterugby.com\/rcacp\/#\/schema\/logo\/image\/\",\"url\":\"https:\/\/clubs.misterugby.com\/rcacp\/wp-content\/uploads\/sites\/54\/2020\/09\/cropped-logo-CERGY-2019.png\",\"contentUrl\":\"https:\/\/clubs.misterugby.com\/rcacp\/wp-content\/uploads\/sites\/54\/2020\/09\/cropped-logo-CERGY-2019.png\",\"width\":2875,\"height\":2263,\"caption\":\"rcacp\"},\"image\":{\"@id\":\"https:\/\/clubs.misterugby.com\/rcacp\/#\/schema\/logo\/image\/\"}}]}<\/script>\n<!-- \/ Yoast SEO plugin. -->","yoast_head_json":{"title":"Chaussettes bicolore Noir Jaune - mod\u00e8le RUGBY - rcacp","robots":{"index":"noindex","follow":"follow","max-snippet":"max-snippet:-1","max-image-preview":"max-image-preview:large","max-video-preview":"max-video-preview:-1"},"og_locale":"fr_FR","og_type":"article","og_title":"Chaussettes bicolore Noir Jaune - mod\u00e8le RUGBY - rcacp","og_description":"84% polyester \/ 16% \u00e9lasthanne.  Partie sup\u00e9rieure \u00e9lastiqu\u00e9e et contrast\u00e9e  Bague \u00e9lastique \u00e0 la cheville anti-glissement  Chausson int\u00e9rieur bouclettes.  coloris noir\/jaune  ce produit n'est pas logot\u00e9","og_url":"https:\/\/clubs.misterugby.com\/rcacp\/produit\/chaussettes-bicolore-noir-jaune-modele-rugby\/","og_site_name":"rcacp","article_modified_time":"2026-01-13T17:10:01+00:00","og_image":[{"width":1708,"height":2560,"url":"http:\/\/clubs.misterugby.com\/rcacp\/wp-content\/uploads\/sites\/54\/2021\/01\/nj-scaled-1.jpg","type":"image\/jpeg"}],"twitter_card":"summary_large_image","twitter_misc":{"Dur\u00e9e de lecture estim\u00e9e":"1 minute"},"schema":{"@context":"https:\/\/schema.org","@graph":[{"@type":"WebPage","@id":"https:\/\/clubs.misterugby.com\/rcacp\/produit\/chaussettes-bicolore-noir-jaune-modele-rugby\/","url":"https:\/\/clubs.misterugby.com\/rcacp\/produit\/chaussettes-bicolore-noir-jaune-modele-rugby\/","name":"Chaussettes bicolore Noir Jaune - mod\u00e8le RUGBY - rcacp","isPartOf":{"@id":"https:\/\/clubs.misterugby.com\/rcacp\/#website"},"primaryImageOfPage":{"@id":"https:\/\/clubs.misterugby.com\/rcacp\/produit\/chaussettes-bicolore-noir-jaune-modele-rugby\/#primaryimage"},"image":{"@id":"https:\/\/clubs.misterugby.com\/rcacp\/produit\/chaussettes-bicolore-noir-jaune-modele-rugby\/#primaryimage"},"thumbnailUrl":"https:\/\/clubs.misterugby.com\/rcacp\/wp-content\/uploads\/sites\/54\/2021\/01\/nj-scaled-1.jpg","datePublished":"2022-01-19T05:41:49+00:00","dateModified":"2026-01-13T17:10:01+00:00","breadcrumb":{"@id":"https:\/\/clubs.misterugby.com\/rcacp\/produit\/chaussettes-bicolore-noir-jaune-modele-rugby\/#breadcrumb"},"inLanguage":"fr-FR","potentialAction":[{"@type":"ReadAction","target":["https:\/\/clubs.misterugby.com\/rcacp\/produit\/chaussettes-bicolore-noir-jaune-modele-rugby\/"]}]},{"@type":"ImageObject","inLanguage":"fr-FR","@id":"https:\/\/clubs.misterugby.com\/rcacp\/produit\/chaussettes-bicolore-noir-jaune-modele-rugby\/#primaryimage","url":"https:\/\/clubs.misterugby.com\/rcacp\/wp-content\/uploads\/sites\/54\/2021\/01\/nj-scaled-1.jpg","contentUrl":"https:\/\/clubs.misterugby.com\/rcacp\/wp-content\/uploads\/sites\/54\/2021\/01\/nj-scaled-1.jpg","width":1708,"height":2560},{"@type":"BreadcrumbList","@id":"https:\/\/clubs.misterugby.com\/rcacp\/produit\/chaussettes-bicolore-noir-jaune-modele-rugby\/#breadcrumb","itemListElement":[{"@type":"ListItem","position":1,"name":"Accueil","item":"https:\/\/clubs.misterugby.com\/rcacp\/"},{"@type":"ListItem","position":2,"name":"Boutique","item":"https:\/\/clubs.misterugby.com\/rcacp\/"},{"@type":"ListItem","position":3,"name":"Chaussettes bicolore Noir Jaune &#8211; mod\u00e8le RUGBY"}]},{"@type":"WebSite","@id":"https:\/\/clubs.misterugby.com\/rcacp\/#website","url":"https:\/\/clubs.misterugby.com\/rcacp\/","name":"rcacp","description":"","publisher":{"@id":"https:\/\/clubs.misterugby.com\/rcacp\/#organization"},"potentialAction":[{"@type":"SearchAction","target":{"@type":"EntryPoint","urlTemplate":"https:\/\/clubs.misterugby.com\/rcacp\/?s={search_term_string}"},"query-input":{"@type":"PropertyValueSpecification","valueRequired":true,"valueName":"search_term_string"}}],"inLanguage":"fr-FR"},{"@type":"Organization","@id":"https:\/\/clubs.misterugby.com\/rcacp\/#organization","name":"rcacp","url":"https:\/\/clubs.misterugby.com\/rcacp\/","logo":{"@type":"ImageObject","inLanguage":"fr-FR","@id":"https:\/\/clubs.misterugby.com\/rcacp\/#\/schema\/logo\/image\/","url":"https:\/\/clubs.misterugby.com\/rcacp\/wp-content\/uploads\/sites\/54\/2020\/09\/cropped-logo-CERGY-2019.png","contentUrl":"https:\/\/clubs.misterugby.com\/rcacp\/wp-content\/uploads\/sites\/54\/2020\/09\/cropped-logo-CERGY-2019.png","width":2875,"height":2263,"caption":"rcacp"},"image":{"@id":"https:\/\/clubs.misterugby.com\/rcacp\/#\/schema\/logo\/image\/"}}]}},"_links":{"self":[{"href":"https:\/\/clubs.misterugby.com\/rcacp\/wp-json\/wp\/v2\/product\/4415","targetHints":{"allow":["GET"]}}],"collection":[{"href":"https:\/\/clubs.misterugby.com\/rcacp\/wp-json\/wp\/v2\/product"}],"about":[{"href":"https:\/\/clubs.misterugby.com\/rcacp\/wp-json\/wp\/v2\/types\/product"}],"wp:featuredmedia":[{"embeddable":true,"href":"https:\/\/clubs.misterugby.com\/rcacp\/wp-json\/wp\/v2\/media\/2005"}],"wp:attachment":[{"href":"https:\/\/clubs.misterugby.com\/rcacp\/wp-json\/wp\/v2\/media?parent=4415"}],"wp:term":[{"taxonomy":"product_brand","embeddable":true,"href":"https:\/\/clubs.misterugby.com\/rcacp\/wp-json\/wp\/v2\/product_brand?post=4415"},{"taxonomy":"product_cat","embeddable":true,"href":"https:\/\/clubs.misterugby.com\/rcacp\/wp-json\/wp\/v2\/product_cat?post=4415"},{"taxonomy":"product_tag","embeddable":true,"href":"https:\/\/clubs.misterugby.com\/rcacp\/wp-json\/wp\/v2\/product_tag?post=4415"}],"curies":[{"name":"wp","href":"https:\/\/api.w.org\/{rel}","templated":true}]}}