{"id":5356,"date":"2023-08-17T16:11:07","date_gmt":"2023-08-17T14:11:07","guid":{"rendered":"https:\/\/clubs.misterugby.com\/rcacp\/produit\/short-training-force-xv-noir-adulte-modele-micro\/"},"modified":"2026-03-30T15:01:23","modified_gmt":"2026-03-30T13:01:23","slug":"short-training-force-xv-noir-adulte-modele-micro","status":"publish","type":"product","link":"https:\/\/clubs.misterugby.com\/rcacp\/produit\/short-training-force-xv-noir-adulte-modele-micro\/","title":{"rendered":"Short training  Force XV Noir Adulte \u2013 mod\u00e8le MICRO"},"content":{"rendered":"","protected":false},"excerpt":{"rendered":"<ul>\n<li>100% polyester mircofibre<\/li>\n<li>2 poches lat\u00e9rales<\/li>\n<li>l\u00e9ger et respirant<\/li>\n<li>Logo en transfert<\/li>\n<\/ul>\n","protected":false},"featured_media":5477,"template":"","meta":[],"product_brand":[],"product_cat":[117,39],"product_tag":[],"class_list":{"0":"post-5356","1":"product","2":"type-product","3":"status-publish","4":"has-post-thumbnail","6":"product_cat-training","7":"product_cat-homme","9":"first","10":"instock","11":"taxable","12":"shipping-taxable","13":"purchasable","14":"product-type-variable"},"yoast_head":"<!-- This site is optimized with the Yoast SEO plugin v26.9 - https:\/\/yoast.com\/product\/yoast-seo-wordpress\/ -->\n<title>Short training Force XV Noir Adulte \u2013 mod\u00e8le MICRO - rcacp<\/title>\n<meta name=\"robots\" content=\"noindex, follow, max-snippet:-1, max-image-preview:large, max-video-preview:-1\" \/>\n<meta property=\"og:locale\" content=\"fr_FR\" \/>\n<meta property=\"og:type\" content=\"article\" \/>\n<meta property=\"og:title\" content=\"Short training Force XV Noir Adulte \u2013 mod\u00e8le MICRO - rcacp\" \/>\n<meta property=\"og:description\" content=\"100% polyester mircofibre  2 poches lat\u00e9rales  l\u00e9ger et respirant  Logo en transfert\" \/>\n<meta property=\"og:url\" content=\"https:\/\/clubs.misterugby.com\/rcacp\/produit\/short-training-force-xv-noir-adulte-modele-micro\/\" \/>\n<meta property=\"og:site_name\" content=\"rcacp\" \/>\n<meta property=\"article:modified_time\" content=\"2026-03-30T13:01:23+00:00\" \/>\n<meta property=\"og:image\" content=\"http:\/\/clubs.misterugby.com\/rcacp\/wp-content\/uploads\/sites\/54\/2023\/08\/cdd.jpg\" \/>\n\t<meta property=\"og:image:width\" content=\"1000\" \/>\n\t<meta property=\"og:image:height\" content=\"1000\" \/>\n\t<meta property=\"og:image:type\" content=\"image\/jpeg\" \/>\n<meta name=\"twitter:card\" content=\"summary_large_image\" \/>\n<script type=\"application\/ld+json\" class=\"yoast-schema-graph\">{\"@context\":\"https:\/\/schema.org\",\"@graph\":[{\"@type\":\"WebPage\",\"@id\":\"https:\/\/clubs.misterugby.com\/rcacp\/produit\/short-training-force-xv-noir-adulte-modele-micro\/\",\"url\":\"https:\/\/clubs.misterugby.com\/rcacp\/produit\/short-training-force-xv-noir-adulte-modele-micro\/\",\"name\":\"Short training Force XV Noir Adulte \u2013 mod\u00e8le MICRO - rcacp\",\"isPartOf\":{\"@id\":\"https:\/\/clubs.misterugby.com\/rcacp\/#website\"},\"primaryImageOfPage\":{\"@id\":\"https:\/\/clubs.misterugby.com\/rcacp\/produit\/short-training-force-xv-noir-adulte-modele-micro\/#primaryimage\"},\"image\":{\"@id\":\"https:\/\/clubs.misterugby.com\/rcacp\/produit\/short-training-force-xv-noir-adulte-modele-micro\/#primaryimage\"},\"thumbnailUrl\":\"https:\/\/clubs.misterugby.com\/rcacp\/wp-content\/uploads\/sites\/54\/2023\/08\/cdd.jpg\",\"datePublished\":\"2023-08-17T14:11:07+00:00\",\"dateModified\":\"2026-03-30T13:01:23+00:00\",\"breadcrumb\":{\"@id\":\"https:\/\/clubs.misterugby.com\/rcacp\/produit\/short-training-force-xv-noir-adulte-modele-micro\/#breadcrumb\"},\"inLanguage\":\"fr-FR\",\"potentialAction\":[{\"@type\":\"ReadAction\",\"target\":[\"https:\/\/clubs.misterugby.com\/rcacp\/produit\/short-training-force-xv-noir-adulte-modele-micro\/\"]}]},{\"@type\":\"ImageObject\",\"inLanguage\":\"fr-FR\",\"@id\":\"https:\/\/clubs.misterugby.com\/rcacp\/produit\/short-training-force-xv-noir-adulte-modele-micro\/#primaryimage\",\"url\":\"https:\/\/clubs.misterugby.com\/rcacp\/wp-content\/uploads\/sites\/54\/2023\/08\/cdd.jpg\",\"contentUrl\":\"https:\/\/clubs.misterugby.com\/rcacp\/wp-content\/uploads\/sites\/54\/2023\/08\/cdd.jpg\",\"width\":1000,\"height\":1000},{\"@type\":\"BreadcrumbList\",\"@id\":\"https:\/\/clubs.misterugby.com\/rcacp\/produit\/short-training-force-xv-noir-adulte-modele-micro\/#breadcrumb\",\"itemListElement\":[{\"@type\":\"ListItem\",\"position\":1,\"name\":\"Accueil\",\"item\":\"https:\/\/clubs.misterugby.com\/rcacp\/\"},{\"@type\":\"ListItem\",\"position\":2,\"name\":\"Boutique\",\"item\":\"https:\/\/clubs.misterugby.com\/rcacp\/\"},{\"@type\":\"ListItem\",\"position\":3,\"name\":\"Short training Force XV Noir Adulte \u2013 mod\u00e8le MICRO\"}]},{\"@type\":\"WebSite\",\"@id\":\"https:\/\/clubs.misterugby.com\/rcacp\/#website\",\"url\":\"https:\/\/clubs.misterugby.com\/rcacp\/\",\"name\":\"rcacp\",\"description\":\"\",\"publisher\":{\"@id\":\"https:\/\/clubs.misterugby.com\/rcacp\/#organization\"},\"potentialAction\":[{\"@type\":\"SearchAction\",\"target\":{\"@type\":\"EntryPoint\",\"urlTemplate\":\"https:\/\/clubs.misterugby.com\/rcacp\/?s={search_term_string}\"},\"query-input\":{\"@type\":\"PropertyValueSpecification\",\"valueRequired\":true,\"valueName\":\"search_term_string\"}}],\"inLanguage\":\"fr-FR\"},{\"@type\":\"Organization\",\"@id\":\"https:\/\/clubs.misterugby.com\/rcacp\/#organization\",\"name\":\"rcacp\",\"url\":\"https:\/\/clubs.misterugby.com\/rcacp\/\",\"logo\":{\"@type\":\"ImageObject\",\"inLanguage\":\"fr-FR\",\"@id\":\"https:\/\/clubs.misterugby.com\/rcacp\/#\/schema\/logo\/image\/\",\"url\":\"https:\/\/clubs.misterugby.com\/rcacp\/wp-content\/uploads\/sites\/54\/2020\/09\/cropped-logo-CERGY-2019.png\",\"contentUrl\":\"https:\/\/clubs.misterugby.com\/rcacp\/wp-content\/uploads\/sites\/54\/2020\/09\/cropped-logo-CERGY-2019.png\",\"width\":2875,\"height\":2263,\"caption\":\"rcacp\"},\"image\":{\"@id\":\"https:\/\/clubs.misterugby.com\/rcacp\/#\/schema\/logo\/image\/\"}}]}<\/script>\n<!-- \/ Yoast SEO plugin. -->","yoast_head_json":{"title":"Short training Force XV Noir Adulte \u2013 mod\u00e8le MICRO - rcacp","robots":{"index":"noindex","follow":"follow","max-snippet":"max-snippet:-1","max-image-preview":"max-image-preview:large","max-video-preview":"max-video-preview:-1"},"og_locale":"fr_FR","og_type":"article","og_title":"Short training Force XV Noir Adulte \u2013 mod\u00e8le MICRO - rcacp","og_description":"100% polyester mircofibre  2 poches lat\u00e9rales  l\u00e9ger et respirant  Logo en transfert","og_url":"https:\/\/clubs.misterugby.com\/rcacp\/produit\/short-training-force-xv-noir-adulte-modele-micro\/","og_site_name":"rcacp","article_modified_time":"2026-03-30T13:01:23+00:00","og_image":[{"width":1000,"height":1000,"url":"http:\/\/clubs.misterugby.com\/rcacp\/wp-content\/uploads\/sites\/54\/2023\/08\/cdd.jpg","type":"image\/jpeg"}],"twitter_card":"summary_large_image","schema":{"@context":"https:\/\/schema.org","@graph":[{"@type":"WebPage","@id":"https:\/\/clubs.misterugby.com\/rcacp\/produit\/short-training-force-xv-noir-adulte-modele-micro\/","url":"https:\/\/clubs.misterugby.com\/rcacp\/produit\/short-training-force-xv-noir-adulte-modele-micro\/","name":"Short training Force XV Noir Adulte \u2013 mod\u00e8le MICRO - rcacp","isPartOf":{"@id":"https:\/\/clubs.misterugby.com\/rcacp\/#website"},"primaryImageOfPage":{"@id":"https:\/\/clubs.misterugby.com\/rcacp\/produit\/short-training-force-xv-noir-adulte-modele-micro\/#primaryimage"},"image":{"@id":"https:\/\/clubs.misterugby.com\/rcacp\/produit\/short-training-force-xv-noir-adulte-modele-micro\/#primaryimage"},"thumbnailUrl":"https:\/\/clubs.misterugby.com\/rcacp\/wp-content\/uploads\/sites\/54\/2023\/08\/cdd.jpg","datePublished":"2023-08-17T14:11:07+00:00","dateModified":"2026-03-30T13:01:23+00:00","breadcrumb":{"@id":"https:\/\/clubs.misterugby.com\/rcacp\/produit\/short-training-force-xv-noir-adulte-modele-micro\/#breadcrumb"},"inLanguage":"fr-FR","potentialAction":[{"@type":"ReadAction","target":["https:\/\/clubs.misterugby.com\/rcacp\/produit\/short-training-force-xv-noir-adulte-modele-micro\/"]}]},{"@type":"ImageObject","inLanguage":"fr-FR","@id":"https:\/\/clubs.misterugby.com\/rcacp\/produit\/short-training-force-xv-noir-adulte-modele-micro\/#primaryimage","url":"https:\/\/clubs.misterugby.com\/rcacp\/wp-content\/uploads\/sites\/54\/2023\/08\/cdd.jpg","contentUrl":"https:\/\/clubs.misterugby.com\/rcacp\/wp-content\/uploads\/sites\/54\/2023\/08\/cdd.jpg","width":1000,"height":1000},{"@type":"BreadcrumbList","@id":"https:\/\/clubs.misterugby.com\/rcacp\/produit\/short-training-force-xv-noir-adulte-modele-micro\/#breadcrumb","itemListElement":[{"@type":"ListItem","position":1,"name":"Accueil","item":"https:\/\/clubs.misterugby.com\/rcacp\/"},{"@type":"ListItem","position":2,"name":"Boutique","item":"https:\/\/clubs.misterugby.com\/rcacp\/"},{"@type":"ListItem","position":3,"name":"Short training Force XV Noir Adulte \u2013 mod\u00e8le MICRO"}]},{"@type":"WebSite","@id":"https:\/\/clubs.misterugby.com\/rcacp\/#website","url":"https:\/\/clubs.misterugby.com\/rcacp\/","name":"rcacp","description":"","publisher":{"@id":"https:\/\/clubs.misterugby.com\/rcacp\/#organization"},"potentialAction":[{"@type":"SearchAction","target":{"@type":"EntryPoint","urlTemplate":"https:\/\/clubs.misterugby.com\/rcacp\/?s={search_term_string}"},"query-input":{"@type":"PropertyValueSpecification","valueRequired":true,"valueName":"search_term_string"}}],"inLanguage":"fr-FR"},{"@type":"Organization","@id":"https:\/\/clubs.misterugby.com\/rcacp\/#organization","name":"rcacp","url":"https:\/\/clubs.misterugby.com\/rcacp\/","logo":{"@type":"ImageObject","inLanguage":"fr-FR","@id":"https:\/\/clubs.misterugby.com\/rcacp\/#\/schema\/logo\/image\/","url":"https:\/\/clubs.misterugby.com\/rcacp\/wp-content\/uploads\/sites\/54\/2020\/09\/cropped-logo-CERGY-2019.png","contentUrl":"https:\/\/clubs.misterugby.com\/rcacp\/wp-content\/uploads\/sites\/54\/2020\/09\/cropped-logo-CERGY-2019.png","width":2875,"height":2263,"caption":"rcacp"},"image":{"@id":"https:\/\/clubs.misterugby.com\/rcacp\/#\/schema\/logo\/image\/"}}]}},"_links":{"self":[{"href":"https:\/\/clubs.misterugby.com\/rcacp\/wp-json\/wp\/v2\/product\/5356","targetHints":{"allow":["GET"]}}],"collection":[{"href":"https:\/\/clubs.misterugby.com\/rcacp\/wp-json\/wp\/v2\/product"}],"about":[{"href":"https:\/\/clubs.misterugby.com\/rcacp\/wp-json\/wp\/v2\/types\/product"}],"wp:featuredmedia":[{"embeddable":true,"href":"https:\/\/clubs.misterugby.com\/rcacp\/wp-json\/wp\/v2\/media\/5477"}],"wp:attachment":[{"href":"https:\/\/clubs.misterugby.com\/rcacp\/wp-json\/wp\/v2\/media?parent=5356"}],"wp:term":[{"taxonomy":"product_brand","embeddable":true,"href":"https:\/\/clubs.misterugby.com\/rcacp\/wp-json\/wp\/v2\/product_brand?post=5356"},{"taxonomy":"product_cat","embeddable":true,"href":"https:\/\/clubs.misterugby.com\/rcacp\/wp-json\/wp\/v2\/product_cat?post=5356"},{"taxonomy":"product_tag","embeddable":true,"href":"https:\/\/clubs.misterugby.com\/rcacp\/wp-json\/wp\/v2\/product_tag?post=5356"}],"curies":[{"name":"wp","href":"https:\/\/api.w.org\/{rel}","templated":true}]}}