{"id":132,"date":"2019-03-06T17:54:04","date_gmt":"2019-03-06T16:54:04","guid":{"rendered":"http:\/\/clubs.misterugby.com\/base\/?page_id=132"},"modified":"2022-08-02T15:21:42","modified_gmt":"2022-08-02T13:21:42","slug":"qui-sommes-nous","status":"publish","type":"page","link":"https:\/\/clubs.misterugby.com\/rcsao\/qui-sommes-nous\/","title":{"rendered":"Qui sommes-nous ?"},"content":{"rendered":"<div class=\"wpb-content-wrapper\"><p>[vc_row css=\u00a0\u00bb.vc_custom_1554061720747{padding-top: 25px !important;}\u00a0\u00bb][vc_column][vc_column_text]<img loading=\"lazy\" decoding=\"async\" class=\"alignnone size-full wp-image-225 aligncenter\" src=\"http:\/\/clubs.misterugby.com\/base\/wp-content\/uploads\/sites\/2\/2019\/03\/qsn.jpg\" alt=\"\" width=\"200\" height=\"271\" \/><\/p>\n<p>MISTERUGBY est une entreprise familiale Fran\u00e7aise fond\u00e9e en 2006 par deux fr\u00e8res passionn\u00e9s pour les passionn\u00e9s de l\u2019Ovalie. Nous \u00e9quipons d\u00e9sormais plus de 600 clubs en France et \u00e0 l\u2019\u00e9tranger.<\/p>\n<p>Nous fabriquons en France de vrais \u00e9quipements Elite destin\u00e9s aux amateurs car votre niveau de rugby ne doit pas dicter la qualit\u00e9 de vos \u00e9quipements. Nous vous proposons aussi un service de personnalisation et de sublimation fran\u00e7aise de rugby sur tout type de textile et accessoires.<\/p>\n<p>Nous revendons toutes les marques de sport connu pour offrir aux clubs un tr\u00e8s large choix de produits.<\/p>\n<p>La personnalisation de l\u2019\u00e9quipement pour le rugby passe notamment par les maillots rugby sublim\u00e9s, les chaussettes rugby personnalis\u00e9es, les shorts rugby personnalis\u00e9s et les\u00a0ballons rugby\u00a0ainsi que tout \u00e9quipement destin\u00e9 aux entra\u00eenements ou \u00e0 la comp\u00e9tition, quelque soit le niveau du club. Pour un choix plus large les sweats et polos rugby clubs\u00a0<span id=\"2\">personnalis\u00e9<\/span>\u00a0sont \u00e9galement propos\u00e9s.<\/p>\n<p>Au fil des ann\u00e9es, MISTERUGBY est devenue une r\u00e9f\u00e9rence Fran\u00e7aise dans ce domaine gr\u00e2ce \u00e0 un accompagnement personnalis\u00e9 et ultra professionnel. Nous vous aidons \u00e9galement \u00e0 mettre en place votre Boutique Club gr\u00e2ce \u00e0 notre exp\u00e9rience depuis 2006.<\/p>\n<p><em><b>Avec notre structure Sports Custom, nous fournissons \u00e9galement d\u2019 autres sports tels que le hand, volley, basket, foot, natation, tennis, athl\u00e9tisme, golf, p\u00e9tanque, ultimate etc\u2026 Nous \u00e9quipons aussi bien des clubs professionnels et amateurs que des F\u00e9d\u00e9rations.<\/b><\/em>[\/vc_column_text][\/vc_column][\/vc_row]<\/p>\n<\/div>","protected":false},"excerpt":{"rendered":"<p>[vc_row css=\u00a0\u00bb.vc_custom_1554061720747{padding-top: 25px !important;}\u00a0\u00bb][vc_column][vc_column_text] MISTERUGBY est une entreprise familiale Fran\u00e7aise fond\u00e9e en 2006 par deux fr\u00e8res passionn\u00e9s pour les passionn\u00e9s de l\u2019Ovalie. Nous \u00e9quipons d\u00e9sormais plus de 600 clubs en France et \u00e0 l\u2019\u00e9tranger. Nous fabriquons en France de vrais \u00e9quipements Elite destin\u00e9s aux amateurs car votre niveau de rugby ne doit pas dicter la [&hellip;]<\/p>\n","protected":false},"author":1,"featured_media":0,"parent":0,"menu_order":0,"comment_status":"closed","ping_status":"closed","template":"template-fullwidth.php","meta":{"footnotes":""},"class_list":["post-132","page","type-page","status-publish","hentry"],"yoast_head":"<!-- This site is optimized with the Yoast SEO plugin v26.9 - https:\/\/yoast.com\/product\/yoast-seo-wordpress\/ -->\n<title>Qui sommes-nous ? - rcsao<\/title>\n<meta name=\"robots\" content=\"noindex, follow, max-snippet:-1, max-image-preview:large, max-video-preview:-1\" \/>\n<meta property=\"og:locale\" content=\"fr_FR\" \/>\n<meta property=\"og:type\" content=\"article\" \/>\n<meta property=\"og:title\" content=\"Qui sommes-nous ? - rcsao\" \/>\n<meta property=\"og:description\" content=\"[vc_row css=\u00a0\u00bb.vc_custom_1554061720747{padding-top: 25px !important;}\u00a0\u00bb][vc_column][vc_column_text] MISTERUGBY est une entreprise familiale Fran\u00e7aise fond\u00e9e en 2006 par deux fr\u00e8res passionn\u00e9s pour les passionn\u00e9s de l\u2019Ovalie. Nous \u00e9quipons d\u00e9sormais plus de 600 clubs en France et \u00e0 l\u2019\u00e9tranger. Nous fabriquons en France de vrais \u00e9quipements Elite destin\u00e9s aux amateurs car votre niveau de rugby ne doit pas dicter la [&hellip;]\" \/>\n<meta property=\"og:url\" content=\"https:\/\/clubs.misterugby.com\/rcsao\/qui-sommes-nous\/\" \/>\n<meta property=\"og:site_name\" content=\"rcsao\" \/>\n<meta property=\"article:modified_time\" content=\"2022-08-02T13:21:42+00:00\" \/>\n<meta property=\"og:image\" content=\"http:\/\/clubs.misterugby.com\/base\/wp-content\/uploads\/sites\/2\/2019\/03\/qsn.jpg\" \/>\n<meta name=\"twitter:card\" content=\"summary_large_image\" \/>\n<meta name=\"twitter:label1\" content=\"Dur\u00e9e de lecture estim\u00e9e\" \/>\n\t<meta name=\"twitter:data1\" content=\"2 minutes\" \/>\n<script type=\"application\/ld+json\" class=\"yoast-schema-graph\">{\"@context\":\"https:\/\/schema.org\",\"@graph\":[{\"@type\":\"WebPage\",\"@id\":\"https:\/\/clubs.misterugby.com\/rcsao\/qui-sommes-nous\/\",\"url\":\"https:\/\/clubs.misterugby.com\/rcsao\/qui-sommes-nous\/\",\"name\":\"Qui sommes-nous ? - rcsao\",\"isPartOf\":{\"@id\":\"https:\/\/clubs.misterugby.com\/rcsao\/#website\"},\"primaryImageOfPage\":{\"@id\":\"https:\/\/clubs.misterugby.com\/rcsao\/qui-sommes-nous\/#primaryimage\"},\"image\":{\"@id\":\"https:\/\/clubs.misterugby.com\/rcsao\/qui-sommes-nous\/#primaryimage\"},\"thumbnailUrl\":\"http:\/\/clubs.misterugby.com\/base\/wp-content\/uploads\/sites\/2\/2019\/03\/qsn.jpg\",\"datePublished\":\"2019-03-06T16:54:04+00:00\",\"dateModified\":\"2022-08-02T13:21:42+00:00\",\"breadcrumb\":{\"@id\":\"https:\/\/clubs.misterugby.com\/rcsao\/qui-sommes-nous\/#breadcrumb\"},\"inLanguage\":\"fr-FR\",\"potentialAction\":[{\"@type\":\"ReadAction\",\"target\":[\"https:\/\/clubs.misterugby.com\/rcsao\/qui-sommes-nous\/\"]}]},{\"@type\":\"ImageObject\",\"inLanguage\":\"fr-FR\",\"@id\":\"https:\/\/clubs.misterugby.com\/rcsao\/qui-sommes-nous\/#primaryimage\",\"url\":\"http:\/\/clubs.misterugby.com\/base\/wp-content\/uploads\/sites\/2\/2019\/03\/qsn.jpg\",\"contentUrl\":\"http:\/\/clubs.misterugby.com\/base\/wp-content\/uploads\/sites\/2\/2019\/03\/qsn.jpg\"},{\"@type\":\"BreadcrumbList\",\"@id\":\"https:\/\/clubs.misterugby.com\/rcsao\/qui-sommes-nous\/#breadcrumb\",\"itemListElement\":[{\"@type\":\"ListItem\",\"position\":1,\"name\":\"Accueil\",\"item\":\"https:\/\/clubs.misterugby.com\/rcsao\/\"},{\"@type\":\"ListItem\",\"position\":2,\"name\":\"Qui sommes-nous ?\"}]},{\"@type\":\"WebSite\",\"@id\":\"https:\/\/clubs.misterugby.com\/rcsao\/#website\",\"url\":\"https:\/\/clubs.misterugby.com\/rcsao\/\",\"name\":\"rcsao\",\"description\":\"\",\"publisher\":{\"@id\":\"https:\/\/clubs.misterugby.com\/rcsao\/#organization\"},\"potentialAction\":[{\"@type\":\"SearchAction\",\"target\":{\"@type\":\"EntryPoint\",\"urlTemplate\":\"https:\/\/clubs.misterugby.com\/rcsao\/?s={search_term_string}\"},\"query-input\":{\"@type\":\"PropertyValueSpecification\",\"valueRequired\":true,\"valueName\":\"search_term_string\"}}],\"inLanguage\":\"fr-FR\"},{\"@type\":\"Organization\",\"@id\":\"https:\/\/clubs.misterugby.com\/rcsao\/#organization\",\"name\":\"rcsao\",\"url\":\"https:\/\/clubs.misterugby.com\/rcsao\/\",\"logo\":{\"@type\":\"ImageObject\",\"inLanguage\":\"fr-FR\",\"@id\":\"https:\/\/clubs.misterugby.com\/rcsao\/#\/schema\/logo\/image\/\",\"url\":\"https:\/\/clubs.misterugby.com\/rcsao\/wp-content\/uploads\/sites\/84\/2025\/08\/cropped-Logo-detoure.png\",\"contentUrl\":\"https:\/\/clubs.misterugby.com\/rcsao\/wp-content\/uploads\/sites\/84\/2025\/08\/cropped-Logo-detoure.png\",\"width\":1079,\"height\":1453,\"caption\":\"rcsao\"},\"image\":{\"@id\":\"https:\/\/clubs.misterugby.com\/rcsao\/#\/schema\/logo\/image\/\"}}]}<\/script>\n<!-- \/ Yoast SEO plugin. -->","yoast_head_json":{"title":"Qui sommes-nous ? - rcsao","robots":{"index":"noindex","follow":"follow","max-snippet":"max-snippet:-1","max-image-preview":"max-image-preview:large","max-video-preview":"max-video-preview:-1"},"og_locale":"fr_FR","og_type":"article","og_title":"Qui sommes-nous ? - rcsao","og_description":"[vc_row css=\u00a0\u00bb.vc_custom_1554061720747{padding-top: 25px !important;}\u00a0\u00bb][vc_column][vc_column_text] MISTERUGBY est une entreprise familiale Fran\u00e7aise fond\u00e9e en 2006 par deux fr\u00e8res passionn\u00e9s pour les passionn\u00e9s de l\u2019Ovalie. Nous \u00e9quipons d\u00e9sormais plus de 600 clubs en France et \u00e0 l\u2019\u00e9tranger. Nous fabriquons en France de vrais \u00e9quipements Elite destin\u00e9s aux amateurs car votre niveau de rugby ne doit pas dicter la [&hellip;]","og_url":"https:\/\/clubs.misterugby.com\/rcsao\/qui-sommes-nous\/","og_site_name":"rcsao","article_modified_time":"2022-08-02T13:21:42+00:00","og_image":[{"url":"http:\/\/clubs.misterugby.com\/base\/wp-content\/uploads\/sites\/2\/2019\/03\/qsn.jpg","type":"","width":"","height":""}],"twitter_card":"summary_large_image","twitter_misc":{"Dur\u00e9e de lecture estim\u00e9e":"2 minutes"},"schema":{"@context":"https:\/\/schema.org","@graph":[{"@type":"WebPage","@id":"https:\/\/clubs.misterugby.com\/rcsao\/qui-sommes-nous\/","url":"https:\/\/clubs.misterugby.com\/rcsao\/qui-sommes-nous\/","name":"Qui sommes-nous ? - rcsao","isPartOf":{"@id":"https:\/\/clubs.misterugby.com\/rcsao\/#website"},"primaryImageOfPage":{"@id":"https:\/\/clubs.misterugby.com\/rcsao\/qui-sommes-nous\/#primaryimage"},"image":{"@id":"https:\/\/clubs.misterugby.com\/rcsao\/qui-sommes-nous\/#primaryimage"},"thumbnailUrl":"http:\/\/clubs.misterugby.com\/base\/wp-content\/uploads\/sites\/2\/2019\/03\/qsn.jpg","datePublished":"2019-03-06T16:54:04+00:00","dateModified":"2022-08-02T13:21:42+00:00","breadcrumb":{"@id":"https:\/\/clubs.misterugby.com\/rcsao\/qui-sommes-nous\/#breadcrumb"},"inLanguage":"fr-FR","potentialAction":[{"@type":"ReadAction","target":["https:\/\/clubs.misterugby.com\/rcsao\/qui-sommes-nous\/"]}]},{"@type":"ImageObject","inLanguage":"fr-FR","@id":"https:\/\/clubs.misterugby.com\/rcsao\/qui-sommes-nous\/#primaryimage","url":"http:\/\/clubs.misterugby.com\/base\/wp-content\/uploads\/sites\/2\/2019\/03\/qsn.jpg","contentUrl":"http:\/\/clubs.misterugby.com\/base\/wp-content\/uploads\/sites\/2\/2019\/03\/qsn.jpg"},{"@type":"BreadcrumbList","@id":"https:\/\/clubs.misterugby.com\/rcsao\/qui-sommes-nous\/#breadcrumb","itemListElement":[{"@type":"ListItem","position":1,"name":"Accueil","item":"https:\/\/clubs.misterugby.com\/rcsao\/"},{"@type":"ListItem","position":2,"name":"Qui sommes-nous ?"}]},{"@type":"WebSite","@id":"https:\/\/clubs.misterugby.com\/rcsao\/#website","url":"https:\/\/clubs.misterugby.com\/rcsao\/","name":"rcsao","description":"","publisher":{"@id":"https:\/\/clubs.misterugby.com\/rcsao\/#organization"},"potentialAction":[{"@type":"SearchAction","target":{"@type":"EntryPoint","urlTemplate":"https:\/\/clubs.misterugby.com\/rcsao\/?s={search_term_string}"},"query-input":{"@type":"PropertyValueSpecification","valueRequired":true,"valueName":"search_term_string"}}],"inLanguage":"fr-FR"},{"@type":"Organization","@id":"https:\/\/clubs.misterugby.com\/rcsao\/#organization","name":"rcsao","url":"https:\/\/clubs.misterugby.com\/rcsao\/","logo":{"@type":"ImageObject","inLanguage":"fr-FR","@id":"https:\/\/clubs.misterugby.com\/rcsao\/#\/schema\/logo\/image\/","url":"https:\/\/clubs.misterugby.com\/rcsao\/wp-content\/uploads\/sites\/84\/2025\/08\/cropped-Logo-detoure.png","contentUrl":"https:\/\/clubs.misterugby.com\/rcsao\/wp-content\/uploads\/sites\/84\/2025\/08\/cropped-Logo-detoure.png","width":1079,"height":1453,"caption":"rcsao"},"image":{"@id":"https:\/\/clubs.misterugby.com\/rcsao\/#\/schema\/logo\/image\/"}}]}},"_links":{"self":[{"href":"https:\/\/clubs.misterugby.com\/rcsao\/wp-json\/wp\/v2\/pages\/132","targetHints":{"allow":["GET"]}}],"collection":[{"href":"https:\/\/clubs.misterugby.com\/rcsao\/wp-json\/wp\/v2\/pages"}],"about":[{"href":"https:\/\/clubs.misterugby.com\/rcsao\/wp-json\/wp\/v2\/types\/page"}],"author":[{"embeddable":true,"href":"https:\/\/clubs.misterugby.com\/rcsao\/wp-json\/wp\/v2\/users\/1"}],"replies":[{"embeddable":true,"href":"https:\/\/clubs.misterugby.com\/rcsao\/wp-json\/wp\/v2\/comments?post=132"}],"version-history":[{"count":1,"href":"https:\/\/clubs.misterugby.com\/rcsao\/wp-json\/wp\/v2\/pages\/132\/revisions"}],"predecessor-version":[{"id":10958,"href":"https:\/\/clubs.misterugby.com\/rcsao\/wp-json\/wp\/v2\/pages\/132\/revisions\/10958"}],"wp:attachment":[{"href":"https:\/\/clubs.misterugby.com\/rcsao\/wp-json\/wp\/v2\/media?parent=132"}],"curies":[{"name":"wp","href":"https:\/\/api.w.org\/{rel}","templated":true}]}}