{"id":135,"date":"2019-03-06T17:54:55","date_gmt":"2019-03-06T16:54:55","guid":{"rendered":"http:\/\/clubs.misterugby.com\/base\/?page_id=135"},"modified":"2023-01-19T10:23:13","modified_gmt":"2023-01-19T09:23:13","slug":"charte-misterugby","status":"publish","type":"page","link":"https:\/\/clubs.misterugby.com\/rcsao\/charte-misterugby\/","title":{"rendered":"Charte Misterugby"},"content":{"rendered":"<div class=\"wpb-content-wrapper\"><p>[vc_row css=\u00a0\u00bb.vc_custom_1554062264583{padding-top: 25px !important;}\u00a0\u00bb][vc_column][vc_column_text]<\/p>\n<h2 style=\"text-align: center;\">Pourquoi nous faire confiance ?<\/h2>\n<blockquote>\n<ul>\n<li>Vos achats en ligne sont 100 % s\u00e9curis\u00e9s<\/li>\n<li>Vos donn\u00e9es resteront totalement confidentielles<\/li>\n<li>Professionnels de la vente au d\u00e9tail depuis 2006<\/li>\n<li>Equipementier de plus de 600 clubs \u00e0 travers le Monde<\/li>\n<li>Un stock en temps r\u00e9el permettant la disponibilit\u00e9 r\u00e9elle des produits<\/li>\n<li>Satisfaction client garantie et service apr\u00e8s vente de qualit\u00e9<\/li>\n<li>D\u00e9lai de livraison sous 15 jours ouvr\u00e9s<\/li>\n<\/ul>\n<p>&nbsp;<\/p><\/blockquote>\n<p>[\/vc_column_text][\/vc_column][\/vc_row]<\/p>\n<\/div>","protected":false},"excerpt":{"rendered":"<p>[vc_row css=\u00a0\u00bb.vc_custom_1554062264583{padding-top: 25px !important;}\u00a0\u00bb][vc_column][vc_column_text] Pourquoi nous faire confiance ? Vos achats en ligne sont 100 % s\u00e9curis\u00e9s Vos donn\u00e9es resteront totalement confidentielles Professionnels de la vente au d\u00e9tail depuis 2006 Equipementier de plus de 600 clubs \u00e0 travers le Monde Un stock en temps r\u00e9el permettant la disponibilit\u00e9 r\u00e9elle des produits Satisfaction client garantie et [&hellip;]<\/p>\n","protected":false},"author":1,"featured_media":0,"parent":0,"menu_order":0,"comment_status":"closed","ping_status":"closed","template":"template-fullwidth.php","meta":{"footnotes":""},"class_list":["post-135","page","type-page","status-publish","hentry"],"yoast_head":"<!-- This site is optimized with the Yoast SEO plugin v26.9 - https:\/\/yoast.com\/product\/yoast-seo-wordpress\/ -->\n<title>Charte Misterugby - rcsao<\/title>\n<meta name=\"robots\" content=\"noindex, follow, max-snippet:-1, max-image-preview:large, max-video-preview:-1\" \/>\n<meta property=\"og:locale\" content=\"fr_FR\" \/>\n<meta property=\"og:type\" content=\"article\" \/>\n<meta property=\"og:title\" content=\"Charte Misterugby - rcsao\" \/>\n<meta property=\"og:description\" content=\"[vc_row css=\u00a0\u00bb.vc_custom_1554062264583{padding-top: 25px !important;}\u00a0\u00bb][vc_column][vc_column_text] Pourquoi nous faire confiance ? Vos achats en ligne sont 100 % s\u00e9curis\u00e9s Vos donn\u00e9es resteront totalement confidentielles Professionnels de la vente au d\u00e9tail depuis 2006 Equipementier de plus de 600 clubs \u00e0 travers le Monde Un stock en temps r\u00e9el permettant la disponibilit\u00e9 r\u00e9elle des produits Satisfaction client garantie et [&hellip;]\" \/>\n<meta property=\"og:url\" content=\"https:\/\/clubs.misterugby.com\/rcsao\/charte-misterugby\/\" \/>\n<meta property=\"og:site_name\" content=\"rcsao\" \/>\n<meta property=\"article:modified_time\" content=\"2023-01-19T09:23:13+00:00\" \/>\n<meta name=\"twitter:card\" content=\"summary_large_image\" \/>\n<meta name=\"twitter:label1\" content=\"Dur\u00e9e de lecture estim\u00e9e\" \/>\n\t<meta name=\"twitter:data1\" content=\"1 minute\" \/>\n<script type=\"application\/ld+json\" class=\"yoast-schema-graph\">{\"@context\":\"https:\/\/schema.org\",\"@graph\":[{\"@type\":\"WebPage\",\"@id\":\"https:\/\/clubs.misterugby.com\/rcsao\/charte-misterugby\/\",\"url\":\"https:\/\/clubs.misterugby.com\/rcsao\/charte-misterugby\/\",\"name\":\"Charte Misterugby - rcsao\",\"isPartOf\":{\"@id\":\"https:\/\/clubs.misterugby.com\/rcsao\/#website\"},\"datePublished\":\"2019-03-06T16:54:55+00:00\",\"dateModified\":\"2023-01-19T09:23:13+00:00\",\"breadcrumb\":{\"@id\":\"https:\/\/clubs.misterugby.com\/rcsao\/charte-misterugby\/#breadcrumb\"},\"inLanguage\":\"fr-FR\",\"potentialAction\":[{\"@type\":\"ReadAction\",\"target\":[\"https:\/\/clubs.misterugby.com\/rcsao\/charte-misterugby\/\"]}]},{\"@type\":\"BreadcrumbList\",\"@id\":\"https:\/\/clubs.misterugby.com\/rcsao\/charte-misterugby\/#breadcrumb\",\"itemListElement\":[{\"@type\":\"ListItem\",\"position\":1,\"name\":\"Accueil\",\"item\":\"https:\/\/clubs.misterugby.com\/rcsao\/\"},{\"@type\":\"ListItem\",\"position\":2,\"name\":\"Charte Misterugby\"}]},{\"@type\":\"WebSite\",\"@id\":\"https:\/\/clubs.misterugby.com\/rcsao\/#website\",\"url\":\"https:\/\/clubs.misterugby.com\/rcsao\/\",\"name\":\"rcsao\",\"description\":\"\",\"publisher\":{\"@id\":\"https:\/\/clubs.misterugby.com\/rcsao\/#organization\"},\"potentialAction\":[{\"@type\":\"SearchAction\",\"target\":{\"@type\":\"EntryPoint\",\"urlTemplate\":\"https:\/\/clubs.misterugby.com\/rcsao\/?s={search_term_string}\"},\"query-input\":{\"@type\":\"PropertyValueSpecification\",\"valueRequired\":true,\"valueName\":\"search_term_string\"}}],\"inLanguage\":\"fr-FR\"},{\"@type\":\"Organization\",\"@id\":\"https:\/\/clubs.misterugby.com\/rcsao\/#organization\",\"name\":\"rcsao\",\"url\":\"https:\/\/clubs.misterugby.com\/rcsao\/\",\"logo\":{\"@type\":\"ImageObject\",\"inLanguage\":\"fr-FR\",\"@id\":\"https:\/\/clubs.misterugby.com\/rcsao\/#\/schema\/logo\/image\/\",\"url\":\"https:\/\/clubs.misterugby.com\/rcsao\/wp-content\/uploads\/sites\/84\/2025\/08\/cropped-Logo-detoure.png\",\"contentUrl\":\"https:\/\/clubs.misterugby.com\/rcsao\/wp-content\/uploads\/sites\/84\/2025\/08\/cropped-Logo-detoure.png\",\"width\":1079,\"height\":1453,\"caption\":\"rcsao\"},\"image\":{\"@id\":\"https:\/\/clubs.misterugby.com\/rcsao\/#\/schema\/logo\/image\/\"}}]}<\/script>\n<!-- \/ Yoast SEO plugin. -->","yoast_head_json":{"title":"Charte Misterugby - rcsao","robots":{"index":"noindex","follow":"follow","max-snippet":"max-snippet:-1","max-image-preview":"max-image-preview:large","max-video-preview":"max-video-preview:-1"},"og_locale":"fr_FR","og_type":"article","og_title":"Charte Misterugby - rcsao","og_description":"[vc_row css=\u00a0\u00bb.vc_custom_1554062264583{padding-top: 25px !important;}\u00a0\u00bb][vc_column][vc_column_text] Pourquoi nous faire confiance ? Vos achats en ligne sont 100 % s\u00e9curis\u00e9s Vos donn\u00e9es resteront totalement confidentielles Professionnels de la vente au d\u00e9tail depuis 2006 Equipementier de plus de 600 clubs \u00e0 travers le Monde Un stock en temps r\u00e9el permettant la disponibilit\u00e9 r\u00e9elle des produits Satisfaction client garantie et [&hellip;]","og_url":"https:\/\/clubs.misterugby.com\/rcsao\/charte-misterugby\/","og_site_name":"rcsao","article_modified_time":"2023-01-19T09:23:13+00:00","twitter_card":"summary_large_image","twitter_misc":{"Dur\u00e9e de lecture estim\u00e9e":"1 minute"},"schema":{"@context":"https:\/\/schema.org","@graph":[{"@type":"WebPage","@id":"https:\/\/clubs.misterugby.com\/rcsao\/charte-misterugby\/","url":"https:\/\/clubs.misterugby.com\/rcsao\/charte-misterugby\/","name":"Charte Misterugby - rcsao","isPartOf":{"@id":"https:\/\/clubs.misterugby.com\/rcsao\/#website"},"datePublished":"2019-03-06T16:54:55+00:00","dateModified":"2023-01-19T09:23:13+00:00","breadcrumb":{"@id":"https:\/\/clubs.misterugby.com\/rcsao\/charte-misterugby\/#breadcrumb"},"inLanguage":"fr-FR","potentialAction":[{"@type":"ReadAction","target":["https:\/\/clubs.misterugby.com\/rcsao\/charte-misterugby\/"]}]},{"@type":"BreadcrumbList","@id":"https:\/\/clubs.misterugby.com\/rcsao\/charte-misterugby\/#breadcrumb","itemListElement":[{"@type":"ListItem","position":1,"name":"Accueil","item":"https:\/\/clubs.misterugby.com\/rcsao\/"},{"@type":"ListItem","position":2,"name":"Charte Misterugby"}]},{"@type":"WebSite","@id":"https:\/\/clubs.misterugby.com\/rcsao\/#website","url":"https:\/\/clubs.misterugby.com\/rcsao\/","name":"rcsao","description":"","publisher":{"@id":"https:\/\/clubs.misterugby.com\/rcsao\/#organization"},"potentialAction":[{"@type":"SearchAction","target":{"@type":"EntryPoint","urlTemplate":"https:\/\/clubs.misterugby.com\/rcsao\/?s={search_term_string}"},"query-input":{"@type":"PropertyValueSpecification","valueRequired":true,"valueName":"search_term_string"}}],"inLanguage":"fr-FR"},{"@type":"Organization","@id":"https:\/\/clubs.misterugby.com\/rcsao\/#organization","name":"rcsao","url":"https:\/\/clubs.misterugby.com\/rcsao\/","logo":{"@type":"ImageObject","inLanguage":"fr-FR","@id":"https:\/\/clubs.misterugby.com\/rcsao\/#\/schema\/logo\/image\/","url":"https:\/\/clubs.misterugby.com\/rcsao\/wp-content\/uploads\/sites\/84\/2025\/08\/cropped-Logo-detoure.png","contentUrl":"https:\/\/clubs.misterugby.com\/rcsao\/wp-content\/uploads\/sites\/84\/2025\/08\/cropped-Logo-detoure.png","width":1079,"height":1453,"caption":"rcsao"},"image":{"@id":"https:\/\/clubs.misterugby.com\/rcsao\/#\/schema\/logo\/image\/"}}]}},"_links":{"self":[{"href":"https:\/\/clubs.misterugby.com\/rcsao\/wp-json\/wp\/v2\/pages\/135","targetHints":{"allow":["GET"]}}],"collection":[{"href":"https:\/\/clubs.misterugby.com\/rcsao\/wp-json\/wp\/v2\/pages"}],"about":[{"href":"https:\/\/clubs.misterugby.com\/rcsao\/wp-json\/wp\/v2\/types\/page"}],"author":[{"embeddable":true,"href":"https:\/\/clubs.misterugby.com\/rcsao\/wp-json\/wp\/v2\/users\/1"}],"replies":[{"embeddable":true,"href":"https:\/\/clubs.misterugby.com\/rcsao\/wp-json\/wp\/v2\/comments?post=135"}],"version-history":[{"count":1,"href":"https:\/\/clubs.misterugby.com\/rcsao\/wp-json\/wp\/v2\/pages\/135\/revisions"}],"predecessor-version":[{"id":11622,"href":"https:\/\/clubs.misterugby.com\/rcsao\/wp-json\/wp\/v2\/pages\/135\/revisions\/11622"}],"wp:attachment":[{"href":"https:\/\/clubs.misterugby.com\/rcsao\/wp-json\/wp\/v2\/media?parent=135"}],"curies":[{"name":"wp","href":"https:\/\/api.w.org\/{rel}","templated":true}]}}