{"id":138,"date":"2019-03-06T17:55:16","date_gmt":"2019-03-06T16:55:16","guid":{"rendered":"http:\/\/clubs.misterugby.com\/base\/?page_id=138"},"modified":"2019-11-24T18:26:37","modified_gmt":"2019-11-24T17:26:37","slug":"confidentialite-des-donnees","status":"publish","type":"page","link":"https:\/\/clubs.misterugby.com\/rcsao\/confidentialite-des-donnees\/","title":{"rendered":"Confidentialit\u00e9 des donn\u00e9es"},"content":{"rendered":"<div class=\"wpb-content-wrapper\"><p>[vc_row css=\u00a0\u00bb.vc_custom_1554061959473{padding-top: 25px !important;}\u00a0\u00bb][vc_column][vc_column_text]Nous nous sommes engag\u00e9s \u00e0 assurer la s\u00e9curit\u00e9 des donn\u00e9es \u00e0 caract\u00e8re personnel via des proc\u00e9dures strictes au sein de notre entreprise. Pour les donn\u00e9es collect\u00e9es \u00ab\u00a0en ligne\u00a0\u00bb, nous utilisons le protocole SSL (Secure Socket Layer) qui vous garantit un haut niveau de protection. Toutes les informations v\u00e9hicul\u00e9es sont cod\u00e9es et la confidentialit\u00e9 et la s\u00e9curit\u00e9 de vos transactions sont garanties.<\/p>\n<p>\u00ab\u00a0Conform\u00e9ment \u00e0 la loi n\u00b078-17 du 6 janvier 1978, nous avons proc\u00e9d\u00e9 \u00e0 la d\u00e9claration pr\u00e9alable aupr\u00e8s de la CNIL du traitement que nous op\u00e9rons sur les donn\u00e9es personnelles (D\u00e9claration n\u00b01519954). Vous disposez d&rsquo;un droit d&rsquo;acc\u00e8s et de rectification sur vos donn\u00e9es personnelles en vous adressant par courrier \u00e0\u00a0MISTERUGBY \/ 40 RUE ST JACQUES \/ 75005 PARIS ou par email \u00e0 l&rsquo;adresse\u00a0<a href=\"mailto:contact@misterugby.com\">contact@misterugby.com<\/a>. Vous pouvez \u00e9galement vous opposer sans frais et gratuitement \u00e0 ce que\u00a0ces donn\u00e9es soient utilis\u00e9es \u00e0 des fins de prospection, notamment commerciale, par Misterugby\u00a0ou par ses partenaires commerciaux.\u00a0\u00bb.[\/vc_column_text][\/vc_column][\/vc_row]<\/p>\n<\/div>","protected":false},"excerpt":{"rendered":"<p>[vc_row css=\u00a0\u00bb.vc_custom_1554061959473{padding-top: 25px !important;}\u00a0\u00bb][vc_column][vc_column_text]Nous nous sommes engag\u00e9s \u00e0 assurer la s\u00e9curit\u00e9 des donn\u00e9es \u00e0 caract\u00e8re personnel via des proc\u00e9dures strictes au sein de notre entreprise. Pour les donn\u00e9es collect\u00e9es \u00ab\u00a0en ligne\u00a0\u00bb, nous utilisons le protocole SSL (Secure Socket Layer) qui vous garantit un haut niveau de protection. Toutes les informations v\u00e9hicul\u00e9es sont cod\u00e9es et la [&hellip;]<\/p>\n","protected":false},"author":1,"featured_media":0,"parent":0,"menu_order":0,"comment_status":"closed","ping_status":"closed","template":"template-fullwidth.php","meta":{"footnotes":""},"class_list":["post-138","page","type-page","status-publish","hentry"],"yoast_head":"<!-- This site is optimized with the Yoast SEO plugin v26.9 - https:\/\/yoast.com\/product\/yoast-seo-wordpress\/ -->\n<title>Confidentialit\u00e9 des donn\u00e9es - rcsao<\/title>\n<meta name=\"robots\" content=\"noindex, follow, max-snippet:-1, max-image-preview:large, max-video-preview:-1\" \/>\n<meta property=\"og:locale\" content=\"fr_FR\" \/>\n<meta property=\"og:type\" content=\"article\" \/>\n<meta property=\"og:title\" content=\"Confidentialit\u00e9 des donn\u00e9es - rcsao\" \/>\n<meta property=\"og:description\" content=\"[vc_row css=\u00a0\u00bb.vc_custom_1554061959473{padding-top: 25px !important;}\u00a0\u00bb][vc_column][vc_column_text]Nous nous sommes engag\u00e9s \u00e0 assurer la s\u00e9curit\u00e9 des donn\u00e9es \u00e0 caract\u00e8re personnel via des proc\u00e9dures strictes au sein de notre entreprise. Pour les donn\u00e9es collect\u00e9es \u00ab\u00a0en ligne\u00a0\u00bb, nous utilisons le protocole SSL (Secure Socket Layer) qui vous garantit un haut niveau de protection. Toutes les informations v\u00e9hicul\u00e9es sont cod\u00e9es et la [&hellip;]\" \/>\n<meta property=\"og:url\" content=\"https:\/\/clubs.misterugby.com\/rcsao\/confidentialite-des-donnees\/\" \/>\n<meta property=\"og:site_name\" content=\"rcsao\" \/>\n<meta property=\"article:modified_time\" content=\"2019-11-24T17:26:37+00:00\" \/>\n<meta name=\"twitter:card\" content=\"summary_large_image\" \/>\n<meta name=\"twitter:label1\" content=\"Dur\u00e9e de lecture estim\u00e9e\" \/>\n\t<meta name=\"twitter:data1\" content=\"1 minute\" \/>\n<script type=\"application\/ld+json\" class=\"yoast-schema-graph\">{\"@context\":\"https:\/\/schema.org\",\"@graph\":[{\"@type\":\"WebPage\",\"@id\":\"https:\/\/clubs.misterugby.com\/rcsao\/confidentialite-des-donnees\/\",\"url\":\"https:\/\/clubs.misterugby.com\/rcsao\/confidentialite-des-donnees\/\",\"name\":\"Confidentialit\u00e9 des donn\u00e9es - rcsao\",\"isPartOf\":{\"@id\":\"https:\/\/clubs.misterugby.com\/rcsao\/#website\"},\"datePublished\":\"2019-03-06T16:55:16+00:00\",\"dateModified\":\"2019-11-24T17:26:37+00:00\",\"breadcrumb\":{\"@id\":\"https:\/\/clubs.misterugby.com\/rcsao\/confidentialite-des-donnees\/#breadcrumb\"},\"inLanguage\":\"fr-FR\",\"potentialAction\":[{\"@type\":\"ReadAction\",\"target\":[\"https:\/\/clubs.misterugby.com\/rcsao\/confidentialite-des-donnees\/\"]}]},{\"@type\":\"BreadcrumbList\",\"@id\":\"https:\/\/clubs.misterugby.com\/rcsao\/confidentialite-des-donnees\/#breadcrumb\",\"itemListElement\":[{\"@type\":\"ListItem\",\"position\":1,\"name\":\"Accueil\",\"item\":\"https:\/\/clubs.misterugby.com\/rcsao\/\"},{\"@type\":\"ListItem\",\"position\":2,\"name\":\"Confidentialit\u00e9 des donn\u00e9es\"}]},{\"@type\":\"WebSite\",\"@id\":\"https:\/\/clubs.misterugby.com\/rcsao\/#website\",\"url\":\"https:\/\/clubs.misterugby.com\/rcsao\/\",\"name\":\"rcsao\",\"description\":\"\",\"publisher\":{\"@id\":\"https:\/\/clubs.misterugby.com\/rcsao\/#organization\"},\"potentialAction\":[{\"@type\":\"SearchAction\",\"target\":{\"@type\":\"EntryPoint\",\"urlTemplate\":\"https:\/\/clubs.misterugby.com\/rcsao\/?s={search_term_string}\"},\"query-input\":{\"@type\":\"PropertyValueSpecification\",\"valueRequired\":true,\"valueName\":\"search_term_string\"}}],\"inLanguage\":\"fr-FR\"},{\"@type\":\"Organization\",\"@id\":\"https:\/\/clubs.misterugby.com\/rcsao\/#organization\",\"name\":\"rcsao\",\"url\":\"https:\/\/clubs.misterugby.com\/rcsao\/\",\"logo\":{\"@type\":\"ImageObject\",\"inLanguage\":\"fr-FR\",\"@id\":\"https:\/\/clubs.misterugby.com\/rcsao\/#\/schema\/logo\/image\/\",\"url\":\"https:\/\/clubs.misterugby.com\/rcsao\/wp-content\/uploads\/sites\/84\/2025\/08\/cropped-Logo-detoure.png\",\"contentUrl\":\"https:\/\/clubs.misterugby.com\/rcsao\/wp-content\/uploads\/sites\/84\/2025\/08\/cropped-Logo-detoure.png\",\"width\":1079,\"height\":1453,\"caption\":\"rcsao\"},\"image\":{\"@id\":\"https:\/\/clubs.misterugby.com\/rcsao\/#\/schema\/logo\/image\/\"}}]}<\/script>\n<!-- \/ Yoast SEO plugin. -->","yoast_head_json":{"title":"Confidentialit\u00e9 des donn\u00e9es - rcsao","robots":{"index":"noindex","follow":"follow","max-snippet":"max-snippet:-1","max-image-preview":"max-image-preview:large","max-video-preview":"max-video-preview:-1"},"og_locale":"fr_FR","og_type":"article","og_title":"Confidentialit\u00e9 des donn\u00e9es - rcsao","og_description":"[vc_row css=\u00a0\u00bb.vc_custom_1554061959473{padding-top: 25px !important;}\u00a0\u00bb][vc_column][vc_column_text]Nous nous sommes engag\u00e9s \u00e0 assurer la s\u00e9curit\u00e9 des donn\u00e9es \u00e0 caract\u00e8re personnel via des proc\u00e9dures strictes au sein de notre entreprise. Pour les donn\u00e9es collect\u00e9es \u00ab\u00a0en ligne\u00a0\u00bb, nous utilisons le protocole SSL (Secure Socket Layer) qui vous garantit un haut niveau de protection. Toutes les informations v\u00e9hicul\u00e9es sont cod\u00e9es et la [&hellip;]","og_url":"https:\/\/clubs.misterugby.com\/rcsao\/confidentialite-des-donnees\/","og_site_name":"rcsao","article_modified_time":"2019-11-24T17:26:37+00:00","twitter_card":"summary_large_image","twitter_misc":{"Dur\u00e9e de lecture estim\u00e9e":"1 minute"},"schema":{"@context":"https:\/\/schema.org","@graph":[{"@type":"WebPage","@id":"https:\/\/clubs.misterugby.com\/rcsao\/confidentialite-des-donnees\/","url":"https:\/\/clubs.misterugby.com\/rcsao\/confidentialite-des-donnees\/","name":"Confidentialit\u00e9 des donn\u00e9es - rcsao","isPartOf":{"@id":"https:\/\/clubs.misterugby.com\/rcsao\/#website"},"datePublished":"2019-03-06T16:55:16+00:00","dateModified":"2019-11-24T17:26:37+00:00","breadcrumb":{"@id":"https:\/\/clubs.misterugby.com\/rcsao\/confidentialite-des-donnees\/#breadcrumb"},"inLanguage":"fr-FR","potentialAction":[{"@type":"ReadAction","target":["https:\/\/clubs.misterugby.com\/rcsao\/confidentialite-des-donnees\/"]}]},{"@type":"BreadcrumbList","@id":"https:\/\/clubs.misterugby.com\/rcsao\/confidentialite-des-donnees\/#breadcrumb","itemListElement":[{"@type":"ListItem","position":1,"name":"Accueil","item":"https:\/\/clubs.misterugby.com\/rcsao\/"},{"@type":"ListItem","position":2,"name":"Confidentialit\u00e9 des donn\u00e9es"}]},{"@type":"WebSite","@id":"https:\/\/clubs.misterugby.com\/rcsao\/#website","url":"https:\/\/clubs.misterugby.com\/rcsao\/","name":"rcsao","description":"","publisher":{"@id":"https:\/\/clubs.misterugby.com\/rcsao\/#organization"},"potentialAction":[{"@type":"SearchAction","target":{"@type":"EntryPoint","urlTemplate":"https:\/\/clubs.misterugby.com\/rcsao\/?s={search_term_string}"},"query-input":{"@type":"PropertyValueSpecification","valueRequired":true,"valueName":"search_term_string"}}],"inLanguage":"fr-FR"},{"@type":"Organization","@id":"https:\/\/clubs.misterugby.com\/rcsao\/#organization","name":"rcsao","url":"https:\/\/clubs.misterugby.com\/rcsao\/","logo":{"@type":"ImageObject","inLanguage":"fr-FR","@id":"https:\/\/clubs.misterugby.com\/rcsao\/#\/schema\/logo\/image\/","url":"https:\/\/clubs.misterugby.com\/rcsao\/wp-content\/uploads\/sites\/84\/2025\/08\/cropped-Logo-detoure.png","contentUrl":"https:\/\/clubs.misterugby.com\/rcsao\/wp-content\/uploads\/sites\/84\/2025\/08\/cropped-Logo-detoure.png","width":1079,"height":1453,"caption":"rcsao"},"image":{"@id":"https:\/\/clubs.misterugby.com\/rcsao\/#\/schema\/logo\/image\/"}}]}},"_links":{"self":[{"href":"https:\/\/clubs.misterugby.com\/rcsao\/wp-json\/wp\/v2\/pages\/138","targetHints":{"allow":["GET"]}}],"collection":[{"href":"https:\/\/clubs.misterugby.com\/rcsao\/wp-json\/wp\/v2\/pages"}],"about":[{"href":"https:\/\/clubs.misterugby.com\/rcsao\/wp-json\/wp\/v2\/types\/page"}],"author":[{"embeddable":true,"href":"https:\/\/clubs.misterugby.com\/rcsao\/wp-json\/wp\/v2\/users\/1"}],"replies":[{"embeddable":true,"href":"https:\/\/clubs.misterugby.com\/rcsao\/wp-json\/wp\/v2\/comments?post=138"}],"version-history":[{"count":0,"href":"https:\/\/clubs.misterugby.com\/rcsao\/wp-json\/wp\/v2\/pages\/138\/revisions"}],"wp:attachment":[{"href":"https:\/\/clubs.misterugby.com\/rcsao\/wp-json\/wp\/v2\/media?parent=138"}],"curies":[{"name":"wp","href":"https:\/\/api.w.org\/{rel}","templated":true}]}}