{"id":142,"date":"2019-03-06T17:56:12","date_gmt":"2019-03-06T16:56:12","guid":{"rendered":"http:\/\/clubs.misterugby.com\/base\/?page_id=142"},"modified":"2022-08-04T15:24:42","modified_gmt":"2022-08-04T13:24:42","slug":"livraison","status":"publish","type":"page","link":"https:\/\/clubs.misterugby.com\/rcsao\/livraison\/","title":{"rendered":"Livraison"},"content":{"rendered":"<div class=\"wpb-content-wrapper\"><p>[vc_row css=\u00a0\u00bb.vc_custom_1554061352971{padding-top: 25px !important;}\u00a0\u00bb][vc_column][vc_column_text]<\/p>\n<p style=\"text-align: center;\"><strong>Votre boutique Club en ligne est ouverte du 1er au 5 de chaque mois. Le temps de fabrication est de 15 jours ouvr\u00e9s.<\/strong><\/p>\n<p style=\"text-align: center;\">Vous serez pr\u00e9venu par mail de la disponibilit\u00e9 de votre commande ou de l\u2019 envoi de celle-ci via un num\u00e9ro de suivi<\/p>\n<p style=\"text-align: center;\">( d\u00e9lais de 48 h\u00a0 au d\u00e9part de nos locaux )<\/p>\n<p style=\"text-align: center;\"><strong>Votre boutique est ferm\u00e9e les mois d\u2019 Aout et Janvier<\/strong><\/p>\n<hr \/>\n<p>[\/vc_column_text][\/vc_column][\/vc_row][vc_row equal_height=\u00a0\u00bbyes\u00a0\u00bb][vc_column width=\u00a0\u00bb1\/2&Prime;][vc_column_text]<img loading=\"lazy\" decoding=\"async\" class=\"aligncenter wp-image-190\" src=\"http:\/\/clubs.misterugby.com\/base\/wp-content\/uploads\/sites\/2\/2019\/03\/Sans-titre-2-3.jpg\" alt=\"\" width=\"206\" height=\"170\" \/><\/p>\n<p style=\"text-align: center;\"><em><strong>FRANCE\u00a0<\/strong><\/em><b><i>M\u00c9TROPOLITAINE<\/i><\/b><\/p>\n<p style=\"text-align: center;\">Livraison \u00e0 domicile en Colissimo suivi = 6<em><strong>\u00a0euros<\/strong><\/em><\/p>\n<p style=\"text-align: center;\"><em><strong>Livraison OFFERTE \u00e0 partir de 150 \u20ac d&rsquo; achat<\/strong><\/em><\/p>\n<p style=\"text-align: center;\">( 48 h de d\u00e9lais au d\u00e9part de nos locaux )<\/p>\n<p>[\/vc_column_text][\/vc_column][\/vc_row][vc_row][vc_column width=\u00a0\u00bb1\/2&Prime;][vc_column_text]<img loading=\"lazy\" decoding=\"async\" class=\"aligncenter wp-image-191\" src=\"http:\/\/clubs.misterugby.com\/base\/wp-content\/uploads\/sites\/2\/2019\/03\/Sans-titre-4.jpg\" alt=\"\" width=\"214\" height=\"170\" \/><\/p>\n<p style=\"text-align: center;\"><em><strong>DOM TOM ET HORS UNION EUROPEENNE<\/strong><\/em><\/p>\n<p style=\"text-align: center;\">Livraison \u00e0 domicile en Colissimo Expert international =\u00a0<em><strong>30 euros<\/strong><\/em><\/p>\n<p style=\"text-align: center;\">( d\u00e9lais de 5 \u00e0 8 jours ouvr\u00e9s au d\u00e9part de nos locaux )<\/p>\n<p>[\/vc_column_text][\/vc_column][vc_column width=\u00a0\u00bb1\/2&Prime;][vc_column_text]<img loading=\"lazy\" decoding=\"async\" class=\"aligncenter wp-image-212\" src=\"http:\/\/clubs.misterugby.com\/base\/wp-content\/uploads\/sites\/2\/2019\/03\/colissimo-europe.jpg\" alt=\"\" width=\"206\" height=\"170\" \/><\/p>\n<p style=\"text-align: center;\"><em><strong>EUROPE<\/strong><\/em><\/p>\n<p style=\"text-align: center;\">Livraison \u00e0 domicile en Colissimo suivi Expert =15<em><strong>\u00a0euros<\/strong><\/em><\/p>\n<p style=\"text-align: center;\">( d\u00e9lais de 3 \u00e0 5 jours ouvr\u00e9s au d\u00e9part de nos locaux )<\/p>\n<p>[\/vc_column_text][\/vc_column][\/vc_row]<\/p>\n<\/div>","protected":false},"excerpt":{"rendered":"<p>[vc_row css=\u00a0\u00bb.vc_custom_1554061352971{padding-top: 25px !important;}\u00a0\u00bb][vc_column][vc_column_text] Votre boutique Club en ligne est ouverte du 1er au 5 de chaque mois. Le temps de fabrication est de 15 jours ouvr\u00e9s. Vous serez pr\u00e9venu par mail de la disponibilit\u00e9 de votre commande ou de l\u2019 envoi de celle-ci via un num\u00e9ro de suivi ( d\u00e9lais de 48 h\u00a0 au [&hellip;]<\/p>\n","protected":false},"author":1,"featured_media":0,"parent":0,"menu_order":0,"comment_status":"closed","ping_status":"closed","template":"template-fullwidth.php","meta":{"footnotes":""},"class_list":["post-142","page","type-page","status-publish","hentry"],"yoast_head":"<!-- This site is optimized with the Yoast SEO plugin v26.9 - https:\/\/yoast.com\/product\/yoast-seo-wordpress\/ -->\n<title>Livraison - rcsao<\/title>\n<meta name=\"robots\" content=\"noindex, follow, max-snippet:-1, max-image-preview:large, max-video-preview:-1\" \/>\n<meta property=\"og:locale\" content=\"fr_FR\" \/>\n<meta property=\"og:type\" content=\"article\" \/>\n<meta property=\"og:title\" content=\"Livraison - rcsao\" \/>\n<meta property=\"og:description\" content=\"[vc_row css=\u00a0\u00bb.vc_custom_1554061352971{padding-top: 25px !important;}\u00a0\u00bb][vc_column][vc_column_text] Votre boutique Club en ligne est ouverte du 1er au 5 de chaque mois. Le temps de fabrication est de 15 jours ouvr\u00e9s. Vous serez pr\u00e9venu par mail de la disponibilit\u00e9 de votre commande ou de l\u2019 envoi de celle-ci via un num\u00e9ro de suivi ( d\u00e9lais de 48 h\u00a0 au [&hellip;]\" \/>\n<meta property=\"og:url\" content=\"https:\/\/clubs.misterugby.com\/rcsao\/livraison\/\" \/>\n<meta property=\"og:site_name\" content=\"rcsao\" \/>\n<meta property=\"article:modified_time\" content=\"2022-08-04T13:24:42+00:00\" \/>\n<meta property=\"og:image\" content=\"http:\/\/clubs.misterugby.com\/base\/wp-content\/uploads\/sites\/2\/2019\/03\/Sans-titre-2-3.jpg\" \/>\n<meta name=\"twitter:card\" content=\"summary_large_image\" \/>\n<meta name=\"twitter:label1\" content=\"Dur\u00e9e de lecture estim\u00e9e\" \/>\n\t<meta name=\"twitter:data1\" content=\"2 minutes\" \/>\n<script type=\"application\/ld+json\" class=\"yoast-schema-graph\">{\"@context\":\"https:\/\/schema.org\",\"@graph\":[{\"@type\":\"WebPage\",\"@id\":\"https:\/\/clubs.misterugby.com\/rcsao\/livraison\/\",\"url\":\"https:\/\/clubs.misterugby.com\/rcsao\/livraison\/\",\"name\":\"Livraison - rcsao\",\"isPartOf\":{\"@id\":\"https:\/\/clubs.misterugby.com\/rcsao\/#website\"},\"primaryImageOfPage\":{\"@id\":\"https:\/\/clubs.misterugby.com\/rcsao\/livraison\/#primaryimage\"},\"image\":{\"@id\":\"https:\/\/clubs.misterugby.com\/rcsao\/livraison\/#primaryimage\"},\"thumbnailUrl\":\"http:\/\/clubs.misterugby.com\/base\/wp-content\/uploads\/sites\/2\/2019\/03\/Sans-titre-2-3.jpg\",\"datePublished\":\"2019-03-06T16:56:12+00:00\",\"dateModified\":\"2022-08-04T13:24:42+00:00\",\"breadcrumb\":{\"@id\":\"https:\/\/clubs.misterugby.com\/rcsao\/livraison\/#breadcrumb\"},\"inLanguage\":\"fr-FR\",\"potentialAction\":[{\"@type\":\"ReadAction\",\"target\":[\"https:\/\/clubs.misterugby.com\/rcsao\/livraison\/\"]}]},{\"@type\":\"ImageObject\",\"inLanguage\":\"fr-FR\",\"@id\":\"https:\/\/clubs.misterugby.com\/rcsao\/livraison\/#primaryimage\",\"url\":\"http:\/\/clubs.misterugby.com\/base\/wp-content\/uploads\/sites\/2\/2019\/03\/Sans-titre-2-3.jpg\",\"contentUrl\":\"http:\/\/clubs.misterugby.com\/base\/wp-content\/uploads\/sites\/2\/2019\/03\/Sans-titre-2-3.jpg\"},{\"@type\":\"BreadcrumbList\",\"@id\":\"https:\/\/clubs.misterugby.com\/rcsao\/livraison\/#breadcrumb\",\"itemListElement\":[{\"@type\":\"ListItem\",\"position\":1,\"name\":\"Accueil\",\"item\":\"https:\/\/clubs.misterugby.com\/rcsao\/\"},{\"@type\":\"ListItem\",\"position\":2,\"name\":\"Livraison\"}]},{\"@type\":\"WebSite\",\"@id\":\"https:\/\/clubs.misterugby.com\/rcsao\/#website\",\"url\":\"https:\/\/clubs.misterugby.com\/rcsao\/\",\"name\":\"rcsao\",\"description\":\"\",\"publisher\":{\"@id\":\"https:\/\/clubs.misterugby.com\/rcsao\/#organization\"},\"potentialAction\":[{\"@type\":\"SearchAction\",\"target\":{\"@type\":\"EntryPoint\",\"urlTemplate\":\"https:\/\/clubs.misterugby.com\/rcsao\/?s={search_term_string}\"},\"query-input\":{\"@type\":\"PropertyValueSpecification\",\"valueRequired\":true,\"valueName\":\"search_term_string\"}}],\"inLanguage\":\"fr-FR\"},{\"@type\":\"Organization\",\"@id\":\"https:\/\/clubs.misterugby.com\/rcsao\/#organization\",\"name\":\"rcsao\",\"url\":\"https:\/\/clubs.misterugby.com\/rcsao\/\",\"logo\":{\"@type\":\"ImageObject\",\"inLanguage\":\"fr-FR\",\"@id\":\"https:\/\/clubs.misterugby.com\/rcsao\/#\/schema\/logo\/image\/\",\"url\":\"https:\/\/clubs.misterugby.com\/rcsao\/wp-content\/uploads\/sites\/84\/2025\/08\/cropped-Logo-detoure.png\",\"contentUrl\":\"https:\/\/clubs.misterugby.com\/rcsao\/wp-content\/uploads\/sites\/84\/2025\/08\/cropped-Logo-detoure.png\",\"width\":1079,\"height\":1453,\"caption\":\"rcsao\"},\"image\":{\"@id\":\"https:\/\/clubs.misterugby.com\/rcsao\/#\/schema\/logo\/image\/\"}}]}<\/script>\n<!-- \/ Yoast SEO plugin. -->","yoast_head_json":{"title":"Livraison - rcsao","robots":{"index":"noindex","follow":"follow","max-snippet":"max-snippet:-1","max-image-preview":"max-image-preview:large","max-video-preview":"max-video-preview:-1"},"og_locale":"fr_FR","og_type":"article","og_title":"Livraison - rcsao","og_description":"[vc_row css=\u00a0\u00bb.vc_custom_1554061352971{padding-top: 25px !important;}\u00a0\u00bb][vc_column][vc_column_text] Votre boutique Club en ligne est ouverte du 1er au 5 de chaque mois. Le temps de fabrication est de 15 jours ouvr\u00e9s. Vous serez pr\u00e9venu par mail de la disponibilit\u00e9 de votre commande ou de l\u2019 envoi de celle-ci via un num\u00e9ro de suivi ( d\u00e9lais de 48 h\u00a0 au [&hellip;]","og_url":"https:\/\/clubs.misterugby.com\/rcsao\/livraison\/","og_site_name":"rcsao","article_modified_time":"2022-08-04T13:24:42+00:00","og_image":[{"url":"http:\/\/clubs.misterugby.com\/base\/wp-content\/uploads\/sites\/2\/2019\/03\/Sans-titre-2-3.jpg","type":"","width":"","height":""}],"twitter_card":"summary_large_image","twitter_misc":{"Dur\u00e9e de lecture estim\u00e9e":"2 minutes"},"schema":{"@context":"https:\/\/schema.org","@graph":[{"@type":"WebPage","@id":"https:\/\/clubs.misterugby.com\/rcsao\/livraison\/","url":"https:\/\/clubs.misterugby.com\/rcsao\/livraison\/","name":"Livraison - rcsao","isPartOf":{"@id":"https:\/\/clubs.misterugby.com\/rcsao\/#website"},"primaryImageOfPage":{"@id":"https:\/\/clubs.misterugby.com\/rcsao\/livraison\/#primaryimage"},"image":{"@id":"https:\/\/clubs.misterugby.com\/rcsao\/livraison\/#primaryimage"},"thumbnailUrl":"http:\/\/clubs.misterugby.com\/base\/wp-content\/uploads\/sites\/2\/2019\/03\/Sans-titre-2-3.jpg","datePublished":"2019-03-06T16:56:12+00:00","dateModified":"2022-08-04T13:24:42+00:00","breadcrumb":{"@id":"https:\/\/clubs.misterugby.com\/rcsao\/livraison\/#breadcrumb"},"inLanguage":"fr-FR","potentialAction":[{"@type":"ReadAction","target":["https:\/\/clubs.misterugby.com\/rcsao\/livraison\/"]}]},{"@type":"ImageObject","inLanguage":"fr-FR","@id":"https:\/\/clubs.misterugby.com\/rcsao\/livraison\/#primaryimage","url":"http:\/\/clubs.misterugby.com\/base\/wp-content\/uploads\/sites\/2\/2019\/03\/Sans-titre-2-3.jpg","contentUrl":"http:\/\/clubs.misterugby.com\/base\/wp-content\/uploads\/sites\/2\/2019\/03\/Sans-titre-2-3.jpg"},{"@type":"BreadcrumbList","@id":"https:\/\/clubs.misterugby.com\/rcsao\/livraison\/#breadcrumb","itemListElement":[{"@type":"ListItem","position":1,"name":"Accueil","item":"https:\/\/clubs.misterugby.com\/rcsao\/"},{"@type":"ListItem","position":2,"name":"Livraison"}]},{"@type":"WebSite","@id":"https:\/\/clubs.misterugby.com\/rcsao\/#website","url":"https:\/\/clubs.misterugby.com\/rcsao\/","name":"rcsao","description":"","publisher":{"@id":"https:\/\/clubs.misterugby.com\/rcsao\/#organization"},"potentialAction":[{"@type":"SearchAction","target":{"@type":"EntryPoint","urlTemplate":"https:\/\/clubs.misterugby.com\/rcsao\/?s={search_term_string}"},"query-input":{"@type":"PropertyValueSpecification","valueRequired":true,"valueName":"search_term_string"}}],"inLanguage":"fr-FR"},{"@type":"Organization","@id":"https:\/\/clubs.misterugby.com\/rcsao\/#organization","name":"rcsao","url":"https:\/\/clubs.misterugby.com\/rcsao\/","logo":{"@type":"ImageObject","inLanguage":"fr-FR","@id":"https:\/\/clubs.misterugby.com\/rcsao\/#\/schema\/logo\/image\/","url":"https:\/\/clubs.misterugby.com\/rcsao\/wp-content\/uploads\/sites\/84\/2025\/08\/cropped-Logo-detoure.png","contentUrl":"https:\/\/clubs.misterugby.com\/rcsao\/wp-content\/uploads\/sites\/84\/2025\/08\/cropped-Logo-detoure.png","width":1079,"height":1453,"caption":"rcsao"},"image":{"@id":"https:\/\/clubs.misterugby.com\/rcsao\/#\/schema\/logo\/image\/"}}]}},"_links":{"self":[{"href":"https:\/\/clubs.misterugby.com\/rcsao\/wp-json\/wp\/v2\/pages\/142","targetHints":{"allow":["GET"]}}],"collection":[{"href":"https:\/\/clubs.misterugby.com\/rcsao\/wp-json\/wp\/v2\/pages"}],"about":[{"href":"https:\/\/clubs.misterugby.com\/rcsao\/wp-json\/wp\/v2\/types\/page"}],"author":[{"embeddable":true,"href":"https:\/\/clubs.misterugby.com\/rcsao\/wp-json\/wp\/v2\/users\/1"}],"replies":[{"embeddable":true,"href":"https:\/\/clubs.misterugby.com\/rcsao\/wp-json\/wp\/v2\/comments?post=142"}],"version-history":[{"count":1,"href":"https:\/\/clubs.misterugby.com\/rcsao\/wp-json\/wp\/v2\/pages\/142\/revisions"}],"predecessor-version":[{"id":10960,"href":"https:\/\/clubs.misterugby.com\/rcsao\/wp-json\/wp\/v2\/pages\/142\/revisions\/10960"}],"wp:attachment":[{"href":"https:\/\/clubs.misterugby.com\/rcsao\/wp-json\/wp\/v2\/media?parent=142"}],"curies":[{"name":"wp","href":"https:\/\/api.w.org\/{rel}","templated":true}]}}