{"id":13578,"date":"2023-08-17T12:35:32","date_gmt":"2023-08-17T10:35:32","guid":{"rendered":"https:\/\/clubs.misterugby.com\/rcsao\/produit\/bodywarmer-force-xv-homme-marine-adulte-modele-force\/"},"modified":"2026-03-20T11:23:37","modified_gmt":"2026-03-20T10:23:37","slug":"bodywarmer-force-xv-homme-marine-adulte-modele-force","status":"publish","type":"product","link":"https:\/\/clubs.misterugby.com\/rcsao\/produit\/bodywarmer-force-xv-homme-marine-adulte-modele-force\/","title":{"rendered":"Bodywarmer Force XV homme Marine  Adulte \u2013 mod\u00e8le FORCE 2"},"content":{"rendered":"","protected":false},"excerpt":{"rendered":"<ul>\n<li>Ext\u00e9rieur 100% polyester<\/li>\n<li>doublure 100 polyester<\/li>\n<li>1 poche int\u00e9rieure scratch\u00e9e<\/li>\n<li>Effet matelass\u00e9 moderne gr\u00e2ce aux emplacements du duvet qui donnent l\u2019impression de motifs g\u00e9om\u00e9triques<\/li>\n<li>2 poches lat\u00e9rales zipp\u00e9es<\/li>\n<li>460 g<\/li>\n<li>Logo brod\u00e9<\/li>\n<\/ul>\n","protected":false},"featured_media":13697,"template":"","meta":[],"product_brand":[],"product_cat":[89,39],"product_tag":[],"class_list":{"0":"post-13578","1":"product","2":"type-product","3":"status-publish","4":"has-post-thumbnail","6":"product_cat-presentation","7":"product_cat-homme","9":"first","10":"instock","11":"taxable","12":"shipping-taxable","13":"purchasable","14":"product-type-variable"},"yoast_head":"<!-- This site is optimized with the Yoast SEO plugin v26.9 - https:\/\/yoast.com\/product\/yoast-seo-wordpress\/ -->\n<title>Bodywarmer Force XV homme Marine Adulte \u2013 mod\u00e8le FORCE 2 - rcsao<\/title>\n<meta name=\"robots\" content=\"noindex, follow, max-snippet:-1, max-image-preview:large, max-video-preview:-1\" \/>\n<meta property=\"og:locale\" content=\"fr_FR\" \/>\n<meta property=\"og:type\" content=\"article\" \/>\n<meta property=\"og:title\" content=\"Bodywarmer Force XV homme Marine Adulte \u2013 mod\u00e8le FORCE 2 - rcsao\" \/>\n<meta property=\"og:description\" content=\"Ext\u00e9rieur 100% polyester  doublure 100 polyester  1 poche int\u00e9rieure scratch\u00e9e  Effet matelass\u00e9 moderne gr\u00e2ce aux emplacements du duvet qui donnent l\u2019impression de motifs g\u00e9om\u00e9triques  2 poches lat\u00e9rales zipp\u00e9es  460 g  Logo brod\u00e9\" \/>\n<meta property=\"og:url\" content=\"https:\/\/clubs.misterugby.com\/rcsao\/produit\/bodywarmer-force-xv-homme-marine-adulte-modele-force\/\" \/>\n<meta property=\"og:site_name\" content=\"rcsao\" \/>\n<meta property=\"article:modified_time\" content=\"2026-03-20T10:23:37+00:00\" \/>\n<meta property=\"og:image\" content=\"http:\/\/clubs.misterugby.com\/rcsao\/wp-content\/uploads\/sites\/84\/2025\/07\/12.jpg\" \/>\n\t<meta property=\"og:image:width\" content=\"1000\" \/>\n\t<meta property=\"og:image:height\" content=\"1000\" \/>\n\t<meta property=\"og:image:type\" content=\"image\/jpeg\" \/>\n<meta name=\"twitter:card\" content=\"summary_large_image\" \/>\n<script type=\"application\/ld+json\" class=\"yoast-schema-graph\">{\"@context\":\"https:\/\/schema.org\",\"@graph\":[{\"@type\":\"WebPage\",\"@id\":\"https:\/\/clubs.misterugby.com\/rcsao\/produit\/bodywarmer-force-xv-homme-marine-adulte-modele-force\/\",\"url\":\"https:\/\/clubs.misterugby.com\/rcsao\/produit\/bodywarmer-force-xv-homme-marine-adulte-modele-force\/\",\"name\":\"Bodywarmer Force XV homme Marine Adulte \u2013 mod\u00e8le FORCE 2 - rcsao\",\"isPartOf\":{\"@id\":\"https:\/\/clubs.misterugby.com\/rcsao\/#website\"},\"primaryImageOfPage\":{\"@id\":\"https:\/\/clubs.misterugby.com\/rcsao\/produit\/bodywarmer-force-xv-homme-marine-adulte-modele-force\/#primaryimage\"},\"image\":{\"@id\":\"https:\/\/clubs.misterugby.com\/rcsao\/produit\/bodywarmer-force-xv-homme-marine-adulte-modele-force\/#primaryimage\"},\"thumbnailUrl\":\"https:\/\/clubs.misterugby.com\/rcsao\/wp-content\/uploads\/sites\/84\/2025\/07\/12.jpg\",\"datePublished\":\"2023-08-17T10:35:32+00:00\",\"dateModified\":\"2026-03-20T10:23:37+00:00\",\"breadcrumb\":{\"@id\":\"https:\/\/clubs.misterugby.com\/rcsao\/produit\/bodywarmer-force-xv-homme-marine-adulte-modele-force\/#breadcrumb\"},\"inLanguage\":\"fr-FR\",\"potentialAction\":[{\"@type\":\"ReadAction\",\"target\":[\"https:\/\/clubs.misterugby.com\/rcsao\/produit\/bodywarmer-force-xv-homme-marine-adulte-modele-force\/\"]}]},{\"@type\":\"ImageObject\",\"inLanguage\":\"fr-FR\",\"@id\":\"https:\/\/clubs.misterugby.com\/rcsao\/produit\/bodywarmer-force-xv-homme-marine-adulte-modele-force\/#primaryimage\",\"url\":\"https:\/\/clubs.misterugby.com\/rcsao\/wp-content\/uploads\/sites\/84\/2025\/07\/12.jpg\",\"contentUrl\":\"https:\/\/clubs.misterugby.com\/rcsao\/wp-content\/uploads\/sites\/84\/2025\/07\/12.jpg\",\"width\":1000,\"height\":1000},{\"@type\":\"BreadcrumbList\",\"@id\":\"https:\/\/clubs.misterugby.com\/rcsao\/produit\/bodywarmer-force-xv-homme-marine-adulte-modele-force\/#breadcrumb\",\"itemListElement\":[{\"@type\":\"ListItem\",\"position\":1,\"name\":\"Accueil\",\"item\":\"https:\/\/clubs.misterugby.com\/rcsao\/\"},{\"@type\":\"ListItem\",\"position\":2,\"name\":\"Boutique\",\"item\":\"https:\/\/clubs.misterugby.com\/rcsao\/\"},{\"@type\":\"ListItem\",\"position\":3,\"name\":\"Bodywarmer Force XV homme Marine Adulte \u2013 mod\u00e8le FORCE 2\"}]},{\"@type\":\"WebSite\",\"@id\":\"https:\/\/clubs.misterugby.com\/rcsao\/#website\",\"url\":\"https:\/\/clubs.misterugby.com\/rcsao\/\",\"name\":\"rcsao\",\"description\":\"\",\"publisher\":{\"@id\":\"https:\/\/clubs.misterugby.com\/rcsao\/#organization\"},\"potentialAction\":[{\"@type\":\"SearchAction\",\"target\":{\"@type\":\"EntryPoint\",\"urlTemplate\":\"https:\/\/clubs.misterugby.com\/rcsao\/?s={search_term_string}\"},\"query-input\":{\"@type\":\"PropertyValueSpecification\",\"valueRequired\":true,\"valueName\":\"search_term_string\"}}],\"inLanguage\":\"fr-FR\"},{\"@type\":\"Organization\",\"@id\":\"https:\/\/clubs.misterugby.com\/rcsao\/#organization\",\"name\":\"rcsao\",\"url\":\"https:\/\/clubs.misterugby.com\/rcsao\/\",\"logo\":{\"@type\":\"ImageObject\",\"inLanguage\":\"fr-FR\",\"@id\":\"https:\/\/clubs.misterugby.com\/rcsao\/#\/schema\/logo\/image\/\",\"url\":\"https:\/\/clubs.misterugby.com\/rcsao\/wp-content\/uploads\/sites\/84\/2025\/08\/cropped-Logo-detoure.png\",\"contentUrl\":\"https:\/\/clubs.misterugby.com\/rcsao\/wp-content\/uploads\/sites\/84\/2025\/08\/cropped-Logo-detoure.png\",\"width\":1079,\"height\":1453,\"caption\":\"rcsao\"},\"image\":{\"@id\":\"https:\/\/clubs.misterugby.com\/rcsao\/#\/schema\/logo\/image\/\"}}]}<\/script>\n<!-- \/ Yoast SEO plugin. -->","yoast_head_json":{"title":"Bodywarmer Force XV homme Marine Adulte \u2013 mod\u00e8le FORCE 2 - rcsao","robots":{"index":"noindex","follow":"follow","max-snippet":"max-snippet:-1","max-image-preview":"max-image-preview:large","max-video-preview":"max-video-preview:-1"},"og_locale":"fr_FR","og_type":"article","og_title":"Bodywarmer Force XV homme Marine Adulte \u2013 mod\u00e8le FORCE 2 - rcsao","og_description":"Ext\u00e9rieur 100% polyester  doublure 100 polyester  1 poche int\u00e9rieure scratch\u00e9e  Effet matelass\u00e9 moderne gr\u00e2ce aux emplacements du duvet qui donnent l\u2019impression de motifs g\u00e9om\u00e9triques  2 poches lat\u00e9rales zipp\u00e9es  460 g  Logo brod\u00e9","og_url":"https:\/\/clubs.misterugby.com\/rcsao\/produit\/bodywarmer-force-xv-homme-marine-adulte-modele-force\/","og_site_name":"rcsao","article_modified_time":"2026-03-20T10:23:37+00:00","og_image":[{"width":1000,"height":1000,"url":"http:\/\/clubs.misterugby.com\/rcsao\/wp-content\/uploads\/sites\/84\/2025\/07\/12.jpg","type":"image\/jpeg"}],"twitter_card":"summary_large_image","schema":{"@context":"https:\/\/schema.org","@graph":[{"@type":"WebPage","@id":"https:\/\/clubs.misterugby.com\/rcsao\/produit\/bodywarmer-force-xv-homme-marine-adulte-modele-force\/","url":"https:\/\/clubs.misterugby.com\/rcsao\/produit\/bodywarmer-force-xv-homme-marine-adulte-modele-force\/","name":"Bodywarmer Force XV homme Marine Adulte \u2013 mod\u00e8le FORCE 2 - rcsao","isPartOf":{"@id":"https:\/\/clubs.misterugby.com\/rcsao\/#website"},"primaryImageOfPage":{"@id":"https:\/\/clubs.misterugby.com\/rcsao\/produit\/bodywarmer-force-xv-homme-marine-adulte-modele-force\/#primaryimage"},"image":{"@id":"https:\/\/clubs.misterugby.com\/rcsao\/produit\/bodywarmer-force-xv-homme-marine-adulte-modele-force\/#primaryimage"},"thumbnailUrl":"https:\/\/clubs.misterugby.com\/rcsao\/wp-content\/uploads\/sites\/84\/2025\/07\/12.jpg","datePublished":"2023-08-17T10:35:32+00:00","dateModified":"2026-03-20T10:23:37+00:00","breadcrumb":{"@id":"https:\/\/clubs.misterugby.com\/rcsao\/produit\/bodywarmer-force-xv-homme-marine-adulte-modele-force\/#breadcrumb"},"inLanguage":"fr-FR","potentialAction":[{"@type":"ReadAction","target":["https:\/\/clubs.misterugby.com\/rcsao\/produit\/bodywarmer-force-xv-homme-marine-adulte-modele-force\/"]}]},{"@type":"ImageObject","inLanguage":"fr-FR","@id":"https:\/\/clubs.misterugby.com\/rcsao\/produit\/bodywarmer-force-xv-homme-marine-adulte-modele-force\/#primaryimage","url":"https:\/\/clubs.misterugby.com\/rcsao\/wp-content\/uploads\/sites\/84\/2025\/07\/12.jpg","contentUrl":"https:\/\/clubs.misterugby.com\/rcsao\/wp-content\/uploads\/sites\/84\/2025\/07\/12.jpg","width":1000,"height":1000},{"@type":"BreadcrumbList","@id":"https:\/\/clubs.misterugby.com\/rcsao\/produit\/bodywarmer-force-xv-homme-marine-adulte-modele-force\/#breadcrumb","itemListElement":[{"@type":"ListItem","position":1,"name":"Accueil","item":"https:\/\/clubs.misterugby.com\/rcsao\/"},{"@type":"ListItem","position":2,"name":"Boutique","item":"https:\/\/clubs.misterugby.com\/rcsao\/"},{"@type":"ListItem","position":3,"name":"Bodywarmer Force XV homme Marine Adulte \u2013 mod\u00e8le FORCE 2"}]},{"@type":"WebSite","@id":"https:\/\/clubs.misterugby.com\/rcsao\/#website","url":"https:\/\/clubs.misterugby.com\/rcsao\/","name":"rcsao","description":"","publisher":{"@id":"https:\/\/clubs.misterugby.com\/rcsao\/#organization"},"potentialAction":[{"@type":"SearchAction","target":{"@type":"EntryPoint","urlTemplate":"https:\/\/clubs.misterugby.com\/rcsao\/?s={search_term_string}"},"query-input":{"@type":"PropertyValueSpecification","valueRequired":true,"valueName":"search_term_string"}}],"inLanguage":"fr-FR"},{"@type":"Organization","@id":"https:\/\/clubs.misterugby.com\/rcsao\/#organization","name":"rcsao","url":"https:\/\/clubs.misterugby.com\/rcsao\/","logo":{"@type":"ImageObject","inLanguage":"fr-FR","@id":"https:\/\/clubs.misterugby.com\/rcsao\/#\/schema\/logo\/image\/","url":"https:\/\/clubs.misterugby.com\/rcsao\/wp-content\/uploads\/sites\/84\/2025\/08\/cropped-Logo-detoure.png","contentUrl":"https:\/\/clubs.misterugby.com\/rcsao\/wp-content\/uploads\/sites\/84\/2025\/08\/cropped-Logo-detoure.png","width":1079,"height":1453,"caption":"rcsao"},"image":{"@id":"https:\/\/clubs.misterugby.com\/rcsao\/#\/schema\/logo\/image\/"}}]}},"_links":{"self":[{"href":"https:\/\/clubs.misterugby.com\/rcsao\/wp-json\/wp\/v2\/product\/13578","targetHints":{"allow":["GET"]}}],"collection":[{"href":"https:\/\/clubs.misterugby.com\/rcsao\/wp-json\/wp\/v2\/product"}],"about":[{"href":"https:\/\/clubs.misterugby.com\/rcsao\/wp-json\/wp\/v2\/types\/product"}],"wp:featuredmedia":[{"embeddable":true,"href":"https:\/\/clubs.misterugby.com\/rcsao\/wp-json\/wp\/v2\/media\/13697"}],"wp:attachment":[{"href":"https:\/\/clubs.misterugby.com\/rcsao\/wp-json\/wp\/v2\/media?parent=13578"}],"wp:term":[{"taxonomy":"product_brand","embeddable":true,"href":"https:\/\/clubs.misterugby.com\/rcsao\/wp-json\/wp\/v2\/product_brand?post=13578"},{"taxonomy":"product_cat","embeddable":true,"href":"https:\/\/clubs.misterugby.com\/rcsao\/wp-json\/wp\/v2\/product_cat?post=13578"},{"taxonomy":"product_tag","embeddable":true,"href":"https:\/\/clubs.misterugby.com\/rcsao\/wp-json\/wp\/v2\/product_tag?post=13578"}],"curies":[{"name":"wp","href":"https:\/\/api.w.org\/{rel}","templated":true}]}}