{"id":13621,"date":"2023-08-17T10:17:35","date_gmt":"2023-08-17T08:17:35","guid":{"rendered":"https:\/\/clubs.misterugby.com\/rcsao\/produit\/veste-polyester-force-xv-marine-blanc-adulte-modele-victoire\/"},"modified":"2025-08-12T21:55:48","modified_gmt":"2025-08-12T19:55:48","slug":"veste-polyester-force-xv-marine-blanc-adulte-modele-victoire","status":"publish","type":"product","link":"https:\/\/clubs.misterugby.com\/rcsao\/produit\/veste-polyester-force-xv-marine-blanc-adulte-modele-victoire\/","title":{"rendered":"Hoody coton FORCE XV Marine Adulte &#8211; mod\u00e8le CHISTERA"},"content":{"rendered":"","protected":false},"excerpt":{"rendered":"<ul>\n<li>65% coton, 35% polyester<\/li>\n<li>300 g<\/li>\n<li>empi\u00e8cements chin\u00e9s sur les bras<\/li>\n<li>Logo club en patch tiss\u00e9<\/li>\n<\/ul>\n","protected":false},"featured_media":13699,"template":"","meta":[],"product_brand":[],"product_cat":[89,92,39],"product_tag":[],"class_list":{"0":"post-13621","1":"product","2":"type-product","3":"status-publish","4":"has-post-thumbnail","6":"product_cat-presentation","7":"product_cat-training","8":"product_cat-homme","10":"first","11":"instock","12":"taxable","13":"shipping-taxable","14":"purchasable","15":"product-type-variable"},"yoast_head":"<!-- This site is optimized with the Yoast SEO plugin v26.9 - https:\/\/yoast.com\/product\/yoast-seo-wordpress\/ -->\n<title>Hoody coton FORCE XV Marine Adulte - mod\u00e8le CHISTERA - rcsao<\/title>\n<meta name=\"robots\" content=\"noindex, follow, max-snippet:-1, max-image-preview:large, max-video-preview:-1\" \/>\n<meta property=\"og:locale\" content=\"fr_FR\" \/>\n<meta property=\"og:type\" content=\"article\" \/>\n<meta property=\"og:title\" content=\"Hoody coton FORCE XV Marine Adulte - mod\u00e8le CHISTERA - rcsao\" \/>\n<meta property=\"og:description\" content=\"65% coton, 35% polyester  300 g  empi\u00e8cements chin\u00e9s sur les bras  Logo club en patch tiss\u00e9\" \/>\n<meta property=\"og:url\" content=\"https:\/\/clubs.misterugby.com\/rcsao\/produit\/veste-polyester-force-xv-marine-blanc-adulte-modele-victoire\/\" \/>\n<meta property=\"og:site_name\" content=\"rcsao\" \/>\n<meta property=\"article:modified_time\" content=\"2025-08-12T19:55:48+00:00\" \/>\n<meta property=\"og:image\" content=\"http:\/\/clubs.misterugby.com\/rcsao\/wp-content\/uploads\/sites\/84\/2025\/07\/1.jpg\" \/>\n\t<meta property=\"og:image:width\" content=\"1000\" \/>\n\t<meta property=\"og:image:height\" content=\"1000\" \/>\n\t<meta property=\"og:image:type\" content=\"image\/jpeg\" \/>\n<meta name=\"twitter:card\" content=\"summary_large_image\" \/>\n<script type=\"application\/ld+json\" class=\"yoast-schema-graph\">{\"@context\":\"https:\/\/schema.org\",\"@graph\":[{\"@type\":\"WebPage\",\"@id\":\"https:\/\/clubs.misterugby.com\/rcsao\/produit\/veste-polyester-force-xv-marine-blanc-adulte-modele-victoire\/\",\"url\":\"https:\/\/clubs.misterugby.com\/rcsao\/produit\/veste-polyester-force-xv-marine-blanc-adulte-modele-victoire\/\",\"name\":\"Hoody coton FORCE XV Marine Adulte - mod\u00e8le CHISTERA - rcsao\",\"isPartOf\":{\"@id\":\"https:\/\/clubs.misterugby.com\/rcsao\/#website\"},\"primaryImageOfPage\":{\"@id\":\"https:\/\/clubs.misterugby.com\/rcsao\/produit\/veste-polyester-force-xv-marine-blanc-adulte-modele-victoire\/#primaryimage\"},\"image\":{\"@id\":\"https:\/\/clubs.misterugby.com\/rcsao\/produit\/veste-polyester-force-xv-marine-blanc-adulte-modele-victoire\/#primaryimage\"},\"thumbnailUrl\":\"https:\/\/clubs.misterugby.com\/rcsao\/wp-content\/uploads\/sites\/84\/2025\/07\/1.jpg\",\"datePublished\":\"2023-08-17T08:17:35+00:00\",\"dateModified\":\"2025-08-12T19:55:48+00:00\",\"breadcrumb\":{\"@id\":\"https:\/\/clubs.misterugby.com\/rcsao\/produit\/veste-polyester-force-xv-marine-blanc-adulte-modele-victoire\/#breadcrumb\"},\"inLanguage\":\"fr-FR\",\"potentialAction\":[{\"@type\":\"ReadAction\",\"target\":[\"https:\/\/clubs.misterugby.com\/rcsao\/produit\/veste-polyester-force-xv-marine-blanc-adulte-modele-victoire\/\"]}]},{\"@type\":\"ImageObject\",\"inLanguage\":\"fr-FR\",\"@id\":\"https:\/\/clubs.misterugby.com\/rcsao\/produit\/veste-polyester-force-xv-marine-blanc-adulte-modele-victoire\/#primaryimage\",\"url\":\"https:\/\/clubs.misterugby.com\/rcsao\/wp-content\/uploads\/sites\/84\/2025\/07\/1.jpg\",\"contentUrl\":\"https:\/\/clubs.misterugby.com\/rcsao\/wp-content\/uploads\/sites\/84\/2025\/07\/1.jpg\",\"width\":1000,\"height\":1000},{\"@type\":\"BreadcrumbList\",\"@id\":\"https:\/\/clubs.misterugby.com\/rcsao\/produit\/veste-polyester-force-xv-marine-blanc-adulte-modele-victoire\/#breadcrumb\",\"itemListElement\":[{\"@type\":\"ListItem\",\"position\":1,\"name\":\"Accueil\",\"item\":\"https:\/\/clubs.misterugby.com\/rcsao\/\"},{\"@type\":\"ListItem\",\"position\":2,\"name\":\"Boutique\",\"item\":\"https:\/\/clubs.misterugby.com\/rcsao\/\"},{\"@type\":\"ListItem\",\"position\":3,\"name\":\"Hoody coton FORCE XV Marine Adulte &#8211; mod\u00e8le CHISTERA\"}]},{\"@type\":\"WebSite\",\"@id\":\"https:\/\/clubs.misterugby.com\/rcsao\/#website\",\"url\":\"https:\/\/clubs.misterugby.com\/rcsao\/\",\"name\":\"rcsao\",\"description\":\"\",\"publisher\":{\"@id\":\"https:\/\/clubs.misterugby.com\/rcsao\/#organization\"},\"potentialAction\":[{\"@type\":\"SearchAction\",\"target\":{\"@type\":\"EntryPoint\",\"urlTemplate\":\"https:\/\/clubs.misterugby.com\/rcsao\/?s={search_term_string}\"},\"query-input\":{\"@type\":\"PropertyValueSpecification\",\"valueRequired\":true,\"valueName\":\"search_term_string\"}}],\"inLanguage\":\"fr-FR\"},{\"@type\":\"Organization\",\"@id\":\"https:\/\/clubs.misterugby.com\/rcsao\/#organization\",\"name\":\"rcsao\",\"url\":\"https:\/\/clubs.misterugby.com\/rcsao\/\",\"logo\":{\"@type\":\"ImageObject\",\"inLanguage\":\"fr-FR\",\"@id\":\"https:\/\/clubs.misterugby.com\/rcsao\/#\/schema\/logo\/image\/\",\"url\":\"https:\/\/clubs.misterugby.com\/rcsao\/wp-content\/uploads\/sites\/84\/2025\/08\/cropped-Logo-detoure.png\",\"contentUrl\":\"https:\/\/clubs.misterugby.com\/rcsao\/wp-content\/uploads\/sites\/84\/2025\/08\/cropped-Logo-detoure.png\",\"width\":1079,\"height\":1453,\"caption\":\"rcsao\"},\"image\":{\"@id\":\"https:\/\/clubs.misterugby.com\/rcsao\/#\/schema\/logo\/image\/\"}}]}<\/script>\n<!-- \/ Yoast SEO plugin. -->","yoast_head_json":{"title":"Hoody coton FORCE XV Marine Adulte - mod\u00e8le CHISTERA - rcsao","robots":{"index":"noindex","follow":"follow","max-snippet":"max-snippet:-1","max-image-preview":"max-image-preview:large","max-video-preview":"max-video-preview:-1"},"og_locale":"fr_FR","og_type":"article","og_title":"Hoody coton FORCE XV Marine Adulte - mod\u00e8le CHISTERA - rcsao","og_description":"65% coton, 35% polyester  300 g  empi\u00e8cements chin\u00e9s sur les bras  Logo club en patch tiss\u00e9","og_url":"https:\/\/clubs.misterugby.com\/rcsao\/produit\/veste-polyester-force-xv-marine-blanc-adulte-modele-victoire\/","og_site_name":"rcsao","article_modified_time":"2025-08-12T19:55:48+00:00","og_image":[{"width":1000,"height":1000,"url":"http:\/\/clubs.misterugby.com\/rcsao\/wp-content\/uploads\/sites\/84\/2025\/07\/1.jpg","type":"image\/jpeg"}],"twitter_card":"summary_large_image","schema":{"@context":"https:\/\/schema.org","@graph":[{"@type":"WebPage","@id":"https:\/\/clubs.misterugby.com\/rcsao\/produit\/veste-polyester-force-xv-marine-blanc-adulte-modele-victoire\/","url":"https:\/\/clubs.misterugby.com\/rcsao\/produit\/veste-polyester-force-xv-marine-blanc-adulte-modele-victoire\/","name":"Hoody coton FORCE XV Marine Adulte - mod\u00e8le CHISTERA - rcsao","isPartOf":{"@id":"https:\/\/clubs.misterugby.com\/rcsao\/#website"},"primaryImageOfPage":{"@id":"https:\/\/clubs.misterugby.com\/rcsao\/produit\/veste-polyester-force-xv-marine-blanc-adulte-modele-victoire\/#primaryimage"},"image":{"@id":"https:\/\/clubs.misterugby.com\/rcsao\/produit\/veste-polyester-force-xv-marine-blanc-adulte-modele-victoire\/#primaryimage"},"thumbnailUrl":"https:\/\/clubs.misterugby.com\/rcsao\/wp-content\/uploads\/sites\/84\/2025\/07\/1.jpg","datePublished":"2023-08-17T08:17:35+00:00","dateModified":"2025-08-12T19:55:48+00:00","breadcrumb":{"@id":"https:\/\/clubs.misterugby.com\/rcsao\/produit\/veste-polyester-force-xv-marine-blanc-adulte-modele-victoire\/#breadcrumb"},"inLanguage":"fr-FR","potentialAction":[{"@type":"ReadAction","target":["https:\/\/clubs.misterugby.com\/rcsao\/produit\/veste-polyester-force-xv-marine-blanc-adulte-modele-victoire\/"]}]},{"@type":"ImageObject","inLanguage":"fr-FR","@id":"https:\/\/clubs.misterugby.com\/rcsao\/produit\/veste-polyester-force-xv-marine-blanc-adulte-modele-victoire\/#primaryimage","url":"https:\/\/clubs.misterugby.com\/rcsao\/wp-content\/uploads\/sites\/84\/2025\/07\/1.jpg","contentUrl":"https:\/\/clubs.misterugby.com\/rcsao\/wp-content\/uploads\/sites\/84\/2025\/07\/1.jpg","width":1000,"height":1000},{"@type":"BreadcrumbList","@id":"https:\/\/clubs.misterugby.com\/rcsao\/produit\/veste-polyester-force-xv-marine-blanc-adulte-modele-victoire\/#breadcrumb","itemListElement":[{"@type":"ListItem","position":1,"name":"Accueil","item":"https:\/\/clubs.misterugby.com\/rcsao\/"},{"@type":"ListItem","position":2,"name":"Boutique","item":"https:\/\/clubs.misterugby.com\/rcsao\/"},{"@type":"ListItem","position":3,"name":"Hoody coton FORCE XV Marine Adulte &#8211; mod\u00e8le CHISTERA"}]},{"@type":"WebSite","@id":"https:\/\/clubs.misterugby.com\/rcsao\/#website","url":"https:\/\/clubs.misterugby.com\/rcsao\/","name":"rcsao","description":"","publisher":{"@id":"https:\/\/clubs.misterugby.com\/rcsao\/#organization"},"potentialAction":[{"@type":"SearchAction","target":{"@type":"EntryPoint","urlTemplate":"https:\/\/clubs.misterugby.com\/rcsao\/?s={search_term_string}"},"query-input":{"@type":"PropertyValueSpecification","valueRequired":true,"valueName":"search_term_string"}}],"inLanguage":"fr-FR"},{"@type":"Organization","@id":"https:\/\/clubs.misterugby.com\/rcsao\/#organization","name":"rcsao","url":"https:\/\/clubs.misterugby.com\/rcsao\/","logo":{"@type":"ImageObject","inLanguage":"fr-FR","@id":"https:\/\/clubs.misterugby.com\/rcsao\/#\/schema\/logo\/image\/","url":"https:\/\/clubs.misterugby.com\/rcsao\/wp-content\/uploads\/sites\/84\/2025\/08\/cropped-Logo-detoure.png","contentUrl":"https:\/\/clubs.misterugby.com\/rcsao\/wp-content\/uploads\/sites\/84\/2025\/08\/cropped-Logo-detoure.png","width":1079,"height":1453,"caption":"rcsao"},"image":{"@id":"https:\/\/clubs.misterugby.com\/rcsao\/#\/schema\/logo\/image\/"}}]}},"_links":{"self":[{"href":"https:\/\/clubs.misterugby.com\/rcsao\/wp-json\/wp\/v2\/product\/13621","targetHints":{"allow":["GET"]}}],"collection":[{"href":"https:\/\/clubs.misterugby.com\/rcsao\/wp-json\/wp\/v2\/product"}],"about":[{"href":"https:\/\/clubs.misterugby.com\/rcsao\/wp-json\/wp\/v2\/types\/product"}],"wp:featuredmedia":[{"embeddable":true,"href":"https:\/\/clubs.misterugby.com\/rcsao\/wp-json\/wp\/v2\/media\/13699"}],"wp:attachment":[{"href":"https:\/\/clubs.misterugby.com\/rcsao\/wp-json\/wp\/v2\/media?parent=13621"}],"wp:term":[{"taxonomy":"product_brand","embeddable":true,"href":"https:\/\/clubs.misterugby.com\/rcsao\/wp-json\/wp\/v2\/product_brand?post=13621"},{"taxonomy":"product_cat","embeddable":true,"href":"https:\/\/clubs.misterugby.com\/rcsao\/wp-json\/wp\/v2\/product_cat?post=13621"},{"taxonomy":"product_tag","embeddable":true,"href":"https:\/\/clubs.misterugby.com\/rcsao\/wp-json\/wp\/v2\/product_tag?post=13621"}],"curies":[{"name":"wp","href":"https:\/\/api.w.org\/{rel}","templated":true}]}}