{"id":13784,"date":"2022-01-27T18:03:16","date_gmt":"2022-01-27T17:03:16","guid":{"rendered":"https:\/\/clubs.misterugby.com\/rcsao\/produit\/bavoir-coton-bebe-rouge-modele-logo\/"},"modified":"2026-01-13T15:44:45","modified_gmt":"2026-01-13T14:44:45","slug":"bavoir-coton-bebe-rouge-modele-logo","status":"publish","type":"product","link":"https:\/\/clubs.misterugby.com\/rcsao\/produit\/bavoir-coton-bebe-rouge-modele-logo\/","title":{"rendered":"Bavoir coton B\u00e9b\u00e9 Rouge- mod\u00e8le LOGO"},"content":{"rendered":"","protected":false},"excerpt":{"rendered":"<ul>\n<li>100% coton jersey 180 gr<\/li>\n<li>L\u00e9ger et souple, ultra confortable.<\/li>\n<li>Fermeture \u00e0 lacets et r\u00e9versible.<\/li>\n<li>23*22 cm<\/li>\n<li>coloris rouge<\/li>\n<li>logo club en transfert<\/li>\n<\/ul>\n","protected":false},"featured_media":13812,"template":"","meta":[],"product_brand":[],"product_cat":[71],"product_tag":[],"class_list":{"0":"post-13784","1":"product","2":"type-product","3":"status-publish","4":"has-post-thumbnail","6":"product_cat-bebe","8":"first","9":"instock","10":"taxable","11":"shipping-taxable","12":"purchasable","13":"product-type-simple"},"yoast_head":"<!-- This site is optimized with the Yoast SEO plugin v26.9 - https:\/\/yoast.com\/product\/yoast-seo-wordpress\/ -->\n<title>Bavoir coton B\u00e9b\u00e9 Rouge- mod\u00e8le LOGO - rcsao<\/title>\n<meta name=\"robots\" content=\"noindex, follow, max-snippet:-1, max-image-preview:large, max-video-preview:-1\" \/>\n<meta property=\"og:locale\" content=\"fr_FR\" \/>\n<meta property=\"og:type\" content=\"article\" \/>\n<meta property=\"og:title\" content=\"Bavoir coton B\u00e9b\u00e9 Rouge- mod\u00e8le LOGO - rcsao\" \/>\n<meta property=\"og:description\" content=\"100% coton jersey 180 gr  L\u00e9ger et souple, ultra confortable.  Fermeture \u00e0 lacets et r\u00e9versible.  23*22 cm  coloris rouge  logo club en transfert\" \/>\n<meta property=\"og:url\" content=\"https:\/\/clubs.misterugby.com\/rcsao\/produit\/bavoir-coton-bebe-rouge-modele-logo\/\" \/>\n<meta property=\"og:site_name\" content=\"rcsao\" \/>\n<meta property=\"article:modified_time\" content=\"2026-01-13T14:44:45+00:00\" \/>\n<meta property=\"og:image\" content=\"http:\/\/clubs.misterugby.com\/rcsao\/wp-content\/uploads\/sites\/84\/2023\/04\/rc.jpg\" \/>\n\t<meta property=\"og:image:width\" content=\"1000\" \/>\n\t<meta property=\"og:image:height\" content=\"1000\" \/>\n\t<meta property=\"og:image:type\" content=\"image\/jpeg\" \/>\n<meta name=\"twitter:card\" content=\"summary_large_image\" \/>\n<meta name=\"twitter:label1\" content=\"Dur\u00e9e de lecture estim\u00e9e\" \/>\n\t<meta name=\"twitter:data1\" content=\"1 minute\" \/>\n<script type=\"application\/ld+json\" class=\"yoast-schema-graph\">{\"@context\":\"https:\/\/schema.org\",\"@graph\":[{\"@type\":\"WebPage\",\"@id\":\"https:\/\/clubs.misterugby.com\/rcsao\/produit\/bavoir-coton-bebe-rouge-modele-logo\/\",\"url\":\"https:\/\/clubs.misterugby.com\/rcsao\/produit\/bavoir-coton-bebe-rouge-modele-logo\/\",\"name\":\"Bavoir coton B\u00e9b\u00e9 Rouge- mod\u00e8le LOGO - rcsao\",\"isPartOf\":{\"@id\":\"https:\/\/clubs.misterugby.com\/rcsao\/#website\"},\"primaryImageOfPage\":{\"@id\":\"https:\/\/clubs.misterugby.com\/rcsao\/produit\/bavoir-coton-bebe-rouge-modele-logo\/#primaryimage\"},\"image\":{\"@id\":\"https:\/\/clubs.misterugby.com\/rcsao\/produit\/bavoir-coton-bebe-rouge-modele-logo\/#primaryimage\"},\"thumbnailUrl\":\"https:\/\/clubs.misterugby.com\/rcsao\/wp-content\/uploads\/sites\/84\/2023\/04\/rc.jpg\",\"datePublished\":\"2022-01-27T17:03:16+00:00\",\"dateModified\":\"2026-01-13T14:44:45+00:00\",\"breadcrumb\":{\"@id\":\"https:\/\/clubs.misterugby.com\/rcsao\/produit\/bavoir-coton-bebe-rouge-modele-logo\/#breadcrumb\"},\"inLanguage\":\"fr-FR\",\"potentialAction\":[{\"@type\":\"ReadAction\",\"target\":[\"https:\/\/clubs.misterugby.com\/rcsao\/produit\/bavoir-coton-bebe-rouge-modele-logo\/\"]}]},{\"@type\":\"ImageObject\",\"inLanguage\":\"fr-FR\",\"@id\":\"https:\/\/clubs.misterugby.com\/rcsao\/produit\/bavoir-coton-bebe-rouge-modele-logo\/#primaryimage\",\"url\":\"https:\/\/clubs.misterugby.com\/rcsao\/wp-content\/uploads\/sites\/84\/2023\/04\/rc.jpg\",\"contentUrl\":\"https:\/\/clubs.misterugby.com\/rcsao\/wp-content\/uploads\/sites\/84\/2023\/04\/rc.jpg\",\"width\":1000,\"height\":1000},{\"@type\":\"BreadcrumbList\",\"@id\":\"https:\/\/clubs.misterugby.com\/rcsao\/produit\/bavoir-coton-bebe-rouge-modele-logo\/#breadcrumb\",\"itemListElement\":[{\"@type\":\"ListItem\",\"position\":1,\"name\":\"Accueil\",\"item\":\"https:\/\/clubs.misterugby.com\/rcsao\/\"},{\"@type\":\"ListItem\",\"position\":2,\"name\":\"Boutique\",\"item\":\"https:\/\/clubs.misterugby.com\/rcsao\/\"},{\"@type\":\"ListItem\",\"position\":3,\"name\":\"Bavoir coton B\u00e9b\u00e9 Rouge- mod\u00e8le LOGO\"}]},{\"@type\":\"WebSite\",\"@id\":\"https:\/\/clubs.misterugby.com\/rcsao\/#website\",\"url\":\"https:\/\/clubs.misterugby.com\/rcsao\/\",\"name\":\"rcsao\",\"description\":\"\",\"publisher\":{\"@id\":\"https:\/\/clubs.misterugby.com\/rcsao\/#organization\"},\"potentialAction\":[{\"@type\":\"SearchAction\",\"target\":{\"@type\":\"EntryPoint\",\"urlTemplate\":\"https:\/\/clubs.misterugby.com\/rcsao\/?s={search_term_string}\"},\"query-input\":{\"@type\":\"PropertyValueSpecification\",\"valueRequired\":true,\"valueName\":\"search_term_string\"}}],\"inLanguage\":\"fr-FR\"},{\"@type\":\"Organization\",\"@id\":\"https:\/\/clubs.misterugby.com\/rcsao\/#organization\",\"name\":\"rcsao\",\"url\":\"https:\/\/clubs.misterugby.com\/rcsao\/\",\"logo\":{\"@type\":\"ImageObject\",\"inLanguage\":\"fr-FR\",\"@id\":\"https:\/\/clubs.misterugby.com\/rcsao\/#\/schema\/logo\/image\/\",\"url\":\"https:\/\/clubs.misterugby.com\/rcsao\/wp-content\/uploads\/sites\/84\/2025\/08\/cropped-Logo-detoure.png\",\"contentUrl\":\"https:\/\/clubs.misterugby.com\/rcsao\/wp-content\/uploads\/sites\/84\/2025\/08\/cropped-Logo-detoure.png\",\"width\":1079,\"height\":1453,\"caption\":\"rcsao\"},\"image\":{\"@id\":\"https:\/\/clubs.misterugby.com\/rcsao\/#\/schema\/logo\/image\/\"}}]}<\/script>\n<!-- \/ Yoast SEO plugin. -->","yoast_head_json":{"title":"Bavoir coton B\u00e9b\u00e9 Rouge- mod\u00e8le LOGO - rcsao","robots":{"index":"noindex","follow":"follow","max-snippet":"max-snippet:-1","max-image-preview":"max-image-preview:large","max-video-preview":"max-video-preview:-1"},"og_locale":"fr_FR","og_type":"article","og_title":"Bavoir coton B\u00e9b\u00e9 Rouge- mod\u00e8le LOGO - rcsao","og_description":"100% coton jersey 180 gr  L\u00e9ger et souple, ultra confortable.  Fermeture \u00e0 lacets et r\u00e9versible.  23*22 cm  coloris rouge  logo club en transfert","og_url":"https:\/\/clubs.misterugby.com\/rcsao\/produit\/bavoir-coton-bebe-rouge-modele-logo\/","og_site_name":"rcsao","article_modified_time":"2026-01-13T14:44:45+00:00","og_image":[{"width":1000,"height":1000,"url":"http:\/\/clubs.misterugby.com\/rcsao\/wp-content\/uploads\/sites\/84\/2023\/04\/rc.jpg","type":"image\/jpeg"}],"twitter_card":"summary_large_image","twitter_misc":{"Dur\u00e9e de lecture estim\u00e9e":"1 minute"},"schema":{"@context":"https:\/\/schema.org","@graph":[{"@type":"WebPage","@id":"https:\/\/clubs.misterugby.com\/rcsao\/produit\/bavoir-coton-bebe-rouge-modele-logo\/","url":"https:\/\/clubs.misterugby.com\/rcsao\/produit\/bavoir-coton-bebe-rouge-modele-logo\/","name":"Bavoir coton B\u00e9b\u00e9 Rouge- mod\u00e8le LOGO - rcsao","isPartOf":{"@id":"https:\/\/clubs.misterugby.com\/rcsao\/#website"},"primaryImageOfPage":{"@id":"https:\/\/clubs.misterugby.com\/rcsao\/produit\/bavoir-coton-bebe-rouge-modele-logo\/#primaryimage"},"image":{"@id":"https:\/\/clubs.misterugby.com\/rcsao\/produit\/bavoir-coton-bebe-rouge-modele-logo\/#primaryimage"},"thumbnailUrl":"https:\/\/clubs.misterugby.com\/rcsao\/wp-content\/uploads\/sites\/84\/2023\/04\/rc.jpg","datePublished":"2022-01-27T17:03:16+00:00","dateModified":"2026-01-13T14:44:45+00:00","breadcrumb":{"@id":"https:\/\/clubs.misterugby.com\/rcsao\/produit\/bavoir-coton-bebe-rouge-modele-logo\/#breadcrumb"},"inLanguage":"fr-FR","potentialAction":[{"@type":"ReadAction","target":["https:\/\/clubs.misterugby.com\/rcsao\/produit\/bavoir-coton-bebe-rouge-modele-logo\/"]}]},{"@type":"ImageObject","inLanguage":"fr-FR","@id":"https:\/\/clubs.misterugby.com\/rcsao\/produit\/bavoir-coton-bebe-rouge-modele-logo\/#primaryimage","url":"https:\/\/clubs.misterugby.com\/rcsao\/wp-content\/uploads\/sites\/84\/2023\/04\/rc.jpg","contentUrl":"https:\/\/clubs.misterugby.com\/rcsao\/wp-content\/uploads\/sites\/84\/2023\/04\/rc.jpg","width":1000,"height":1000},{"@type":"BreadcrumbList","@id":"https:\/\/clubs.misterugby.com\/rcsao\/produit\/bavoir-coton-bebe-rouge-modele-logo\/#breadcrumb","itemListElement":[{"@type":"ListItem","position":1,"name":"Accueil","item":"https:\/\/clubs.misterugby.com\/rcsao\/"},{"@type":"ListItem","position":2,"name":"Boutique","item":"https:\/\/clubs.misterugby.com\/rcsao\/"},{"@type":"ListItem","position":3,"name":"Bavoir coton B\u00e9b\u00e9 Rouge- mod\u00e8le LOGO"}]},{"@type":"WebSite","@id":"https:\/\/clubs.misterugby.com\/rcsao\/#website","url":"https:\/\/clubs.misterugby.com\/rcsao\/","name":"rcsao","description":"","publisher":{"@id":"https:\/\/clubs.misterugby.com\/rcsao\/#organization"},"potentialAction":[{"@type":"SearchAction","target":{"@type":"EntryPoint","urlTemplate":"https:\/\/clubs.misterugby.com\/rcsao\/?s={search_term_string}"},"query-input":{"@type":"PropertyValueSpecification","valueRequired":true,"valueName":"search_term_string"}}],"inLanguage":"fr-FR"},{"@type":"Organization","@id":"https:\/\/clubs.misterugby.com\/rcsao\/#organization","name":"rcsao","url":"https:\/\/clubs.misterugby.com\/rcsao\/","logo":{"@type":"ImageObject","inLanguage":"fr-FR","@id":"https:\/\/clubs.misterugby.com\/rcsao\/#\/schema\/logo\/image\/","url":"https:\/\/clubs.misterugby.com\/rcsao\/wp-content\/uploads\/sites\/84\/2025\/08\/cropped-Logo-detoure.png","contentUrl":"https:\/\/clubs.misterugby.com\/rcsao\/wp-content\/uploads\/sites\/84\/2025\/08\/cropped-Logo-detoure.png","width":1079,"height":1453,"caption":"rcsao"},"image":{"@id":"https:\/\/clubs.misterugby.com\/rcsao\/#\/schema\/logo\/image\/"}}]}},"_links":{"self":[{"href":"https:\/\/clubs.misterugby.com\/rcsao\/wp-json\/wp\/v2\/product\/13784","targetHints":{"allow":["GET"]}}],"collection":[{"href":"https:\/\/clubs.misterugby.com\/rcsao\/wp-json\/wp\/v2\/product"}],"about":[{"href":"https:\/\/clubs.misterugby.com\/rcsao\/wp-json\/wp\/v2\/types\/product"}],"wp:featuredmedia":[{"embeddable":true,"href":"https:\/\/clubs.misterugby.com\/rcsao\/wp-json\/wp\/v2\/media\/13812"}],"wp:attachment":[{"href":"https:\/\/clubs.misterugby.com\/rcsao\/wp-json\/wp\/v2\/media?parent=13784"}],"wp:term":[{"taxonomy":"product_brand","embeddable":true,"href":"https:\/\/clubs.misterugby.com\/rcsao\/wp-json\/wp\/v2\/product_brand?post=13784"},{"taxonomy":"product_cat","embeddable":true,"href":"https:\/\/clubs.misterugby.com\/rcsao\/wp-json\/wp\/v2\/product_cat?post=13784"},{"taxonomy":"product_tag","embeddable":true,"href":"https:\/\/clubs.misterugby.com\/rcsao\/wp-json\/wp\/v2\/product_tag?post=13784"}],"curies":[{"name":"wp","href":"https:\/\/api.w.org\/{rel}","templated":true}]}}