{"id":140,"date":"2019-03-06T17:55:52","date_gmt":"2019-03-06T16:55:52","guid":{"rendered":"http:\/\/clubs.misterugby.com\/base\/?page_id=140"},"modified":"2020-08-05T17:37:06","modified_gmt":"2020-08-05T15:37:06","slug":"paiement","status":"publish","type":"page","link":"https:\/\/clubs.misterugby.com\/rcvb\/paiement\/","title":{"rendered":"Paiement"},"content":{"rendered":"<div class=\"wpb-content-wrapper\"><p>[vc_row][vc_column][vc_column_text]<\/p>\n<h2 style=\"text-align: center;\">Nos solutions de paiement sont toutes s\u00e9curis\u00e9es \u00e0 100 %<\/h2>\n<p>&nbsp;<\/p>\n<div id=\"payment\" class=\"container-fluid\">\n<div class=\"row\">\n<div class=\"payment_type col-sm-6 col-xs-12\" align=\"center\">\n<div class=\"title\">\n<h3 id=\"creditcard\"><img loading=\"lazy\" decoding=\"async\" class=\"alignnone size-full wp-image-218\" src=\"http:\/\/clubs.misterugby.com\/base\/wp-content\/uploads\/sites\/2\/2019\/03\/Sans-titre-3-2.jpg\" alt=\"\" width=\"250\" height=\"109\" \/><\/h3>\n<p>&nbsp;<\/p>\n<h3>Paiement s\u00e9curis\u00e9 par Carte Bancaire<\/h3>\n<\/div>\n<p>Apr\u00e8s avoir valid\u00e9 votre commande, vous basculez automatiquement sur les serveurs s\u00e9curis\u00e9s de notre partenaire bancaire Stripe. Toutes les informations \u00e9chang\u00e9es pour traiter le paiement sont crypt\u00e9es gr\u00e2ce au protocole SSL. Ces donn\u00e9es ne peuvent \u00eatre ni d\u00e9tect\u00e9es, ni intercept\u00e9es, ni utilis\u00e9es par des tiers. Elles ne sont pas non plus conserv\u00e9es sur nos syst\u00e8mes informatiques. Nous n&rsquo; y avons donc jamais acc\u00e8s.<\/p>\n<\/div>\n<\/div>\n<div class=\"row\">\n<div class=\"payment_type col-sm-6 col-xs-12\" align=\"center\">\n<div class=\"title\">\n<h3 id=\"paypal\"><\/h3>\n<p>&nbsp;<\/p>\n<\/div>\n<\/div>\n<div class=\"payment_type col-sm-6 col-xs-12\" align=\"center\">\n<p>&nbsp;<\/p>\n<\/div>\n<\/div>\n<\/div>\n<p>[\/vc_column_text][\/vc_column][\/vc_row]<\/p>\n<\/div>","protected":false},"excerpt":{"rendered":"<p>[vc_row][vc_column][vc_column_text] Nos solutions de paiement sont toutes s\u00e9curis\u00e9es \u00e0 100 % &nbsp; &nbsp; Paiement s\u00e9curis\u00e9 par Carte Bancaire Apr\u00e8s avoir valid\u00e9 votre commande, vous basculez automatiquement sur les serveurs s\u00e9curis\u00e9s de notre partenaire bancaire Stripe. Toutes les informations \u00e9chang\u00e9es pour traiter le paiement sont crypt\u00e9es gr\u00e2ce au protocole SSL. Ces donn\u00e9es ne peuvent \u00eatre ni [&hellip;]<\/p>\n","protected":false},"author":1,"featured_media":0,"parent":0,"menu_order":0,"comment_status":"closed","ping_status":"closed","template":"template-fullwidth.php","meta":{"footnotes":""},"class_list":["post-140","page","type-page","status-publish","hentry"],"yoast_head":"<!-- This site is optimized with the Yoast SEO plugin v26.9 - https:\/\/yoast.com\/product\/yoast-seo-wordpress\/ -->\n<title>Paiement - rcvb<\/title>\n<meta name=\"robots\" content=\"noindex, follow, max-snippet:-1, max-image-preview:large, max-video-preview:-1\" \/>\n<meta property=\"og:locale\" content=\"fr_FR\" \/>\n<meta property=\"og:type\" content=\"article\" \/>\n<meta property=\"og:title\" content=\"Paiement - rcvb\" \/>\n<meta property=\"og:description\" content=\"[vc_row][vc_column][vc_column_text] Nos solutions de paiement sont toutes s\u00e9curis\u00e9es \u00e0 100 % &nbsp; &nbsp; Paiement s\u00e9curis\u00e9 par Carte Bancaire Apr\u00e8s avoir valid\u00e9 votre commande, vous basculez automatiquement sur les serveurs s\u00e9curis\u00e9s de notre partenaire bancaire Stripe. Toutes les informations \u00e9chang\u00e9es pour traiter le paiement sont crypt\u00e9es gr\u00e2ce au protocole SSL. Ces donn\u00e9es ne peuvent \u00eatre ni [&hellip;]\" \/>\n<meta property=\"og:url\" content=\"https:\/\/clubs.misterugby.com\/rcvb\/paiement\/\" \/>\n<meta property=\"og:site_name\" content=\"rcvb\" \/>\n<meta property=\"article:modified_time\" content=\"2020-08-05T15:37:06+00:00\" \/>\n<meta property=\"og:image\" content=\"http:\/\/clubs.misterugby.com\/base\/wp-content\/uploads\/sites\/2\/2019\/03\/Sans-titre-3-2.jpg\" \/>\n<meta name=\"twitter:card\" content=\"summary_large_image\" \/>\n<meta name=\"twitter:label1\" content=\"Dur\u00e9e de lecture estim\u00e9e\" \/>\n\t<meta name=\"twitter:data1\" content=\"1 minute\" \/>\n<script type=\"application\/ld+json\" class=\"yoast-schema-graph\">{\"@context\":\"https:\/\/schema.org\",\"@graph\":[{\"@type\":\"WebPage\",\"@id\":\"https:\/\/clubs.misterugby.com\/rcvb\/paiement\/\",\"url\":\"https:\/\/clubs.misterugby.com\/rcvb\/paiement\/\",\"name\":\"Paiement - rcvb\",\"isPartOf\":{\"@id\":\"https:\/\/clubs.misterugby.com\/rcvb\/#website\"},\"primaryImageOfPage\":{\"@id\":\"https:\/\/clubs.misterugby.com\/rcvb\/paiement\/#primaryimage\"},\"image\":{\"@id\":\"https:\/\/clubs.misterugby.com\/rcvb\/paiement\/#primaryimage\"},\"thumbnailUrl\":\"http:\/\/clubs.misterugby.com\/base\/wp-content\/uploads\/sites\/2\/2019\/03\/Sans-titre-3-2.jpg\",\"datePublished\":\"2019-03-06T16:55:52+00:00\",\"dateModified\":\"2020-08-05T15:37:06+00:00\",\"breadcrumb\":{\"@id\":\"https:\/\/clubs.misterugby.com\/rcvb\/paiement\/#breadcrumb\"},\"inLanguage\":\"fr-FR\",\"potentialAction\":[{\"@type\":\"ReadAction\",\"target\":[\"https:\/\/clubs.misterugby.com\/rcvb\/paiement\/\"]}]},{\"@type\":\"ImageObject\",\"inLanguage\":\"fr-FR\",\"@id\":\"https:\/\/clubs.misterugby.com\/rcvb\/paiement\/#primaryimage\",\"url\":\"http:\/\/clubs.misterugby.com\/base\/wp-content\/uploads\/sites\/2\/2019\/03\/Sans-titre-3-2.jpg\",\"contentUrl\":\"http:\/\/clubs.misterugby.com\/base\/wp-content\/uploads\/sites\/2\/2019\/03\/Sans-titre-3-2.jpg\"},{\"@type\":\"BreadcrumbList\",\"@id\":\"https:\/\/clubs.misterugby.com\/rcvb\/paiement\/#breadcrumb\",\"itemListElement\":[{\"@type\":\"ListItem\",\"position\":1,\"name\":\"Accueil\",\"item\":\"https:\/\/clubs.misterugby.com\/rcvb\/\"},{\"@type\":\"ListItem\",\"position\":2,\"name\":\"Paiement\"}]},{\"@type\":\"WebSite\",\"@id\":\"https:\/\/clubs.misterugby.com\/rcvb\/#website\",\"url\":\"https:\/\/clubs.misterugby.com\/rcvb\/\",\"name\":\"rcvb\",\"description\":\"\",\"publisher\":{\"@id\":\"https:\/\/clubs.misterugby.com\/rcvb\/#organization\"},\"potentialAction\":[{\"@type\":\"SearchAction\",\"target\":{\"@type\":\"EntryPoint\",\"urlTemplate\":\"https:\/\/clubs.misterugby.com\/rcvb\/?s={search_term_string}\"},\"query-input\":{\"@type\":\"PropertyValueSpecification\",\"valueRequired\":true,\"valueName\":\"search_term_string\"}}],\"inLanguage\":\"fr-FR\"},{\"@type\":\"Organization\",\"@id\":\"https:\/\/clubs.misterugby.com\/rcvb\/#organization\",\"name\":\"rcvb\",\"url\":\"https:\/\/clubs.misterugby.com\/rcvb\/\",\"logo\":{\"@type\":\"ImageObject\",\"inLanguage\":\"fr-FR\",\"@id\":\"https:\/\/clubs.misterugby.com\/rcvb\/#\/schema\/logo\/image\/\",\"url\":\"https:\/\/clubs.misterugby.com\/rcvb\/wp-content\/uploads\/sites\/4\/2019\/03\/cropped-rcvb-ok.png\",\"contentUrl\":\"https:\/\/clubs.misterugby.com\/rcvb\/wp-content\/uploads\/sites\/4\/2019\/03\/cropped-rcvb-ok.png\",\"width\":4372,\"height\":4350,\"caption\":\"rcvb\"},\"image\":{\"@id\":\"https:\/\/clubs.misterugby.com\/rcvb\/#\/schema\/logo\/image\/\"}}]}<\/script>\n<!-- \/ Yoast SEO plugin. -->","yoast_head_json":{"title":"Paiement - rcvb","robots":{"index":"noindex","follow":"follow","max-snippet":"max-snippet:-1","max-image-preview":"max-image-preview:large","max-video-preview":"max-video-preview:-1"},"og_locale":"fr_FR","og_type":"article","og_title":"Paiement - rcvb","og_description":"[vc_row][vc_column][vc_column_text] Nos solutions de paiement sont toutes s\u00e9curis\u00e9es \u00e0 100 % &nbsp; &nbsp; Paiement s\u00e9curis\u00e9 par Carte Bancaire Apr\u00e8s avoir valid\u00e9 votre commande, vous basculez automatiquement sur les serveurs s\u00e9curis\u00e9s de notre partenaire bancaire Stripe. Toutes les informations \u00e9chang\u00e9es pour traiter le paiement sont crypt\u00e9es gr\u00e2ce au protocole SSL. Ces donn\u00e9es ne peuvent \u00eatre ni [&hellip;]","og_url":"https:\/\/clubs.misterugby.com\/rcvb\/paiement\/","og_site_name":"rcvb","article_modified_time":"2020-08-05T15:37:06+00:00","og_image":[{"url":"http:\/\/clubs.misterugby.com\/base\/wp-content\/uploads\/sites\/2\/2019\/03\/Sans-titre-3-2.jpg","type":"","width":"","height":""}],"twitter_card":"summary_large_image","twitter_misc":{"Dur\u00e9e de lecture estim\u00e9e":"1 minute"},"schema":{"@context":"https:\/\/schema.org","@graph":[{"@type":"WebPage","@id":"https:\/\/clubs.misterugby.com\/rcvb\/paiement\/","url":"https:\/\/clubs.misterugby.com\/rcvb\/paiement\/","name":"Paiement - rcvb","isPartOf":{"@id":"https:\/\/clubs.misterugby.com\/rcvb\/#website"},"primaryImageOfPage":{"@id":"https:\/\/clubs.misterugby.com\/rcvb\/paiement\/#primaryimage"},"image":{"@id":"https:\/\/clubs.misterugby.com\/rcvb\/paiement\/#primaryimage"},"thumbnailUrl":"http:\/\/clubs.misterugby.com\/base\/wp-content\/uploads\/sites\/2\/2019\/03\/Sans-titre-3-2.jpg","datePublished":"2019-03-06T16:55:52+00:00","dateModified":"2020-08-05T15:37:06+00:00","breadcrumb":{"@id":"https:\/\/clubs.misterugby.com\/rcvb\/paiement\/#breadcrumb"},"inLanguage":"fr-FR","potentialAction":[{"@type":"ReadAction","target":["https:\/\/clubs.misterugby.com\/rcvb\/paiement\/"]}]},{"@type":"ImageObject","inLanguage":"fr-FR","@id":"https:\/\/clubs.misterugby.com\/rcvb\/paiement\/#primaryimage","url":"http:\/\/clubs.misterugby.com\/base\/wp-content\/uploads\/sites\/2\/2019\/03\/Sans-titre-3-2.jpg","contentUrl":"http:\/\/clubs.misterugby.com\/base\/wp-content\/uploads\/sites\/2\/2019\/03\/Sans-titre-3-2.jpg"},{"@type":"BreadcrumbList","@id":"https:\/\/clubs.misterugby.com\/rcvb\/paiement\/#breadcrumb","itemListElement":[{"@type":"ListItem","position":1,"name":"Accueil","item":"https:\/\/clubs.misterugby.com\/rcvb\/"},{"@type":"ListItem","position":2,"name":"Paiement"}]},{"@type":"WebSite","@id":"https:\/\/clubs.misterugby.com\/rcvb\/#website","url":"https:\/\/clubs.misterugby.com\/rcvb\/","name":"rcvb","description":"","publisher":{"@id":"https:\/\/clubs.misterugby.com\/rcvb\/#organization"},"potentialAction":[{"@type":"SearchAction","target":{"@type":"EntryPoint","urlTemplate":"https:\/\/clubs.misterugby.com\/rcvb\/?s={search_term_string}"},"query-input":{"@type":"PropertyValueSpecification","valueRequired":true,"valueName":"search_term_string"}}],"inLanguage":"fr-FR"},{"@type":"Organization","@id":"https:\/\/clubs.misterugby.com\/rcvb\/#organization","name":"rcvb","url":"https:\/\/clubs.misterugby.com\/rcvb\/","logo":{"@type":"ImageObject","inLanguage":"fr-FR","@id":"https:\/\/clubs.misterugby.com\/rcvb\/#\/schema\/logo\/image\/","url":"https:\/\/clubs.misterugby.com\/rcvb\/wp-content\/uploads\/sites\/4\/2019\/03\/cropped-rcvb-ok.png","contentUrl":"https:\/\/clubs.misterugby.com\/rcvb\/wp-content\/uploads\/sites\/4\/2019\/03\/cropped-rcvb-ok.png","width":4372,"height":4350,"caption":"rcvb"},"image":{"@id":"https:\/\/clubs.misterugby.com\/rcvb\/#\/schema\/logo\/image\/"}}]}},"_links":{"self":[{"href":"https:\/\/clubs.misterugby.com\/rcvb\/wp-json\/wp\/v2\/pages\/140","targetHints":{"allow":["GET"]}}],"collection":[{"href":"https:\/\/clubs.misterugby.com\/rcvb\/wp-json\/wp\/v2\/pages"}],"about":[{"href":"https:\/\/clubs.misterugby.com\/rcvb\/wp-json\/wp\/v2\/types\/page"}],"author":[{"embeddable":true,"href":"https:\/\/clubs.misterugby.com\/rcvb\/wp-json\/wp\/v2\/users\/1"}],"replies":[{"embeddable":true,"href":"https:\/\/clubs.misterugby.com\/rcvb\/wp-json\/wp\/v2\/comments?post=140"}],"version-history":[{"count":0,"href":"https:\/\/clubs.misterugby.com\/rcvb\/wp-json\/wp\/v2\/pages\/140\/revisions"}],"wp:attachment":[{"href":"https:\/\/clubs.misterugby.com\/rcvb\/wp-json\/wp\/v2\/media?parent=140"}],"curies":[{"name":"wp","href":"https:\/\/api.w.org\/{rel}","templated":true}]}}