{"id":5801,"date":"2022-01-19T06:42:14","date_gmt":"2022-01-19T05:42:14","guid":{"rendered":"https:\/\/clubs.misterugby.com\/rcvb\/produit\/veste-capuche-zippee-kappa-homme-royal-modele-tortona\/"},"modified":"2026-02-28T10:40:58","modified_gmt":"2026-02-28T09:40:58","slug":"veste-capuche-zippee-kappa-homme-royal-modele-tortona","status":"publish","type":"product","link":"https:\/\/clubs.misterugby.com\/rcvb\/produit\/veste-capuche-zippee-kappa-homme-royal-modele-tortona\/","title":{"rendered":"Veste capuche zipp\u00e9e KAPPA Homme Royal \u2013 mod\u00e8le GREVOLO"},"content":{"rendered":"","protected":false},"excerpt":{"rendered":"<ul>\n<li>100% polyester<\/li>\n<li>full zip<\/li>\n<li>2 poches lat\u00e9rales zipp\u00e9es<\/li>\n<li>touch\u00e9 ultra doux<\/li>\n<li>coloris bleu royal<\/li>\n<li>logo en transfert<\/li>\n<\/ul>\n","protected":false},"featured_media":6754,"template":"","meta":[],"product_brand":[],"product_cat":[115,118,39],"product_tag":[],"class_list":{"0":"post-5801","1":"product","2":"type-product","3":"status-publish","4":"has-post-thumbnail","6":"product_cat-presentation","7":"product_cat-training","8":"product_cat-homme","10":"first","11":"instock","12":"taxable","13":"shipping-taxable","14":"purchasable","15":"product-type-variable"},"yoast_head":"<!-- This site is optimized with the Yoast SEO plugin v26.9 - https:\/\/yoast.com\/product\/yoast-seo-wordpress\/ -->\n<title>Veste capuche zipp\u00e9e KAPPA Homme Royal \u2013 mod\u00e8le GREVOLO - rcvb<\/title>\n<meta name=\"robots\" content=\"noindex, follow, max-snippet:-1, max-image-preview:large, max-video-preview:-1\" \/>\n<meta property=\"og:locale\" content=\"fr_FR\" \/>\n<meta property=\"og:type\" content=\"article\" \/>\n<meta property=\"og:title\" content=\"Veste capuche zipp\u00e9e KAPPA Homme Royal \u2013 mod\u00e8le GREVOLO - rcvb\" \/>\n<meta property=\"og:description\" content=\"100% polyester  full zip  2 poches lat\u00e9rales zipp\u00e9es  touch\u00e9 ultra doux  coloris bleu royal  logo en transfert\" \/>\n<meta property=\"og:url\" content=\"https:\/\/clubs.misterugby.com\/rcvb\/produit\/veste-capuche-zippee-kappa-homme-royal-modele-tortona\/\" \/>\n<meta property=\"og:site_name\" content=\"rcvb\" \/>\n<meta property=\"article:modified_time\" content=\"2026-02-28T09:40:58+00:00\" \/>\n<meta property=\"og:image\" content=\"http:\/\/clubs.misterugby.com\/rcvb\/wp-content\/uploads\/sites\/4\/2022\/01\/Sans-titre-6-3.jpg\" \/>\n\t<meta property=\"og:image:width\" content=\"1000\" \/>\n\t<meta property=\"og:image:height\" content=\"1000\" \/>\n\t<meta property=\"og:image:type\" content=\"image\/jpeg\" \/>\n<meta name=\"twitter:card\" content=\"summary_large_image\" \/>\n<meta name=\"twitter:label1\" content=\"Dur\u00e9e de lecture estim\u00e9e\" \/>\n\t<meta name=\"twitter:data1\" content=\"1 minute\" \/>\n<script type=\"application\/ld+json\" class=\"yoast-schema-graph\">{\"@context\":\"https:\/\/schema.org\",\"@graph\":[{\"@type\":\"WebPage\",\"@id\":\"https:\/\/clubs.misterugby.com\/rcvb\/produit\/veste-capuche-zippee-kappa-homme-royal-modele-tortona\/\",\"url\":\"https:\/\/clubs.misterugby.com\/rcvb\/produit\/veste-capuche-zippee-kappa-homme-royal-modele-tortona\/\",\"name\":\"Veste capuche zipp\u00e9e KAPPA Homme Royal \u2013 mod\u00e8le GREVOLO - rcvb\",\"isPartOf\":{\"@id\":\"https:\/\/clubs.misterugby.com\/rcvb\/#website\"},\"primaryImageOfPage\":{\"@id\":\"https:\/\/clubs.misterugby.com\/rcvb\/produit\/veste-capuche-zippee-kappa-homme-royal-modele-tortona\/#primaryimage\"},\"image\":{\"@id\":\"https:\/\/clubs.misterugby.com\/rcvb\/produit\/veste-capuche-zippee-kappa-homme-royal-modele-tortona\/#primaryimage\"},\"thumbnailUrl\":\"https:\/\/clubs.misterugby.com\/rcvb\/wp-content\/uploads\/sites\/4\/2022\/01\/Sans-titre-6-3.jpg\",\"datePublished\":\"2022-01-19T05:42:14+00:00\",\"dateModified\":\"2026-02-28T09:40:58+00:00\",\"breadcrumb\":{\"@id\":\"https:\/\/clubs.misterugby.com\/rcvb\/produit\/veste-capuche-zippee-kappa-homme-royal-modele-tortona\/#breadcrumb\"},\"inLanguage\":\"fr-FR\",\"potentialAction\":[{\"@type\":\"ReadAction\",\"target\":[\"https:\/\/clubs.misterugby.com\/rcvb\/produit\/veste-capuche-zippee-kappa-homme-royal-modele-tortona\/\"]}]},{\"@type\":\"ImageObject\",\"inLanguage\":\"fr-FR\",\"@id\":\"https:\/\/clubs.misterugby.com\/rcvb\/produit\/veste-capuche-zippee-kappa-homme-royal-modele-tortona\/#primaryimage\",\"url\":\"https:\/\/clubs.misterugby.com\/rcvb\/wp-content\/uploads\/sites\/4\/2022\/01\/Sans-titre-6-3.jpg\",\"contentUrl\":\"https:\/\/clubs.misterugby.com\/rcvb\/wp-content\/uploads\/sites\/4\/2022\/01\/Sans-titre-6-3.jpg\",\"width\":1000,\"height\":1000},{\"@type\":\"BreadcrumbList\",\"@id\":\"https:\/\/clubs.misterugby.com\/rcvb\/produit\/veste-capuche-zippee-kappa-homme-royal-modele-tortona\/#breadcrumb\",\"itemListElement\":[{\"@type\":\"ListItem\",\"position\":1,\"name\":\"Accueil\",\"item\":\"https:\/\/clubs.misterugby.com\/rcvb\/\"},{\"@type\":\"ListItem\",\"position\":2,\"name\":\"Boutique\",\"item\":\"https:\/\/clubs.misterugby.com\/rcvb\/\"},{\"@type\":\"ListItem\",\"position\":3,\"name\":\"Veste capuche zipp\u00e9e KAPPA Homme Royal \u2013 mod\u00e8le GREVOLO\"}]},{\"@type\":\"WebSite\",\"@id\":\"https:\/\/clubs.misterugby.com\/rcvb\/#website\",\"url\":\"https:\/\/clubs.misterugby.com\/rcvb\/\",\"name\":\"rcvb\",\"description\":\"\",\"publisher\":{\"@id\":\"https:\/\/clubs.misterugby.com\/rcvb\/#organization\"},\"potentialAction\":[{\"@type\":\"SearchAction\",\"target\":{\"@type\":\"EntryPoint\",\"urlTemplate\":\"https:\/\/clubs.misterugby.com\/rcvb\/?s={search_term_string}\"},\"query-input\":{\"@type\":\"PropertyValueSpecification\",\"valueRequired\":true,\"valueName\":\"search_term_string\"}}],\"inLanguage\":\"fr-FR\"},{\"@type\":\"Organization\",\"@id\":\"https:\/\/clubs.misterugby.com\/rcvb\/#organization\",\"name\":\"rcvb\",\"url\":\"https:\/\/clubs.misterugby.com\/rcvb\/\",\"logo\":{\"@type\":\"ImageObject\",\"inLanguage\":\"fr-FR\",\"@id\":\"https:\/\/clubs.misterugby.com\/rcvb\/#\/schema\/logo\/image\/\",\"url\":\"https:\/\/clubs.misterugby.com\/rcvb\/wp-content\/uploads\/sites\/4\/2019\/03\/cropped-rcvb-ok.png\",\"contentUrl\":\"https:\/\/clubs.misterugby.com\/rcvb\/wp-content\/uploads\/sites\/4\/2019\/03\/cropped-rcvb-ok.png\",\"width\":4372,\"height\":4350,\"caption\":\"rcvb\"},\"image\":{\"@id\":\"https:\/\/clubs.misterugby.com\/rcvb\/#\/schema\/logo\/image\/\"}}]}<\/script>\n<!-- \/ Yoast SEO plugin. -->","yoast_head_json":{"title":"Veste capuche zipp\u00e9e KAPPA Homme Royal \u2013 mod\u00e8le GREVOLO - rcvb","robots":{"index":"noindex","follow":"follow","max-snippet":"max-snippet:-1","max-image-preview":"max-image-preview:large","max-video-preview":"max-video-preview:-1"},"og_locale":"fr_FR","og_type":"article","og_title":"Veste capuche zipp\u00e9e KAPPA Homme Royal \u2013 mod\u00e8le GREVOLO - rcvb","og_description":"100% polyester  full zip  2 poches lat\u00e9rales zipp\u00e9es  touch\u00e9 ultra doux  coloris bleu royal  logo en transfert","og_url":"https:\/\/clubs.misterugby.com\/rcvb\/produit\/veste-capuche-zippee-kappa-homme-royal-modele-tortona\/","og_site_name":"rcvb","article_modified_time":"2026-02-28T09:40:58+00:00","og_image":[{"width":1000,"height":1000,"url":"http:\/\/clubs.misterugby.com\/rcvb\/wp-content\/uploads\/sites\/4\/2022\/01\/Sans-titre-6-3.jpg","type":"image\/jpeg"}],"twitter_card":"summary_large_image","twitter_misc":{"Dur\u00e9e de lecture estim\u00e9e":"1 minute"},"schema":{"@context":"https:\/\/schema.org","@graph":[{"@type":"WebPage","@id":"https:\/\/clubs.misterugby.com\/rcvb\/produit\/veste-capuche-zippee-kappa-homme-royal-modele-tortona\/","url":"https:\/\/clubs.misterugby.com\/rcvb\/produit\/veste-capuche-zippee-kappa-homme-royal-modele-tortona\/","name":"Veste capuche zipp\u00e9e KAPPA Homme Royal \u2013 mod\u00e8le GREVOLO - rcvb","isPartOf":{"@id":"https:\/\/clubs.misterugby.com\/rcvb\/#website"},"primaryImageOfPage":{"@id":"https:\/\/clubs.misterugby.com\/rcvb\/produit\/veste-capuche-zippee-kappa-homme-royal-modele-tortona\/#primaryimage"},"image":{"@id":"https:\/\/clubs.misterugby.com\/rcvb\/produit\/veste-capuche-zippee-kappa-homme-royal-modele-tortona\/#primaryimage"},"thumbnailUrl":"https:\/\/clubs.misterugby.com\/rcvb\/wp-content\/uploads\/sites\/4\/2022\/01\/Sans-titre-6-3.jpg","datePublished":"2022-01-19T05:42:14+00:00","dateModified":"2026-02-28T09:40:58+00:00","breadcrumb":{"@id":"https:\/\/clubs.misterugby.com\/rcvb\/produit\/veste-capuche-zippee-kappa-homme-royal-modele-tortona\/#breadcrumb"},"inLanguage":"fr-FR","potentialAction":[{"@type":"ReadAction","target":["https:\/\/clubs.misterugby.com\/rcvb\/produit\/veste-capuche-zippee-kappa-homme-royal-modele-tortona\/"]}]},{"@type":"ImageObject","inLanguage":"fr-FR","@id":"https:\/\/clubs.misterugby.com\/rcvb\/produit\/veste-capuche-zippee-kappa-homme-royal-modele-tortona\/#primaryimage","url":"https:\/\/clubs.misterugby.com\/rcvb\/wp-content\/uploads\/sites\/4\/2022\/01\/Sans-titre-6-3.jpg","contentUrl":"https:\/\/clubs.misterugby.com\/rcvb\/wp-content\/uploads\/sites\/4\/2022\/01\/Sans-titre-6-3.jpg","width":1000,"height":1000},{"@type":"BreadcrumbList","@id":"https:\/\/clubs.misterugby.com\/rcvb\/produit\/veste-capuche-zippee-kappa-homme-royal-modele-tortona\/#breadcrumb","itemListElement":[{"@type":"ListItem","position":1,"name":"Accueil","item":"https:\/\/clubs.misterugby.com\/rcvb\/"},{"@type":"ListItem","position":2,"name":"Boutique","item":"https:\/\/clubs.misterugby.com\/rcvb\/"},{"@type":"ListItem","position":3,"name":"Veste capuche zipp\u00e9e KAPPA Homme Royal \u2013 mod\u00e8le GREVOLO"}]},{"@type":"WebSite","@id":"https:\/\/clubs.misterugby.com\/rcvb\/#website","url":"https:\/\/clubs.misterugby.com\/rcvb\/","name":"rcvb","description":"","publisher":{"@id":"https:\/\/clubs.misterugby.com\/rcvb\/#organization"},"potentialAction":[{"@type":"SearchAction","target":{"@type":"EntryPoint","urlTemplate":"https:\/\/clubs.misterugby.com\/rcvb\/?s={search_term_string}"},"query-input":{"@type":"PropertyValueSpecification","valueRequired":true,"valueName":"search_term_string"}}],"inLanguage":"fr-FR"},{"@type":"Organization","@id":"https:\/\/clubs.misterugby.com\/rcvb\/#organization","name":"rcvb","url":"https:\/\/clubs.misterugby.com\/rcvb\/","logo":{"@type":"ImageObject","inLanguage":"fr-FR","@id":"https:\/\/clubs.misterugby.com\/rcvb\/#\/schema\/logo\/image\/","url":"https:\/\/clubs.misterugby.com\/rcvb\/wp-content\/uploads\/sites\/4\/2019\/03\/cropped-rcvb-ok.png","contentUrl":"https:\/\/clubs.misterugby.com\/rcvb\/wp-content\/uploads\/sites\/4\/2019\/03\/cropped-rcvb-ok.png","width":4372,"height":4350,"caption":"rcvb"},"image":{"@id":"https:\/\/clubs.misterugby.com\/rcvb\/#\/schema\/logo\/image\/"}}]}},"_links":{"self":[{"href":"https:\/\/clubs.misterugby.com\/rcvb\/wp-json\/wp\/v2\/product\/5801","targetHints":{"allow":["GET"]}}],"collection":[{"href":"https:\/\/clubs.misterugby.com\/rcvb\/wp-json\/wp\/v2\/product"}],"about":[{"href":"https:\/\/clubs.misterugby.com\/rcvb\/wp-json\/wp\/v2\/types\/product"}],"wp:featuredmedia":[{"embeddable":true,"href":"https:\/\/clubs.misterugby.com\/rcvb\/wp-json\/wp\/v2\/media\/6754"}],"wp:attachment":[{"href":"https:\/\/clubs.misterugby.com\/rcvb\/wp-json\/wp\/v2\/media?parent=5801"}],"wp:term":[{"taxonomy":"product_brand","embeddable":true,"href":"https:\/\/clubs.misterugby.com\/rcvb\/wp-json\/wp\/v2\/product_brand?post=5801"},{"taxonomy":"product_cat","embeddable":true,"href":"https:\/\/clubs.misterugby.com\/rcvb\/wp-json\/wp\/v2\/product_cat?post=5801"},{"taxonomy":"product_tag","embeddable":true,"href":"https:\/\/clubs.misterugby.com\/rcvb\/wp-json\/wp\/v2\/product_tag?post=5801"}],"curies":[{"name":"wp","href":"https:\/\/api.w.org\/{rel}","templated":true}]}}