{"id":5918,"date":"2022-01-19T06:41:28","date_gmt":"2022-01-19T05:41:28","guid":{"rendered":"https:\/\/clubs.misterugby.com\/rcvb\/produit\/bodywarmer-homme-noir-modele-bodywarm\/"},"modified":"2025-12-03T18:46:02","modified_gmt":"2025-12-03T17:46:02","slug":"bodywarmer-homme-noir-modele-bodywarm","status":"publish","type":"product","link":"https:\/\/clubs.misterugby.com\/rcvb\/produit\/bodywarmer-homme-noir-modele-bodywarm\/","title":{"rendered":"Bodywarmer Homme Noir &#8211; mod\u00e8le BODYWARM"},"content":{"rendered":"","protected":false},"excerpt":{"rendered":"<ul>\n<li>100% polyamide. Garniture int\u00e9rieure polyester<\/li>\n<li>Pratique, chaude et ultra l\u00e9g\u00e8re.<\/li>\n<li>\u00a02 poches zipp\u00e9es devant<\/li>\n<li>Compressible dans son sac de rangement.<\/li>\n<li>coloris noir<\/li>\n<li>logo club brod\u00e9<\/li>\n<\/ul>\n","protected":false},"featured_media":6122,"template":"","meta":[],"product_brand":[],"product_cat":[115,39],"product_tag":[],"class_list":{"0":"post-5918","1":"product","2":"type-product","3":"status-publish","4":"has-post-thumbnail","6":"product_cat-presentation","7":"product_cat-homme","9":"first","10":"instock","11":"taxable","12":"shipping-taxable","13":"purchasable","14":"product-type-variable"},"yoast_head":"<!-- This site is optimized with the Yoast SEO plugin v26.9 - https:\/\/yoast.com\/product\/yoast-seo-wordpress\/ -->\n<title>Bodywarmer Homme Noir - mod\u00e8le BODYWARM - rcvb<\/title>\n<meta name=\"robots\" content=\"noindex, follow, max-snippet:-1, max-image-preview:large, max-video-preview:-1\" \/>\n<meta property=\"og:locale\" content=\"fr_FR\" \/>\n<meta property=\"og:type\" content=\"article\" \/>\n<meta property=\"og:title\" content=\"Bodywarmer Homme Noir - mod\u00e8le BODYWARM - rcvb\" \/>\n<meta property=\"og:description\" content=\"100% polyamide. Garniture int\u00e9rieure polyester  Pratique, chaude et ultra l\u00e9g\u00e8re.  \u00a02 poches zipp\u00e9es devant  Compressible dans son sac de rangement.  coloris noir  logo club brod\u00e9\" \/>\n<meta property=\"og:url\" content=\"https:\/\/clubs.misterugby.com\/rcvb\/produit\/bodywarmer-homme-noir-modele-bodywarm\/\" \/>\n<meta property=\"og:site_name\" content=\"rcvb\" \/>\n<meta property=\"article:modified_time\" content=\"2025-12-03T17:46:02+00:00\" \/>\n<meta property=\"og:image\" content=\"https:\/\/clubs.misterugby.com\/rcvb\/wp-content\/uploads\/sites\/4\/2022\/01\/rc9.jpg\" \/>\n\t<meta property=\"og:image:width\" content=\"1000\" \/>\n\t<meta property=\"og:image:height\" content=\"1000\" \/>\n\t<meta property=\"og:image:type\" content=\"image\/jpeg\" \/>\n<meta name=\"twitter:card\" content=\"summary_large_image\" \/>\n<script type=\"application\/ld+json\" class=\"yoast-schema-graph\">{\"@context\":\"https:\/\/schema.org\",\"@graph\":[{\"@type\":\"WebPage\",\"@id\":\"https:\/\/clubs.misterugby.com\/rcvb\/produit\/bodywarmer-homme-noir-modele-bodywarm\/\",\"url\":\"https:\/\/clubs.misterugby.com\/rcvb\/produit\/bodywarmer-homme-noir-modele-bodywarm\/\",\"name\":\"Bodywarmer Homme Noir - mod\u00e8le BODYWARM - rcvb\",\"isPartOf\":{\"@id\":\"https:\/\/clubs.misterugby.com\/rcvb\/#website\"},\"primaryImageOfPage\":{\"@id\":\"https:\/\/clubs.misterugby.com\/rcvb\/produit\/bodywarmer-homme-noir-modele-bodywarm\/#primaryimage\"},\"image\":{\"@id\":\"https:\/\/clubs.misterugby.com\/rcvb\/produit\/bodywarmer-homme-noir-modele-bodywarm\/#primaryimage\"},\"thumbnailUrl\":\"https:\/\/clubs.misterugby.com\/rcvb\/wp-content\/uploads\/sites\/4\/2022\/01\/rc9.jpg\",\"datePublished\":\"2022-01-19T05:41:28+00:00\",\"dateModified\":\"2025-12-03T17:46:02+00:00\",\"breadcrumb\":{\"@id\":\"https:\/\/clubs.misterugby.com\/rcvb\/produit\/bodywarmer-homme-noir-modele-bodywarm\/#breadcrumb\"},\"inLanguage\":\"fr-FR\",\"potentialAction\":[{\"@type\":\"ReadAction\",\"target\":[\"https:\/\/clubs.misterugby.com\/rcvb\/produit\/bodywarmer-homme-noir-modele-bodywarm\/\"]}]},{\"@type\":\"ImageObject\",\"inLanguage\":\"fr-FR\",\"@id\":\"https:\/\/clubs.misterugby.com\/rcvb\/produit\/bodywarmer-homme-noir-modele-bodywarm\/#primaryimage\",\"url\":\"https:\/\/clubs.misterugby.com\/rcvb\/wp-content\/uploads\/sites\/4\/2022\/01\/rc9.jpg\",\"contentUrl\":\"https:\/\/clubs.misterugby.com\/rcvb\/wp-content\/uploads\/sites\/4\/2022\/01\/rc9.jpg\",\"width\":1000,\"height\":1000},{\"@type\":\"BreadcrumbList\",\"@id\":\"https:\/\/clubs.misterugby.com\/rcvb\/produit\/bodywarmer-homme-noir-modele-bodywarm\/#breadcrumb\",\"itemListElement\":[{\"@type\":\"ListItem\",\"position\":1,\"name\":\"Accueil\",\"item\":\"https:\/\/clubs.misterugby.com\/rcvb\/\"},{\"@type\":\"ListItem\",\"position\":2,\"name\":\"Boutique\",\"item\":\"https:\/\/clubs.misterugby.com\/rcvb\/\"},{\"@type\":\"ListItem\",\"position\":3,\"name\":\"Bodywarmer Homme Noir &#8211; mod\u00e8le BODYWARM\"}]},{\"@type\":\"WebSite\",\"@id\":\"https:\/\/clubs.misterugby.com\/rcvb\/#website\",\"url\":\"https:\/\/clubs.misterugby.com\/rcvb\/\",\"name\":\"rcvb\",\"description\":\"\",\"publisher\":{\"@id\":\"https:\/\/clubs.misterugby.com\/rcvb\/#organization\"},\"potentialAction\":[{\"@type\":\"SearchAction\",\"target\":{\"@type\":\"EntryPoint\",\"urlTemplate\":\"https:\/\/clubs.misterugby.com\/rcvb\/?s={search_term_string}\"},\"query-input\":{\"@type\":\"PropertyValueSpecification\",\"valueRequired\":true,\"valueName\":\"search_term_string\"}}],\"inLanguage\":\"fr-FR\"},{\"@type\":\"Organization\",\"@id\":\"https:\/\/clubs.misterugby.com\/rcvb\/#organization\",\"name\":\"rcvb\",\"url\":\"https:\/\/clubs.misterugby.com\/rcvb\/\",\"logo\":{\"@type\":\"ImageObject\",\"inLanguage\":\"fr-FR\",\"@id\":\"https:\/\/clubs.misterugby.com\/rcvb\/#\/schema\/logo\/image\/\",\"url\":\"https:\/\/clubs.misterugby.com\/rcvb\/wp-content\/uploads\/sites\/4\/2019\/03\/cropped-rcvb-ok.png\",\"contentUrl\":\"https:\/\/clubs.misterugby.com\/rcvb\/wp-content\/uploads\/sites\/4\/2019\/03\/cropped-rcvb-ok.png\",\"width\":4372,\"height\":4350,\"caption\":\"rcvb\"},\"image\":{\"@id\":\"https:\/\/clubs.misterugby.com\/rcvb\/#\/schema\/logo\/image\/\"}}]}<\/script>\n<!-- \/ Yoast SEO plugin. -->","yoast_head_json":{"title":"Bodywarmer Homme Noir - mod\u00e8le BODYWARM - rcvb","robots":{"index":"noindex","follow":"follow","max-snippet":"max-snippet:-1","max-image-preview":"max-image-preview:large","max-video-preview":"max-video-preview:-1"},"og_locale":"fr_FR","og_type":"article","og_title":"Bodywarmer Homme Noir - mod\u00e8le BODYWARM - rcvb","og_description":"100% polyamide. Garniture int\u00e9rieure polyester  Pratique, chaude et ultra l\u00e9g\u00e8re.  \u00a02 poches zipp\u00e9es devant  Compressible dans son sac de rangement.  coloris noir  logo club brod\u00e9","og_url":"https:\/\/clubs.misterugby.com\/rcvb\/produit\/bodywarmer-homme-noir-modele-bodywarm\/","og_site_name":"rcvb","article_modified_time":"2025-12-03T17:46:02+00:00","og_image":[{"width":1000,"height":1000,"url":"https:\/\/clubs.misterugby.com\/rcvb\/wp-content\/uploads\/sites\/4\/2022\/01\/rc9.jpg","type":"image\/jpeg"}],"twitter_card":"summary_large_image","schema":{"@context":"https:\/\/schema.org","@graph":[{"@type":"WebPage","@id":"https:\/\/clubs.misterugby.com\/rcvb\/produit\/bodywarmer-homme-noir-modele-bodywarm\/","url":"https:\/\/clubs.misterugby.com\/rcvb\/produit\/bodywarmer-homme-noir-modele-bodywarm\/","name":"Bodywarmer Homme Noir - mod\u00e8le BODYWARM - rcvb","isPartOf":{"@id":"https:\/\/clubs.misterugby.com\/rcvb\/#website"},"primaryImageOfPage":{"@id":"https:\/\/clubs.misterugby.com\/rcvb\/produit\/bodywarmer-homme-noir-modele-bodywarm\/#primaryimage"},"image":{"@id":"https:\/\/clubs.misterugby.com\/rcvb\/produit\/bodywarmer-homme-noir-modele-bodywarm\/#primaryimage"},"thumbnailUrl":"https:\/\/clubs.misterugby.com\/rcvb\/wp-content\/uploads\/sites\/4\/2022\/01\/rc9.jpg","datePublished":"2022-01-19T05:41:28+00:00","dateModified":"2025-12-03T17:46:02+00:00","breadcrumb":{"@id":"https:\/\/clubs.misterugby.com\/rcvb\/produit\/bodywarmer-homme-noir-modele-bodywarm\/#breadcrumb"},"inLanguage":"fr-FR","potentialAction":[{"@type":"ReadAction","target":["https:\/\/clubs.misterugby.com\/rcvb\/produit\/bodywarmer-homme-noir-modele-bodywarm\/"]}]},{"@type":"ImageObject","inLanguage":"fr-FR","@id":"https:\/\/clubs.misterugby.com\/rcvb\/produit\/bodywarmer-homme-noir-modele-bodywarm\/#primaryimage","url":"https:\/\/clubs.misterugby.com\/rcvb\/wp-content\/uploads\/sites\/4\/2022\/01\/rc9.jpg","contentUrl":"https:\/\/clubs.misterugby.com\/rcvb\/wp-content\/uploads\/sites\/4\/2022\/01\/rc9.jpg","width":1000,"height":1000},{"@type":"BreadcrumbList","@id":"https:\/\/clubs.misterugby.com\/rcvb\/produit\/bodywarmer-homme-noir-modele-bodywarm\/#breadcrumb","itemListElement":[{"@type":"ListItem","position":1,"name":"Accueil","item":"https:\/\/clubs.misterugby.com\/rcvb\/"},{"@type":"ListItem","position":2,"name":"Boutique","item":"https:\/\/clubs.misterugby.com\/rcvb\/"},{"@type":"ListItem","position":3,"name":"Bodywarmer Homme Noir &#8211; mod\u00e8le BODYWARM"}]},{"@type":"WebSite","@id":"https:\/\/clubs.misterugby.com\/rcvb\/#website","url":"https:\/\/clubs.misterugby.com\/rcvb\/","name":"rcvb","description":"","publisher":{"@id":"https:\/\/clubs.misterugby.com\/rcvb\/#organization"},"potentialAction":[{"@type":"SearchAction","target":{"@type":"EntryPoint","urlTemplate":"https:\/\/clubs.misterugby.com\/rcvb\/?s={search_term_string}"},"query-input":{"@type":"PropertyValueSpecification","valueRequired":true,"valueName":"search_term_string"}}],"inLanguage":"fr-FR"},{"@type":"Organization","@id":"https:\/\/clubs.misterugby.com\/rcvb\/#organization","name":"rcvb","url":"https:\/\/clubs.misterugby.com\/rcvb\/","logo":{"@type":"ImageObject","inLanguage":"fr-FR","@id":"https:\/\/clubs.misterugby.com\/rcvb\/#\/schema\/logo\/image\/","url":"https:\/\/clubs.misterugby.com\/rcvb\/wp-content\/uploads\/sites\/4\/2019\/03\/cropped-rcvb-ok.png","contentUrl":"https:\/\/clubs.misterugby.com\/rcvb\/wp-content\/uploads\/sites\/4\/2019\/03\/cropped-rcvb-ok.png","width":4372,"height":4350,"caption":"rcvb"},"image":{"@id":"https:\/\/clubs.misterugby.com\/rcvb\/#\/schema\/logo\/image\/"}}]}},"_links":{"self":[{"href":"https:\/\/clubs.misterugby.com\/rcvb\/wp-json\/wp\/v2\/product\/5918","targetHints":{"allow":["GET"]}}],"collection":[{"href":"https:\/\/clubs.misterugby.com\/rcvb\/wp-json\/wp\/v2\/product"}],"about":[{"href":"https:\/\/clubs.misterugby.com\/rcvb\/wp-json\/wp\/v2\/types\/product"}],"wp:featuredmedia":[{"embeddable":true,"href":"https:\/\/clubs.misterugby.com\/rcvb\/wp-json\/wp\/v2\/media\/6122"}],"wp:attachment":[{"href":"https:\/\/clubs.misterugby.com\/rcvb\/wp-json\/wp\/v2\/media?parent=5918"}],"wp:term":[{"taxonomy":"product_brand","embeddable":true,"href":"https:\/\/clubs.misterugby.com\/rcvb\/wp-json\/wp\/v2\/product_brand?post=5918"},{"taxonomy":"product_cat","embeddable":true,"href":"https:\/\/clubs.misterugby.com\/rcvb\/wp-json\/wp\/v2\/product_cat?post=5918"},{"taxonomy":"product_tag","embeddable":true,"href":"https:\/\/clubs.misterugby.com\/rcvb\/wp-json\/wp\/v2\/product_tag?post=5918"}],"curies":[{"name":"wp","href":"https:\/\/api.w.org\/{rel}","templated":true}]}}