{"id":5992,"date":"2022-01-19T06:40:54","date_gmt":"2022-01-19T05:40:54","guid":{"rendered":"https:\/\/clubs.misterugby.com\/rcvb\/produit\/bas-de-jogging-slim-homme-noir-modele-proact\/"},"modified":"2026-03-29T18:37:29","modified_gmt":"2026-03-29T16:37:29","slug":"bas-de-jogging-slim-homme-noir-modele-proact","status":"publish","type":"product","link":"https:\/\/clubs.misterugby.com\/rcvb\/produit\/bas-de-jogging-slim-homme-noir-modele-proact\/","title":{"rendered":"Bas de jogging slim Homme Noir &#8211; mod\u00e8le PROACT"},"content":{"rendered":"","protected":false},"excerpt":{"rendered":"<ul>\n<li>94% polyester\/ 6% \u00e9lasthanne 310 gr<\/li>\n<li>Mati\u00e8re ultra confortable.<\/li>\n<li>coupe slim<\/li>\n<li>\n<div>2 poches devant et 1 poche arri\u00e8re zipp\u00e9e finition thermosoud\u00e9e.<\/div>\n<\/li>\n<li>\n<div>empi\u00e8cements genoux.<\/div>\n<\/li>\n<li>\n<div>Bas de jambes resserr\u00e9 avec une partie \u00e9lastiqu\u00e9e contrast\u00e9e.<\/div>\n<\/li>\n<li>coloris noir<\/li>\n<li>log club brod\u00e9<\/li>\n<\/ul>\n","protected":false},"featured_media":6632,"template":"","meta":[],"product_brand":[],"product_cat":[115,39],"product_tag":[],"class_list":{"0":"post-5992","1":"product","2":"type-product","3":"status-publish","4":"has-post-thumbnail","6":"product_cat-presentation","7":"product_cat-homme","9":"first","10":"instock","11":"taxable","12":"shipping-taxable","13":"purchasable","14":"product-type-variable"},"yoast_head":"<!-- This site is optimized with the Yoast SEO plugin v26.9 - https:\/\/yoast.com\/product\/yoast-seo-wordpress\/ -->\n<title>Bas de jogging slim Homme Noir - mod\u00e8le PROACT - rcvb<\/title>\n<meta name=\"robots\" content=\"noindex, follow, max-snippet:-1, max-image-preview:large, max-video-preview:-1\" \/>\n<meta property=\"og:locale\" content=\"fr_FR\" \/>\n<meta property=\"og:type\" content=\"article\" \/>\n<meta property=\"og:title\" content=\"Bas de jogging slim Homme Noir - mod\u00e8le PROACT - rcvb\" \/>\n<meta property=\"og:description\" content=\"94% polyester\/ 6% \u00e9lasthanne 310 gr  Mati\u00e8re ultra confortable.  coupe slim   2 poches devant et 1 poche arri\u00e8re zipp\u00e9e finition thermosoud\u00e9e.   empi\u00e8cements genoux.   Bas de jambes resserr\u00e9 avec une partie \u00e9lastiqu\u00e9e contrast\u00e9e.  coloris noir  log club brod\u00e9\" \/>\n<meta property=\"og:url\" content=\"https:\/\/clubs.misterugby.com\/rcvb\/produit\/bas-de-jogging-slim-homme-noir-modele-proact\/\" \/>\n<meta property=\"og:site_name\" content=\"rcvb\" \/>\n<meta property=\"article:modified_time\" content=\"2026-03-29T16:37:29+00:00\" \/>\n<meta property=\"og:image\" content=\"http:\/\/clubs.misterugby.com\/rcvb\/wp-content\/uploads\/sites\/4\/2022\/01\/Sans-titre-16.jpg\" \/>\n\t<meta property=\"og:image:width\" content=\"932\" \/>\n\t<meta property=\"og:image:height\" content=\"982\" \/>\n\t<meta property=\"og:image:type\" content=\"image\/jpeg\" \/>\n<meta name=\"twitter:card\" content=\"summary_large_image\" \/>\n<meta name=\"twitter:label1\" content=\"Dur\u00e9e de lecture estim\u00e9e\" \/>\n\t<meta name=\"twitter:data1\" content=\"1 minute\" \/>\n<script type=\"application\/ld+json\" class=\"yoast-schema-graph\">{\"@context\":\"https:\/\/schema.org\",\"@graph\":[{\"@type\":\"WebPage\",\"@id\":\"https:\/\/clubs.misterugby.com\/rcvb\/produit\/bas-de-jogging-slim-homme-noir-modele-proact\/\",\"url\":\"https:\/\/clubs.misterugby.com\/rcvb\/produit\/bas-de-jogging-slim-homme-noir-modele-proact\/\",\"name\":\"Bas de jogging slim Homme Noir - mod\u00e8le PROACT - rcvb\",\"isPartOf\":{\"@id\":\"https:\/\/clubs.misterugby.com\/rcvb\/#website\"},\"primaryImageOfPage\":{\"@id\":\"https:\/\/clubs.misterugby.com\/rcvb\/produit\/bas-de-jogging-slim-homme-noir-modele-proact\/#primaryimage\"},\"image\":{\"@id\":\"https:\/\/clubs.misterugby.com\/rcvb\/produit\/bas-de-jogging-slim-homme-noir-modele-proact\/#primaryimage\"},\"thumbnailUrl\":\"https:\/\/clubs.misterugby.com\/rcvb\/wp-content\/uploads\/sites\/4\/2022\/01\/Sans-titre-16.jpg\",\"datePublished\":\"2022-01-19T05:40:54+00:00\",\"dateModified\":\"2026-03-29T16:37:29+00:00\",\"breadcrumb\":{\"@id\":\"https:\/\/clubs.misterugby.com\/rcvb\/produit\/bas-de-jogging-slim-homme-noir-modele-proact\/#breadcrumb\"},\"inLanguage\":\"fr-FR\",\"potentialAction\":[{\"@type\":\"ReadAction\",\"target\":[\"https:\/\/clubs.misterugby.com\/rcvb\/produit\/bas-de-jogging-slim-homme-noir-modele-proact\/\"]}]},{\"@type\":\"ImageObject\",\"inLanguage\":\"fr-FR\",\"@id\":\"https:\/\/clubs.misterugby.com\/rcvb\/produit\/bas-de-jogging-slim-homme-noir-modele-proact\/#primaryimage\",\"url\":\"https:\/\/clubs.misterugby.com\/rcvb\/wp-content\/uploads\/sites\/4\/2022\/01\/Sans-titre-16.jpg\",\"contentUrl\":\"https:\/\/clubs.misterugby.com\/rcvb\/wp-content\/uploads\/sites\/4\/2022\/01\/Sans-titre-16.jpg\",\"width\":932,\"height\":982},{\"@type\":\"BreadcrumbList\",\"@id\":\"https:\/\/clubs.misterugby.com\/rcvb\/produit\/bas-de-jogging-slim-homme-noir-modele-proact\/#breadcrumb\",\"itemListElement\":[{\"@type\":\"ListItem\",\"position\":1,\"name\":\"Accueil\",\"item\":\"https:\/\/clubs.misterugby.com\/rcvb\/\"},{\"@type\":\"ListItem\",\"position\":2,\"name\":\"Boutique\",\"item\":\"https:\/\/clubs.misterugby.com\/rcvb\/\"},{\"@type\":\"ListItem\",\"position\":3,\"name\":\"Bas de jogging slim Homme Noir &#8211; mod\u00e8le PROACT\"}]},{\"@type\":\"WebSite\",\"@id\":\"https:\/\/clubs.misterugby.com\/rcvb\/#website\",\"url\":\"https:\/\/clubs.misterugby.com\/rcvb\/\",\"name\":\"rcvb\",\"description\":\"\",\"publisher\":{\"@id\":\"https:\/\/clubs.misterugby.com\/rcvb\/#organization\"},\"potentialAction\":[{\"@type\":\"SearchAction\",\"target\":{\"@type\":\"EntryPoint\",\"urlTemplate\":\"https:\/\/clubs.misterugby.com\/rcvb\/?s={search_term_string}\"},\"query-input\":{\"@type\":\"PropertyValueSpecification\",\"valueRequired\":true,\"valueName\":\"search_term_string\"}}],\"inLanguage\":\"fr-FR\"},{\"@type\":\"Organization\",\"@id\":\"https:\/\/clubs.misterugby.com\/rcvb\/#organization\",\"name\":\"rcvb\",\"url\":\"https:\/\/clubs.misterugby.com\/rcvb\/\",\"logo\":{\"@type\":\"ImageObject\",\"inLanguage\":\"fr-FR\",\"@id\":\"https:\/\/clubs.misterugby.com\/rcvb\/#\/schema\/logo\/image\/\",\"url\":\"https:\/\/clubs.misterugby.com\/rcvb\/wp-content\/uploads\/sites\/4\/2019\/03\/cropped-rcvb-ok.png\",\"contentUrl\":\"https:\/\/clubs.misterugby.com\/rcvb\/wp-content\/uploads\/sites\/4\/2019\/03\/cropped-rcvb-ok.png\",\"width\":4372,\"height\":4350,\"caption\":\"rcvb\"},\"image\":{\"@id\":\"https:\/\/clubs.misterugby.com\/rcvb\/#\/schema\/logo\/image\/\"}}]}<\/script>\n<!-- \/ Yoast SEO plugin. -->","yoast_head_json":{"title":"Bas de jogging slim Homme Noir - mod\u00e8le PROACT - rcvb","robots":{"index":"noindex","follow":"follow","max-snippet":"max-snippet:-1","max-image-preview":"max-image-preview:large","max-video-preview":"max-video-preview:-1"},"og_locale":"fr_FR","og_type":"article","og_title":"Bas de jogging slim Homme Noir - mod\u00e8le PROACT - rcvb","og_description":"94% polyester\/ 6% \u00e9lasthanne 310 gr  Mati\u00e8re ultra confortable.  coupe slim   2 poches devant et 1 poche arri\u00e8re zipp\u00e9e finition thermosoud\u00e9e.   empi\u00e8cements genoux.   Bas de jambes resserr\u00e9 avec une partie \u00e9lastiqu\u00e9e contrast\u00e9e.  coloris noir  log club brod\u00e9","og_url":"https:\/\/clubs.misterugby.com\/rcvb\/produit\/bas-de-jogging-slim-homme-noir-modele-proact\/","og_site_name":"rcvb","article_modified_time":"2026-03-29T16:37:29+00:00","og_image":[{"width":932,"height":982,"url":"http:\/\/clubs.misterugby.com\/rcvb\/wp-content\/uploads\/sites\/4\/2022\/01\/Sans-titre-16.jpg","type":"image\/jpeg"}],"twitter_card":"summary_large_image","twitter_misc":{"Dur\u00e9e de lecture estim\u00e9e":"1 minute"},"schema":{"@context":"https:\/\/schema.org","@graph":[{"@type":"WebPage","@id":"https:\/\/clubs.misterugby.com\/rcvb\/produit\/bas-de-jogging-slim-homme-noir-modele-proact\/","url":"https:\/\/clubs.misterugby.com\/rcvb\/produit\/bas-de-jogging-slim-homme-noir-modele-proact\/","name":"Bas de jogging slim Homme Noir - mod\u00e8le PROACT - rcvb","isPartOf":{"@id":"https:\/\/clubs.misterugby.com\/rcvb\/#website"},"primaryImageOfPage":{"@id":"https:\/\/clubs.misterugby.com\/rcvb\/produit\/bas-de-jogging-slim-homme-noir-modele-proact\/#primaryimage"},"image":{"@id":"https:\/\/clubs.misterugby.com\/rcvb\/produit\/bas-de-jogging-slim-homme-noir-modele-proact\/#primaryimage"},"thumbnailUrl":"https:\/\/clubs.misterugby.com\/rcvb\/wp-content\/uploads\/sites\/4\/2022\/01\/Sans-titre-16.jpg","datePublished":"2022-01-19T05:40:54+00:00","dateModified":"2026-03-29T16:37:29+00:00","breadcrumb":{"@id":"https:\/\/clubs.misterugby.com\/rcvb\/produit\/bas-de-jogging-slim-homme-noir-modele-proact\/#breadcrumb"},"inLanguage":"fr-FR","potentialAction":[{"@type":"ReadAction","target":["https:\/\/clubs.misterugby.com\/rcvb\/produit\/bas-de-jogging-slim-homme-noir-modele-proact\/"]}]},{"@type":"ImageObject","inLanguage":"fr-FR","@id":"https:\/\/clubs.misterugby.com\/rcvb\/produit\/bas-de-jogging-slim-homme-noir-modele-proact\/#primaryimage","url":"https:\/\/clubs.misterugby.com\/rcvb\/wp-content\/uploads\/sites\/4\/2022\/01\/Sans-titre-16.jpg","contentUrl":"https:\/\/clubs.misterugby.com\/rcvb\/wp-content\/uploads\/sites\/4\/2022\/01\/Sans-titre-16.jpg","width":932,"height":982},{"@type":"BreadcrumbList","@id":"https:\/\/clubs.misterugby.com\/rcvb\/produit\/bas-de-jogging-slim-homme-noir-modele-proact\/#breadcrumb","itemListElement":[{"@type":"ListItem","position":1,"name":"Accueil","item":"https:\/\/clubs.misterugby.com\/rcvb\/"},{"@type":"ListItem","position":2,"name":"Boutique","item":"https:\/\/clubs.misterugby.com\/rcvb\/"},{"@type":"ListItem","position":3,"name":"Bas de jogging slim Homme Noir &#8211; mod\u00e8le PROACT"}]},{"@type":"WebSite","@id":"https:\/\/clubs.misterugby.com\/rcvb\/#website","url":"https:\/\/clubs.misterugby.com\/rcvb\/","name":"rcvb","description":"","publisher":{"@id":"https:\/\/clubs.misterugby.com\/rcvb\/#organization"},"potentialAction":[{"@type":"SearchAction","target":{"@type":"EntryPoint","urlTemplate":"https:\/\/clubs.misterugby.com\/rcvb\/?s={search_term_string}"},"query-input":{"@type":"PropertyValueSpecification","valueRequired":true,"valueName":"search_term_string"}}],"inLanguage":"fr-FR"},{"@type":"Organization","@id":"https:\/\/clubs.misterugby.com\/rcvb\/#organization","name":"rcvb","url":"https:\/\/clubs.misterugby.com\/rcvb\/","logo":{"@type":"ImageObject","inLanguage":"fr-FR","@id":"https:\/\/clubs.misterugby.com\/rcvb\/#\/schema\/logo\/image\/","url":"https:\/\/clubs.misterugby.com\/rcvb\/wp-content\/uploads\/sites\/4\/2019\/03\/cropped-rcvb-ok.png","contentUrl":"https:\/\/clubs.misterugby.com\/rcvb\/wp-content\/uploads\/sites\/4\/2019\/03\/cropped-rcvb-ok.png","width":4372,"height":4350,"caption":"rcvb"},"image":{"@id":"https:\/\/clubs.misterugby.com\/rcvb\/#\/schema\/logo\/image\/"}}]}},"_links":{"self":[{"href":"https:\/\/clubs.misterugby.com\/rcvb\/wp-json\/wp\/v2\/product\/5992","targetHints":{"allow":["GET"]}}],"collection":[{"href":"https:\/\/clubs.misterugby.com\/rcvb\/wp-json\/wp\/v2\/product"}],"about":[{"href":"https:\/\/clubs.misterugby.com\/rcvb\/wp-json\/wp\/v2\/types\/product"}],"wp:featuredmedia":[{"embeddable":true,"href":"https:\/\/clubs.misterugby.com\/rcvb\/wp-json\/wp\/v2\/media\/6632"}],"wp:attachment":[{"href":"https:\/\/clubs.misterugby.com\/rcvb\/wp-json\/wp\/v2\/media?parent=5992"}],"wp:term":[{"taxonomy":"product_brand","embeddable":true,"href":"https:\/\/clubs.misterugby.com\/rcvb\/wp-json\/wp\/v2\/product_brand?post=5992"},{"taxonomy":"product_cat","embeddable":true,"href":"https:\/\/clubs.misterugby.com\/rcvb\/wp-json\/wp\/v2\/product_cat?post=5992"},{"taxonomy":"product_tag","embeddable":true,"href":"https:\/\/clubs.misterugby.com\/rcvb\/wp-json\/wp\/v2\/product_tag?post=5992"}],"curies":[{"name":"wp","href":"https:\/\/api.w.org\/{rel}","templated":true}]}}