{"id":6020,"date":"2022-01-19T06:40:38","date_gmt":"2022-01-19T05:40:38","guid":{"rendered":"https:\/\/clubs.misterugby.com\/rcvb\/produit\/sweat-capuche-full-zip-homme-noir-modele-bicolore-fz\/"},"modified":"2026-01-27T18:55:35","modified_gmt":"2026-01-27T17:55:35","slug":"sweat-capuche-full-zip-homme-noir-modele-bicolore-fz","status":"publish","type":"product","link":"https:\/\/clubs.misterugby.com\/rcvb\/produit\/sweat-capuche-full-zip-homme-noir-modele-bicolore-fz\/","title":{"rendered":"Sweat capuche full zip Homme Noir &#8211; mod\u00e8le BICOLORE FZ"},"content":{"rendered":"","protected":false},"excerpt":{"rendered":"<ul>\n<li>Molleton gratt\u00e9 280 gr , 65% polyester \u2013 35% coton<\/li>\n<li>Fermeture zipp\u00e9e. Manches raglan et capuche contrast\u00e9es<\/li>\n<li>Capuche doubl\u00e9e en maille filet ton sur ton. Poches kangourou avec poche t\u00e9l\u00e9phone fluorescente<\/li>\n<li>Passe-fil \u00e9couteurs<\/li>\n<li>Coloris gris fon\u00e7\u00e9 chin\u00e9 \u2013 noir<\/li>\n<li>logo club brod\u00e9<\/li>\n<\/ul>\n","protected":false},"featured_media":6656,"template":"","meta":[],"product_brand":[],"product_cat":[115,39],"product_tag":[],"class_list":{"0":"post-6020","1":"product","2":"type-product","3":"status-publish","4":"has-post-thumbnail","6":"product_cat-presentation","7":"product_cat-homme","9":"first","10":"instock","11":"taxable","12":"shipping-taxable","13":"purchasable","14":"product-type-variable"},"yoast_head":"<!-- This site is optimized with the Yoast SEO plugin v26.9 - https:\/\/yoast.com\/product\/yoast-seo-wordpress\/ -->\n<title>Sweat capuche full zip Homme Noir - mod\u00e8le BICOLORE FZ - rcvb<\/title>\n<meta name=\"robots\" content=\"noindex, follow, max-snippet:-1, max-image-preview:large, max-video-preview:-1\" \/>\n<meta property=\"og:locale\" content=\"fr_FR\" \/>\n<meta property=\"og:type\" content=\"article\" \/>\n<meta property=\"og:title\" content=\"Sweat capuche full zip Homme Noir - mod\u00e8le BICOLORE FZ - rcvb\" \/>\n<meta property=\"og:description\" content=\"Molleton gratt\u00e9 280 gr , 65% polyester \u2013 35% coton  Fermeture zipp\u00e9e. Manches raglan et capuche contrast\u00e9es  Capuche doubl\u00e9e en maille filet ton sur ton. Poches kangourou avec poche t\u00e9l\u00e9phone fluorescente  Passe-fil \u00e9couteurs  Coloris gris fon\u00e7\u00e9 chin\u00e9 \u2013 noir  logo club brod\u00e9\" \/>\n<meta property=\"og:url\" content=\"https:\/\/clubs.misterugby.com\/rcvb\/produit\/sweat-capuche-full-zip-homme-noir-modele-bicolore-fz\/\" \/>\n<meta property=\"og:site_name\" content=\"rcvb\" \/>\n<meta property=\"article:modified_time\" content=\"2026-01-27T17:55:35+00:00\" \/>\n<meta property=\"og:image\" content=\"http:\/\/clubs.misterugby.com\/rcvb\/wp-content\/uploads\/sites\/4\/2022\/01\/Sans-titre-56.jpg\" \/>\n\t<meta property=\"og:image:width\" content=\"891\" \/>\n\t<meta property=\"og:image:height\" content=\"901\" \/>\n\t<meta property=\"og:image:type\" content=\"image\/jpeg\" \/>\n<meta name=\"twitter:card\" content=\"summary_large_image\" \/>\n<meta name=\"twitter:label1\" content=\"Dur\u00e9e de lecture estim\u00e9e\" \/>\n\t<meta name=\"twitter:data1\" content=\"1 minute\" \/>\n<script type=\"application\/ld+json\" class=\"yoast-schema-graph\">{\"@context\":\"https:\/\/schema.org\",\"@graph\":[{\"@type\":\"WebPage\",\"@id\":\"https:\/\/clubs.misterugby.com\/rcvb\/produit\/sweat-capuche-full-zip-homme-noir-modele-bicolore-fz\/\",\"url\":\"https:\/\/clubs.misterugby.com\/rcvb\/produit\/sweat-capuche-full-zip-homme-noir-modele-bicolore-fz\/\",\"name\":\"Sweat capuche full zip Homme Noir - mod\u00e8le BICOLORE FZ - rcvb\",\"isPartOf\":{\"@id\":\"https:\/\/clubs.misterugby.com\/rcvb\/#website\"},\"primaryImageOfPage\":{\"@id\":\"https:\/\/clubs.misterugby.com\/rcvb\/produit\/sweat-capuche-full-zip-homme-noir-modele-bicolore-fz\/#primaryimage\"},\"image\":{\"@id\":\"https:\/\/clubs.misterugby.com\/rcvb\/produit\/sweat-capuche-full-zip-homme-noir-modele-bicolore-fz\/#primaryimage\"},\"thumbnailUrl\":\"https:\/\/clubs.misterugby.com\/rcvb\/wp-content\/uploads\/sites\/4\/2022\/01\/Sans-titre-56.jpg\",\"datePublished\":\"2022-01-19T05:40:38+00:00\",\"dateModified\":\"2026-01-27T17:55:35+00:00\",\"breadcrumb\":{\"@id\":\"https:\/\/clubs.misterugby.com\/rcvb\/produit\/sweat-capuche-full-zip-homme-noir-modele-bicolore-fz\/#breadcrumb\"},\"inLanguage\":\"fr-FR\",\"potentialAction\":[{\"@type\":\"ReadAction\",\"target\":[\"https:\/\/clubs.misterugby.com\/rcvb\/produit\/sweat-capuche-full-zip-homme-noir-modele-bicolore-fz\/\"]}]},{\"@type\":\"ImageObject\",\"inLanguage\":\"fr-FR\",\"@id\":\"https:\/\/clubs.misterugby.com\/rcvb\/produit\/sweat-capuche-full-zip-homme-noir-modele-bicolore-fz\/#primaryimage\",\"url\":\"https:\/\/clubs.misterugby.com\/rcvb\/wp-content\/uploads\/sites\/4\/2022\/01\/Sans-titre-56.jpg\",\"contentUrl\":\"https:\/\/clubs.misterugby.com\/rcvb\/wp-content\/uploads\/sites\/4\/2022\/01\/Sans-titre-56.jpg\",\"width\":891,\"height\":901},{\"@type\":\"BreadcrumbList\",\"@id\":\"https:\/\/clubs.misterugby.com\/rcvb\/produit\/sweat-capuche-full-zip-homme-noir-modele-bicolore-fz\/#breadcrumb\",\"itemListElement\":[{\"@type\":\"ListItem\",\"position\":1,\"name\":\"Accueil\",\"item\":\"https:\/\/clubs.misterugby.com\/rcvb\/\"},{\"@type\":\"ListItem\",\"position\":2,\"name\":\"Boutique\",\"item\":\"https:\/\/clubs.misterugby.com\/rcvb\/\"},{\"@type\":\"ListItem\",\"position\":3,\"name\":\"Sweat capuche full zip Homme Noir &#8211; mod\u00e8le BICOLORE FZ\"}]},{\"@type\":\"WebSite\",\"@id\":\"https:\/\/clubs.misterugby.com\/rcvb\/#website\",\"url\":\"https:\/\/clubs.misterugby.com\/rcvb\/\",\"name\":\"rcvb\",\"description\":\"\",\"publisher\":{\"@id\":\"https:\/\/clubs.misterugby.com\/rcvb\/#organization\"},\"potentialAction\":[{\"@type\":\"SearchAction\",\"target\":{\"@type\":\"EntryPoint\",\"urlTemplate\":\"https:\/\/clubs.misterugby.com\/rcvb\/?s={search_term_string}\"},\"query-input\":{\"@type\":\"PropertyValueSpecification\",\"valueRequired\":true,\"valueName\":\"search_term_string\"}}],\"inLanguage\":\"fr-FR\"},{\"@type\":\"Organization\",\"@id\":\"https:\/\/clubs.misterugby.com\/rcvb\/#organization\",\"name\":\"rcvb\",\"url\":\"https:\/\/clubs.misterugby.com\/rcvb\/\",\"logo\":{\"@type\":\"ImageObject\",\"inLanguage\":\"fr-FR\",\"@id\":\"https:\/\/clubs.misterugby.com\/rcvb\/#\/schema\/logo\/image\/\",\"url\":\"https:\/\/clubs.misterugby.com\/rcvb\/wp-content\/uploads\/sites\/4\/2019\/03\/cropped-rcvb-ok.png\",\"contentUrl\":\"https:\/\/clubs.misterugby.com\/rcvb\/wp-content\/uploads\/sites\/4\/2019\/03\/cropped-rcvb-ok.png\",\"width\":4372,\"height\":4350,\"caption\":\"rcvb\"},\"image\":{\"@id\":\"https:\/\/clubs.misterugby.com\/rcvb\/#\/schema\/logo\/image\/\"}}]}<\/script>\n<!-- \/ Yoast SEO plugin. -->","yoast_head_json":{"title":"Sweat capuche full zip Homme Noir - mod\u00e8le BICOLORE FZ - rcvb","robots":{"index":"noindex","follow":"follow","max-snippet":"max-snippet:-1","max-image-preview":"max-image-preview:large","max-video-preview":"max-video-preview:-1"},"og_locale":"fr_FR","og_type":"article","og_title":"Sweat capuche full zip Homme Noir - mod\u00e8le BICOLORE FZ - rcvb","og_description":"Molleton gratt\u00e9 280 gr , 65% polyester \u2013 35% coton  Fermeture zipp\u00e9e. Manches raglan et capuche contrast\u00e9es  Capuche doubl\u00e9e en maille filet ton sur ton. Poches kangourou avec poche t\u00e9l\u00e9phone fluorescente  Passe-fil \u00e9couteurs  Coloris gris fon\u00e7\u00e9 chin\u00e9 \u2013 noir  logo club brod\u00e9","og_url":"https:\/\/clubs.misterugby.com\/rcvb\/produit\/sweat-capuche-full-zip-homme-noir-modele-bicolore-fz\/","og_site_name":"rcvb","article_modified_time":"2026-01-27T17:55:35+00:00","og_image":[{"width":891,"height":901,"url":"http:\/\/clubs.misterugby.com\/rcvb\/wp-content\/uploads\/sites\/4\/2022\/01\/Sans-titre-56.jpg","type":"image\/jpeg"}],"twitter_card":"summary_large_image","twitter_misc":{"Dur\u00e9e de lecture estim\u00e9e":"1 minute"},"schema":{"@context":"https:\/\/schema.org","@graph":[{"@type":"WebPage","@id":"https:\/\/clubs.misterugby.com\/rcvb\/produit\/sweat-capuche-full-zip-homme-noir-modele-bicolore-fz\/","url":"https:\/\/clubs.misterugby.com\/rcvb\/produit\/sweat-capuche-full-zip-homme-noir-modele-bicolore-fz\/","name":"Sweat capuche full zip Homme Noir - mod\u00e8le BICOLORE FZ - rcvb","isPartOf":{"@id":"https:\/\/clubs.misterugby.com\/rcvb\/#website"},"primaryImageOfPage":{"@id":"https:\/\/clubs.misterugby.com\/rcvb\/produit\/sweat-capuche-full-zip-homme-noir-modele-bicolore-fz\/#primaryimage"},"image":{"@id":"https:\/\/clubs.misterugby.com\/rcvb\/produit\/sweat-capuche-full-zip-homme-noir-modele-bicolore-fz\/#primaryimage"},"thumbnailUrl":"https:\/\/clubs.misterugby.com\/rcvb\/wp-content\/uploads\/sites\/4\/2022\/01\/Sans-titre-56.jpg","datePublished":"2022-01-19T05:40:38+00:00","dateModified":"2026-01-27T17:55:35+00:00","breadcrumb":{"@id":"https:\/\/clubs.misterugby.com\/rcvb\/produit\/sweat-capuche-full-zip-homme-noir-modele-bicolore-fz\/#breadcrumb"},"inLanguage":"fr-FR","potentialAction":[{"@type":"ReadAction","target":["https:\/\/clubs.misterugby.com\/rcvb\/produit\/sweat-capuche-full-zip-homme-noir-modele-bicolore-fz\/"]}]},{"@type":"ImageObject","inLanguage":"fr-FR","@id":"https:\/\/clubs.misterugby.com\/rcvb\/produit\/sweat-capuche-full-zip-homme-noir-modele-bicolore-fz\/#primaryimage","url":"https:\/\/clubs.misterugby.com\/rcvb\/wp-content\/uploads\/sites\/4\/2022\/01\/Sans-titre-56.jpg","contentUrl":"https:\/\/clubs.misterugby.com\/rcvb\/wp-content\/uploads\/sites\/4\/2022\/01\/Sans-titre-56.jpg","width":891,"height":901},{"@type":"BreadcrumbList","@id":"https:\/\/clubs.misterugby.com\/rcvb\/produit\/sweat-capuche-full-zip-homme-noir-modele-bicolore-fz\/#breadcrumb","itemListElement":[{"@type":"ListItem","position":1,"name":"Accueil","item":"https:\/\/clubs.misterugby.com\/rcvb\/"},{"@type":"ListItem","position":2,"name":"Boutique","item":"https:\/\/clubs.misterugby.com\/rcvb\/"},{"@type":"ListItem","position":3,"name":"Sweat capuche full zip Homme Noir &#8211; mod\u00e8le BICOLORE FZ"}]},{"@type":"WebSite","@id":"https:\/\/clubs.misterugby.com\/rcvb\/#website","url":"https:\/\/clubs.misterugby.com\/rcvb\/","name":"rcvb","description":"","publisher":{"@id":"https:\/\/clubs.misterugby.com\/rcvb\/#organization"},"potentialAction":[{"@type":"SearchAction","target":{"@type":"EntryPoint","urlTemplate":"https:\/\/clubs.misterugby.com\/rcvb\/?s={search_term_string}"},"query-input":{"@type":"PropertyValueSpecification","valueRequired":true,"valueName":"search_term_string"}}],"inLanguage":"fr-FR"},{"@type":"Organization","@id":"https:\/\/clubs.misterugby.com\/rcvb\/#organization","name":"rcvb","url":"https:\/\/clubs.misterugby.com\/rcvb\/","logo":{"@type":"ImageObject","inLanguage":"fr-FR","@id":"https:\/\/clubs.misterugby.com\/rcvb\/#\/schema\/logo\/image\/","url":"https:\/\/clubs.misterugby.com\/rcvb\/wp-content\/uploads\/sites\/4\/2019\/03\/cropped-rcvb-ok.png","contentUrl":"https:\/\/clubs.misterugby.com\/rcvb\/wp-content\/uploads\/sites\/4\/2019\/03\/cropped-rcvb-ok.png","width":4372,"height":4350,"caption":"rcvb"},"image":{"@id":"https:\/\/clubs.misterugby.com\/rcvb\/#\/schema\/logo\/image\/"}}]}},"_links":{"self":[{"href":"https:\/\/clubs.misterugby.com\/rcvb\/wp-json\/wp\/v2\/product\/6020","targetHints":{"allow":["GET"]}}],"collection":[{"href":"https:\/\/clubs.misterugby.com\/rcvb\/wp-json\/wp\/v2\/product"}],"about":[{"href":"https:\/\/clubs.misterugby.com\/rcvb\/wp-json\/wp\/v2\/types\/product"}],"wp:featuredmedia":[{"embeddable":true,"href":"https:\/\/clubs.misterugby.com\/rcvb\/wp-json\/wp\/v2\/media\/6656"}],"wp:attachment":[{"href":"https:\/\/clubs.misterugby.com\/rcvb\/wp-json\/wp\/v2\/media?parent=6020"}],"wp:term":[{"taxonomy":"product_brand","embeddable":true,"href":"https:\/\/clubs.misterugby.com\/rcvb\/wp-json\/wp\/v2\/product_brand?post=6020"},{"taxonomy":"product_cat","embeddable":true,"href":"https:\/\/clubs.misterugby.com\/rcvb\/wp-json\/wp\/v2\/product_cat?post=6020"},{"taxonomy":"product_tag","embeddable":true,"href":"https:\/\/clubs.misterugby.com\/rcvb\/wp-json\/wp\/v2\/product_tag?post=6020"}],"curies":[{"name":"wp","href":"https:\/\/api.w.org\/{rel}","templated":true}]}}