{"id":5883,"date":"2022-01-19T06:41:51","date_gmt":"2022-01-19T05:41:51","guid":{"rendered":"https:\/\/clubs.misterugby.com\/scuf-rugby\/produit\/sac-a-dos-noir-modele-scuba\/"},"modified":"2026-01-13T15:57:08","modified_gmt":"2026-01-13T14:57:08","slug":"sac-a-dos-noir-modele-scuba","status":"publish","type":"product","link":"https:\/\/clubs.misterugby.com\/scuf-rugby\/produit\/sac-a-dos-noir-modele-scuba\/","title":{"rendered":"Sac \u00e0 dos Noir &#8211; mod\u00e8le SCUBA"},"content":{"rendered":"","protected":false},"excerpt":{"rendered":"<ul>\n<li>94 % polyester\/6 % \u00e9lasthanne 410 gr<\/li>\n<li>touch\u00e9 n\u00e9opr\u00e8ne<\/li>\n<li>Poche ext\u00e9rieure zipp\u00e9e. Compartiment principal avec fermeture zipp\u00e9e<\/li>\n<li>Dos matelass\u00e9. Bandouli\u00e8res matelass\u00e9es ajustables. Poign\u00e9e de transport.<\/li>\n<li>tous les zip sont thermosoud\u00e9s<\/li>\n<li>50 x 31 x 16 cm<\/li>\n<li>capacit\u00e9 20 litres<\/li>\n<li>coloris noir<\/li>\n<li>logo club brod\u00e9<\/li>\n<\/ul>\n","protected":false},"featured_media":2749,"template":"","meta":[],"product_brand":[],"product_cat":[42],"product_tag":[],"class_list":{"0":"post-5883","1":"product","2":"type-product","3":"status-publish","4":"has-post-thumbnail","6":"product_cat-accessoires","8":"first","9":"instock","10":"taxable","11":"shipping-taxable","12":"purchasable","13":"product-type-simple"},"yoast_head":"<!-- This site is optimized with the Yoast SEO plugin v26.9 - https:\/\/yoast.com\/product\/yoast-seo-wordpress\/ -->\n<title>Sac \u00e0 dos Noir - mod\u00e8le SCUBA - scuf-rugby<\/title>\n<meta name=\"robots\" content=\"noindex, follow, max-snippet:-1, max-image-preview:large, max-video-preview:-1\" \/>\n<meta property=\"og:locale\" content=\"fr_FR\" \/>\n<meta property=\"og:type\" content=\"article\" \/>\n<meta property=\"og:title\" content=\"Sac \u00e0 dos Noir - mod\u00e8le SCUBA - scuf-rugby\" \/>\n<meta property=\"og:description\" content=\"94 % polyester\/6 % \u00e9lasthanne 410 gr  touch\u00e9 n\u00e9opr\u00e8ne  Poche ext\u00e9rieure zipp\u00e9e. Compartiment principal avec fermeture zipp\u00e9e  Dos matelass\u00e9. Bandouli\u00e8res matelass\u00e9es ajustables. Poign\u00e9e de transport.  tous les zip sont thermosoud\u00e9s  50 x 31 x 16 cm  capacit\u00e9 20 litres  coloris noir  logo club brod\u00e9\" \/>\n<meta property=\"og:url\" content=\"https:\/\/clubs.misterugby.com\/scuf-rugby\/produit\/sac-a-dos-noir-modele-scuba\/\" \/>\n<meta property=\"og:site_name\" content=\"scuf-rugby\" \/>\n<meta property=\"article:modified_time\" content=\"2026-01-13T14:57:08+00:00\" \/>\n<meta property=\"og:image\" content=\"https:\/\/clubs.misterugby.com\/scuf-rugby\/wp-content\/uploads\/sites\/32\/2020\/05\/SCUF-sac.jpg\" \/>\n\t<meta property=\"og:image:width\" content=\"1000\" \/>\n\t<meta property=\"og:image:height\" content=\"1000\" \/>\n\t<meta property=\"og:image:type\" content=\"image\/jpeg\" \/>\n<meta name=\"twitter:card\" content=\"summary_large_image\" \/>\n<meta name=\"twitter:label1\" content=\"Dur\u00e9e de lecture estim\u00e9e\" \/>\n\t<meta name=\"twitter:data1\" content=\"1 minute\" \/>\n<script type=\"application\/ld+json\" class=\"yoast-schema-graph\">{\"@context\":\"https:\/\/schema.org\",\"@graph\":[{\"@type\":\"WebPage\",\"@id\":\"https:\/\/clubs.misterugby.com\/scuf-rugby\/produit\/sac-a-dos-noir-modele-scuba\/\",\"url\":\"https:\/\/clubs.misterugby.com\/scuf-rugby\/produit\/sac-a-dos-noir-modele-scuba\/\",\"name\":\"Sac \u00e0 dos Noir - mod\u00e8le SCUBA - scuf-rugby\",\"isPartOf\":{\"@id\":\"https:\/\/clubs.misterugby.com\/scuf-rugby\/#website\"},\"primaryImageOfPage\":{\"@id\":\"https:\/\/clubs.misterugby.com\/scuf-rugby\/produit\/sac-a-dos-noir-modele-scuba\/#primaryimage\"},\"image\":{\"@id\":\"https:\/\/clubs.misterugby.com\/scuf-rugby\/produit\/sac-a-dos-noir-modele-scuba\/#primaryimage\"},\"thumbnailUrl\":\"https:\/\/clubs.misterugby.com\/scuf-rugby\/wp-content\/uploads\/sites\/32\/2020\/05\/SCUF-sac.jpg\",\"datePublished\":\"2022-01-19T05:41:51+00:00\",\"dateModified\":\"2026-01-13T14:57:08+00:00\",\"breadcrumb\":{\"@id\":\"https:\/\/clubs.misterugby.com\/scuf-rugby\/produit\/sac-a-dos-noir-modele-scuba\/#breadcrumb\"},\"inLanguage\":\"fr-FR\",\"potentialAction\":[{\"@type\":\"ReadAction\",\"target\":[\"https:\/\/clubs.misterugby.com\/scuf-rugby\/produit\/sac-a-dos-noir-modele-scuba\/\"]}]},{\"@type\":\"ImageObject\",\"inLanguage\":\"fr-FR\",\"@id\":\"https:\/\/clubs.misterugby.com\/scuf-rugby\/produit\/sac-a-dos-noir-modele-scuba\/#primaryimage\",\"url\":\"https:\/\/clubs.misterugby.com\/scuf-rugby\/wp-content\/uploads\/sites\/32\/2020\/05\/SCUF-sac.jpg\",\"contentUrl\":\"https:\/\/clubs.misterugby.com\/scuf-rugby\/wp-content\/uploads\/sites\/32\/2020\/05\/SCUF-sac.jpg\",\"width\":1000,\"height\":1000},{\"@type\":\"BreadcrumbList\",\"@id\":\"https:\/\/clubs.misterugby.com\/scuf-rugby\/produit\/sac-a-dos-noir-modele-scuba\/#breadcrumb\",\"itemListElement\":[{\"@type\":\"ListItem\",\"position\":1,\"name\":\"Accueil\",\"item\":\"https:\/\/clubs.misterugby.com\/scuf-rugby\/\"},{\"@type\":\"ListItem\",\"position\":2,\"name\":\"Boutique\",\"item\":\"https:\/\/clubs.misterugby.com\/scuf-rugby\/\"},{\"@type\":\"ListItem\",\"position\":3,\"name\":\"Sac \u00e0 dos Noir &#8211; mod\u00e8le SCUBA\"}]},{\"@type\":\"WebSite\",\"@id\":\"https:\/\/clubs.misterugby.com\/scuf-rugby\/#website\",\"url\":\"https:\/\/clubs.misterugby.com\/scuf-rugby\/\",\"name\":\"scuf-rugby\",\"description\":\"\",\"publisher\":{\"@id\":\"https:\/\/clubs.misterugby.com\/scuf-rugby\/#organization\"},\"potentialAction\":[{\"@type\":\"SearchAction\",\"target\":{\"@type\":\"EntryPoint\",\"urlTemplate\":\"https:\/\/clubs.misterugby.com\/scuf-rugby\/?s={search_term_string}\"},\"query-input\":{\"@type\":\"PropertyValueSpecification\",\"valueRequired\":true,\"valueName\":\"search_term_string\"}}],\"inLanguage\":\"fr-FR\"},{\"@type\":\"Organization\",\"@id\":\"https:\/\/clubs.misterugby.com\/scuf-rugby\/#organization\",\"name\":\"scuf-rugby\",\"url\":\"https:\/\/clubs.misterugby.com\/scuf-rugby\/\",\"logo\":{\"@type\":\"ImageObject\",\"inLanguage\":\"fr-FR\",\"@id\":\"https:\/\/clubs.misterugby.com\/scuf-rugby\/#\/schema\/logo\/image\/\",\"url\":\"https:\/\/clubs.misterugby.com\/scuf-rugby\/wp-content\/uploads\/sites\/32\/2020\/06\/cropped-SCUF_logo_white.png\",\"contentUrl\":\"https:\/\/clubs.misterugby.com\/scuf-rugby\/wp-content\/uploads\/sites\/32\/2020\/06\/cropped-SCUF_logo_white.png\",\"width\":1691,\"height\":2067,\"caption\":\"scuf-rugby\"},\"image\":{\"@id\":\"https:\/\/clubs.misterugby.com\/scuf-rugby\/#\/schema\/logo\/image\/\"}}]}<\/script>\n<!-- \/ Yoast SEO plugin. -->","yoast_head_json":{"title":"Sac \u00e0 dos Noir - mod\u00e8le SCUBA - scuf-rugby","robots":{"index":"noindex","follow":"follow","max-snippet":"max-snippet:-1","max-image-preview":"max-image-preview:large","max-video-preview":"max-video-preview:-1"},"og_locale":"fr_FR","og_type":"article","og_title":"Sac \u00e0 dos Noir - mod\u00e8le SCUBA - scuf-rugby","og_description":"94 % polyester\/6 % \u00e9lasthanne 410 gr  touch\u00e9 n\u00e9opr\u00e8ne  Poche ext\u00e9rieure zipp\u00e9e. Compartiment principal avec fermeture zipp\u00e9e  Dos matelass\u00e9. Bandouli\u00e8res matelass\u00e9es ajustables. Poign\u00e9e de transport.  tous les zip sont thermosoud\u00e9s  50 x 31 x 16 cm  capacit\u00e9 20 litres  coloris noir  logo club brod\u00e9","og_url":"https:\/\/clubs.misterugby.com\/scuf-rugby\/produit\/sac-a-dos-noir-modele-scuba\/","og_site_name":"scuf-rugby","article_modified_time":"2026-01-13T14:57:08+00:00","og_image":[{"width":1000,"height":1000,"url":"https:\/\/clubs.misterugby.com\/scuf-rugby\/wp-content\/uploads\/sites\/32\/2020\/05\/SCUF-sac.jpg","type":"image\/jpeg"}],"twitter_card":"summary_large_image","twitter_misc":{"Dur\u00e9e de lecture estim\u00e9e":"1 minute"},"schema":{"@context":"https:\/\/schema.org","@graph":[{"@type":"WebPage","@id":"https:\/\/clubs.misterugby.com\/scuf-rugby\/produit\/sac-a-dos-noir-modele-scuba\/","url":"https:\/\/clubs.misterugby.com\/scuf-rugby\/produit\/sac-a-dos-noir-modele-scuba\/","name":"Sac \u00e0 dos Noir - mod\u00e8le SCUBA - scuf-rugby","isPartOf":{"@id":"https:\/\/clubs.misterugby.com\/scuf-rugby\/#website"},"primaryImageOfPage":{"@id":"https:\/\/clubs.misterugby.com\/scuf-rugby\/produit\/sac-a-dos-noir-modele-scuba\/#primaryimage"},"image":{"@id":"https:\/\/clubs.misterugby.com\/scuf-rugby\/produit\/sac-a-dos-noir-modele-scuba\/#primaryimage"},"thumbnailUrl":"https:\/\/clubs.misterugby.com\/scuf-rugby\/wp-content\/uploads\/sites\/32\/2020\/05\/SCUF-sac.jpg","datePublished":"2022-01-19T05:41:51+00:00","dateModified":"2026-01-13T14:57:08+00:00","breadcrumb":{"@id":"https:\/\/clubs.misterugby.com\/scuf-rugby\/produit\/sac-a-dos-noir-modele-scuba\/#breadcrumb"},"inLanguage":"fr-FR","potentialAction":[{"@type":"ReadAction","target":["https:\/\/clubs.misterugby.com\/scuf-rugby\/produit\/sac-a-dos-noir-modele-scuba\/"]}]},{"@type":"ImageObject","inLanguage":"fr-FR","@id":"https:\/\/clubs.misterugby.com\/scuf-rugby\/produit\/sac-a-dos-noir-modele-scuba\/#primaryimage","url":"https:\/\/clubs.misterugby.com\/scuf-rugby\/wp-content\/uploads\/sites\/32\/2020\/05\/SCUF-sac.jpg","contentUrl":"https:\/\/clubs.misterugby.com\/scuf-rugby\/wp-content\/uploads\/sites\/32\/2020\/05\/SCUF-sac.jpg","width":1000,"height":1000},{"@type":"BreadcrumbList","@id":"https:\/\/clubs.misterugby.com\/scuf-rugby\/produit\/sac-a-dos-noir-modele-scuba\/#breadcrumb","itemListElement":[{"@type":"ListItem","position":1,"name":"Accueil","item":"https:\/\/clubs.misterugby.com\/scuf-rugby\/"},{"@type":"ListItem","position":2,"name":"Boutique","item":"https:\/\/clubs.misterugby.com\/scuf-rugby\/"},{"@type":"ListItem","position":3,"name":"Sac \u00e0 dos Noir &#8211; mod\u00e8le SCUBA"}]},{"@type":"WebSite","@id":"https:\/\/clubs.misterugby.com\/scuf-rugby\/#website","url":"https:\/\/clubs.misterugby.com\/scuf-rugby\/","name":"scuf-rugby","description":"","publisher":{"@id":"https:\/\/clubs.misterugby.com\/scuf-rugby\/#organization"},"potentialAction":[{"@type":"SearchAction","target":{"@type":"EntryPoint","urlTemplate":"https:\/\/clubs.misterugby.com\/scuf-rugby\/?s={search_term_string}"},"query-input":{"@type":"PropertyValueSpecification","valueRequired":true,"valueName":"search_term_string"}}],"inLanguage":"fr-FR"},{"@type":"Organization","@id":"https:\/\/clubs.misterugby.com\/scuf-rugby\/#organization","name":"scuf-rugby","url":"https:\/\/clubs.misterugby.com\/scuf-rugby\/","logo":{"@type":"ImageObject","inLanguage":"fr-FR","@id":"https:\/\/clubs.misterugby.com\/scuf-rugby\/#\/schema\/logo\/image\/","url":"https:\/\/clubs.misterugby.com\/scuf-rugby\/wp-content\/uploads\/sites\/32\/2020\/06\/cropped-SCUF_logo_white.png","contentUrl":"https:\/\/clubs.misterugby.com\/scuf-rugby\/wp-content\/uploads\/sites\/32\/2020\/06\/cropped-SCUF_logo_white.png","width":1691,"height":2067,"caption":"scuf-rugby"},"image":{"@id":"https:\/\/clubs.misterugby.com\/scuf-rugby\/#\/schema\/logo\/image\/"}}]}},"_links":{"self":[{"href":"https:\/\/clubs.misterugby.com\/scuf-rugby\/wp-json\/wp\/v2\/product\/5883","targetHints":{"allow":["GET"]}}],"collection":[{"href":"https:\/\/clubs.misterugby.com\/scuf-rugby\/wp-json\/wp\/v2\/product"}],"about":[{"href":"https:\/\/clubs.misterugby.com\/scuf-rugby\/wp-json\/wp\/v2\/types\/product"}],"wp:featuredmedia":[{"embeddable":true,"href":"https:\/\/clubs.misterugby.com\/scuf-rugby\/wp-json\/wp\/v2\/media\/2749"}],"wp:attachment":[{"href":"https:\/\/clubs.misterugby.com\/scuf-rugby\/wp-json\/wp\/v2\/media?parent=5883"}],"wp:term":[{"taxonomy":"product_brand","embeddable":true,"href":"https:\/\/clubs.misterugby.com\/scuf-rugby\/wp-json\/wp\/v2\/product_brand?post=5883"},{"taxonomy":"product_cat","embeddable":true,"href":"https:\/\/clubs.misterugby.com\/scuf-rugby\/wp-json\/wp\/v2\/product_cat?post=5883"},{"taxonomy":"product_tag","embeddable":true,"href":"https:\/\/clubs.misterugby.com\/scuf-rugby\/wp-json\/wp\/v2\/product_tag?post=5883"}],"curies":[{"name":"wp","href":"https:\/\/api.w.org\/{rel}","templated":true}]}}