{"id":12680,"date":"2023-11-02T21:22:17","date_gmt":"2023-11-02T20:22:17","guid":{"rendered":"https:\/\/clubs.misterugby.com\/smuc-maillots\/?post_type=product&#038;p=12680"},"modified":"2025-10-24T08:54:48","modified_gmt":"2025-10-24T06:54:48","slug":"maillot-rugby-sublime-team-enfant-misterugby-modele-rugby","status":"publish","type":"product","link":"https:\/\/clubs.misterugby.com\/smuc-maillots\/produit\/maillot-rugby-sublime-team-enfant-misterugby-modele-rugby\/","title":{"rendered":"Maillot rugby sublim\u00e9 Team Enfant MisteRugby \u2013 mod\u00e8le RUGBY CENTENAIRE"},"content":{"rendered":"","protected":false},"excerpt":{"rendered":"<ul>\n<li>Nouveau maillot enfant sublim\u00e9 Team MisteRugby pour les 100 ans du SMUC<\/li>\n<li>100% polyester climatisant 260 gr<\/li>\n<li>manches raglantes<\/li>\n<li>col confort<\/li>\n<li>coupe ajust\u00e9e<\/li>\n<li><strong>Fabriqu\u00e9 avec Amour en FRANCE<\/strong><\/li>\n<li>tissu ind\u00e9chirable pour la pratique du rugby plaqu\u00e9<\/li>\n<\/ul>\n<p><b>MERCI D\u2019INDIQUER LE NOM ET LE NUMERO DANS LES CASES CORRESPONDANTES ( obligatoires), si vous ne voulez ni nom ni num\u00e9ro, merci de taper PAS DE NOM \/ PAS DE NUMERO<\/b><\/p>\n<p><b>Coupe Match ajust\u00e9e, prendre une taille au dessus en cas de doute ( se r\u00e9f\u00e9rer a la correspondance de taille en bas \u00e0 gauche du descriptif rectangle jaune)<\/b><\/p>\n<p><em><strong>D\u00e9lai de livraison: \u00e0 partir du 07 d\u00e9cembre<\/strong><\/em><\/p>\n","protected":false},"featured_media":12746,"template":"","meta":[],"product_brand":[],"product_cat":[41],"product_tag":[],"class_list":{"0":"post-12680","1":"product","2":"type-product","3":"status-publish","4":"has-post-thumbnail","6":"product_cat-enfant","7":"wcpa_has_options","9":"first","10":"instock","11":"taxable","12":"shipping-taxable","13":"purchasable","14":"product-type-variable"},"yoast_head":"<!-- This site is optimized with the Yoast SEO plugin v26.9 - https:\/\/yoast.com\/product\/yoast-seo-wordpress\/ -->\n<title>Maillot rugby sublim\u00e9 Team Enfant MisteRugby \u2013 mod\u00e8le RUGBY CENTENAIRE - smuc-maillots<\/title>\n<meta name=\"robots\" content=\"noindex, follow, max-snippet:-1, max-image-preview:large, max-video-preview:-1\" \/>\n<meta property=\"og:locale\" content=\"fr_FR\" \/>\n<meta property=\"og:type\" content=\"article\" \/>\n<meta property=\"og:title\" content=\"Maillot rugby sublim\u00e9 Team Enfant MisteRugby \u2013 mod\u00e8le RUGBY CENTENAIRE - smuc-maillots\" \/>\n<meta property=\"og:description\" content=\"Nouveau maillot enfant sublim\u00e9 Team MisteRugby pour les 100 ans du SMUC  100% polyester climatisant 260 gr  manches raglantes  col confort  coupe ajust\u00e9e  Fabriqu\u00e9 avec Amour en FRANCE  tissu ind\u00e9chirable pour la pratique du rugby plaqu\u00e9  MERCI D\u2019INDIQUER LE NOM ET LE NUMERO DANS LES CASES CORRESPONDANTES ( obligatoires), si vous ne voulez ni nom ni num\u00e9ro, merci de taper PAS DE NOM \/ PAS DE NUMERO  Coupe Match ajust\u00e9e, prendre une taille au dessus en cas de doute ( se r\u00e9f\u00e9rer a la correspondance de taille en bas \u00e0 gauche du descriptif rectangle jaune)  D\u00e9lai de livraison: \u00e0 partir du 07 d\u00e9cembre\" \/>\n<meta property=\"og:url\" content=\"https:\/\/clubs.misterugby.com\/smuc-maillots\/produit\/maillot-rugby-sublime-team-enfant-misterugby-modele-rugby\/\" \/>\n<meta property=\"og:site_name\" content=\"smuc-maillots\" \/>\n<meta property=\"article:modified_time\" content=\"2025-10-24T06:54:48+00:00\" \/>\n<meta property=\"og:image\" content=\"http:\/\/clubs.misterugby.com\/smuc-maillots\/wp-content\/uploads\/sites\/66\/2023\/11\/H.jpg\" \/>\n\t<meta property=\"og:image:width\" content=\"1000\" \/>\n\t<meta property=\"og:image:height\" content=\"1000\" \/>\n\t<meta property=\"og:image:type\" content=\"image\/jpeg\" \/>\n<meta name=\"twitter:card\" content=\"summary_large_image\" \/>\n<meta name=\"twitter:label1\" content=\"Dur\u00e9e de lecture estim\u00e9e\" \/>\n\t<meta name=\"twitter:data1\" content=\"1 minute\" \/>\n<script type=\"application\/ld+json\" class=\"yoast-schema-graph\">{\"@context\":\"https:\/\/schema.org\",\"@graph\":[{\"@type\":\"WebPage\",\"@id\":\"https:\/\/clubs.misterugby.com\/smuc-maillots\/produit\/maillot-rugby-sublime-team-enfant-misterugby-modele-rugby\/\",\"url\":\"https:\/\/clubs.misterugby.com\/smuc-maillots\/produit\/maillot-rugby-sublime-team-enfant-misterugby-modele-rugby\/\",\"name\":\"Maillot rugby sublim\u00e9 Team Enfant MisteRugby \u2013 mod\u00e8le RUGBY CENTENAIRE - smuc-maillots\",\"isPartOf\":{\"@id\":\"https:\/\/clubs.misterugby.com\/smuc-maillots\/#website\"},\"primaryImageOfPage\":{\"@id\":\"https:\/\/clubs.misterugby.com\/smuc-maillots\/produit\/maillot-rugby-sublime-team-enfant-misterugby-modele-rugby\/#primaryimage\"},\"image\":{\"@id\":\"https:\/\/clubs.misterugby.com\/smuc-maillots\/produit\/maillot-rugby-sublime-team-enfant-misterugby-modele-rugby\/#primaryimage\"},\"thumbnailUrl\":\"https:\/\/clubs.misterugby.com\/smuc-maillots\/wp-content\/uploads\/sites\/66\/2023\/11\/H.jpg\",\"datePublished\":\"2023-11-02T20:22:17+00:00\",\"dateModified\":\"2025-10-24T06:54:48+00:00\",\"breadcrumb\":{\"@id\":\"https:\/\/clubs.misterugby.com\/smuc-maillots\/produit\/maillot-rugby-sublime-team-enfant-misterugby-modele-rugby\/#breadcrumb\"},\"inLanguage\":\"fr-FR\",\"potentialAction\":[{\"@type\":\"ReadAction\",\"target\":[\"https:\/\/clubs.misterugby.com\/smuc-maillots\/produit\/maillot-rugby-sublime-team-enfant-misterugby-modele-rugby\/\"]}]},{\"@type\":\"ImageObject\",\"inLanguage\":\"fr-FR\",\"@id\":\"https:\/\/clubs.misterugby.com\/smuc-maillots\/produit\/maillot-rugby-sublime-team-enfant-misterugby-modele-rugby\/#primaryimage\",\"url\":\"https:\/\/clubs.misterugby.com\/smuc-maillots\/wp-content\/uploads\/sites\/66\/2023\/11\/H.jpg\",\"contentUrl\":\"https:\/\/clubs.misterugby.com\/smuc-maillots\/wp-content\/uploads\/sites\/66\/2023\/11\/H.jpg\",\"width\":1000,\"height\":1000},{\"@type\":\"BreadcrumbList\",\"@id\":\"https:\/\/clubs.misterugby.com\/smuc-maillots\/produit\/maillot-rugby-sublime-team-enfant-misterugby-modele-rugby\/#breadcrumb\",\"itemListElement\":[{\"@type\":\"ListItem\",\"position\":1,\"name\":\"Accueil\",\"item\":\"https:\/\/clubs.misterugby.com\/smuc-maillots\/\"},{\"@type\":\"ListItem\",\"position\":2,\"name\":\"Boutique\",\"item\":\"https:\/\/clubs.misterugby.com\/smuc-maillots\/\"},{\"@type\":\"ListItem\",\"position\":3,\"name\":\"Maillot rugby sublim\u00e9 Team Enfant MisteRugby \u2013 mod\u00e8le RUGBY CENTENAIRE\"}]},{\"@type\":\"WebSite\",\"@id\":\"https:\/\/clubs.misterugby.com\/smuc-maillots\/#website\",\"url\":\"https:\/\/clubs.misterugby.com\/smuc-maillots\/\",\"name\":\"smuc-maillots\",\"description\":\"\",\"publisher\":{\"@id\":\"https:\/\/clubs.misterugby.com\/smuc-maillots\/#organization\"},\"potentialAction\":[{\"@type\":\"SearchAction\",\"target\":{\"@type\":\"EntryPoint\",\"urlTemplate\":\"https:\/\/clubs.misterugby.com\/smuc-maillots\/?s={search_term_string}\"},\"query-input\":{\"@type\":\"PropertyValueSpecification\",\"valueRequired\":true,\"valueName\":\"search_term_string\"}}],\"inLanguage\":\"fr-FR\"},{\"@type\":\"Organization\",\"@id\":\"https:\/\/clubs.misterugby.com\/smuc-maillots\/#organization\",\"name\":\"smuc-maillots\",\"url\":\"https:\/\/clubs.misterugby.com\/smuc-maillots\/\",\"logo\":{\"@type\":\"ImageObject\",\"inLanguage\":\"fr-FR\",\"@id\":\"https:\/\/clubs.misterugby.com\/smuc-maillots\/#\/schema\/logo\/image\/\",\"url\":\"https:\/\/clubs.misterugby.com\/smuc-maillots\/wp-content\/uploads\/sites\/66\/2023\/11\/cropped-SMUC_100ans-1.png\",\"contentUrl\":\"https:\/\/clubs.misterugby.com\/smuc-maillots\/wp-content\/uploads\/sites\/66\/2023\/11\/cropped-SMUC_100ans-1.png\",\"width\":1180,\"height\":1222,\"caption\":\"smuc-maillots\"},\"image\":{\"@id\":\"https:\/\/clubs.misterugby.com\/smuc-maillots\/#\/schema\/logo\/image\/\"}}]}<\/script>\n<!-- \/ Yoast SEO plugin. -->","yoast_head_json":{"title":"Maillot rugby sublim\u00e9 Team Enfant MisteRugby \u2013 mod\u00e8le RUGBY CENTENAIRE - smuc-maillots","robots":{"index":"noindex","follow":"follow","max-snippet":"max-snippet:-1","max-image-preview":"max-image-preview:large","max-video-preview":"max-video-preview:-1"},"og_locale":"fr_FR","og_type":"article","og_title":"Maillot rugby sublim\u00e9 Team Enfant MisteRugby \u2013 mod\u00e8le RUGBY CENTENAIRE - smuc-maillots","og_description":"Nouveau maillot enfant sublim\u00e9 Team MisteRugby pour les 100 ans du SMUC  100% polyester climatisant 260 gr  manches raglantes  col confort  coupe ajust\u00e9e  Fabriqu\u00e9 avec Amour en FRANCE  tissu ind\u00e9chirable pour la pratique du rugby plaqu\u00e9  MERCI D\u2019INDIQUER LE NOM ET LE NUMERO DANS LES CASES CORRESPONDANTES ( obligatoires), si vous ne voulez ni nom ni num\u00e9ro, merci de taper PAS DE NOM \/ PAS DE NUMERO  Coupe Match ajust\u00e9e, prendre une taille au dessus en cas de doute ( se r\u00e9f\u00e9rer a la correspondance de taille en bas \u00e0 gauche du descriptif rectangle jaune)  D\u00e9lai de livraison: \u00e0 partir du 07 d\u00e9cembre","og_url":"https:\/\/clubs.misterugby.com\/smuc-maillots\/produit\/maillot-rugby-sublime-team-enfant-misterugby-modele-rugby\/","og_site_name":"smuc-maillots","article_modified_time":"2025-10-24T06:54:48+00:00","og_image":[{"width":1000,"height":1000,"url":"http:\/\/clubs.misterugby.com\/smuc-maillots\/wp-content\/uploads\/sites\/66\/2023\/11\/H.jpg","type":"image\/jpeg"}],"twitter_card":"summary_large_image","twitter_misc":{"Dur\u00e9e de lecture estim\u00e9e":"1 minute"},"schema":{"@context":"https:\/\/schema.org","@graph":[{"@type":"WebPage","@id":"https:\/\/clubs.misterugby.com\/smuc-maillots\/produit\/maillot-rugby-sublime-team-enfant-misterugby-modele-rugby\/","url":"https:\/\/clubs.misterugby.com\/smuc-maillots\/produit\/maillot-rugby-sublime-team-enfant-misterugby-modele-rugby\/","name":"Maillot rugby sublim\u00e9 Team Enfant MisteRugby \u2013 mod\u00e8le RUGBY CENTENAIRE - smuc-maillots","isPartOf":{"@id":"https:\/\/clubs.misterugby.com\/smuc-maillots\/#website"},"primaryImageOfPage":{"@id":"https:\/\/clubs.misterugby.com\/smuc-maillots\/produit\/maillot-rugby-sublime-team-enfant-misterugby-modele-rugby\/#primaryimage"},"image":{"@id":"https:\/\/clubs.misterugby.com\/smuc-maillots\/produit\/maillot-rugby-sublime-team-enfant-misterugby-modele-rugby\/#primaryimage"},"thumbnailUrl":"https:\/\/clubs.misterugby.com\/smuc-maillots\/wp-content\/uploads\/sites\/66\/2023\/11\/H.jpg","datePublished":"2023-11-02T20:22:17+00:00","dateModified":"2025-10-24T06:54:48+00:00","breadcrumb":{"@id":"https:\/\/clubs.misterugby.com\/smuc-maillots\/produit\/maillot-rugby-sublime-team-enfant-misterugby-modele-rugby\/#breadcrumb"},"inLanguage":"fr-FR","potentialAction":[{"@type":"ReadAction","target":["https:\/\/clubs.misterugby.com\/smuc-maillots\/produit\/maillot-rugby-sublime-team-enfant-misterugby-modele-rugby\/"]}]},{"@type":"ImageObject","inLanguage":"fr-FR","@id":"https:\/\/clubs.misterugby.com\/smuc-maillots\/produit\/maillot-rugby-sublime-team-enfant-misterugby-modele-rugby\/#primaryimage","url":"https:\/\/clubs.misterugby.com\/smuc-maillots\/wp-content\/uploads\/sites\/66\/2023\/11\/H.jpg","contentUrl":"https:\/\/clubs.misterugby.com\/smuc-maillots\/wp-content\/uploads\/sites\/66\/2023\/11\/H.jpg","width":1000,"height":1000},{"@type":"BreadcrumbList","@id":"https:\/\/clubs.misterugby.com\/smuc-maillots\/produit\/maillot-rugby-sublime-team-enfant-misterugby-modele-rugby\/#breadcrumb","itemListElement":[{"@type":"ListItem","position":1,"name":"Accueil","item":"https:\/\/clubs.misterugby.com\/smuc-maillots\/"},{"@type":"ListItem","position":2,"name":"Boutique","item":"https:\/\/clubs.misterugby.com\/smuc-maillots\/"},{"@type":"ListItem","position":3,"name":"Maillot rugby sublim\u00e9 Team Enfant MisteRugby \u2013 mod\u00e8le RUGBY CENTENAIRE"}]},{"@type":"WebSite","@id":"https:\/\/clubs.misterugby.com\/smuc-maillots\/#website","url":"https:\/\/clubs.misterugby.com\/smuc-maillots\/","name":"smuc-maillots","description":"","publisher":{"@id":"https:\/\/clubs.misterugby.com\/smuc-maillots\/#organization"},"potentialAction":[{"@type":"SearchAction","target":{"@type":"EntryPoint","urlTemplate":"https:\/\/clubs.misterugby.com\/smuc-maillots\/?s={search_term_string}"},"query-input":{"@type":"PropertyValueSpecification","valueRequired":true,"valueName":"search_term_string"}}],"inLanguage":"fr-FR"},{"@type":"Organization","@id":"https:\/\/clubs.misterugby.com\/smuc-maillots\/#organization","name":"smuc-maillots","url":"https:\/\/clubs.misterugby.com\/smuc-maillots\/","logo":{"@type":"ImageObject","inLanguage":"fr-FR","@id":"https:\/\/clubs.misterugby.com\/smuc-maillots\/#\/schema\/logo\/image\/","url":"https:\/\/clubs.misterugby.com\/smuc-maillots\/wp-content\/uploads\/sites\/66\/2023\/11\/cropped-SMUC_100ans-1.png","contentUrl":"https:\/\/clubs.misterugby.com\/smuc-maillots\/wp-content\/uploads\/sites\/66\/2023\/11\/cropped-SMUC_100ans-1.png","width":1180,"height":1222,"caption":"smuc-maillots"},"image":{"@id":"https:\/\/clubs.misterugby.com\/smuc-maillots\/#\/schema\/logo\/image\/"}}]}},"_links":{"self":[{"href":"https:\/\/clubs.misterugby.com\/smuc-maillots\/wp-json\/wp\/v2\/product\/12680","targetHints":{"allow":["GET"]}}],"collection":[{"href":"https:\/\/clubs.misterugby.com\/smuc-maillots\/wp-json\/wp\/v2\/product"}],"about":[{"href":"https:\/\/clubs.misterugby.com\/smuc-maillots\/wp-json\/wp\/v2\/types\/product"}],"wp:featuredmedia":[{"embeddable":true,"href":"https:\/\/clubs.misterugby.com\/smuc-maillots\/wp-json\/wp\/v2\/media\/12746"}],"wp:attachment":[{"href":"https:\/\/clubs.misterugby.com\/smuc-maillots\/wp-json\/wp\/v2\/media?parent=12680"}],"wp:term":[{"taxonomy":"product_brand","embeddable":true,"href":"https:\/\/clubs.misterugby.com\/smuc-maillots\/wp-json\/wp\/v2\/product_brand?post=12680"},{"taxonomy":"product_cat","embeddable":true,"href":"https:\/\/clubs.misterugby.com\/smuc-maillots\/wp-json\/wp\/v2\/product_cat?post=12680"},{"taxonomy":"product_tag","embeddable":true,"href":"https:\/\/clubs.misterugby.com\/smuc-maillots\/wp-json\/wp\/v2\/product_tag?post=12680"}],"curies":[{"name":"wp","href":"https:\/\/api.w.org\/{rel}","templated":true}]}}