{"id":12781,"date":"2025-09-26T16:31:46","date_gmt":"2025-09-26T14:31:46","guid":{"rendered":"https:\/\/clubs.misterugby.com\/smuc-maillots\/?post_type=product&#038;p=12781"},"modified":"2025-10-24T08:54:29","modified_gmt":"2025-10-24T06:54:29","slug":"maillot-rugby-sublime-elite-homme-misterugby-modele-rugby-home-25-26","status":"publish","type":"product","link":"https:\/\/clubs.misterugby.com\/smuc-maillots\/produit\/maillot-rugby-sublime-elite-homme-misterugby-modele-rugby-home-25-26\/","title":{"rendered":"Maillot rugby sublim\u00e9 ELITE Homme MisteRugby \u2013 mod\u00e8le RUGBY HOME 25-26"},"content":{"rendered":"","protected":false},"excerpt":{"rendered":"<ul>\n<li>\n<ul>\n<li>maillot de match officiel sublim\u00e9 Elite MISTERUGBY<\/li>\n<li>100% polyester climatisant 260 gr<\/li>\n<li>manches raglantes<\/li>\n<li>coutures plates<\/li>\n<li>silicone poitrine et bande silicone bas du maillot<\/li>\n<li>empi\u00e8cements de confort au biceps<\/li>\n<li>coupe ajust\u00e9e<\/li>\n<li><strong><em>Fabriqu\u00e9 avec Amour en FRANCE<\/em><\/strong><\/li>\n<li><\/li>\n<\/ul>\n<p><b>MERCI D\u2019INDIQUER LE NOM ET LE NUMERO DANS LES CASES CORRESPONDANTES ( obligatoires), si vous ne voulez ni nom ni num\u00e9ro, merci de taper PAS DE NOM \/ PAS DE NUMERO<\/b><\/p>\n<p><b>Coupe Match ajust\u00e9e, prendre une taille au dessus en cas de doute ( se r\u00e9f\u00e9rer a la correspondance de taille en bas \u00e0 gauche du descriptif rectangle jaune)<\/b><\/p>\n<p><em><strong>\u00a0livraison \u00e0 partir du 07 d\u00e9cembre<\/strong><\/em><\/li>\n<\/ul>\n","protected":false},"featured_media":12790,"template":"","meta":[],"product_brand":[],"product_cat":[39],"product_tag":[],"class_list":{"0":"post-12781","1":"product","2":"type-product","3":"status-publish","4":"has-post-thumbnail","6":"product_cat-homme","7":"wcpa_has_options","9":"first","10":"instock","11":"taxable","12":"shipping-taxable","13":"purchasable","14":"product-type-variable"},"yoast_head":"<!-- This site is optimized with the Yoast SEO plugin v26.9 - https:\/\/yoast.com\/product\/yoast-seo-wordpress\/ -->\n<title>Maillot rugby sublim\u00e9 ELITE Homme MisteRugby \u2013 mod\u00e8le RUGBY HOME 25-26 - smuc-maillots<\/title>\n<meta name=\"robots\" content=\"noindex, follow, max-snippet:-1, max-image-preview:large, max-video-preview:-1\" \/>\n<meta property=\"og:locale\" content=\"fr_FR\" \/>\n<meta property=\"og:type\" content=\"article\" \/>\n<meta property=\"og:title\" content=\"Maillot rugby sublim\u00e9 ELITE Homme MisteRugby \u2013 mod\u00e8le RUGBY HOME 25-26 - smuc-maillots\" \/>\n<meta property=\"og:description\" content=\"maillot de match officiel sublim\u00e9 Elite MISTERUGBY  100% polyester climatisant 260 gr  manches raglantes  coutures plates  silicone poitrine et bande silicone bas du maillot  empi\u00e8cements de confort au biceps  coupe ajust\u00e9e  Fabriqu\u00e9 avec Amour en FRANCE    MERCI D\u2019INDIQUER LE NOM ET LE NUMERO DANS LES CASES CORRESPONDANTES ( obligatoires), si vous ne voulez ni nom ni num\u00e9ro, merci de taper PAS DE NOM \/ PAS DE NUMERO  Coupe Match ajust\u00e9e, prendre une taille au dessus en cas de doute ( se r\u00e9f\u00e9rer a la correspondance de taille en bas \u00e0 gauche du descriptif rectangle jaune)  \u00a0livraison \u00e0 partir du 07 d\u00e9cembre\" \/>\n<meta property=\"og:url\" content=\"https:\/\/clubs.misterugby.com\/smuc-maillots\/produit\/maillot-rugby-sublime-elite-homme-misterugby-modele-rugby-home-25-26\/\" \/>\n<meta property=\"og:site_name\" content=\"smuc-maillots\" \/>\n<meta property=\"article:modified_time\" content=\"2025-10-24T06:54:29+00:00\" \/>\n<meta property=\"og:image\" content=\"http:\/\/clubs.misterugby.com\/smuc-maillots\/wp-content\/uploads\/sites\/66\/2025\/09\/elite-noir.jpg\" \/>\n\t<meta property=\"og:image:width\" content=\"1000\" \/>\n\t<meta property=\"og:image:height\" content=\"1000\" \/>\n\t<meta property=\"og:image:type\" content=\"image\/jpeg\" \/>\n<meta name=\"twitter:card\" content=\"summary_large_image\" \/>\n<meta name=\"twitter:label1\" content=\"Dur\u00e9e de lecture estim\u00e9e\" \/>\n\t<meta name=\"twitter:data1\" content=\"1 minute\" \/>\n<script type=\"application\/ld+json\" class=\"yoast-schema-graph\">{\"@context\":\"https:\/\/schema.org\",\"@graph\":[{\"@type\":\"WebPage\",\"@id\":\"https:\/\/clubs.misterugby.com\/smuc-maillots\/produit\/maillot-rugby-sublime-elite-homme-misterugby-modele-rugby-home-25-26\/\",\"url\":\"https:\/\/clubs.misterugby.com\/smuc-maillots\/produit\/maillot-rugby-sublime-elite-homme-misterugby-modele-rugby-home-25-26\/\",\"name\":\"Maillot rugby sublim\u00e9 ELITE Homme MisteRugby \u2013 mod\u00e8le RUGBY HOME 25-26 - smuc-maillots\",\"isPartOf\":{\"@id\":\"https:\/\/clubs.misterugby.com\/smuc-maillots\/#website\"},\"primaryImageOfPage\":{\"@id\":\"https:\/\/clubs.misterugby.com\/smuc-maillots\/produit\/maillot-rugby-sublime-elite-homme-misterugby-modele-rugby-home-25-26\/#primaryimage\"},\"image\":{\"@id\":\"https:\/\/clubs.misterugby.com\/smuc-maillots\/produit\/maillot-rugby-sublime-elite-homme-misterugby-modele-rugby-home-25-26\/#primaryimage\"},\"thumbnailUrl\":\"https:\/\/clubs.misterugby.com\/smuc-maillots\/wp-content\/uploads\/sites\/66\/2025\/09\/elite-noir.jpg\",\"datePublished\":\"2025-09-26T14:31:46+00:00\",\"dateModified\":\"2025-10-24T06:54:29+00:00\",\"breadcrumb\":{\"@id\":\"https:\/\/clubs.misterugby.com\/smuc-maillots\/produit\/maillot-rugby-sublime-elite-homme-misterugby-modele-rugby-home-25-26\/#breadcrumb\"},\"inLanguage\":\"fr-FR\",\"potentialAction\":[{\"@type\":\"ReadAction\",\"target\":[\"https:\/\/clubs.misterugby.com\/smuc-maillots\/produit\/maillot-rugby-sublime-elite-homme-misterugby-modele-rugby-home-25-26\/\"]}]},{\"@type\":\"ImageObject\",\"inLanguage\":\"fr-FR\",\"@id\":\"https:\/\/clubs.misterugby.com\/smuc-maillots\/produit\/maillot-rugby-sublime-elite-homme-misterugby-modele-rugby-home-25-26\/#primaryimage\",\"url\":\"https:\/\/clubs.misterugby.com\/smuc-maillots\/wp-content\/uploads\/sites\/66\/2025\/09\/elite-noir.jpg\",\"contentUrl\":\"https:\/\/clubs.misterugby.com\/smuc-maillots\/wp-content\/uploads\/sites\/66\/2025\/09\/elite-noir.jpg\",\"width\":1000,\"height\":1000},{\"@type\":\"BreadcrumbList\",\"@id\":\"https:\/\/clubs.misterugby.com\/smuc-maillots\/produit\/maillot-rugby-sublime-elite-homme-misterugby-modele-rugby-home-25-26\/#breadcrumb\",\"itemListElement\":[{\"@type\":\"ListItem\",\"position\":1,\"name\":\"Accueil\",\"item\":\"https:\/\/clubs.misterugby.com\/smuc-maillots\/\"},{\"@type\":\"ListItem\",\"position\":2,\"name\":\"Boutique\",\"item\":\"https:\/\/clubs.misterugby.com\/smuc-maillots\/\"},{\"@type\":\"ListItem\",\"position\":3,\"name\":\"Maillot rugby sublim\u00e9 ELITE Homme MisteRugby \u2013 mod\u00e8le RUGBY HOME 25-26\"}]},{\"@type\":\"WebSite\",\"@id\":\"https:\/\/clubs.misterugby.com\/smuc-maillots\/#website\",\"url\":\"https:\/\/clubs.misterugby.com\/smuc-maillots\/\",\"name\":\"smuc-maillots\",\"description\":\"\",\"publisher\":{\"@id\":\"https:\/\/clubs.misterugby.com\/smuc-maillots\/#organization\"},\"potentialAction\":[{\"@type\":\"SearchAction\",\"target\":{\"@type\":\"EntryPoint\",\"urlTemplate\":\"https:\/\/clubs.misterugby.com\/smuc-maillots\/?s={search_term_string}\"},\"query-input\":{\"@type\":\"PropertyValueSpecification\",\"valueRequired\":true,\"valueName\":\"search_term_string\"}}],\"inLanguage\":\"fr-FR\"},{\"@type\":\"Organization\",\"@id\":\"https:\/\/clubs.misterugby.com\/smuc-maillots\/#organization\",\"name\":\"smuc-maillots\",\"url\":\"https:\/\/clubs.misterugby.com\/smuc-maillots\/\",\"logo\":{\"@type\":\"ImageObject\",\"inLanguage\":\"fr-FR\",\"@id\":\"https:\/\/clubs.misterugby.com\/smuc-maillots\/#\/schema\/logo\/image\/\",\"url\":\"https:\/\/clubs.misterugby.com\/smuc-maillots\/wp-content\/uploads\/sites\/66\/2023\/11\/cropped-SMUC_100ans-1.png\",\"contentUrl\":\"https:\/\/clubs.misterugby.com\/smuc-maillots\/wp-content\/uploads\/sites\/66\/2023\/11\/cropped-SMUC_100ans-1.png\",\"width\":1180,\"height\":1222,\"caption\":\"smuc-maillots\"},\"image\":{\"@id\":\"https:\/\/clubs.misterugby.com\/smuc-maillots\/#\/schema\/logo\/image\/\"}}]}<\/script>\n<!-- \/ Yoast SEO plugin. -->","yoast_head_json":{"title":"Maillot rugby sublim\u00e9 ELITE Homme MisteRugby \u2013 mod\u00e8le RUGBY HOME 25-26 - smuc-maillots","robots":{"index":"noindex","follow":"follow","max-snippet":"max-snippet:-1","max-image-preview":"max-image-preview:large","max-video-preview":"max-video-preview:-1"},"og_locale":"fr_FR","og_type":"article","og_title":"Maillot rugby sublim\u00e9 ELITE Homme MisteRugby \u2013 mod\u00e8le RUGBY HOME 25-26 - smuc-maillots","og_description":"maillot de match officiel sublim\u00e9 Elite MISTERUGBY  100% polyester climatisant 260 gr  manches raglantes  coutures plates  silicone poitrine et bande silicone bas du maillot  empi\u00e8cements de confort au biceps  coupe ajust\u00e9e  Fabriqu\u00e9 avec Amour en FRANCE    MERCI D\u2019INDIQUER LE NOM ET LE NUMERO DANS LES CASES CORRESPONDANTES ( obligatoires), si vous ne voulez ni nom ni num\u00e9ro, merci de taper PAS DE NOM \/ PAS DE NUMERO  Coupe Match ajust\u00e9e, prendre une taille au dessus en cas de doute ( se r\u00e9f\u00e9rer a la correspondance de taille en bas \u00e0 gauche du descriptif rectangle jaune)  \u00a0livraison \u00e0 partir du 07 d\u00e9cembre","og_url":"https:\/\/clubs.misterugby.com\/smuc-maillots\/produit\/maillot-rugby-sublime-elite-homme-misterugby-modele-rugby-home-25-26\/","og_site_name":"smuc-maillots","article_modified_time":"2025-10-24T06:54:29+00:00","og_image":[{"width":1000,"height":1000,"url":"http:\/\/clubs.misterugby.com\/smuc-maillots\/wp-content\/uploads\/sites\/66\/2025\/09\/elite-noir.jpg","type":"image\/jpeg"}],"twitter_card":"summary_large_image","twitter_misc":{"Dur\u00e9e de lecture estim\u00e9e":"1 minute"},"schema":{"@context":"https:\/\/schema.org","@graph":[{"@type":"WebPage","@id":"https:\/\/clubs.misterugby.com\/smuc-maillots\/produit\/maillot-rugby-sublime-elite-homme-misterugby-modele-rugby-home-25-26\/","url":"https:\/\/clubs.misterugby.com\/smuc-maillots\/produit\/maillot-rugby-sublime-elite-homme-misterugby-modele-rugby-home-25-26\/","name":"Maillot rugby sublim\u00e9 ELITE Homme MisteRugby \u2013 mod\u00e8le RUGBY HOME 25-26 - smuc-maillots","isPartOf":{"@id":"https:\/\/clubs.misterugby.com\/smuc-maillots\/#website"},"primaryImageOfPage":{"@id":"https:\/\/clubs.misterugby.com\/smuc-maillots\/produit\/maillot-rugby-sublime-elite-homme-misterugby-modele-rugby-home-25-26\/#primaryimage"},"image":{"@id":"https:\/\/clubs.misterugby.com\/smuc-maillots\/produit\/maillot-rugby-sublime-elite-homme-misterugby-modele-rugby-home-25-26\/#primaryimage"},"thumbnailUrl":"https:\/\/clubs.misterugby.com\/smuc-maillots\/wp-content\/uploads\/sites\/66\/2025\/09\/elite-noir.jpg","datePublished":"2025-09-26T14:31:46+00:00","dateModified":"2025-10-24T06:54:29+00:00","breadcrumb":{"@id":"https:\/\/clubs.misterugby.com\/smuc-maillots\/produit\/maillot-rugby-sublime-elite-homme-misterugby-modele-rugby-home-25-26\/#breadcrumb"},"inLanguage":"fr-FR","potentialAction":[{"@type":"ReadAction","target":["https:\/\/clubs.misterugby.com\/smuc-maillots\/produit\/maillot-rugby-sublime-elite-homme-misterugby-modele-rugby-home-25-26\/"]}]},{"@type":"ImageObject","inLanguage":"fr-FR","@id":"https:\/\/clubs.misterugby.com\/smuc-maillots\/produit\/maillot-rugby-sublime-elite-homme-misterugby-modele-rugby-home-25-26\/#primaryimage","url":"https:\/\/clubs.misterugby.com\/smuc-maillots\/wp-content\/uploads\/sites\/66\/2025\/09\/elite-noir.jpg","contentUrl":"https:\/\/clubs.misterugby.com\/smuc-maillots\/wp-content\/uploads\/sites\/66\/2025\/09\/elite-noir.jpg","width":1000,"height":1000},{"@type":"BreadcrumbList","@id":"https:\/\/clubs.misterugby.com\/smuc-maillots\/produit\/maillot-rugby-sublime-elite-homme-misterugby-modele-rugby-home-25-26\/#breadcrumb","itemListElement":[{"@type":"ListItem","position":1,"name":"Accueil","item":"https:\/\/clubs.misterugby.com\/smuc-maillots\/"},{"@type":"ListItem","position":2,"name":"Boutique","item":"https:\/\/clubs.misterugby.com\/smuc-maillots\/"},{"@type":"ListItem","position":3,"name":"Maillot rugby sublim\u00e9 ELITE Homme MisteRugby \u2013 mod\u00e8le RUGBY HOME 25-26"}]},{"@type":"WebSite","@id":"https:\/\/clubs.misterugby.com\/smuc-maillots\/#website","url":"https:\/\/clubs.misterugby.com\/smuc-maillots\/","name":"smuc-maillots","description":"","publisher":{"@id":"https:\/\/clubs.misterugby.com\/smuc-maillots\/#organization"},"potentialAction":[{"@type":"SearchAction","target":{"@type":"EntryPoint","urlTemplate":"https:\/\/clubs.misterugby.com\/smuc-maillots\/?s={search_term_string}"},"query-input":{"@type":"PropertyValueSpecification","valueRequired":true,"valueName":"search_term_string"}}],"inLanguage":"fr-FR"},{"@type":"Organization","@id":"https:\/\/clubs.misterugby.com\/smuc-maillots\/#organization","name":"smuc-maillots","url":"https:\/\/clubs.misterugby.com\/smuc-maillots\/","logo":{"@type":"ImageObject","inLanguage":"fr-FR","@id":"https:\/\/clubs.misterugby.com\/smuc-maillots\/#\/schema\/logo\/image\/","url":"https:\/\/clubs.misterugby.com\/smuc-maillots\/wp-content\/uploads\/sites\/66\/2023\/11\/cropped-SMUC_100ans-1.png","contentUrl":"https:\/\/clubs.misterugby.com\/smuc-maillots\/wp-content\/uploads\/sites\/66\/2023\/11\/cropped-SMUC_100ans-1.png","width":1180,"height":1222,"caption":"smuc-maillots"},"image":{"@id":"https:\/\/clubs.misterugby.com\/smuc-maillots\/#\/schema\/logo\/image\/"}}]}},"_links":{"self":[{"href":"https:\/\/clubs.misterugby.com\/smuc-maillots\/wp-json\/wp\/v2\/product\/12781","targetHints":{"allow":["GET"]}}],"collection":[{"href":"https:\/\/clubs.misterugby.com\/smuc-maillots\/wp-json\/wp\/v2\/product"}],"about":[{"href":"https:\/\/clubs.misterugby.com\/smuc-maillots\/wp-json\/wp\/v2\/types\/product"}],"wp:featuredmedia":[{"embeddable":true,"href":"https:\/\/clubs.misterugby.com\/smuc-maillots\/wp-json\/wp\/v2\/media\/12790"}],"wp:attachment":[{"href":"https:\/\/clubs.misterugby.com\/smuc-maillots\/wp-json\/wp\/v2\/media?parent=12781"}],"wp:term":[{"taxonomy":"product_brand","embeddable":true,"href":"https:\/\/clubs.misterugby.com\/smuc-maillots\/wp-json\/wp\/v2\/product_brand?post=12781"},{"taxonomy":"product_cat","embeddable":true,"href":"https:\/\/clubs.misterugby.com\/smuc-maillots\/wp-json\/wp\/v2\/product_cat?post=12781"},{"taxonomy":"product_tag","embeddable":true,"href":"https:\/\/clubs.misterugby.com\/smuc-maillots\/wp-json\/wp\/v2\/product_tag?post=12781"}],"curies":[{"name":"wp","href":"https:\/\/api.w.org\/{rel}","templated":true}]}}