{"id":5361,"date":"2022-01-19T06:40:26","date_gmt":"2022-01-19T05:40:26","guid":{"rendered":"https:\/\/clubs.misterugby.com\/tubes\/produit\/polo-coton-pique-femme-marine-modele-bio\/"},"modified":"2023-08-21T18:27:57","modified_gmt":"2023-08-21T16:27:57","slug":"polo-coton-pique-femme-marine-modele-bio","status":"publish","type":"product","link":"https:\/\/clubs.misterugby.com\/tubes\/produit\/polo-coton-pique-femme-marine-modele-bio\/","title":{"rendered":"Polo coton piqu\u00e9 Femme Marine &#8211; mod\u00e8le BIO"},"content":{"rendered":"","protected":false},"excerpt":{"rendered":"<ul>\n<li>manches courtes<\/li>\n<li>coloris bleu marine<\/li>\n<li>maille piqu\u00e9e<\/li>\n<li>Logo club brod\u00e9<\/li>\n<li>100 % coton BIO \u2013 220 gr<\/li>\n<li>coupe ajust\u00e9e<\/li>\n<\/ul>\n","protected":false},"featured_media":5885,"template":"","meta":[],"product_brand":[],"product_cat":[70,113],"product_tag":[],"class_list":{"0":"post-5361","1":"product","2":"type-product","3":"status-publish","4":"has-post-thumbnail","6":"product_cat-femme","7":"product_cat-presentation-femme","9":"first","10":"instock","11":"taxable","12":"shipping-taxable","13":"purchasable","14":"product-type-variable","15":"has-default-attributes"},"yoast_head":"<!-- This site is optimized with the Yoast SEO plugin v26.9 - https:\/\/yoast.com\/product\/yoast-seo-wordpress\/ -->\n<title>Polo coton piqu\u00e9 Femme Marine - mod\u00e8le BIO - tubes<\/title>\n<meta name=\"robots\" content=\"noindex, follow, max-snippet:-1, max-image-preview:large, max-video-preview:-1\" \/>\n<meta property=\"og:locale\" content=\"fr_FR\" \/>\n<meta property=\"og:type\" content=\"article\" \/>\n<meta property=\"og:title\" content=\"Polo coton piqu\u00e9 Femme Marine - mod\u00e8le BIO - tubes\" \/>\n<meta property=\"og:description\" content=\"manches courtes  coloris bleu marine  maille piqu\u00e9e  Logo club brod\u00e9  100 % coton BIO \u2013 220 gr  coupe ajust\u00e9e\" \/>\n<meta property=\"og:url\" content=\"https:\/\/clubs.misterugby.com\/tubes\/produit\/polo-coton-pique-femme-marine-modele-bio\/\" \/>\n<meta property=\"og:site_name\" content=\"tubes\" \/>\n<meta property=\"article:modified_time\" content=\"2023-08-21T16:27:57+00:00\" \/>\n<meta property=\"og:image\" content=\"https:\/\/clubs.misterugby.com\/tubes\/wp-content\/uploads\/sites\/6\/2022\/01\/ww-1.jpg\" \/>\n\t<meta property=\"og:image:width\" content=\"1000\" \/>\n\t<meta property=\"og:image:height\" content=\"1000\" \/>\n\t<meta property=\"og:image:type\" content=\"image\/jpeg\" \/>\n<meta name=\"twitter:card\" content=\"summary_large_image\" \/>\n<script type=\"application\/ld+json\" class=\"yoast-schema-graph\">{\"@context\":\"https:\/\/schema.org\",\"@graph\":[{\"@type\":\"WebPage\",\"@id\":\"https:\/\/clubs.misterugby.com\/tubes\/produit\/polo-coton-pique-femme-marine-modele-bio\/\",\"url\":\"https:\/\/clubs.misterugby.com\/tubes\/produit\/polo-coton-pique-femme-marine-modele-bio\/\",\"name\":\"Polo coton piqu\u00e9 Femme Marine - mod\u00e8le BIO - tubes\",\"isPartOf\":{\"@id\":\"https:\/\/clubs.misterugby.com\/tubes\/#website\"},\"primaryImageOfPage\":{\"@id\":\"https:\/\/clubs.misterugby.com\/tubes\/produit\/polo-coton-pique-femme-marine-modele-bio\/#primaryimage\"},\"image\":{\"@id\":\"https:\/\/clubs.misterugby.com\/tubes\/produit\/polo-coton-pique-femme-marine-modele-bio\/#primaryimage\"},\"thumbnailUrl\":\"https:\/\/clubs.misterugby.com\/tubes\/wp-content\/uploads\/sites\/6\/2022\/01\/ww-1.jpg\",\"datePublished\":\"2022-01-19T05:40:26+00:00\",\"dateModified\":\"2023-08-21T16:27:57+00:00\",\"breadcrumb\":{\"@id\":\"https:\/\/clubs.misterugby.com\/tubes\/produit\/polo-coton-pique-femme-marine-modele-bio\/#breadcrumb\"},\"inLanguage\":\"fr-FR\",\"potentialAction\":[{\"@type\":\"ReadAction\",\"target\":[\"https:\/\/clubs.misterugby.com\/tubes\/produit\/polo-coton-pique-femme-marine-modele-bio\/\"]}]},{\"@type\":\"ImageObject\",\"inLanguage\":\"fr-FR\",\"@id\":\"https:\/\/clubs.misterugby.com\/tubes\/produit\/polo-coton-pique-femme-marine-modele-bio\/#primaryimage\",\"url\":\"https:\/\/clubs.misterugby.com\/tubes\/wp-content\/uploads\/sites\/6\/2022\/01\/ww-1.jpg\",\"contentUrl\":\"https:\/\/clubs.misterugby.com\/tubes\/wp-content\/uploads\/sites\/6\/2022\/01\/ww-1.jpg\",\"width\":1000,\"height\":1000},{\"@type\":\"BreadcrumbList\",\"@id\":\"https:\/\/clubs.misterugby.com\/tubes\/produit\/polo-coton-pique-femme-marine-modele-bio\/#breadcrumb\",\"itemListElement\":[{\"@type\":\"ListItem\",\"position\":1,\"name\":\"Accueil\",\"item\":\"https:\/\/clubs.misterugby.com\/tubes\/\"},{\"@type\":\"ListItem\",\"position\":2,\"name\":\"Boutique\",\"item\":\"https:\/\/clubs.misterugby.com\/tubes\/\"},{\"@type\":\"ListItem\",\"position\":3,\"name\":\"Polo coton piqu\u00e9 Femme Marine &#8211; mod\u00e8le BIO\"}]},{\"@type\":\"WebSite\",\"@id\":\"https:\/\/clubs.misterugby.com\/tubes\/#website\",\"url\":\"https:\/\/clubs.misterugby.com\/tubes\/\",\"name\":\"tubes\",\"description\":\"\",\"publisher\":{\"@id\":\"https:\/\/clubs.misterugby.com\/tubes\/#organization\"},\"potentialAction\":[{\"@type\":\"SearchAction\",\"target\":{\"@type\":\"EntryPoint\",\"urlTemplate\":\"https:\/\/clubs.misterugby.com\/tubes\/?s={search_term_string}\"},\"query-input\":{\"@type\":\"PropertyValueSpecification\",\"valueRequired\":true,\"valueName\":\"search_term_string\"}}],\"inLanguage\":\"fr-FR\"},{\"@type\":\"Organization\",\"@id\":\"https:\/\/clubs.misterugby.com\/tubes\/#organization\",\"name\":\"tubes\",\"url\":\"https:\/\/clubs.misterugby.com\/tubes\/\",\"logo\":{\"@type\":\"ImageObject\",\"inLanguage\":\"fr-FR\",\"@id\":\"https:\/\/clubs.misterugby.com\/tubes\/#\/schema\/logo\/image\/\",\"url\":\"https:\/\/clubs.misterugby.com\/tubes\/wp-content\/uploads\/sites\/6\/2022\/08\/cropped-TAE_LOGO-01.png\",\"contentUrl\":\"https:\/\/clubs.misterugby.com\/tubes\/wp-content\/uploads\/sites\/6\/2022\/08\/cropped-TAE_LOGO-01.png\",\"width\":1080,\"height\":556,\"caption\":\"tubes\"},\"image\":{\"@id\":\"https:\/\/clubs.misterugby.com\/tubes\/#\/schema\/logo\/image\/\"}}]}<\/script>\n<!-- \/ Yoast SEO plugin. -->","yoast_head_json":{"title":"Polo coton piqu\u00e9 Femme Marine - mod\u00e8le BIO - tubes","robots":{"index":"noindex","follow":"follow","max-snippet":"max-snippet:-1","max-image-preview":"max-image-preview:large","max-video-preview":"max-video-preview:-1"},"og_locale":"fr_FR","og_type":"article","og_title":"Polo coton piqu\u00e9 Femme Marine - mod\u00e8le BIO - tubes","og_description":"manches courtes  coloris bleu marine  maille piqu\u00e9e  Logo club brod\u00e9  100 % coton BIO \u2013 220 gr  coupe ajust\u00e9e","og_url":"https:\/\/clubs.misterugby.com\/tubes\/produit\/polo-coton-pique-femme-marine-modele-bio\/","og_site_name":"tubes","article_modified_time":"2023-08-21T16:27:57+00:00","og_image":[{"width":1000,"height":1000,"url":"https:\/\/clubs.misterugby.com\/tubes\/wp-content\/uploads\/sites\/6\/2022\/01\/ww-1.jpg","type":"image\/jpeg"}],"twitter_card":"summary_large_image","schema":{"@context":"https:\/\/schema.org","@graph":[{"@type":"WebPage","@id":"https:\/\/clubs.misterugby.com\/tubes\/produit\/polo-coton-pique-femme-marine-modele-bio\/","url":"https:\/\/clubs.misterugby.com\/tubes\/produit\/polo-coton-pique-femme-marine-modele-bio\/","name":"Polo coton piqu\u00e9 Femme Marine - mod\u00e8le BIO - tubes","isPartOf":{"@id":"https:\/\/clubs.misterugby.com\/tubes\/#website"},"primaryImageOfPage":{"@id":"https:\/\/clubs.misterugby.com\/tubes\/produit\/polo-coton-pique-femme-marine-modele-bio\/#primaryimage"},"image":{"@id":"https:\/\/clubs.misterugby.com\/tubes\/produit\/polo-coton-pique-femme-marine-modele-bio\/#primaryimage"},"thumbnailUrl":"https:\/\/clubs.misterugby.com\/tubes\/wp-content\/uploads\/sites\/6\/2022\/01\/ww-1.jpg","datePublished":"2022-01-19T05:40:26+00:00","dateModified":"2023-08-21T16:27:57+00:00","breadcrumb":{"@id":"https:\/\/clubs.misterugby.com\/tubes\/produit\/polo-coton-pique-femme-marine-modele-bio\/#breadcrumb"},"inLanguage":"fr-FR","potentialAction":[{"@type":"ReadAction","target":["https:\/\/clubs.misterugby.com\/tubes\/produit\/polo-coton-pique-femme-marine-modele-bio\/"]}]},{"@type":"ImageObject","inLanguage":"fr-FR","@id":"https:\/\/clubs.misterugby.com\/tubes\/produit\/polo-coton-pique-femme-marine-modele-bio\/#primaryimage","url":"https:\/\/clubs.misterugby.com\/tubes\/wp-content\/uploads\/sites\/6\/2022\/01\/ww-1.jpg","contentUrl":"https:\/\/clubs.misterugby.com\/tubes\/wp-content\/uploads\/sites\/6\/2022\/01\/ww-1.jpg","width":1000,"height":1000},{"@type":"BreadcrumbList","@id":"https:\/\/clubs.misterugby.com\/tubes\/produit\/polo-coton-pique-femme-marine-modele-bio\/#breadcrumb","itemListElement":[{"@type":"ListItem","position":1,"name":"Accueil","item":"https:\/\/clubs.misterugby.com\/tubes\/"},{"@type":"ListItem","position":2,"name":"Boutique","item":"https:\/\/clubs.misterugby.com\/tubes\/"},{"@type":"ListItem","position":3,"name":"Polo coton piqu\u00e9 Femme Marine &#8211; mod\u00e8le BIO"}]},{"@type":"WebSite","@id":"https:\/\/clubs.misterugby.com\/tubes\/#website","url":"https:\/\/clubs.misterugby.com\/tubes\/","name":"tubes","description":"","publisher":{"@id":"https:\/\/clubs.misterugby.com\/tubes\/#organization"},"potentialAction":[{"@type":"SearchAction","target":{"@type":"EntryPoint","urlTemplate":"https:\/\/clubs.misterugby.com\/tubes\/?s={search_term_string}"},"query-input":{"@type":"PropertyValueSpecification","valueRequired":true,"valueName":"search_term_string"}}],"inLanguage":"fr-FR"},{"@type":"Organization","@id":"https:\/\/clubs.misterugby.com\/tubes\/#organization","name":"tubes","url":"https:\/\/clubs.misterugby.com\/tubes\/","logo":{"@type":"ImageObject","inLanguage":"fr-FR","@id":"https:\/\/clubs.misterugby.com\/tubes\/#\/schema\/logo\/image\/","url":"https:\/\/clubs.misterugby.com\/tubes\/wp-content\/uploads\/sites\/6\/2022\/08\/cropped-TAE_LOGO-01.png","contentUrl":"https:\/\/clubs.misterugby.com\/tubes\/wp-content\/uploads\/sites\/6\/2022\/08\/cropped-TAE_LOGO-01.png","width":1080,"height":556,"caption":"tubes"},"image":{"@id":"https:\/\/clubs.misterugby.com\/tubes\/#\/schema\/logo\/image\/"}}]}},"_links":{"self":[{"href":"https:\/\/clubs.misterugby.com\/tubes\/wp-json\/wp\/v2\/product\/5361","targetHints":{"allow":["GET"]}}],"collection":[{"href":"https:\/\/clubs.misterugby.com\/tubes\/wp-json\/wp\/v2\/product"}],"about":[{"href":"https:\/\/clubs.misterugby.com\/tubes\/wp-json\/wp\/v2\/types\/product"}],"wp:featuredmedia":[{"embeddable":true,"href":"https:\/\/clubs.misterugby.com\/tubes\/wp-json\/wp\/v2\/media\/5885"}],"wp:attachment":[{"href":"https:\/\/clubs.misterugby.com\/tubes\/wp-json\/wp\/v2\/media?parent=5361"}],"wp:term":[{"taxonomy":"product_brand","embeddable":true,"href":"https:\/\/clubs.misterugby.com\/tubes\/wp-json\/wp\/v2\/product_brand?post=5361"},{"taxonomy":"product_cat","embeddable":true,"href":"https:\/\/clubs.misterugby.com\/tubes\/wp-json\/wp\/v2\/product_cat?post=5361"},{"taxonomy":"product_tag","embeddable":true,"href":"https:\/\/clubs.misterugby.com\/tubes\/wp-json\/wp\/v2\/product_tag?post=5361"}],"curies":[{"name":"wp","href":"https:\/\/api.w.org\/{rel}","templated":true}]}}