{"id":5421,"date":"2022-01-25T12:39:57","date_gmt":"2022-01-25T11:39:57","guid":{"rendered":"https:\/\/clubs.misterugby.com\/tubes\/produit\/short-de-bain-adulte-marine-modele-ibiza\/"},"modified":"2025-10-05T15:42:26","modified_gmt":"2025-10-05T13:42:26","slug":"short-de-bain-adulte-marine-modele-ibiza","status":"publish","type":"product","link":"https:\/\/clubs.misterugby.com\/tubes\/produit\/short-de-bain-adulte-marine-modele-ibiza\/","title":{"rendered":"Short de bain Adulte Marine \u2013 mod\u00e8le IBIZA"},"content":{"rendered":"","protected":false},"excerpt":{"rendered":"<ul>\n<li>100% polyester microfibre, 90 gr<\/li>\n<li>Doublure: slip int\u00e9rieur en mesh 100% polyester<\/li>\n<li>Taille \u00e9lastiqu\u00e9e avec cordon ton sur ton<\/li>\n<li>2 poches lat\u00e9rales<\/li>\n<li>Poche arri\u00e8re rabat avec bande auto-agrippante<\/li>\n<li>Fentes lat\u00e9rales<\/li>\n<li>logo club brod\u00e9<\/li>\n<\/ul>\n","protected":false},"featured_media":5803,"template":"","meta":[],"product_brand":[],"product_cat":[109,39],"product_tag":[],"class_list":{"0":"post-5421","1":"product","2":"type-product","3":"status-publish","4":"has-post-thumbnail","6":"product_cat-presentation","7":"product_cat-homme","9":"first","10":"instock","11":"taxable","12":"shipping-taxable","13":"purchasable","14":"product-type-variable"},"yoast_head":"<!-- This site is optimized with the Yoast SEO plugin v26.9 - https:\/\/yoast.com\/product\/yoast-seo-wordpress\/ -->\n<title>Short de bain Adulte Marine \u2013 mod\u00e8le IBIZA - tubes<\/title>\n<meta name=\"robots\" content=\"noindex, follow, max-snippet:-1, max-image-preview:large, max-video-preview:-1\" \/>\n<meta property=\"og:locale\" content=\"fr_FR\" \/>\n<meta property=\"og:type\" content=\"article\" \/>\n<meta property=\"og:title\" content=\"Short de bain Adulte Marine \u2013 mod\u00e8le IBIZA - tubes\" \/>\n<meta property=\"og:description\" content=\"100% polyester microfibre, 90 gr  Doublure: slip int\u00e9rieur en mesh 100% polyester  Taille \u00e9lastiqu\u00e9e avec cordon ton sur ton  2 poches lat\u00e9rales  Poche arri\u00e8re rabat avec bande auto-agrippante  Fentes lat\u00e9rales  logo club brod\u00e9\" \/>\n<meta property=\"og:url\" content=\"https:\/\/clubs.misterugby.com\/tubes\/produit\/short-de-bain-adulte-marine-modele-ibiza\/\" \/>\n<meta property=\"og:site_name\" content=\"tubes\" \/>\n<meta property=\"article:modified_time\" content=\"2025-10-05T13:42:26+00:00\" \/>\n<meta property=\"og:image\" content=\"https:\/\/clubs.misterugby.com\/tubes\/wp-content\/uploads\/sites\/6\/2022\/01\/io.jpg\" \/>\n\t<meta property=\"og:image:width\" content=\"1000\" \/>\n\t<meta property=\"og:image:height\" content=\"1000\" \/>\n\t<meta property=\"og:image:type\" content=\"image\/jpeg\" \/>\n<meta name=\"twitter:card\" content=\"summary_large_image\" \/>\n<script type=\"application\/ld+json\" class=\"yoast-schema-graph\">{\"@context\":\"https:\/\/schema.org\",\"@graph\":[{\"@type\":\"WebPage\",\"@id\":\"https:\/\/clubs.misterugby.com\/tubes\/produit\/short-de-bain-adulte-marine-modele-ibiza\/\",\"url\":\"https:\/\/clubs.misterugby.com\/tubes\/produit\/short-de-bain-adulte-marine-modele-ibiza\/\",\"name\":\"Short de bain Adulte Marine \u2013 mod\u00e8le IBIZA - tubes\",\"isPartOf\":{\"@id\":\"https:\/\/clubs.misterugby.com\/tubes\/#website\"},\"primaryImageOfPage\":{\"@id\":\"https:\/\/clubs.misterugby.com\/tubes\/produit\/short-de-bain-adulte-marine-modele-ibiza\/#primaryimage\"},\"image\":{\"@id\":\"https:\/\/clubs.misterugby.com\/tubes\/produit\/short-de-bain-adulte-marine-modele-ibiza\/#primaryimage\"},\"thumbnailUrl\":\"https:\/\/clubs.misterugby.com\/tubes\/wp-content\/uploads\/sites\/6\/2022\/01\/io.jpg\",\"datePublished\":\"2022-01-25T11:39:57+00:00\",\"dateModified\":\"2025-10-05T13:42:26+00:00\",\"breadcrumb\":{\"@id\":\"https:\/\/clubs.misterugby.com\/tubes\/produit\/short-de-bain-adulte-marine-modele-ibiza\/#breadcrumb\"},\"inLanguage\":\"fr-FR\",\"potentialAction\":[{\"@type\":\"ReadAction\",\"target\":[\"https:\/\/clubs.misterugby.com\/tubes\/produit\/short-de-bain-adulte-marine-modele-ibiza\/\"]}]},{\"@type\":\"ImageObject\",\"inLanguage\":\"fr-FR\",\"@id\":\"https:\/\/clubs.misterugby.com\/tubes\/produit\/short-de-bain-adulte-marine-modele-ibiza\/#primaryimage\",\"url\":\"https:\/\/clubs.misterugby.com\/tubes\/wp-content\/uploads\/sites\/6\/2022\/01\/io.jpg\",\"contentUrl\":\"https:\/\/clubs.misterugby.com\/tubes\/wp-content\/uploads\/sites\/6\/2022\/01\/io.jpg\",\"width\":1000,\"height\":1000},{\"@type\":\"BreadcrumbList\",\"@id\":\"https:\/\/clubs.misterugby.com\/tubes\/produit\/short-de-bain-adulte-marine-modele-ibiza\/#breadcrumb\",\"itemListElement\":[{\"@type\":\"ListItem\",\"position\":1,\"name\":\"Accueil\",\"item\":\"https:\/\/clubs.misterugby.com\/tubes\/\"},{\"@type\":\"ListItem\",\"position\":2,\"name\":\"Boutique\",\"item\":\"https:\/\/clubs.misterugby.com\/tubes\/\"},{\"@type\":\"ListItem\",\"position\":3,\"name\":\"Short de bain Adulte Marine \u2013 mod\u00e8le IBIZA\"}]},{\"@type\":\"WebSite\",\"@id\":\"https:\/\/clubs.misterugby.com\/tubes\/#website\",\"url\":\"https:\/\/clubs.misterugby.com\/tubes\/\",\"name\":\"tubes\",\"description\":\"\",\"publisher\":{\"@id\":\"https:\/\/clubs.misterugby.com\/tubes\/#organization\"},\"potentialAction\":[{\"@type\":\"SearchAction\",\"target\":{\"@type\":\"EntryPoint\",\"urlTemplate\":\"https:\/\/clubs.misterugby.com\/tubes\/?s={search_term_string}\"},\"query-input\":{\"@type\":\"PropertyValueSpecification\",\"valueRequired\":true,\"valueName\":\"search_term_string\"}}],\"inLanguage\":\"fr-FR\"},{\"@type\":\"Organization\",\"@id\":\"https:\/\/clubs.misterugby.com\/tubes\/#organization\",\"name\":\"tubes\",\"url\":\"https:\/\/clubs.misterugby.com\/tubes\/\",\"logo\":{\"@type\":\"ImageObject\",\"inLanguage\":\"fr-FR\",\"@id\":\"https:\/\/clubs.misterugby.com\/tubes\/#\/schema\/logo\/image\/\",\"url\":\"https:\/\/clubs.misterugby.com\/tubes\/wp-content\/uploads\/sites\/6\/2022\/08\/cropped-TAE_LOGO-01.png\",\"contentUrl\":\"https:\/\/clubs.misterugby.com\/tubes\/wp-content\/uploads\/sites\/6\/2022\/08\/cropped-TAE_LOGO-01.png\",\"width\":1080,\"height\":556,\"caption\":\"tubes\"},\"image\":{\"@id\":\"https:\/\/clubs.misterugby.com\/tubes\/#\/schema\/logo\/image\/\"}}]}<\/script>\n<!-- \/ Yoast SEO plugin. -->","yoast_head_json":{"title":"Short de bain Adulte Marine \u2013 mod\u00e8le IBIZA - tubes","robots":{"index":"noindex","follow":"follow","max-snippet":"max-snippet:-1","max-image-preview":"max-image-preview:large","max-video-preview":"max-video-preview:-1"},"og_locale":"fr_FR","og_type":"article","og_title":"Short de bain Adulte Marine \u2013 mod\u00e8le IBIZA - tubes","og_description":"100% polyester microfibre, 90 gr  Doublure: slip int\u00e9rieur en mesh 100% polyester  Taille \u00e9lastiqu\u00e9e avec cordon ton sur ton  2 poches lat\u00e9rales  Poche arri\u00e8re rabat avec bande auto-agrippante  Fentes lat\u00e9rales  logo club brod\u00e9","og_url":"https:\/\/clubs.misterugby.com\/tubes\/produit\/short-de-bain-adulte-marine-modele-ibiza\/","og_site_name":"tubes","article_modified_time":"2025-10-05T13:42:26+00:00","og_image":[{"width":1000,"height":1000,"url":"https:\/\/clubs.misterugby.com\/tubes\/wp-content\/uploads\/sites\/6\/2022\/01\/io.jpg","type":"image\/jpeg"}],"twitter_card":"summary_large_image","schema":{"@context":"https:\/\/schema.org","@graph":[{"@type":"WebPage","@id":"https:\/\/clubs.misterugby.com\/tubes\/produit\/short-de-bain-adulte-marine-modele-ibiza\/","url":"https:\/\/clubs.misterugby.com\/tubes\/produit\/short-de-bain-adulte-marine-modele-ibiza\/","name":"Short de bain Adulte Marine \u2013 mod\u00e8le IBIZA - tubes","isPartOf":{"@id":"https:\/\/clubs.misterugby.com\/tubes\/#website"},"primaryImageOfPage":{"@id":"https:\/\/clubs.misterugby.com\/tubes\/produit\/short-de-bain-adulte-marine-modele-ibiza\/#primaryimage"},"image":{"@id":"https:\/\/clubs.misterugby.com\/tubes\/produit\/short-de-bain-adulte-marine-modele-ibiza\/#primaryimage"},"thumbnailUrl":"https:\/\/clubs.misterugby.com\/tubes\/wp-content\/uploads\/sites\/6\/2022\/01\/io.jpg","datePublished":"2022-01-25T11:39:57+00:00","dateModified":"2025-10-05T13:42:26+00:00","breadcrumb":{"@id":"https:\/\/clubs.misterugby.com\/tubes\/produit\/short-de-bain-adulte-marine-modele-ibiza\/#breadcrumb"},"inLanguage":"fr-FR","potentialAction":[{"@type":"ReadAction","target":["https:\/\/clubs.misterugby.com\/tubes\/produit\/short-de-bain-adulte-marine-modele-ibiza\/"]}]},{"@type":"ImageObject","inLanguage":"fr-FR","@id":"https:\/\/clubs.misterugby.com\/tubes\/produit\/short-de-bain-adulte-marine-modele-ibiza\/#primaryimage","url":"https:\/\/clubs.misterugby.com\/tubes\/wp-content\/uploads\/sites\/6\/2022\/01\/io.jpg","contentUrl":"https:\/\/clubs.misterugby.com\/tubes\/wp-content\/uploads\/sites\/6\/2022\/01\/io.jpg","width":1000,"height":1000},{"@type":"BreadcrumbList","@id":"https:\/\/clubs.misterugby.com\/tubes\/produit\/short-de-bain-adulte-marine-modele-ibiza\/#breadcrumb","itemListElement":[{"@type":"ListItem","position":1,"name":"Accueil","item":"https:\/\/clubs.misterugby.com\/tubes\/"},{"@type":"ListItem","position":2,"name":"Boutique","item":"https:\/\/clubs.misterugby.com\/tubes\/"},{"@type":"ListItem","position":3,"name":"Short de bain Adulte Marine \u2013 mod\u00e8le IBIZA"}]},{"@type":"WebSite","@id":"https:\/\/clubs.misterugby.com\/tubes\/#website","url":"https:\/\/clubs.misterugby.com\/tubes\/","name":"tubes","description":"","publisher":{"@id":"https:\/\/clubs.misterugby.com\/tubes\/#organization"},"potentialAction":[{"@type":"SearchAction","target":{"@type":"EntryPoint","urlTemplate":"https:\/\/clubs.misterugby.com\/tubes\/?s={search_term_string}"},"query-input":{"@type":"PropertyValueSpecification","valueRequired":true,"valueName":"search_term_string"}}],"inLanguage":"fr-FR"},{"@type":"Organization","@id":"https:\/\/clubs.misterugby.com\/tubes\/#organization","name":"tubes","url":"https:\/\/clubs.misterugby.com\/tubes\/","logo":{"@type":"ImageObject","inLanguage":"fr-FR","@id":"https:\/\/clubs.misterugby.com\/tubes\/#\/schema\/logo\/image\/","url":"https:\/\/clubs.misterugby.com\/tubes\/wp-content\/uploads\/sites\/6\/2022\/08\/cropped-TAE_LOGO-01.png","contentUrl":"https:\/\/clubs.misterugby.com\/tubes\/wp-content\/uploads\/sites\/6\/2022\/08\/cropped-TAE_LOGO-01.png","width":1080,"height":556,"caption":"tubes"},"image":{"@id":"https:\/\/clubs.misterugby.com\/tubes\/#\/schema\/logo\/image\/"}}]}},"_links":{"self":[{"href":"https:\/\/clubs.misterugby.com\/tubes\/wp-json\/wp\/v2\/product\/5421","targetHints":{"allow":["GET"]}}],"collection":[{"href":"https:\/\/clubs.misterugby.com\/tubes\/wp-json\/wp\/v2\/product"}],"about":[{"href":"https:\/\/clubs.misterugby.com\/tubes\/wp-json\/wp\/v2\/types\/product"}],"wp:featuredmedia":[{"embeddable":true,"href":"https:\/\/clubs.misterugby.com\/tubes\/wp-json\/wp\/v2\/media\/5803"}],"wp:attachment":[{"href":"https:\/\/clubs.misterugby.com\/tubes\/wp-json\/wp\/v2\/media?parent=5421"}],"wp:term":[{"taxonomy":"product_brand","embeddable":true,"href":"https:\/\/clubs.misterugby.com\/tubes\/wp-json\/wp\/v2\/product_brand?post=5421"},{"taxonomy":"product_cat","embeddable":true,"href":"https:\/\/clubs.misterugby.com\/tubes\/wp-json\/wp\/v2\/product_cat?post=5421"},{"taxonomy":"product_tag","embeddable":true,"href":"https:\/\/clubs.misterugby.com\/tubes\/wp-json\/wp\/v2\/product_tag?post=5421"}],"curies":[{"name":"wp","href":"https:\/\/api.w.org\/{rel}","templated":true}]}}