{"id":4858,"date":"2022-01-19T06:41:12","date_gmt":"2022-01-19T05:41:12","guid":{"rendered":"https:\/\/clubs.misterugby.com\/ubm94-rugbys\/produit\/tee-shirt-perf-enfant-marine-modele-proact\/"},"modified":"2025-10-01T02:09:07","modified_gmt":"2025-10-01T00:09:07","slug":"tee-shirt-perf-enfant-marine-modele-proact","status":"publish","type":"product","link":"https:\/\/clubs.misterugby.com\/ubm94-rugbys\/produit\/tee-shirt-perf-enfant-marine-modele-proact\/","title":{"rendered":"Tee shirt perf Enfant Marine &#8211; mod\u00e8le PROACT"},"content":{"rendered":"","protected":false},"excerpt":{"rendered":"<ul>\n<li>100% polyester 140 gr<\/li>\n<li>Tissu l\u00e9ger \u00e0 s\u00e9chage rapide.<\/li>\n<li>Manches raglan avec points de recouvrement<\/li>\n<li>coloris bleu marine<\/li>\n<li>logo club en transfert<\/li>\n<\/ul>\n","protected":false},"featured_media":1372,"template":"","meta":[],"product_brand":[],"product_cat":[129,41],"product_tag":[],"class_list":{"0":"post-4858","1":"product","2":"type-product","3":"status-publish","4":"has-post-thumbnail","6":"product_cat-training-enfant","7":"product_cat-enfant","9":"first","10":"instock","11":"taxable","12":"shipping-taxable","13":"purchasable","14":"product-type-variable"},"yoast_head":"<!-- This site is optimized with the Yoast SEO plugin v26.9 - https:\/\/yoast.com\/product\/yoast-seo-wordpress\/ -->\n<title>Tee shirt perf Enfant Marine - mod\u00e8le PROACT - UBM94-rugbys<\/title>\n<meta name=\"robots\" content=\"noindex, follow, max-snippet:-1, max-image-preview:large, max-video-preview:-1\" \/>\n<meta property=\"og:locale\" content=\"fr_FR\" \/>\n<meta property=\"og:type\" content=\"article\" \/>\n<meta property=\"og:title\" content=\"Tee shirt perf Enfant Marine - mod\u00e8le PROACT - UBM94-rugbys\" \/>\n<meta property=\"og:description\" content=\"100% polyester 140 gr  Tissu l\u00e9ger \u00e0 s\u00e9chage rapide.  Manches raglan avec points de recouvrement  coloris bleu marine  logo club en transfert\" \/>\n<meta property=\"og:url\" content=\"https:\/\/clubs.misterugby.com\/ubm94-rugbys\/produit\/tee-shirt-perf-enfant-marine-modele-proact\/\" \/>\n<meta property=\"og:site_name\" content=\"UBM94-rugbys\" \/>\n<meta property=\"article:modified_time\" content=\"2025-10-01T00:09:07+00:00\" \/>\n<meta property=\"og:image\" content=\"http:\/\/clubs.misterugby.com\/ubm94-rugbys\/wp-content\/uploads\/sites\/45\/2020\/01\/u-perf.jpg\" \/>\n\t<meta property=\"og:image:width\" content=\"1000\" \/>\n\t<meta property=\"og:image:height\" content=\"1000\" \/>\n\t<meta property=\"og:image:type\" content=\"image\/jpeg\" \/>\n<meta name=\"twitter:card\" content=\"summary_large_image\" \/>\n<script type=\"application\/ld+json\" class=\"yoast-schema-graph\">{\"@context\":\"https:\/\/schema.org\",\"@graph\":[{\"@type\":\"WebPage\",\"@id\":\"https:\/\/clubs.misterugby.com\/ubm94-rugbys\/produit\/tee-shirt-perf-enfant-marine-modele-proact\/\",\"url\":\"https:\/\/clubs.misterugby.com\/ubm94-rugbys\/produit\/tee-shirt-perf-enfant-marine-modele-proact\/\",\"name\":\"Tee shirt perf Enfant Marine - mod\u00e8le PROACT - UBM94-rugbys\",\"isPartOf\":{\"@id\":\"https:\/\/clubs.misterugby.com\/ubm94-rugbys\/#website\"},\"primaryImageOfPage\":{\"@id\":\"https:\/\/clubs.misterugby.com\/ubm94-rugbys\/produit\/tee-shirt-perf-enfant-marine-modele-proact\/#primaryimage\"},\"image\":{\"@id\":\"https:\/\/clubs.misterugby.com\/ubm94-rugbys\/produit\/tee-shirt-perf-enfant-marine-modele-proact\/#primaryimage\"},\"thumbnailUrl\":\"https:\/\/clubs.misterugby.com\/ubm94-rugbys\/wp-content\/uploads\/sites\/45\/2020\/01\/u-perf.jpg\",\"datePublished\":\"2022-01-19T05:41:12+00:00\",\"dateModified\":\"2025-10-01T00:09:07+00:00\",\"breadcrumb\":{\"@id\":\"https:\/\/clubs.misterugby.com\/ubm94-rugbys\/produit\/tee-shirt-perf-enfant-marine-modele-proact\/#breadcrumb\"},\"inLanguage\":\"fr-FR\",\"potentialAction\":[{\"@type\":\"ReadAction\",\"target\":[\"https:\/\/clubs.misterugby.com\/ubm94-rugbys\/produit\/tee-shirt-perf-enfant-marine-modele-proact\/\"]}]},{\"@type\":\"ImageObject\",\"inLanguage\":\"fr-FR\",\"@id\":\"https:\/\/clubs.misterugby.com\/ubm94-rugbys\/produit\/tee-shirt-perf-enfant-marine-modele-proact\/#primaryimage\",\"url\":\"https:\/\/clubs.misterugby.com\/ubm94-rugbys\/wp-content\/uploads\/sites\/45\/2020\/01\/u-perf.jpg\",\"contentUrl\":\"https:\/\/clubs.misterugby.com\/ubm94-rugbys\/wp-content\/uploads\/sites\/45\/2020\/01\/u-perf.jpg\",\"width\":1000,\"height\":1000},{\"@type\":\"BreadcrumbList\",\"@id\":\"https:\/\/clubs.misterugby.com\/ubm94-rugbys\/produit\/tee-shirt-perf-enfant-marine-modele-proact\/#breadcrumb\",\"itemListElement\":[{\"@type\":\"ListItem\",\"position\":1,\"name\":\"Accueil\",\"item\":\"https:\/\/clubs.misterugby.com\/ubm94-rugbys\/\"},{\"@type\":\"ListItem\",\"position\":2,\"name\":\"Boutique\",\"item\":\"https:\/\/clubs.misterugby.com\/ubm94-rugbys\/\"},{\"@type\":\"ListItem\",\"position\":3,\"name\":\"Tee shirt perf Enfant Marine &#8211; mod\u00e8le PROACT\"}]},{\"@type\":\"WebSite\",\"@id\":\"https:\/\/clubs.misterugby.com\/ubm94-rugbys\/#website\",\"url\":\"https:\/\/clubs.misterugby.com\/ubm94-rugbys\/\",\"name\":\"UBM94-rugbys\",\"description\":\"\",\"publisher\":{\"@id\":\"https:\/\/clubs.misterugby.com\/ubm94-rugbys\/#organization\"},\"potentialAction\":[{\"@type\":\"SearchAction\",\"target\":{\"@type\":\"EntryPoint\",\"urlTemplate\":\"https:\/\/clubs.misterugby.com\/ubm94-rugbys\/?s={search_term_string}\"},\"query-input\":{\"@type\":\"PropertyValueSpecification\",\"valueRequired\":true,\"valueName\":\"search_term_string\"}}],\"inLanguage\":\"fr-FR\"},{\"@type\":\"Organization\",\"@id\":\"https:\/\/clubs.misterugby.com\/ubm94-rugbys\/#organization\",\"name\":\"UBM94-rugbys\",\"url\":\"https:\/\/clubs.misterugby.com\/ubm94-rugbys\/\",\"logo\":{\"@type\":\"ImageObject\",\"inLanguage\":\"fr-FR\",\"@id\":\"https:\/\/clubs.misterugby.com\/ubm94-rugbys\/#\/schema\/logo\/image\/\",\"url\":\"https:\/\/clubs.misterugby.com\/ubm94-rugbys\/wp-content\/uploads\/sites\/45\/2022\/01\/logo_UBM_OK.png\",\"contentUrl\":\"https:\/\/clubs.misterugby.com\/ubm94-rugbys\/wp-content\/uploads\/sites\/45\/2022\/01\/logo_UBM_OK.png\",\"width\":2014,\"height\":747,\"caption\":\"UBM94-rugbys\"},\"image\":{\"@id\":\"https:\/\/clubs.misterugby.com\/ubm94-rugbys\/#\/schema\/logo\/image\/\"}}]}<\/script>\n<!-- \/ Yoast SEO plugin. -->","yoast_head_json":{"title":"Tee shirt perf Enfant Marine - mod\u00e8le PROACT - UBM94-rugbys","robots":{"index":"noindex","follow":"follow","max-snippet":"max-snippet:-1","max-image-preview":"max-image-preview:large","max-video-preview":"max-video-preview:-1"},"og_locale":"fr_FR","og_type":"article","og_title":"Tee shirt perf Enfant Marine - mod\u00e8le PROACT - UBM94-rugbys","og_description":"100% polyester 140 gr  Tissu l\u00e9ger \u00e0 s\u00e9chage rapide.  Manches raglan avec points de recouvrement  coloris bleu marine  logo club en transfert","og_url":"https:\/\/clubs.misterugby.com\/ubm94-rugbys\/produit\/tee-shirt-perf-enfant-marine-modele-proact\/","og_site_name":"UBM94-rugbys","article_modified_time":"2025-10-01T00:09:07+00:00","og_image":[{"width":1000,"height":1000,"url":"http:\/\/clubs.misterugby.com\/ubm94-rugbys\/wp-content\/uploads\/sites\/45\/2020\/01\/u-perf.jpg","type":"image\/jpeg"}],"twitter_card":"summary_large_image","schema":{"@context":"https:\/\/schema.org","@graph":[{"@type":"WebPage","@id":"https:\/\/clubs.misterugby.com\/ubm94-rugbys\/produit\/tee-shirt-perf-enfant-marine-modele-proact\/","url":"https:\/\/clubs.misterugby.com\/ubm94-rugbys\/produit\/tee-shirt-perf-enfant-marine-modele-proact\/","name":"Tee shirt perf Enfant Marine - mod\u00e8le PROACT - UBM94-rugbys","isPartOf":{"@id":"https:\/\/clubs.misterugby.com\/ubm94-rugbys\/#website"},"primaryImageOfPage":{"@id":"https:\/\/clubs.misterugby.com\/ubm94-rugbys\/produit\/tee-shirt-perf-enfant-marine-modele-proact\/#primaryimage"},"image":{"@id":"https:\/\/clubs.misterugby.com\/ubm94-rugbys\/produit\/tee-shirt-perf-enfant-marine-modele-proact\/#primaryimage"},"thumbnailUrl":"https:\/\/clubs.misterugby.com\/ubm94-rugbys\/wp-content\/uploads\/sites\/45\/2020\/01\/u-perf.jpg","datePublished":"2022-01-19T05:41:12+00:00","dateModified":"2025-10-01T00:09:07+00:00","breadcrumb":{"@id":"https:\/\/clubs.misterugby.com\/ubm94-rugbys\/produit\/tee-shirt-perf-enfant-marine-modele-proact\/#breadcrumb"},"inLanguage":"fr-FR","potentialAction":[{"@type":"ReadAction","target":["https:\/\/clubs.misterugby.com\/ubm94-rugbys\/produit\/tee-shirt-perf-enfant-marine-modele-proact\/"]}]},{"@type":"ImageObject","inLanguage":"fr-FR","@id":"https:\/\/clubs.misterugby.com\/ubm94-rugbys\/produit\/tee-shirt-perf-enfant-marine-modele-proact\/#primaryimage","url":"https:\/\/clubs.misterugby.com\/ubm94-rugbys\/wp-content\/uploads\/sites\/45\/2020\/01\/u-perf.jpg","contentUrl":"https:\/\/clubs.misterugby.com\/ubm94-rugbys\/wp-content\/uploads\/sites\/45\/2020\/01\/u-perf.jpg","width":1000,"height":1000},{"@type":"BreadcrumbList","@id":"https:\/\/clubs.misterugby.com\/ubm94-rugbys\/produit\/tee-shirt-perf-enfant-marine-modele-proact\/#breadcrumb","itemListElement":[{"@type":"ListItem","position":1,"name":"Accueil","item":"https:\/\/clubs.misterugby.com\/ubm94-rugbys\/"},{"@type":"ListItem","position":2,"name":"Boutique","item":"https:\/\/clubs.misterugby.com\/ubm94-rugbys\/"},{"@type":"ListItem","position":3,"name":"Tee shirt perf Enfant Marine &#8211; mod\u00e8le PROACT"}]},{"@type":"WebSite","@id":"https:\/\/clubs.misterugby.com\/ubm94-rugbys\/#website","url":"https:\/\/clubs.misterugby.com\/ubm94-rugbys\/","name":"UBM94-rugbys","description":"","publisher":{"@id":"https:\/\/clubs.misterugby.com\/ubm94-rugbys\/#organization"},"potentialAction":[{"@type":"SearchAction","target":{"@type":"EntryPoint","urlTemplate":"https:\/\/clubs.misterugby.com\/ubm94-rugbys\/?s={search_term_string}"},"query-input":{"@type":"PropertyValueSpecification","valueRequired":true,"valueName":"search_term_string"}}],"inLanguage":"fr-FR"},{"@type":"Organization","@id":"https:\/\/clubs.misterugby.com\/ubm94-rugbys\/#organization","name":"UBM94-rugbys","url":"https:\/\/clubs.misterugby.com\/ubm94-rugbys\/","logo":{"@type":"ImageObject","inLanguage":"fr-FR","@id":"https:\/\/clubs.misterugby.com\/ubm94-rugbys\/#\/schema\/logo\/image\/","url":"https:\/\/clubs.misterugby.com\/ubm94-rugbys\/wp-content\/uploads\/sites\/45\/2022\/01\/logo_UBM_OK.png","contentUrl":"https:\/\/clubs.misterugby.com\/ubm94-rugbys\/wp-content\/uploads\/sites\/45\/2022\/01\/logo_UBM_OK.png","width":2014,"height":747,"caption":"UBM94-rugbys"},"image":{"@id":"https:\/\/clubs.misterugby.com\/ubm94-rugbys\/#\/schema\/logo\/image\/"}}]}},"_links":{"self":[{"href":"https:\/\/clubs.misterugby.com\/ubm94-rugbys\/wp-json\/wp\/v2\/product\/4858","targetHints":{"allow":["GET"]}}],"collection":[{"href":"https:\/\/clubs.misterugby.com\/ubm94-rugbys\/wp-json\/wp\/v2\/product"}],"about":[{"href":"https:\/\/clubs.misterugby.com\/ubm94-rugbys\/wp-json\/wp\/v2\/types\/product"}],"wp:featuredmedia":[{"embeddable":true,"href":"https:\/\/clubs.misterugby.com\/ubm94-rugbys\/wp-json\/wp\/v2\/media\/1372"}],"wp:attachment":[{"href":"https:\/\/clubs.misterugby.com\/ubm94-rugbys\/wp-json\/wp\/v2\/media?parent=4858"}],"wp:term":[{"taxonomy":"product_brand","embeddable":true,"href":"https:\/\/clubs.misterugby.com\/ubm94-rugbys\/wp-json\/wp\/v2\/product_brand?post=4858"},{"taxonomy":"product_cat","embeddable":true,"href":"https:\/\/clubs.misterugby.com\/ubm94-rugbys\/wp-json\/wp\/v2\/product_cat?post=4858"},{"taxonomy":"product_tag","embeddable":true,"href":"https:\/\/clubs.misterugby.com\/ubm94-rugbys\/wp-json\/wp\/v2\/product_tag?post=4858"}],"curies":[{"name":"wp","href":"https:\/\/api.w.org\/{rel}","templated":true}]}}