{"id":4969,"date":"2022-01-19T06:40:17","date_gmt":"2022-01-19T05:40:17","guid":{"rendered":"https:\/\/clubs.misterugby.com\/ubm94-rugbys\/produit\/sweat-capuche-femme-marine-modele-contrast\/"},"modified":"2026-04-23T21:46:35","modified_gmt":"2026-04-23T19:46:35","slug":"sweat-capuche-femme-marine-modele-contrast","status":"publish","type":"product","link":"https:\/\/clubs.misterugby.com\/ubm94-rugbys\/produit\/sweat-capuche-femme-marine-modele-contrast\/","title":{"rendered":"Sweat capuche Femme Marine &#8211; mod\u00e8le CONTRAST"},"content":{"rendered":"","protected":false},"excerpt":{"rendered":"<ul>\n<li>Molleton gratt\u00e9 280 gr, 80% coton, 20% polyester<\/li>\n<li>Capuche doubl\u00e9e avec cordon de serrage ton sur ton. Poches Kangourou.<\/li>\n<li>Coloris bleu marine , int\u00e9rieur capuche et cordons gris contrast\u00e9<\/li>\n<li>logo club en transfert s\u00e9rigraphique<\/li>\n<\/ul>\n","protected":false},"featured_media":830,"template":"","meta":[],"product_brand":[],"product_cat":[70,131],"product_tag":[],"class_list":{"0":"post-4969","1":"product","2":"type-product","3":"status-publish","4":"has-post-thumbnail","6":"product_cat-femme","7":"product_cat-presentation-femme","9":"first","10":"instock","11":"taxable","12":"shipping-taxable","13":"purchasable","14":"product-type-variable"},"yoast_head":"<!-- This site is optimized with the Yoast SEO plugin v26.9 - https:\/\/yoast.com\/product\/yoast-seo-wordpress\/ -->\n<title>Sweat capuche Femme Marine - mod\u00e8le CONTRAST - UBM94-rugbys<\/title>\n<meta name=\"robots\" content=\"noindex, follow, max-snippet:-1, max-image-preview:large, max-video-preview:-1\" \/>\n<meta property=\"og:locale\" content=\"fr_FR\" \/>\n<meta property=\"og:type\" content=\"article\" \/>\n<meta property=\"og:title\" content=\"Sweat capuche Femme Marine - mod\u00e8le CONTRAST - UBM94-rugbys\" \/>\n<meta property=\"og:description\" content=\"Molleton gratt\u00e9 280 gr, 80% coton, 20% polyester  Capuche doubl\u00e9e avec cordon de serrage ton sur ton. Poches Kangourou.  Coloris bleu marine , int\u00e9rieur capuche et cordons gris contrast\u00e9  logo club en transfert s\u00e9rigraphique\" \/>\n<meta property=\"og:url\" content=\"https:\/\/clubs.misterugby.com\/ubm94-rugbys\/produit\/sweat-capuche-femme-marine-modele-contrast\/\" \/>\n<meta property=\"og:site_name\" content=\"UBM94-rugbys\" \/>\n<meta property=\"article:modified_time\" content=\"2026-04-23T19:46:35+00:00\" \/>\n<meta property=\"og:image\" content=\"http:\/\/clubs.misterugby.com\/ubm94-rugbys\/wp-content\/uploads\/sites\/45\/2020\/01\/Sans-titre-46.jpg\" \/>\n\t<meta property=\"og:image:width\" content=\"1000\" \/>\n\t<meta property=\"og:image:height\" content=\"1057\" \/>\n\t<meta property=\"og:image:type\" content=\"image\/jpeg\" \/>\n<meta name=\"twitter:card\" content=\"summary_large_image\" \/>\n<script type=\"application\/ld+json\" class=\"yoast-schema-graph\">{\"@context\":\"https:\/\/schema.org\",\"@graph\":[{\"@type\":\"WebPage\",\"@id\":\"https:\/\/clubs.misterugby.com\/ubm94-rugbys\/produit\/sweat-capuche-femme-marine-modele-contrast\/\",\"url\":\"https:\/\/clubs.misterugby.com\/ubm94-rugbys\/produit\/sweat-capuche-femme-marine-modele-contrast\/\",\"name\":\"Sweat capuche Femme Marine - mod\u00e8le CONTRAST - UBM94-rugbys\",\"isPartOf\":{\"@id\":\"https:\/\/clubs.misterugby.com\/ubm94-rugbys\/#website\"},\"primaryImageOfPage\":{\"@id\":\"https:\/\/clubs.misterugby.com\/ubm94-rugbys\/produit\/sweat-capuche-femme-marine-modele-contrast\/#primaryimage\"},\"image\":{\"@id\":\"https:\/\/clubs.misterugby.com\/ubm94-rugbys\/produit\/sweat-capuche-femme-marine-modele-contrast\/#primaryimage\"},\"thumbnailUrl\":\"https:\/\/clubs.misterugby.com\/ubm94-rugbys\/wp-content\/uploads\/sites\/45\/2020\/01\/Sans-titre-46.jpg\",\"datePublished\":\"2022-01-19T05:40:17+00:00\",\"dateModified\":\"2026-04-23T19:46:35+00:00\",\"breadcrumb\":{\"@id\":\"https:\/\/clubs.misterugby.com\/ubm94-rugbys\/produit\/sweat-capuche-femme-marine-modele-contrast\/#breadcrumb\"},\"inLanguage\":\"fr-FR\",\"potentialAction\":[{\"@type\":\"ReadAction\",\"target\":[\"https:\/\/clubs.misterugby.com\/ubm94-rugbys\/produit\/sweat-capuche-femme-marine-modele-contrast\/\"]}]},{\"@type\":\"ImageObject\",\"inLanguage\":\"fr-FR\",\"@id\":\"https:\/\/clubs.misterugby.com\/ubm94-rugbys\/produit\/sweat-capuche-femme-marine-modele-contrast\/#primaryimage\",\"url\":\"https:\/\/clubs.misterugby.com\/ubm94-rugbys\/wp-content\/uploads\/sites\/45\/2020\/01\/Sans-titre-46.jpg\",\"contentUrl\":\"https:\/\/clubs.misterugby.com\/ubm94-rugbys\/wp-content\/uploads\/sites\/45\/2020\/01\/Sans-titre-46.jpg\",\"width\":1000,\"height\":1057},{\"@type\":\"BreadcrumbList\",\"@id\":\"https:\/\/clubs.misterugby.com\/ubm94-rugbys\/produit\/sweat-capuche-femme-marine-modele-contrast\/#breadcrumb\",\"itemListElement\":[{\"@type\":\"ListItem\",\"position\":1,\"name\":\"Accueil\",\"item\":\"https:\/\/clubs.misterugby.com\/ubm94-rugbys\/\"},{\"@type\":\"ListItem\",\"position\":2,\"name\":\"Boutique\",\"item\":\"https:\/\/clubs.misterugby.com\/ubm94-rugbys\/\"},{\"@type\":\"ListItem\",\"position\":3,\"name\":\"Sweat capuche Femme Marine &#8211; mod\u00e8le CONTRAST\"}]},{\"@type\":\"WebSite\",\"@id\":\"https:\/\/clubs.misterugby.com\/ubm94-rugbys\/#website\",\"url\":\"https:\/\/clubs.misterugby.com\/ubm94-rugbys\/\",\"name\":\"UBM94-rugbys\",\"description\":\"\",\"publisher\":{\"@id\":\"https:\/\/clubs.misterugby.com\/ubm94-rugbys\/#organization\"},\"potentialAction\":[{\"@type\":\"SearchAction\",\"target\":{\"@type\":\"EntryPoint\",\"urlTemplate\":\"https:\/\/clubs.misterugby.com\/ubm94-rugbys\/?s={search_term_string}\"},\"query-input\":{\"@type\":\"PropertyValueSpecification\",\"valueRequired\":true,\"valueName\":\"search_term_string\"}}],\"inLanguage\":\"fr-FR\"},{\"@type\":\"Organization\",\"@id\":\"https:\/\/clubs.misterugby.com\/ubm94-rugbys\/#organization\",\"name\":\"UBM94-rugbys\",\"url\":\"https:\/\/clubs.misterugby.com\/ubm94-rugbys\/\",\"logo\":{\"@type\":\"ImageObject\",\"inLanguage\":\"fr-FR\",\"@id\":\"https:\/\/clubs.misterugby.com\/ubm94-rugbys\/#\/schema\/logo\/image\/\",\"url\":\"https:\/\/clubs.misterugby.com\/ubm94-rugbys\/wp-content\/uploads\/sites\/45\/2022\/01\/logo_UBM_OK.png\",\"contentUrl\":\"https:\/\/clubs.misterugby.com\/ubm94-rugbys\/wp-content\/uploads\/sites\/45\/2022\/01\/logo_UBM_OK.png\",\"width\":2014,\"height\":747,\"caption\":\"UBM94-rugbys\"},\"image\":{\"@id\":\"https:\/\/clubs.misterugby.com\/ubm94-rugbys\/#\/schema\/logo\/image\/\"}}]}<\/script>\n<!-- \/ Yoast SEO plugin. -->","yoast_head_json":{"title":"Sweat capuche Femme Marine - mod\u00e8le CONTRAST - UBM94-rugbys","robots":{"index":"noindex","follow":"follow","max-snippet":"max-snippet:-1","max-image-preview":"max-image-preview:large","max-video-preview":"max-video-preview:-1"},"og_locale":"fr_FR","og_type":"article","og_title":"Sweat capuche Femme Marine - mod\u00e8le CONTRAST - UBM94-rugbys","og_description":"Molleton gratt\u00e9 280 gr, 80% coton, 20% polyester  Capuche doubl\u00e9e avec cordon de serrage ton sur ton. Poches Kangourou.  Coloris bleu marine , int\u00e9rieur capuche et cordons gris contrast\u00e9  logo club en transfert s\u00e9rigraphique","og_url":"https:\/\/clubs.misterugby.com\/ubm94-rugbys\/produit\/sweat-capuche-femme-marine-modele-contrast\/","og_site_name":"UBM94-rugbys","article_modified_time":"2026-04-23T19:46:35+00:00","og_image":[{"width":1000,"height":1057,"url":"http:\/\/clubs.misterugby.com\/ubm94-rugbys\/wp-content\/uploads\/sites\/45\/2020\/01\/Sans-titre-46.jpg","type":"image\/jpeg"}],"twitter_card":"summary_large_image","schema":{"@context":"https:\/\/schema.org","@graph":[{"@type":"WebPage","@id":"https:\/\/clubs.misterugby.com\/ubm94-rugbys\/produit\/sweat-capuche-femme-marine-modele-contrast\/","url":"https:\/\/clubs.misterugby.com\/ubm94-rugbys\/produit\/sweat-capuche-femme-marine-modele-contrast\/","name":"Sweat capuche Femme Marine - mod\u00e8le CONTRAST - UBM94-rugbys","isPartOf":{"@id":"https:\/\/clubs.misterugby.com\/ubm94-rugbys\/#website"},"primaryImageOfPage":{"@id":"https:\/\/clubs.misterugby.com\/ubm94-rugbys\/produit\/sweat-capuche-femme-marine-modele-contrast\/#primaryimage"},"image":{"@id":"https:\/\/clubs.misterugby.com\/ubm94-rugbys\/produit\/sweat-capuche-femme-marine-modele-contrast\/#primaryimage"},"thumbnailUrl":"https:\/\/clubs.misterugby.com\/ubm94-rugbys\/wp-content\/uploads\/sites\/45\/2020\/01\/Sans-titre-46.jpg","datePublished":"2022-01-19T05:40:17+00:00","dateModified":"2026-04-23T19:46:35+00:00","breadcrumb":{"@id":"https:\/\/clubs.misterugby.com\/ubm94-rugbys\/produit\/sweat-capuche-femme-marine-modele-contrast\/#breadcrumb"},"inLanguage":"fr-FR","potentialAction":[{"@type":"ReadAction","target":["https:\/\/clubs.misterugby.com\/ubm94-rugbys\/produit\/sweat-capuche-femme-marine-modele-contrast\/"]}]},{"@type":"ImageObject","inLanguage":"fr-FR","@id":"https:\/\/clubs.misterugby.com\/ubm94-rugbys\/produit\/sweat-capuche-femme-marine-modele-contrast\/#primaryimage","url":"https:\/\/clubs.misterugby.com\/ubm94-rugbys\/wp-content\/uploads\/sites\/45\/2020\/01\/Sans-titre-46.jpg","contentUrl":"https:\/\/clubs.misterugby.com\/ubm94-rugbys\/wp-content\/uploads\/sites\/45\/2020\/01\/Sans-titre-46.jpg","width":1000,"height":1057},{"@type":"BreadcrumbList","@id":"https:\/\/clubs.misterugby.com\/ubm94-rugbys\/produit\/sweat-capuche-femme-marine-modele-contrast\/#breadcrumb","itemListElement":[{"@type":"ListItem","position":1,"name":"Accueil","item":"https:\/\/clubs.misterugby.com\/ubm94-rugbys\/"},{"@type":"ListItem","position":2,"name":"Boutique","item":"https:\/\/clubs.misterugby.com\/ubm94-rugbys\/"},{"@type":"ListItem","position":3,"name":"Sweat capuche Femme Marine &#8211; mod\u00e8le CONTRAST"}]},{"@type":"WebSite","@id":"https:\/\/clubs.misterugby.com\/ubm94-rugbys\/#website","url":"https:\/\/clubs.misterugby.com\/ubm94-rugbys\/","name":"UBM94-rugbys","description":"","publisher":{"@id":"https:\/\/clubs.misterugby.com\/ubm94-rugbys\/#organization"},"potentialAction":[{"@type":"SearchAction","target":{"@type":"EntryPoint","urlTemplate":"https:\/\/clubs.misterugby.com\/ubm94-rugbys\/?s={search_term_string}"},"query-input":{"@type":"PropertyValueSpecification","valueRequired":true,"valueName":"search_term_string"}}],"inLanguage":"fr-FR"},{"@type":"Organization","@id":"https:\/\/clubs.misterugby.com\/ubm94-rugbys\/#organization","name":"UBM94-rugbys","url":"https:\/\/clubs.misterugby.com\/ubm94-rugbys\/","logo":{"@type":"ImageObject","inLanguage":"fr-FR","@id":"https:\/\/clubs.misterugby.com\/ubm94-rugbys\/#\/schema\/logo\/image\/","url":"https:\/\/clubs.misterugby.com\/ubm94-rugbys\/wp-content\/uploads\/sites\/45\/2022\/01\/logo_UBM_OK.png","contentUrl":"https:\/\/clubs.misterugby.com\/ubm94-rugbys\/wp-content\/uploads\/sites\/45\/2022\/01\/logo_UBM_OK.png","width":2014,"height":747,"caption":"UBM94-rugbys"},"image":{"@id":"https:\/\/clubs.misterugby.com\/ubm94-rugbys\/#\/schema\/logo\/image\/"}}]}},"_links":{"self":[{"href":"https:\/\/clubs.misterugby.com\/ubm94-rugbys\/wp-json\/wp\/v2\/product\/4969","targetHints":{"allow":["GET"]}}],"collection":[{"href":"https:\/\/clubs.misterugby.com\/ubm94-rugbys\/wp-json\/wp\/v2\/product"}],"about":[{"href":"https:\/\/clubs.misterugby.com\/ubm94-rugbys\/wp-json\/wp\/v2\/types\/product"}],"wp:featuredmedia":[{"embeddable":true,"href":"https:\/\/clubs.misterugby.com\/ubm94-rugbys\/wp-json\/wp\/v2\/media\/830"}],"wp:attachment":[{"href":"https:\/\/clubs.misterugby.com\/ubm94-rugbys\/wp-json\/wp\/v2\/media?parent=4969"}],"wp:term":[{"taxonomy":"product_brand","embeddable":true,"href":"https:\/\/clubs.misterugby.com\/ubm94-rugbys\/wp-json\/wp\/v2\/product_brand?post=4969"},{"taxonomy":"product_cat","embeddable":true,"href":"https:\/\/clubs.misterugby.com\/ubm94-rugbys\/wp-json\/wp\/v2\/product_cat?post=4969"},{"taxonomy":"product_tag","embeddable":true,"href":"https:\/\/clubs.misterugby.com\/ubm94-rugbys\/wp-json\/wp\/v2\/product_tag?post=4969"}],"curies":[{"name":"wp","href":"https:\/\/api.w.org\/{rel}","templated":true}]}}