{"id":5028,"date":"2022-01-25T16:19:02","date_gmt":"2022-01-25T15:19:02","guid":{"rendered":"https:\/\/clubs.misterugby.com\/ubm94-rugbys\/produit\/coupe-vent-enfant-kappa-marine-modele-wister\/"},"modified":"2026-02-06T21:32:00","modified_gmt":"2026-02-06T20:32:00","slug":"coupe-vent-enfant-kappa-marine-modele-wister","status":"publish","type":"product","link":"https:\/\/clubs.misterugby.com\/ubm94-rugbys\/produit\/coupe-vent-enfant-kappa-marine-modele-wister\/","title":{"rendered":"Coupe vent Enfant Kappa marine &#8211; mod\u00e8le WISTER"},"content":{"rendered":"","protected":false},"excerpt":{"rendered":"<ul>\n<li>100% polyester, imperm\u00e9able<\/li>\n<li>regular fit<\/li>\n<li>imperm\u00e9able<\/li>\n<li>poches zipp\u00e9s<\/li>\n<li>logo club brod\u00e9<\/li>\n<\/ul>\n","protected":false},"featured_media":4266,"template":"","meta":[],"product_brand":[],"product_cat":[128,129,41],"product_tag":[],"class_list":{"0":"post-5028","1":"product","2":"type-product","3":"status-publish","4":"has-post-thumbnail","6":"product_cat-presentation-enfant","7":"product_cat-training-enfant","8":"product_cat-enfant","10":"first","11":"instock","12":"taxable","13":"shipping-taxable","14":"purchasable","15":"product-type-variable"},"yoast_head":"<!-- This site is optimized with the Yoast SEO plugin v26.9 - https:\/\/yoast.com\/product\/yoast-seo-wordpress\/ -->\n<title>Coupe vent Enfant Kappa marine - mod\u00e8le WISTER - UBM94-rugbys<\/title>\n<meta name=\"robots\" content=\"noindex, follow, max-snippet:-1, max-image-preview:large, max-video-preview:-1\" \/>\n<meta property=\"og:locale\" content=\"fr_FR\" \/>\n<meta property=\"og:type\" content=\"article\" \/>\n<meta property=\"og:title\" content=\"Coupe vent Enfant Kappa marine - mod\u00e8le WISTER - UBM94-rugbys\" \/>\n<meta property=\"og:description\" content=\"100% polyester, imperm\u00e9able  regular fit  imperm\u00e9able  poches zipp\u00e9s  logo club brod\u00e9\" \/>\n<meta property=\"og:url\" content=\"https:\/\/clubs.misterugby.com\/ubm94-rugbys\/produit\/coupe-vent-enfant-kappa-marine-modele-wister\/\" \/>\n<meta property=\"og:site_name\" content=\"UBM94-rugbys\" \/>\n<meta property=\"article:modified_time\" content=\"2026-02-06T20:32:00+00:00\" \/>\n<meta property=\"og:image\" content=\"http:\/\/clubs.misterugby.com\/ubm94-rugbys\/wp-content\/uploads\/sites\/45\/2021\/09\/w4.jpg\" \/>\n\t<meta property=\"og:image:width\" content=\"1000\" \/>\n\t<meta property=\"og:image:height\" content=\"1000\" \/>\n\t<meta property=\"og:image:type\" content=\"image\/jpeg\" \/>\n<meta name=\"twitter:card\" content=\"summary_large_image\" \/>\n<script type=\"application\/ld+json\" class=\"yoast-schema-graph\">{\"@context\":\"https:\/\/schema.org\",\"@graph\":[{\"@type\":\"WebPage\",\"@id\":\"https:\/\/clubs.misterugby.com\/ubm94-rugbys\/produit\/coupe-vent-enfant-kappa-marine-modele-wister\/\",\"url\":\"https:\/\/clubs.misterugby.com\/ubm94-rugbys\/produit\/coupe-vent-enfant-kappa-marine-modele-wister\/\",\"name\":\"Coupe vent Enfant Kappa marine - mod\u00e8le WISTER - UBM94-rugbys\",\"isPartOf\":{\"@id\":\"https:\/\/clubs.misterugby.com\/ubm94-rugbys\/#website\"},\"primaryImageOfPage\":{\"@id\":\"https:\/\/clubs.misterugby.com\/ubm94-rugbys\/produit\/coupe-vent-enfant-kappa-marine-modele-wister\/#primaryimage\"},\"image\":{\"@id\":\"https:\/\/clubs.misterugby.com\/ubm94-rugbys\/produit\/coupe-vent-enfant-kappa-marine-modele-wister\/#primaryimage\"},\"thumbnailUrl\":\"https:\/\/clubs.misterugby.com\/ubm94-rugbys\/wp-content\/uploads\/sites\/45\/2021\/09\/w4.jpg\",\"datePublished\":\"2022-01-25T15:19:02+00:00\",\"dateModified\":\"2026-02-06T20:32:00+00:00\",\"breadcrumb\":{\"@id\":\"https:\/\/clubs.misterugby.com\/ubm94-rugbys\/produit\/coupe-vent-enfant-kappa-marine-modele-wister\/#breadcrumb\"},\"inLanguage\":\"fr-FR\",\"potentialAction\":[{\"@type\":\"ReadAction\",\"target\":[\"https:\/\/clubs.misterugby.com\/ubm94-rugbys\/produit\/coupe-vent-enfant-kappa-marine-modele-wister\/\"]}]},{\"@type\":\"ImageObject\",\"inLanguage\":\"fr-FR\",\"@id\":\"https:\/\/clubs.misterugby.com\/ubm94-rugbys\/produit\/coupe-vent-enfant-kappa-marine-modele-wister\/#primaryimage\",\"url\":\"https:\/\/clubs.misterugby.com\/ubm94-rugbys\/wp-content\/uploads\/sites\/45\/2021\/09\/w4.jpg\",\"contentUrl\":\"https:\/\/clubs.misterugby.com\/ubm94-rugbys\/wp-content\/uploads\/sites\/45\/2021\/09\/w4.jpg\",\"width\":1000,\"height\":1000},{\"@type\":\"BreadcrumbList\",\"@id\":\"https:\/\/clubs.misterugby.com\/ubm94-rugbys\/produit\/coupe-vent-enfant-kappa-marine-modele-wister\/#breadcrumb\",\"itemListElement\":[{\"@type\":\"ListItem\",\"position\":1,\"name\":\"Accueil\",\"item\":\"https:\/\/clubs.misterugby.com\/ubm94-rugbys\/\"},{\"@type\":\"ListItem\",\"position\":2,\"name\":\"Boutique\",\"item\":\"https:\/\/clubs.misterugby.com\/ubm94-rugbys\/\"},{\"@type\":\"ListItem\",\"position\":3,\"name\":\"Coupe vent Enfant Kappa marine &#8211; mod\u00e8le WISTER\"}]},{\"@type\":\"WebSite\",\"@id\":\"https:\/\/clubs.misterugby.com\/ubm94-rugbys\/#website\",\"url\":\"https:\/\/clubs.misterugby.com\/ubm94-rugbys\/\",\"name\":\"UBM94-rugbys\",\"description\":\"\",\"publisher\":{\"@id\":\"https:\/\/clubs.misterugby.com\/ubm94-rugbys\/#organization\"},\"potentialAction\":[{\"@type\":\"SearchAction\",\"target\":{\"@type\":\"EntryPoint\",\"urlTemplate\":\"https:\/\/clubs.misterugby.com\/ubm94-rugbys\/?s={search_term_string}\"},\"query-input\":{\"@type\":\"PropertyValueSpecification\",\"valueRequired\":true,\"valueName\":\"search_term_string\"}}],\"inLanguage\":\"fr-FR\"},{\"@type\":\"Organization\",\"@id\":\"https:\/\/clubs.misterugby.com\/ubm94-rugbys\/#organization\",\"name\":\"UBM94-rugbys\",\"url\":\"https:\/\/clubs.misterugby.com\/ubm94-rugbys\/\",\"logo\":{\"@type\":\"ImageObject\",\"inLanguage\":\"fr-FR\",\"@id\":\"https:\/\/clubs.misterugby.com\/ubm94-rugbys\/#\/schema\/logo\/image\/\",\"url\":\"https:\/\/clubs.misterugby.com\/ubm94-rugbys\/wp-content\/uploads\/sites\/45\/2022\/01\/logo_UBM_OK.png\",\"contentUrl\":\"https:\/\/clubs.misterugby.com\/ubm94-rugbys\/wp-content\/uploads\/sites\/45\/2022\/01\/logo_UBM_OK.png\",\"width\":2014,\"height\":747,\"caption\":\"UBM94-rugbys\"},\"image\":{\"@id\":\"https:\/\/clubs.misterugby.com\/ubm94-rugbys\/#\/schema\/logo\/image\/\"}}]}<\/script>\n<!-- \/ Yoast SEO plugin. -->","yoast_head_json":{"title":"Coupe vent Enfant Kappa marine - mod\u00e8le WISTER - UBM94-rugbys","robots":{"index":"noindex","follow":"follow","max-snippet":"max-snippet:-1","max-image-preview":"max-image-preview:large","max-video-preview":"max-video-preview:-1"},"og_locale":"fr_FR","og_type":"article","og_title":"Coupe vent Enfant Kappa marine - mod\u00e8le WISTER - UBM94-rugbys","og_description":"100% polyester, imperm\u00e9able  regular fit  imperm\u00e9able  poches zipp\u00e9s  logo club brod\u00e9","og_url":"https:\/\/clubs.misterugby.com\/ubm94-rugbys\/produit\/coupe-vent-enfant-kappa-marine-modele-wister\/","og_site_name":"UBM94-rugbys","article_modified_time":"2026-02-06T20:32:00+00:00","og_image":[{"width":1000,"height":1000,"url":"http:\/\/clubs.misterugby.com\/ubm94-rugbys\/wp-content\/uploads\/sites\/45\/2021\/09\/w4.jpg","type":"image\/jpeg"}],"twitter_card":"summary_large_image","schema":{"@context":"https:\/\/schema.org","@graph":[{"@type":"WebPage","@id":"https:\/\/clubs.misterugby.com\/ubm94-rugbys\/produit\/coupe-vent-enfant-kappa-marine-modele-wister\/","url":"https:\/\/clubs.misterugby.com\/ubm94-rugbys\/produit\/coupe-vent-enfant-kappa-marine-modele-wister\/","name":"Coupe vent Enfant Kappa marine - mod\u00e8le WISTER - UBM94-rugbys","isPartOf":{"@id":"https:\/\/clubs.misterugby.com\/ubm94-rugbys\/#website"},"primaryImageOfPage":{"@id":"https:\/\/clubs.misterugby.com\/ubm94-rugbys\/produit\/coupe-vent-enfant-kappa-marine-modele-wister\/#primaryimage"},"image":{"@id":"https:\/\/clubs.misterugby.com\/ubm94-rugbys\/produit\/coupe-vent-enfant-kappa-marine-modele-wister\/#primaryimage"},"thumbnailUrl":"https:\/\/clubs.misterugby.com\/ubm94-rugbys\/wp-content\/uploads\/sites\/45\/2021\/09\/w4.jpg","datePublished":"2022-01-25T15:19:02+00:00","dateModified":"2026-02-06T20:32:00+00:00","breadcrumb":{"@id":"https:\/\/clubs.misterugby.com\/ubm94-rugbys\/produit\/coupe-vent-enfant-kappa-marine-modele-wister\/#breadcrumb"},"inLanguage":"fr-FR","potentialAction":[{"@type":"ReadAction","target":["https:\/\/clubs.misterugby.com\/ubm94-rugbys\/produit\/coupe-vent-enfant-kappa-marine-modele-wister\/"]}]},{"@type":"ImageObject","inLanguage":"fr-FR","@id":"https:\/\/clubs.misterugby.com\/ubm94-rugbys\/produit\/coupe-vent-enfant-kappa-marine-modele-wister\/#primaryimage","url":"https:\/\/clubs.misterugby.com\/ubm94-rugbys\/wp-content\/uploads\/sites\/45\/2021\/09\/w4.jpg","contentUrl":"https:\/\/clubs.misterugby.com\/ubm94-rugbys\/wp-content\/uploads\/sites\/45\/2021\/09\/w4.jpg","width":1000,"height":1000},{"@type":"BreadcrumbList","@id":"https:\/\/clubs.misterugby.com\/ubm94-rugbys\/produit\/coupe-vent-enfant-kappa-marine-modele-wister\/#breadcrumb","itemListElement":[{"@type":"ListItem","position":1,"name":"Accueil","item":"https:\/\/clubs.misterugby.com\/ubm94-rugbys\/"},{"@type":"ListItem","position":2,"name":"Boutique","item":"https:\/\/clubs.misterugby.com\/ubm94-rugbys\/"},{"@type":"ListItem","position":3,"name":"Coupe vent Enfant Kappa marine &#8211; mod\u00e8le WISTER"}]},{"@type":"WebSite","@id":"https:\/\/clubs.misterugby.com\/ubm94-rugbys\/#website","url":"https:\/\/clubs.misterugby.com\/ubm94-rugbys\/","name":"UBM94-rugbys","description":"","publisher":{"@id":"https:\/\/clubs.misterugby.com\/ubm94-rugbys\/#organization"},"potentialAction":[{"@type":"SearchAction","target":{"@type":"EntryPoint","urlTemplate":"https:\/\/clubs.misterugby.com\/ubm94-rugbys\/?s={search_term_string}"},"query-input":{"@type":"PropertyValueSpecification","valueRequired":true,"valueName":"search_term_string"}}],"inLanguage":"fr-FR"},{"@type":"Organization","@id":"https:\/\/clubs.misterugby.com\/ubm94-rugbys\/#organization","name":"UBM94-rugbys","url":"https:\/\/clubs.misterugby.com\/ubm94-rugbys\/","logo":{"@type":"ImageObject","inLanguage":"fr-FR","@id":"https:\/\/clubs.misterugby.com\/ubm94-rugbys\/#\/schema\/logo\/image\/","url":"https:\/\/clubs.misterugby.com\/ubm94-rugbys\/wp-content\/uploads\/sites\/45\/2022\/01\/logo_UBM_OK.png","contentUrl":"https:\/\/clubs.misterugby.com\/ubm94-rugbys\/wp-content\/uploads\/sites\/45\/2022\/01\/logo_UBM_OK.png","width":2014,"height":747,"caption":"UBM94-rugbys"},"image":{"@id":"https:\/\/clubs.misterugby.com\/ubm94-rugbys\/#\/schema\/logo\/image\/"}}]}},"_links":{"self":[{"href":"https:\/\/clubs.misterugby.com\/ubm94-rugbys\/wp-json\/wp\/v2\/product\/5028","targetHints":{"allow":["GET"]}}],"collection":[{"href":"https:\/\/clubs.misterugby.com\/ubm94-rugbys\/wp-json\/wp\/v2\/product"}],"about":[{"href":"https:\/\/clubs.misterugby.com\/ubm94-rugbys\/wp-json\/wp\/v2\/types\/product"}],"wp:featuredmedia":[{"embeddable":true,"href":"https:\/\/clubs.misterugby.com\/ubm94-rugbys\/wp-json\/wp\/v2\/media\/4266"}],"wp:attachment":[{"href":"https:\/\/clubs.misterugby.com\/ubm94-rugbys\/wp-json\/wp\/v2\/media?parent=5028"}],"wp:term":[{"taxonomy":"product_brand","embeddable":true,"href":"https:\/\/clubs.misterugby.com\/ubm94-rugbys\/wp-json\/wp\/v2\/product_brand?post=5028"},{"taxonomy":"product_cat","embeddable":true,"href":"https:\/\/clubs.misterugby.com\/ubm94-rugbys\/wp-json\/wp\/v2\/product_cat?post=5028"},{"taxonomy":"product_tag","embeddable":true,"href":"https:\/\/clubs.misterugby.com\/ubm94-rugbys\/wp-json\/wp\/v2\/product_tag?post=5028"}],"curies":[{"name":"wp","href":"https:\/\/api.w.org\/{rel}","templated":true}]}}