{"id":4419,"date":"2022-01-19T06:43:25","date_gmt":"2022-01-19T05:43:25","guid":{"rendered":"https:\/\/clubs.misterugby.com\/urc78\/produit\/short-training-kappa-homme-noir-modele-passo\/"},"modified":"2026-01-29T16:42:28","modified_gmt":"2026-01-29T15:42:28","slug":"short-training-kappa-homme-noir-modele-passo","status":"publish","type":"product","link":"https:\/\/clubs.misterugby.com\/urc78\/produit\/short-training-kappa-homme-noir-modele-passo\/","title":{"rendered":"Short training Kappa Homme Noir \u2013 mod\u00e8le LUVIOZIP"},"content":{"rendered":"","protected":false},"excerpt":{"rendered":"<ul>\n<li>Poches lat\u00e9rales zipp\u00e9es<\/li>\n<li>coloris noir<\/li>\n<li>100 % polyester tiss\u00e9<\/li>\n<li>logo club en transfert<\/li>\n<\/ul>\n","protected":false},"featured_media":5643,"template":"","meta":[],"product_brand":[],"product_cat":[117,126,39],"product_tag":[],"class_list":{"0":"post-4419","1":"product","2":"type-product","3":"status-publish","4":"has-post-thumbnail","6":"product_cat-presentation","7":"product_cat-training","8":"product_cat-homme","10":"first","11":"instock","12":"taxable","13":"shipping-taxable","14":"purchasable","15":"product-type-variable"},"yoast_head":"<!-- This site is optimized with the Yoast SEO plugin v26.9 - https:\/\/yoast.com\/product\/yoast-seo-wordpress\/ -->\n<title>Short training Kappa Homme Noir \u2013 mod\u00e8le LUVIOZIP - urc78<\/title>\n<meta name=\"robots\" content=\"noindex, follow, max-snippet:-1, max-image-preview:large, max-video-preview:-1\" \/>\n<meta property=\"og:locale\" content=\"fr_FR\" \/>\n<meta property=\"og:type\" content=\"article\" \/>\n<meta property=\"og:title\" content=\"Short training Kappa Homme Noir \u2013 mod\u00e8le LUVIOZIP - urc78\" \/>\n<meta property=\"og:description\" content=\"Poches lat\u00e9rales zipp\u00e9es  coloris noir  100 % polyester tiss\u00e9  logo club en transfert\" \/>\n<meta property=\"og:url\" content=\"https:\/\/clubs.misterugby.com\/urc78\/produit\/short-training-kappa-homme-noir-modele-passo\/\" \/>\n<meta property=\"og:site_name\" content=\"urc78\" \/>\n<meta property=\"article:modified_time\" content=\"2026-01-29T15:42:28+00:00\" \/>\n<meta property=\"og:image\" content=\"https:\/\/clubs.misterugby.com\/urc78\/wp-content\/uploads\/sites\/35\/2022\/01\/lurv.jpg\" \/>\n\t<meta property=\"og:image:width\" content=\"1000\" \/>\n\t<meta property=\"og:image:height\" content=\"1000\" \/>\n\t<meta property=\"og:image:type\" content=\"image\/jpeg\" \/>\n<meta name=\"twitter:card\" content=\"summary_large_image\" \/>\n<meta name=\"twitter:label1\" content=\"Dur\u00e9e de lecture estim\u00e9e\" \/>\n\t<meta name=\"twitter:data1\" content=\"1 minute\" \/>\n<script type=\"application\/ld+json\" class=\"yoast-schema-graph\">{\"@context\":\"https:\/\/schema.org\",\"@graph\":[{\"@type\":\"WebPage\",\"@id\":\"https:\/\/clubs.misterugby.com\/urc78\/produit\/short-training-kappa-homme-noir-modele-passo\/\",\"url\":\"https:\/\/clubs.misterugby.com\/urc78\/produit\/short-training-kappa-homme-noir-modele-passo\/\",\"name\":\"Short training Kappa Homme Noir \u2013 mod\u00e8le LUVIOZIP - urc78\",\"isPartOf\":{\"@id\":\"https:\/\/clubs.misterugby.com\/urc78\/#website\"},\"primaryImageOfPage\":{\"@id\":\"https:\/\/clubs.misterugby.com\/urc78\/produit\/short-training-kappa-homme-noir-modele-passo\/#primaryimage\"},\"image\":{\"@id\":\"https:\/\/clubs.misterugby.com\/urc78\/produit\/short-training-kappa-homme-noir-modele-passo\/#primaryimage\"},\"thumbnailUrl\":\"https:\/\/clubs.misterugby.com\/urc78\/wp-content\/uploads\/sites\/35\/2022\/01\/lurv.jpg\",\"datePublished\":\"2022-01-19T05:43:25+00:00\",\"dateModified\":\"2026-01-29T15:42:28+00:00\",\"breadcrumb\":{\"@id\":\"https:\/\/clubs.misterugby.com\/urc78\/produit\/short-training-kappa-homme-noir-modele-passo\/#breadcrumb\"},\"inLanguage\":\"fr-FR\",\"potentialAction\":[{\"@type\":\"ReadAction\",\"target\":[\"https:\/\/clubs.misterugby.com\/urc78\/produit\/short-training-kappa-homme-noir-modele-passo\/\"]}]},{\"@type\":\"ImageObject\",\"inLanguage\":\"fr-FR\",\"@id\":\"https:\/\/clubs.misterugby.com\/urc78\/produit\/short-training-kappa-homme-noir-modele-passo\/#primaryimage\",\"url\":\"https:\/\/clubs.misterugby.com\/urc78\/wp-content\/uploads\/sites\/35\/2022\/01\/lurv.jpg\",\"contentUrl\":\"https:\/\/clubs.misterugby.com\/urc78\/wp-content\/uploads\/sites\/35\/2022\/01\/lurv.jpg\",\"width\":1000,\"height\":1000},{\"@type\":\"BreadcrumbList\",\"@id\":\"https:\/\/clubs.misterugby.com\/urc78\/produit\/short-training-kappa-homme-noir-modele-passo\/#breadcrumb\",\"itemListElement\":[{\"@type\":\"ListItem\",\"position\":1,\"name\":\"Accueil\",\"item\":\"https:\/\/clubs.misterugby.com\/urc78\/\"},{\"@type\":\"ListItem\",\"position\":2,\"name\":\"Boutique\",\"item\":\"https:\/\/clubs.misterugby.com\/urc78\/\"},{\"@type\":\"ListItem\",\"position\":3,\"name\":\"Short training Kappa Homme Noir \u2013 mod\u00e8le LUVIOZIP\"}]},{\"@type\":\"WebSite\",\"@id\":\"https:\/\/clubs.misterugby.com\/urc78\/#website\",\"url\":\"https:\/\/clubs.misterugby.com\/urc78\/\",\"name\":\"urc78\",\"description\":\"\",\"publisher\":{\"@id\":\"https:\/\/clubs.misterugby.com\/urc78\/#organization\"},\"potentialAction\":[{\"@type\":\"SearchAction\",\"target\":{\"@type\":\"EntryPoint\",\"urlTemplate\":\"https:\/\/clubs.misterugby.com\/urc78\/?s={search_term_string}\"},\"query-input\":{\"@type\":\"PropertyValueSpecification\",\"valueRequired\":true,\"valueName\":\"search_term_string\"}}],\"inLanguage\":\"fr-FR\"},{\"@type\":\"Organization\",\"@id\":\"https:\/\/clubs.misterugby.com\/urc78\/#organization\",\"name\":\"urc78\",\"url\":\"https:\/\/clubs.misterugby.com\/urc78\/\",\"logo\":{\"@type\":\"ImageObject\",\"inLanguage\":\"fr-FR\",\"@id\":\"https:\/\/clubs.misterugby.com\/urc78\/#\/schema\/logo\/image\/\",\"url\":\"https:\/\/clubs.misterugby.com\/urc78\/wp-content\/uploads\/sites\/35\/2022\/01\/LOOG.png\",\"contentUrl\":\"https:\/\/clubs.misterugby.com\/urc78\/wp-content\/uploads\/sites\/35\/2022\/01\/LOOG.png\",\"width\":1000,\"height\":1000,\"caption\":\"urc78\"},\"image\":{\"@id\":\"https:\/\/clubs.misterugby.com\/urc78\/#\/schema\/logo\/image\/\"}}]}<\/script>\n<!-- \/ Yoast SEO plugin. -->","yoast_head_json":{"title":"Short training Kappa Homme Noir \u2013 mod\u00e8le LUVIOZIP - urc78","robots":{"index":"noindex","follow":"follow","max-snippet":"max-snippet:-1","max-image-preview":"max-image-preview:large","max-video-preview":"max-video-preview:-1"},"og_locale":"fr_FR","og_type":"article","og_title":"Short training Kappa Homme Noir \u2013 mod\u00e8le LUVIOZIP - urc78","og_description":"Poches lat\u00e9rales zipp\u00e9es  coloris noir  100 % polyester tiss\u00e9  logo club en transfert","og_url":"https:\/\/clubs.misterugby.com\/urc78\/produit\/short-training-kappa-homme-noir-modele-passo\/","og_site_name":"urc78","article_modified_time":"2026-01-29T15:42:28+00:00","og_image":[{"width":1000,"height":1000,"url":"https:\/\/clubs.misterugby.com\/urc78\/wp-content\/uploads\/sites\/35\/2022\/01\/lurv.jpg","type":"image\/jpeg"}],"twitter_card":"summary_large_image","twitter_misc":{"Dur\u00e9e de lecture estim\u00e9e":"1 minute"},"schema":{"@context":"https:\/\/schema.org","@graph":[{"@type":"WebPage","@id":"https:\/\/clubs.misterugby.com\/urc78\/produit\/short-training-kappa-homme-noir-modele-passo\/","url":"https:\/\/clubs.misterugby.com\/urc78\/produit\/short-training-kappa-homme-noir-modele-passo\/","name":"Short training Kappa Homme Noir \u2013 mod\u00e8le LUVIOZIP - urc78","isPartOf":{"@id":"https:\/\/clubs.misterugby.com\/urc78\/#website"},"primaryImageOfPage":{"@id":"https:\/\/clubs.misterugby.com\/urc78\/produit\/short-training-kappa-homme-noir-modele-passo\/#primaryimage"},"image":{"@id":"https:\/\/clubs.misterugby.com\/urc78\/produit\/short-training-kappa-homme-noir-modele-passo\/#primaryimage"},"thumbnailUrl":"https:\/\/clubs.misterugby.com\/urc78\/wp-content\/uploads\/sites\/35\/2022\/01\/lurv.jpg","datePublished":"2022-01-19T05:43:25+00:00","dateModified":"2026-01-29T15:42:28+00:00","breadcrumb":{"@id":"https:\/\/clubs.misterugby.com\/urc78\/produit\/short-training-kappa-homme-noir-modele-passo\/#breadcrumb"},"inLanguage":"fr-FR","potentialAction":[{"@type":"ReadAction","target":["https:\/\/clubs.misterugby.com\/urc78\/produit\/short-training-kappa-homme-noir-modele-passo\/"]}]},{"@type":"ImageObject","inLanguage":"fr-FR","@id":"https:\/\/clubs.misterugby.com\/urc78\/produit\/short-training-kappa-homme-noir-modele-passo\/#primaryimage","url":"https:\/\/clubs.misterugby.com\/urc78\/wp-content\/uploads\/sites\/35\/2022\/01\/lurv.jpg","contentUrl":"https:\/\/clubs.misterugby.com\/urc78\/wp-content\/uploads\/sites\/35\/2022\/01\/lurv.jpg","width":1000,"height":1000},{"@type":"BreadcrumbList","@id":"https:\/\/clubs.misterugby.com\/urc78\/produit\/short-training-kappa-homme-noir-modele-passo\/#breadcrumb","itemListElement":[{"@type":"ListItem","position":1,"name":"Accueil","item":"https:\/\/clubs.misterugby.com\/urc78\/"},{"@type":"ListItem","position":2,"name":"Boutique","item":"https:\/\/clubs.misterugby.com\/urc78\/"},{"@type":"ListItem","position":3,"name":"Short training Kappa Homme Noir \u2013 mod\u00e8le LUVIOZIP"}]},{"@type":"WebSite","@id":"https:\/\/clubs.misterugby.com\/urc78\/#website","url":"https:\/\/clubs.misterugby.com\/urc78\/","name":"urc78","description":"","publisher":{"@id":"https:\/\/clubs.misterugby.com\/urc78\/#organization"},"potentialAction":[{"@type":"SearchAction","target":{"@type":"EntryPoint","urlTemplate":"https:\/\/clubs.misterugby.com\/urc78\/?s={search_term_string}"},"query-input":{"@type":"PropertyValueSpecification","valueRequired":true,"valueName":"search_term_string"}}],"inLanguage":"fr-FR"},{"@type":"Organization","@id":"https:\/\/clubs.misterugby.com\/urc78\/#organization","name":"urc78","url":"https:\/\/clubs.misterugby.com\/urc78\/","logo":{"@type":"ImageObject","inLanguage":"fr-FR","@id":"https:\/\/clubs.misterugby.com\/urc78\/#\/schema\/logo\/image\/","url":"https:\/\/clubs.misterugby.com\/urc78\/wp-content\/uploads\/sites\/35\/2022\/01\/LOOG.png","contentUrl":"https:\/\/clubs.misterugby.com\/urc78\/wp-content\/uploads\/sites\/35\/2022\/01\/LOOG.png","width":1000,"height":1000,"caption":"urc78"},"image":{"@id":"https:\/\/clubs.misterugby.com\/urc78\/#\/schema\/logo\/image\/"}}]}},"_links":{"self":[{"href":"https:\/\/clubs.misterugby.com\/urc78\/wp-json\/wp\/v2\/product\/4419","targetHints":{"allow":["GET"]}}],"collection":[{"href":"https:\/\/clubs.misterugby.com\/urc78\/wp-json\/wp\/v2\/product"}],"about":[{"href":"https:\/\/clubs.misterugby.com\/urc78\/wp-json\/wp\/v2\/types\/product"}],"wp:featuredmedia":[{"embeddable":true,"href":"https:\/\/clubs.misterugby.com\/urc78\/wp-json\/wp\/v2\/media\/5643"}],"wp:attachment":[{"href":"https:\/\/clubs.misterugby.com\/urc78\/wp-json\/wp\/v2\/media?parent=4419"}],"wp:term":[{"taxonomy":"product_brand","embeddable":true,"href":"https:\/\/clubs.misterugby.com\/urc78\/wp-json\/wp\/v2\/product_brand?post=4419"},{"taxonomy":"product_cat","embeddable":true,"href":"https:\/\/clubs.misterugby.com\/urc78\/wp-json\/wp\/v2\/product_cat?post=4419"},{"taxonomy":"product_tag","embeddable":true,"href":"https:\/\/clubs.misterugby.com\/urc78\/wp-json\/wp\/v2\/product_tag?post=4419"}],"curies":[{"name":"wp","href":"https:\/\/api.w.org\/{rel}","templated":true}]}}