{"id":9203,"date":"2022-01-19T06:42:37","date_gmt":"2022-01-19T05:42:37","guid":{"rendered":"https:\/\/clubs.misterugby.com\/usomc\/produit\/polaire-kappa-homme-marine-modele-carcarella\/"},"modified":"2026-03-30T13:10:19","modified_gmt":"2026-03-30T11:10:19","slug":"polaire-kappa-homme-marine-modele-carcarella","status":"publish","type":"product","link":"https:\/\/clubs.misterugby.com\/usomc\/produit\/polaire-kappa-homme-marine-modele-carcarella\/","title":{"rendered":"Polaire Kappa Homme Marine \u2013 mod\u00e8le VIARELLA"},"content":{"rendered":"","protected":false},"excerpt":{"rendered":"<ul>\n<li>100 % polar polyester<\/li>\n<li>tr\u00e8s chaude<\/li>\n<li>2 poches lat\u00e9rales zipp\u00e9es, 1 poche poitrine zipp\u00e9e<\/li>\n<li>coloris bleu marine<\/li>\n<li>logo brod\u00e9s<\/li>\n<\/ul>\n","protected":false},"featured_media":9367,"template":"","meta":[],"product_brand":[],"product_cat":[114,39],"product_tag":[],"class_list":{"0":"post-9203","1":"product","2":"type-product","3":"status-publish","4":"has-post-thumbnail","6":"product_cat-presentation","7":"product_cat-homme","9":"first","10":"instock","11":"taxable","12":"shipping-taxable","13":"purchasable","14":"product-type-variable"},"yoast_head":"<!-- This site is optimized with the Yoast SEO plugin v26.9 - https:\/\/yoast.com\/product\/yoast-seo-wordpress\/ -->\n<title>Polaire Kappa Homme Marine \u2013 mod\u00e8le VIARELLA - usomc<\/title>\n<meta name=\"robots\" content=\"noindex, follow, max-snippet:-1, max-image-preview:large, max-video-preview:-1\" \/>\n<meta property=\"og:locale\" content=\"fr_FR\" \/>\n<meta property=\"og:type\" content=\"article\" \/>\n<meta property=\"og:title\" content=\"Polaire Kappa Homme Marine \u2013 mod\u00e8le VIARELLA - usomc\" \/>\n<meta property=\"og:description\" content=\"100 % polar polyester  tr\u00e8s chaude  2 poches lat\u00e9rales zipp\u00e9es, 1 poche poitrine zipp\u00e9e  coloris bleu marine  logo brod\u00e9s\" \/>\n<meta property=\"og:url\" content=\"https:\/\/clubs.misterugby.com\/usomc\/produit\/polaire-kappa-homme-marine-modele-carcarella\/\" \/>\n<meta property=\"og:site_name\" content=\"usomc\" \/>\n<meta property=\"article:modified_time\" content=\"2026-03-30T11:10:19+00:00\" \/>\n<meta property=\"og:image\" content=\"http:\/\/clubs.misterugby.com\/usomc\/wp-content\/uploads\/sites\/9\/2024\/08\/us1.jpg\" \/>\n\t<meta property=\"og:image:width\" content=\"1000\" \/>\n\t<meta property=\"og:image:height\" content=\"1000\" \/>\n\t<meta property=\"og:image:type\" content=\"image\/jpeg\" \/>\n<meta name=\"twitter:card\" content=\"summary_large_image\" \/>\n<script type=\"application\/ld+json\" class=\"yoast-schema-graph\">{\"@context\":\"https:\/\/schema.org\",\"@graph\":[{\"@type\":\"WebPage\",\"@id\":\"https:\/\/clubs.misterugby.com\/usomc\/produit\/polaire-kappa-homme-marine-modele-carcarella\/\",\"url\":\"https:\/\/clubs.misterugby.com\/usomc\/produit\/polaire-kappa-homme-marine-modele-carcarella\/\",\"name\":\"Polaire Kappa Homme Marine \u2013 mod\u00e8le VIARELLA - usomc\",\"isPartOf\":{\"@id\":\"https:\/\/clubs.misterugby.com\/usomc\/#website\"},\"primaryImageOfPage\":{\"@id\":\"https:\/\/clubs.misterugby.com\/usomc\/produit\/polaire-kappa-homme-marine-modele-carcarella\/#primaryimage\"},\"image\":{\"@id\":\"https:\/\/clubs.misterugby.com\/usomc\/produit\/polaire-kappa-homme-marine-modele-carcarella\/#primaryimage\"},\"thumbnailUrl\":\"https:\/\/clubs.misterugby.com\/usomc\/wp-content\/uploads\/sites\/9\/2024\/08\/us1.jpg\",\"datePublished\":\"2022-01-19T05:42:37+00:00\",\"dateModified\":\"2026-03-30T11:10:19+00:00\",\"breadcrumb\":{\"@id\":\"https:\/\/clubs.misterugby.com\/usomc\/produit\/polaire-kappa-homme-marine-modele-carcarella\/#breadcrumb\"},\"inLanguage\":\"fr-FR\",\"potentialAction\":[{\"@type\":\"ReadAction\",\"target\":[\"https:\/\/clubs.misterugby.com\/usomc\/produit\/polaire-kappa-homme-marine-modele-carcarella\/\"]}]},{\"@type\":\"ImageObject\",\"inLanguage\":\"fr-FR\",\"@id\":\"https:\/\/clubs.misterugby.com\/usomc\/produit\/polaire-kappa-homme-marine-modele-carcarella\/#primaryimage\",\"url\":\"https:\/\/clubs.misterugby.com\/usomc\/wp-content\/uploads\/sites\/9\/2024\/08\/us1.jpg\",\"contentUrl\":\"https:\/\/clubs.misterugby.com\/usomc\/wp-content\/uploads\/sites\/9\/2024\/08\/us1.jpg\",\"width\":1000,\"height\":1000},{\"@type\":\"BreadcrumbList\",\"@id\":\"https:\/\/clubs.misterugby.com\/usomc\/produit\/polaire-kappa-homme-marine-modele-carcarella\/#breadcrumb\",\"itemListElement\":[{\"@type\":\"ListItem\",\"position\":1,\"name\":\"Accueil\",\"item\":\"https:\/\/clubs.misterugby.com\/usomc\/\"},{\"@type\":\"ListItem\",\"position\":2,\"name\":\"Boutique\",\"item\":\"https:\/\/clubs.misterugby.com\/usomc\/\"},{\"@type\":\"ListItem\",\"position\":3,\"name\":\"Polaire Kappa Homme Marine \u2013 mod\u00e8le VIARELLA\"}]},{\"@type\":\"WebSite\",\"@id\":\"https:\/\/clubs.misterugby.com\/usomc\/#website\",\"url\":\"https:\/\/clubs.misterugby.com\/usomc\/\",\"name\":\"usomc\",\"description\":\"\",\"publisher\":{\"@id\":\"https:\/\/clubs.misterugby.com\/usomc\/#organization\"},\"potentialAction\":[{\"@type\":\"SearchAction\",\"target\":{\"@type\":\"EntryPoint\",\"urlTemplate\":\"https:\/\/clubs.misterugby.com\/usomc\/?s={search_term_string}\"},\"query-input\":{\"@type\":\"PropertyValueSpecification\",\"valueRequired\":true,\"valueName\":\"search_term_string\"}}],\"inLanguage\":\"fr-FR\"},{\"@type\":\"Organization\",\"@id\":\"https:\/\/clubs.misterugby.com\/usomc\/#organization\",\"name\":\"usomc\",\"url\":\"https:\/\/clubs.misterugby.com\/usomc\/\",\"logo\":{\"@type\":\"ImageObject\",\"inLanguage\":\"fr-FR\",\"@id\":\"https:\/\/clubs.misterugby.com\/usomc\/#\/schema\/logo\/image\/\",\"url\":\"https:\/\/clubs.misterugby.com\/usomc\/wp-content\/uploads\/sites\/9\/2022\/09\/cropped-Sans-titre-1.png\",\"contentUrl\":\"https:\/\/clubs.misterugby.com\/usomc\/wp-content\/uploads\/sites\/9\/2022\/09\/cropped-Sans-titre-1.png\",\"width\":4080,\"height\":1321,\"caption\":\"usomc\"},\"image\":{\"@id\":\"https:\/\/clubs.misterugby.com\/usomc\/#\/schema\/logo\/image\/\"}}]}<\/script>\n<!-- \/ Yoast SEO plugin. -->","yoast_head_json":{"title":"Polaire Kappa Homme Marine \u2013 mod\u00e8le VIARELLA - usomc","robots":{"index":"noindex","follow":"follow","max-snippet":"max-snippet:-1","max-image-preview":"max-image-preview:large","max-video-preview":"max-video-preview:-1"},"og_locale":"fr_FR","og_type":"article","og_title":"Polaire Kappa Homme Marine \u2013 mod\u00e8le VIARELLA - usomc","og_description":"100 % polar polyester  tr\u00e8s chaude  2 poches lat\u00e9rales zipp\u00e9es, 1 poche poitrine zipp\u00e9e  coloris bleu marine  logo brod\u00e9s","og_url":"https:\/\/clubs.misterugby.com\/usomc\/produit\/polaire-kappa-homme-marine-modele-carcarella\/","og_site_name":"usomc","article_modified_time":"2026-03-30T11:10:19+00:00","og_image":[{"width":1000,"height":1000,"url":"http:\/\/clubs.misterugby.com\/usomc\/wp-content\/uploads\/sites\/9\/2024\/08\/us1.jpg","type":"image\/jpeg"}],"twitter_card":"summary_large_image","schema":{"@context":"https:\/\/schema.org","@graph":[{"@type":"WebPage","@id":"https:\/\/clubs.misterugby.com\/usomc\/produit\/polaire-kappa-homme-marine-modele-carcarella\/","url":"https:\/\/clubs.misterugby.com\/usomc\/produit\/polaire-kappa-homme-marine-modele-carcarella\/","name":"Polaire Kappa Homme Marine \u2013 mod\u00e8le VIARELLA - usomc","isPartOf":{"@id":"https:\/\/clubs.misterugby.com\/usomc\/#website"},"primaryImageOfPage":{"@id":"https:\/\/clubs.misterugby.com\/usomc\/produit\/polaire-kappa-homme-marine-modele-carcarella\/#primaryimage"},"image":{"@id":"https:\/\/clubs.misterugby.com\/usomc\/produit\/polaire-kappa-homme-marine-modele-carcarella\/#primaryimage"},"thumbnailUrl":"https:\/\/clubs.misterugby.com\/usomc\/wp-content\/uploads\/sites\/9\/2024\/08\/us1.jpg","datePublished":"2022-01-19T05:42:37+00:00","dateModified":"2026-03-30T11:10:19+00:00","breadcrumb":{"@id":"https:\/\/clubs.misterugby.com\/usomc\/produit\/polaire-kappa-homme-marine-modele-carcarella\/#breadcrumb"},"inLanguage":"fr-FR","potentialAction":[{"@type":"ReadAction","target":["https:\/\/clubs.misterugby.com\/usomc\/produit\/polaire-kappa-homme-marine-modele-carcarella\/"]}]},{"@type":"ImageObject","inLanguage":"fr-FR","@id":"https:\/\/clubs.misterugby.com\/usomc\/produit\/polaire-kappa-homme-marine-modele-carcarella\/#primaryimage","url":"https:\/\/clubs.misterugby.com\/usomc\/wp-content\/uploads\/sites\/9\/2024\/08\/us1.jpg","contentUrl":"https:\/\/clubs.misterugby.com\/usomc\/wp-content\/uploads\/sites\/9\/2024\/08\/us1.jpg","width":1000,"height":1000},{"@type":"BreadcrumbList","@id":"https:\/\/clubs.misterugby.com\/usomc\/produit\/polaire-kappa-homme-marine-modele-carcarella\/#breadcrumb","itemListElement":[{"@type":"ListItem","position":1,"name":"Accueil","item":"https:\/\/clubs.misterugby.com\/usomc\/"},{"@type":"ListItem","position":2,"name":"Boutique","item":"https:\/\/clubs.misterugby.com\/usomc\/"},{"@type":"ListItem","position":3,"name":"Polaire Kappa Homme Marine \u2013 mod\u00e8le VIARELLA"}]},{"@type":"WebSite","@id":"https:\/\/clubs.misterugby.com\/usomc\/#website","url":"https:\/\/clubs.misterugby.com\/usomc\/","name":"usomc","description":"","publisher":{"@id":"https:\/\/clubs.misterugby.com\/usomc\/#organization"},"potentialAction":[{"@type":"SearchAction","target":{"@type":"EntryPoint","urlTemplate":"https:\/\/clubs.misterugby.com\/usomc\/?s={search_term_string}"},"query-input":{"@type":"PropertyValueSpecification","valueRequired":true,"valueName":"search_term_string"}}],"inLanguage":"fr-FR"},{"@type":"Organization","@id":"https:\/\/clubs.misterugby.com\/usomc\/#organization","name":"usomc","url":"https:\/\/clubs.misterugby.com\/usomc\/","logo":{"@type":"ImageObject","inLanguage":"fr-FR","@id":"https:\/\/clubs.misterugby.com\/usomc\/#\/schema\/logo\/image\/","url":"https:\/\/clubs.misterugby.com\/usomc\/wp-content\/uploads\/sites\/9\/2022\/09\/cropped-Sans-titre-1.png","contentUrl":"https:\/\/clubs.misterugby.com\/usomc\/wp-content\/uploads\/sites\/9\/2022\/09\/cropped-Sans-titre-1.png","width":4080,"height":1321,"caption":"usomc"},"image":{"@id":"https:\/\/clubs.misterugby.com\/usomc\/#\/schema\/logo\/image\/"}}]}},"_links":{"self":[{"href":"https:\/\/clubs.misterugby.com\/usomc\/wp-json\/wp\/v2\/product\/9203","targetHints":{"allow":["GET"]}}],"collection":[{"href":"https:\/\/clubs.misterugby.com\/usomc\/wp-json\/wp\/v2\/product"}],"about":[{"href":"https:\/\/clubs.misterugby.com\/usomc\/wp-json\/wp\/v2\/types\/product"}],"wp:featuredmedia":[{"embeddable":true,"href":"https:\/\/clubs.misterugby.com\/usomc\/wp-json\/wp\/v2\/media\/9367"}],"wp:attachment":[{"href":"https:\/\/clubs.misterugby.com\/usomc\/wp-json\/wp\/v2\/media?parent=9203"}],"wp:term":[{"taxonomy":"product_brand","embeddable":true,"href":"https:\/\/clubs.misterugby.com\/usomc\/wp-json\/wp\/v2\/product_brand?post=9203"},{"taxonomy":"product_cat","embeddable":true,"href":"https:\/\/clubs.misterugby.com\/usomc\/wp-json\/wp\/v2\/product_cat?post=9203"},{"taxonomy":"product_tag","embeddable":true,"href":"https:\/\/clubs.misterugby.com\/usomc\/wp-json\/wp\/v2\/product_tag?post=9203"}],"curies":[{"name":"wp","href":"https:\/\/api.w.org\/{rel}","templated":true}]}}