{"id":9369,"date":"2022-01-19T06:42:17","date_gmt":"2022-01-19T05:42:17","guid":{"rendered":"https:\/\/clubs.misterugby.com\/usomc\/produit\/veste-capuche-zippee-kappa-homme-rouge-modele-tortona\/"},"modified":"2025-12-31T10:50:04","modified_gmt":"2025-12-31T09:50:04","slug":"veste-capuche-zippee-kappa-homme-rouge-modele-tortona","status":"publish","type":"product","link":"https:\/\/clubs.misterugby.com\/usomc\/produit\/veste-capuche-zippee-kappa-homme-rouge-modele-tortona\/","title":{"rendered":"Veste capuche zipp\u00e9e KAPPA Homme Rouge \u2013 mod\u00e8le GREVOLO"},"content":{"rendered":"","protected":false},"excerpt":{"rendered":"<div class=\"woocommerce-product-details__short-description\">\n<ul>\n<li>100% polyester<\/li>\n<li>full zip<\/li>\n<li>2 poches lat\u00e9rales zipp\u00e9es<\/li>\n<li>touch\u00e9 ultra doux<\/li>\n<li>coloris noir et gris<\/li>\n<li>logo en transfert<\/li>\n<\/ul>\n<\/div>\n","protected":false},"featured_media":9396,"template":"","meta":[],"product_brand":[],"product_cat":[114,117,39],"product_tag":[],"class_list":{"0":"post-9369","1":"product","2":"type-product","3":"status-publish","4":"has-post-thumbnail","6":"product_cat-presentation","7":"product_cat-training","8":"product_cat-homme","10":"first","11":"instock","12":"taxable","13":"shipping-taxable","14":"purchasable","15":"product-type-variable"},"yoast_head":"<!-- This site is optimized with the Yoast SEO plugin v26.9 - https:\/\/yoast.com\/product\/yoast-seo-wordpress\/ -->\n<title>Veste capuche zipp\u00e9e KAPPA Homme Rouge \u2013 mod\u00e8le GREVOLO - usomc<\/title>\n<meta name=\"robots\" content=\"noindex, follow, max-snippet:-1, max-image-preview:large, max-video-preview:-1\" \/>\n<meta property=\"og:locale\" content=\"fr_FR\" \/>\n<meta property=\"og:type\" content=\"article\" \/>\n<meta property=\"og:title\" content=\"Veste capuche zipp\u00e9e KAPPA Homme Rouge \u2013 mod\u00e8le GREVOLO - usomc\" \/>\n<meta property=\"og:description\" content=\"100% polyester  full zip  2 poches lat\u00e9rales zipp\u00e9es  touch\u00e9 ultra doux  coloris noir et gris  logo en transfert\" \/>\n<meta property=\"og:url\" content=\"https:\/\/clubs.misterugby.com\/usomc\/produit\/veste-capuche-zippee-kappa-homme-rouge-modele-tortona\/\" \/>\n<meta property=\"og:site_name\" content=\"usomc\" \/>\n<meta property=\"article:modified_time\" content=\"2025-12-31T09:50:04+00:00\" \/>\n<meta property=\"og:image\" content=\"https:\/\/clubs.misterugby.com\/usomc\/wp-content\/uploads\/sites\/9\/2024\/08\/qae.jpg\" \/>\n\t<meta property=\"og:image:width\" content=\"1000\" \/>\n\t<meta property=\"og:image:height\" content=\"1000\" \/>\n\t<meta property=\"og:image:type\" content=\"image\/jpeg\" \/>\n<meta name=\"twitter:card\" content=\"summary_large_image\" \/>\n<script type=\"application\/ld+json\" class=\"yoast-schema-graph\">{\"@context\":\"https:\/\/schema.org\",\"@graph\":[{\"@type\":\"WebPage\",\"@id\":\"https:\/\/clubs.misterugby.com\/usomc\/produit\/veste-capuche-zippee-kappa-homme-rouge-modele-tortona\/\",\"url\":\"https:\/\/clubs.misterugby.com\/usomc\/produit\/veste-capuche-zippee-kappa-homme-rouge-modele-tortona\/\",\"name\":\"Veste capuche zipp\u00e9e KAPPA Homme Rouge \u2013 mod\u00e8le GREVOLO - usomc\",\"isPartOf\":{\"@id\":\"https:\/\/clubs.misterugby.com\/usomc\/#website\"},\"primaryImageOfPage\":{\"@id\":\"https:\/\/clubs.misterugby.com\/usomc\/produit\/veste-capuche-zippee-kappa-homme-rouge-modele-tortona\/#primaryimage\"},\"image\":{\"@id\":\"https:\/\/clubs.misterugby.com\/usomc\/produit\/veste-capuche-zippee-kappa-homme-rouge-modele-tortona\/#primaryimage\"},\"thumbnailUrl\":\"https:\/\/clubs.misterugby.com\/usomc\/wp-content\/uploads\/sites\/9\/2024\/08\/qae.jpg\",\"datePublished\":\"2022-01-19T05:42:17+00:00\",\"dateModified\":\"2025-12-31T09:50:04+00:00\",\"breadcrumb\":{\"@id\":\"https:\/\/clubs.misterugby.com\/usomc\/produit\/veste-capuche-zippee-kappa-homme-rouge-modele-tortona\/#breadcrumb\"},\"inLanguage\":\"fr-FR\",\"potentialAction\":[{\"@type\":\"ReadAction\",\"target\":[\"https:\/\/clubs.misterugby.com\/usomc\/produit\/veste-capuche-zippee-kappa-homme-rouge-modele-tortona\/\"]}]},{\"@type\":\"ImageObject\",\"inLanguage\":\"fr-FR\",\"@id\":\"https:\/\/clubs.misterugby.com\/usomc\/produit\/veste-capuche-zippee-kappa-homme-rouge-modele-tortona\/#primaryimage\",\"url\":\"https:\/\/clubs.misterugby.com\/usomc\/wp-content\/uploads\/sites\/9\/2024\/08\/qae.jpg\",\"contentUrl\":\"https:\/\/clubs.misterugby.com\/usomc\/wp-content\/uploads\/sites\/9\/2024\/08\/qae.jpg\",\"width\":1000,\"height\":1000},{\"@type\":\"BreadcrumbList\",\"@id\":\"https:\/\/clubs.misterugby.com\/usomc\/produit\/veste-capuche-zippee-kappa-homme-rouge-modele-tortona\/#breadcrumb\",\"itemListElement\":[{\"@type\":\"ListItem\",\"position\":1,\"name\":\"Accueil\",\"item\":\"https:\/\/clubs.misterugby.com\/usomc\/\"},{\"@type\":\"ListItem\",\"position\":2,\"name\":\"Boutique\",\"item\":\"https:\/\/clubs.misterugby.com\/usomc\/\"},{\"@type\":\"ListItem\",\"position\":3,\"name\":\"Veste capuche zipp\u00e9e KAPPA Homme Rouge \u2013 mod\u00e8le GREVOLO\"}]},{\"@type\":\"WebSite\",\"@id\":\"https:\/\/clubs.misterugby.com\/usomc\/#website\",\"url\":\"https:\/\/clubs.misterugby.com\/usomc\/\",\"name\":\"usomc\",\"description\":\"\",\"publisher\":{\"@id\":\"https:\/\/clubs.misterugby.com\/usomc\/#organization\"},\"potentialAction\":[{\"@type\":\"SearchAction\",\"target\":{\"@type\":\"EntryPoint\",\"urlTemplate\":\"https:\/\/clubs.misterugby.com\/usomc\/?s={search_term_string}\"},\"query-input\":{\"@type\":\"PropertyValueSpecification\",\"valueRequired\":true,\"valueName\":\"search_term_string\"}}],\"inLanguage\":\"fr-FR\"},{\"@type\":\"Organization\",\"@id\":\"https:\/\/clubs.misterugby.com\/usomc\/#organization\",\"name\":\"usomc\",\"url\":\"https:\/\/clubs.misterugby.com\/usomc\/\",\"logo\":{\"@type\":\"ImageObject\",\"inLanguage\":\"fr-FR\",\"@id\":\"https:\/\/clubs.misterugby.com\/usomc\/#\/schema\/logo\/image\/\",\"url\":\"https:\/\/clubs.misterugby.com\/usomc\/wp-content\/uploads\/sites\/9\/2022\/09\/cropped-Sans-titre-1.png\",\"contentUrl\":\"https:\/\/clubs.misterugby.com\/usomc\/wp-content\/uploads\/sites\/9\/2022\/09\/cropped-Sans-titre-1.png\",\"width\":4080,\"height\":1321,\"caption\":\"usomc\"},\"image\":{\"@id\":\"https:\/\/clubs.misterugby.com\/usomc\/#\/schema\/logo\/image\/\"}}]}<\/script>\n<!-- \/ Yoast SEO plugin. -->","yoast_head_json":{"title":"Veste capuche zipp\u00e9e KAPPA Homme Rouge \u2013 mod\u00e8le GREVOLO - usomc","robots":{"index":"noindex","follow":"follow","max-snippet":"max-snippet:-1","max-image-preview":"max-image-preview:large","max-video-preview":"max-video-preview:-1"},"og_locale":"fr_FR","og_type":"article","og_title":"Veste capuche zipp\u00e9e KAPPA Homme Rouge \u2013 mod\u00e8le GREVOLO - usomc","og_description":"100% polyester  full zip  2 poches lat\u00e9rales zipp\u00e9es  touch\u00e9 ultra doux  coloris noir et gris  logo en transfert","og_url":"https:\/\/clubs.misterugby.com\/usomc\/produit\/veste-capuche-zippee-kappa-homme-rouge-modele-tortona\/","og_site_name":"usomc","article_modified_time":"2025-12-31T09:50:04+00:00","og_image":[{"width":1000,"height":1000,"url":"https:\/\/clubs.misterugby.com\/usomc\/wp-content\/uploads\/sites\/9\/2024\/08\/qae.jpg","type":"image\/jpeg"}],"twitter_card":"summary_large_image","schema":{"@context":"https:\/\/schema.org","@graph":[{"@type":"WebPage","@id":"https:\/\/clubs.misterugby.com\/usomc\/produit\/veste-capuche-zippee-kappa-homme-rouge-modele-tortona\/","url":"https:\/\/clubs.misterugby.com\/usomc\/produit\/veste-capuche-zippee-kappa-homme-rouge-modele-tortona\/","name":"Veste capuche zipp\u00e9e KAPPA Homme Rouge \u2013 mod\u00e8le GREVOLO - usomc","isPartOf":{"@id":"https:\/\/clubs.misterugby.com\/usomc\/#website"},"primaryImageOfPage":{"@id":"https:\/\/clubs.misterugby.com\/usomc\/produit\/veste-capuche-zippee-kappa-homme-rouge-modele-tortona\/#primaryimage"},"image":{"@id":"https:\/\/clubs.misterugby.com\/usomc\/produit\/veste-capuche-zippee-kappa-homme-rouge-modele-tortona\/#primaryimage"},"thumbnailUrl":"https:\/\/clubs.misterugby.com\/usomc\/wp-content\/uploads\/sites\/9\/2024\/08\/qae.jpg","datePublished":"2022-01-19T05:42:17+00:00","dateModified":"2025-12-31T09:50:04+00:00","breadcrumb":{"@id":"https:\/\/clubs.misterugby.com\/usomc\/produit\/veste-capuche-zippee-kappa-homme-rouge-modele-tortona\/#breadcrumb"},"inLanguage":"fr-FR","potentialAction":[{"@type":"ReadAction","target":["https:\/\/clubs.misterugby.com\/usomc\/produit\/veste-capuche-zippee-kappa-homme-rouge-modele-tortona\/"]}]},{"@type":"ImageObject","inLanguage":"fr-FR","@id":"https:\/\/clubs.misterugby.com\/usomc\/produit\/veste-capuche-zippee-kappa-homme-rouge-modele-tortona\/#primaryimage","url":"https:\/\/clubs.misterugby.com\/usomc\/wp-content\/uploads\/sites\/9\/2024\/08\/qae.jpg","contentUrl":"https:\/\/clubs.misterugby.com\/usomc\/wp-content\/uploads\/sites\/9\/2024\/08\/qae.jpg","width":1000,"height":1000},{"@type":"BreadcrumbList","@id":"https:\/\/clubs.misterugby.com\/usomc\/produit\/veste-capuche-zippee-kappa-homme-rouge-modele-tortona\/#breadcrumb","itemListElement":[{"@type":"ListItem","position":1,"name":"Accueil","item":"https:\/\/clubs.misterugby.com\/usomc\/"},{"@type":"ListItem","position":2,"name":"Boutique","item":"https:\/\/clubs.misterugby.com\/usomc\/"},{"@type":"ListItem","position":3,"name":"Veste capuche zipp\u00e9e KAPPA Homme Rouge \u2013 mod\u00e8le GREVOLO"}]},{"@type":"WebSite","@id":"https:\/\/clubs.misterugby.com\/usomc\/#website","url":"https:\/\/clubs.misterugby.com\/usomc\/","name":"usomc","description":"","publisher":{"@id":"https:\/\/clubs.misterugby.com\/usomc\/#organization"},"potentialAction":[{"@type":"SearchAction","target":{"@type":"EntryPoint","urlTemplate":"https:\/\/clubs.misterugby.com\/usomc\/?s={search_term_string}"},"query-input":{"@type":"PropertyValueSpecification","valueRequired":true,"valueName":"search_term_string"}}],"inLanguage":"fr-FR"},{"@type":"Organization","@id":"https:\/\/clubs.misterugby.com\/usomc\/#organization","name":"usomc","url":"https:\/\/clubs.misterugby.com\/usomc\/","logo":{"@type":"ImageObject","inLanguage":"fr-FR","@id":"https:\/\/clubs.misterugby.com\/usomc\/#\/schema\/logo\/image\/","url":"https:\/\/clubs.misterugby.com\/usomc\/wp-content\/uploads\/sites\/9\/2022\/09\/cropped-Sans-titre-1.png","contentUrl":"https:\/\/clubs.misterugby.com\/usomc\/wp-content\/uploads\/sites\/9\/2022\/09\/cropped-Sans-titre-1.png","width":4080,"height":1321,"caption":"usomc"},"image":{"@id":"https:\/\/clubs.misterugby.com\/usomc\/#\/schema\/logo\/image\/"}}]}},"_links":{"self":[{"href":"https:\/\/clubs.misterugby.com\/usomc\/wp-json\/wp\/v2\/product\/9369","targetHints":{"allow":["GET"]}}],"collection":[{"href":"https:\/\/clubs.misterugby.com\/usomc\/wp-json\/wp\/v2\/product"}],"about":[{"href":"https:\/\/clubs.misterugby.com\/usomc\/wp-json\/wp\/v2\/types\/product"}],"wp:featuredmedia":[{"embeddable":true,"href":"https:\/\/clubs.misterugby.com\/usomc\/wp-json\/wp\/v2\/media\/9396"}],"wp:attachment":[{"href":"https:\/\/clubs.misterugby.com\/usomc\/wp-json\/wp\/v2\/media?parent=9369"}],"wp:term":[{"taxonomy":"product_brand","embeddable":true,"href":"https:\/\/clubs.misterugby.com\/usomc\/wp-json\/wp\/v2\/product_brand?post=9369"},{"taxonomy":"product_cat","embeddable":true,"href":"https:\/\/clubs.misterugby.com\/usomc\/wp-json\/wp\/v2\/product_cat?post=9369"},{"taxonomy":"product_tag","embeddable":true,"href":"https:\/\/clubs.misterugby.com\/usomc\/wp-json\/wp\/v2\/product_tag?post=9369"}],"curies":[{"name":"wp","href":"https:\/\/api.w.org\/{rel}","templated":true}]}}