{"id":9664,"date":"2022-01-19T06:43:00","date_gmt":"2022-01-19T05:43:00","guid":{"rendered":"https:\/\/clubs.misterugby.com\/usomc\/produit\/haut-training-kappa-1-4-zip-homme-marine-modele-novare\/"},"modified":"2026-02-28T11:01:32","modified_gmt":"2026-02-28T10:01:32","slug":"haut-training-kappa-1-4-zip-homme-marine-modele-novare","status":"publish","type":"product","link":"https:\/\/clubs.misterugby.com\/usomc\/produit\/haut-training-kappa-1-4-zip-homme-marine-modele-novare\/","title":{"rendered":"Haut training Kappa 1\/4 zip Homme Marine \u2013 mod\u00e8le LOVATO"},"content":{"rendered":"","protected":false},"excerpt":{"rendered":"<ul>\n<li>Sweat d\u2019entra\u00eenement 1\/4 zip, tissu \u00e9pais<\/li>\n<li>100% polyester recycl\u00e9<\/li>\n<li>Empi\u00e8cement coup\u00e9\/cousu contrast\u00e9.<\/li>\n<li>Finitions bas de manches en bord cotes<\/li>\n<li>coloris marine<\/li>\n<li>logo club\u00a0 en transfert<\/li>\n<\/ul>\n","protected":false},"featured_media":9672,"template":"","meta":[],"product_brand":[],"product_cat":[117,39],"product_tag":[],"class_list":{"0":"post-9664","1":"product","2":"type-product","3":"status-publish","4":"has-post-thumbnail","6":"product_cat-training","7":"product_cat-homme","9":"first","10":"instock","11":"taxable","12":"shipping-taxable","13":"product-type-variable"},"yoast_head":"<!-- This site is optimized with the Yoast SEO plugin v26.9 - https:\/\/yoast.com\/product\/yoast-seo-wordpress\/ -->\n<title>Haut training Kappa 1\/4 zip Homme Marine \u2013 mod\u00e8le LOVATO - usomc<\/title>\n<meta name=\"robots\" content=\"noindex, follow, max-snippet:-1, max-image-preview:large, max-video-preview:-1\" \/>\n<meta property=\"og:locale\" content=\"fr_FR\" \/>\n<meta property=\"og:type\" content=\"article\" \/>\n<meta property=\"og:title\" content=\"Haut training Kappa 1\/4 zip Homme Marine \u2013 mod\u00e8le LOVATO - usomc\" \/>\n<meta property=\"og:description\" content=\"Sweat d\u2019entra\u00eenement 1\/4 zip, tissu \u00e9pais  100% polyester recycl\u00e9  Empi\u00e8cement coup\u00e9\/cousu contrast\u00e9.  Finitions bas de manches en bord cotes  coloris marine  logo club\u00a0 en transfert\" \/>\n<meta property=\"og:url\" content=\"https:\/\/clubs.misterugby.com\/usomc\/produit\/haut-training-kappa-1-4-zip-homme-marine-modele-novare\/\" \/>\n<meta property=\"og:site_name\" content=\"usomc\" \/>\n<meta property=\"article:modified_time\" content=\"2026-02-28T10:01:32+00:00\" \/>\n<meta property=\"og:image\" content=\"http:\/\/clubs.misterugby.com\/usomc\/wp-content\/uploads\/sites\/9\/2022\/01\/lov-massif.jpg\" \/>\n\t<meta property=\"og:image:width\" content=\"1000\" \/>\n\t<meta property=\"og:image:height\" content=\"1000\" \/>\n\t<meta property=\"og:image:type\" content=\"image\/jpeg\" \/>\n<meta name=\"twitter:card\" content=\"summary_large_image\" \/>\n<meta name=\"twitter:label1\" content=\"Dur\u00e9e de lecture estim\u00e9e\" \/>\n\t<meta name=\"twitter:data1\" content=\"1 minute\" \/>\n<script type=\"application\/ld+json\" class=\"yoast-schema-graph\">{\"@context\":\"https:\/\/schema.org\",\"@graph\":[{\"@type\":\"WebPage\",\"@id\":\"https:\/\/clubs.misterugby.com\/usomc\/produit\/haut-training-kappa-1-4-zip-homme-marine-modele-novare\/\",\"url\":\"https:\/\/clubs.misterugby.com\/usomc\/produit\/haut-training-kappa-1-4-zip-homme-marine-modele-novare\/\",\"name\":\"Haut training Kappa 1\/4 zip Homme Marine \u2013 mod\u00e8le LOVATO - usomc\",\"isPartOf\":{\"@id\":\"https:\/\/clubs.misterugby.com\/usomc\/#website\"},\"primaryImageOfPage\":{\"@id\":\"https:\/\/clubs.misterugby.com\/usomc\/produit\/haut-training-kappa-1-4-zip-homme-marine-modele-novare\/#primaryimage\"},\"image\":{\"@id\":\"https:\/\/clubs.misterugby.com\/usomc\/produit\/haut-training-kappa-1-4-zip-homme-marine-modele-novare\/#primaryimage\"},\"thumbnailUrl\":\"https:\/\/clubs.misterugby.com\/usomc\/wp-content\/uploads\/sites\/9\/2022\/01\/lov-massif.jpg\",\"datePublished\":\"2022-01-19T05:43:00+00:00\",\"dateModified\":\"2026-02-28T10:01:32+00:00\",\"breadcrumb\":{\"@id\":\"https:\/\/clubs.misterugby.com\/usomc\/produit\/haut-training-kappa-1-4-zip-homme-marine-modele-novare\/#breadcrumb\"},\"inLanguage\":\"fr-FR\",\"potentialAction\":[{\"@type\":\"ReadAction\",\"target\":[\"https:\/\/clubs.misterugby.com\/usomc\/produit\/haut-training-kappa-1-4-zip-homme-marine-modele-novare\/\"]}]},{\"@type\":\"ImageObject\",\"inLanguage\":\"fr-FR\",\"@id\":\"https:\/\/clubs.misterugby.com\/usomc\/produit\/haut-training-kappa-1-4-zip-homme-marine-modele-novare\/#primaryimage\",\"url\":\"https:\/\/clubs.misterugby.com\/usomc\/wp-content\/uploads\/sites\/9\/2022\/01\/lov-massif.jpg\",\"contentUrl\":\"https:\/\/clubs.misterugby.com\/usomc\/wp-content\/uploads\/sites\/9\/2022\/01\/lov-massif.jpg\",\"width\":1000,\"height\":1000},{\"@type\":\"BreadcrumbList\",\"@id\":\"https:\/\/clubs.misterugby.com\/usomc\/produit\/haut-training-kappa-1-4-zip-homme-marine-modele-novare\/#breadcrumb\",\"itemListElement\":[{\"@type\":\"ListItem\",\"position\":1,\"name\":\"Accueil\",\"item\":\"https:\/\/clubs.misterugby.com\/usomc\/\"},{\"@type\":\"ListItem\",\"position\":2,\"name\":\"Boutique\",\"item\":\"https:\/\/clubs.misterugby.com\/usomc\/\"},{\"@type\":\"ListItem\",\"position\":3,\"name\":\"Haut training Kappa 1\/4 zip Homme Marine \u2013 mod\u00e8le LOVATO\"}]},{\"@type\":\"WebSite\",\"@id\":\"https:\/\/clubs.misterugby.com\/usomc\/#website\",\"url\":\"https:\/\/clubs.misterugby.com\/usomc\/\",\"name\":\"usomc\",\"description\":\"\",\"publisher\":{\"@id\":\"https:\/\/clubs.misterugby.com\/usomc\/#organization\"},\"potentialAction\":[{\"@type\":\"SearchAction\",\"target\":{\"@type\":\"EntryPoint\",\"urlTemplate\":\"https:\/\/clubs.misterugby.com\/usomc\/?s={search_term_string}\"},\"query-input\":{\"@type\":\"PropertyValueSpecification\",\"valueRequired\":true,\"valueName\":\"search_term_string\"}}],\"inLanguage\":\"fr-FR\"},{\"@type\":\"Organization\",\"@id\":\"https:\/\/clubs.misterugby.com\/usomc\/#organization\",\"name\":\"usomc\",\"url\":\"https:\/\/clubs.misterugby.com\/usomc\/\",\"logo\":{\"@type\":\"ImageObject\",\"inLanguage\":\"fr-FR\",\"@id\":\"https:\/\/clubs.misterugby.com\/usomc\/#\/schema\/logo\/image\/\",\"url\":\"https:\/\/clubs.misterugby.com\/usomc\/wp-content\/uploads\/sites\/9\/2022\/09\/cropped-Sans-titre-1.png\",\"contentUrl\":\"https:\/\/clubs.misterugby.com\/usomc\/wp-content\/uploads\/sites\/9\/2022\/09\/cropped-Sans-titre-1.png\",\"width\":4080,\"height\":1321,\"caption\":\"usomc\"},\"image\":{\"@id\":\"https:\/\/clubs.misterugby.com\/usomc\/#\/schema\/logo\/image\/\"}}]}<\/script>\n<!-- \/ Yoast SEO plugin. -->","yoast_head_json":{"title":"Haut training Kappa 1\/4 zip Homme Marine \u2013 mod\u00e8le LOVATO - usomc","robots":{"index":"noindex","follow":"follow","max-snippet":"max-snippet:-1","max-image-preview":"max-image-preview:large","max-video-preview":"max-video-preview:-1"},"og_locale":"fr_FR","og_type":"article","og_title":"Haut training Kappa 1\/4 zip Homme Marine \u2013 mod\u00e8le LOVATO - usomc","og_description":"Sweat d\u2019entra\u00eenement 1\/4 zip, tissu \u00e9pais  100% polyester recycl\u00e9  Empi\u00e8cement coup\u00e9\/cousu contrast\u00e9.  Finitions bas de manches en bord cotes  coloris marine  logo club\u00a0 en transfert","og_url":"https:\/\/clubs.misterugby.com\/usomc\/produit\/haut-training-kappa-1-4-zip-homme-marine-modele-novare\/","og_site_name":"usomc","article_modified_time":"2026-02-28T10:01:32+00:00","og_image":[{"width":1000,"height":1000,"url":"http:\/\/clubs.misterugby.com\/usomc\/wp-content\/uploads\/sites\/9\/2022\/01\/lov-massif.jpg","type":"image\/jpeg"}],"twitter_card":"summary_large_image","twitter_misc":{"Dur\u00e9e de lecture estim\u00e9e":"1 minute"},"schema":{"@context":"https:\/\/schema.org","@graph":[{"@type":"WebPage","@id":"https:\/\/clubs.misterugby.com\/usomc\/produit\/haut-training-kappa-1-4-zip-homme-marine-modele-novare\/","url":"https:\/\/clubs.misterugby.com\/usomc\/produit\/haut-training-kappa-1-4-zip-homme-marine-modele-novare\/","name":"Haut training Kappa 1\/4 zip Homme Marine \u2013 mod\u00e8le LOVATO - usomc","isPartOf":{"@id":"https:\/\/clubs.misterugby.com\/usomc\/#website"},"primaryImageOfPage":{"@id":"https:\/\/clubs.misterugby.com\/usomc\/produit\/haut-training-kappa-1-4-zip-homme-marine-modele-novare\/#primaryimage"},"image":{"@id":"https:\/\/clubs.misterugby.com\/usomc\/produit\/haut-training-kappa-1-4-zip-homme-marine-modele-novare\/#primaryimage"},"thumbnailUrl":"https:\/\/clubs.misterugby.com\/usomc\/wp-content\/uploads\/sites\/9\/2022\/01\/lov-massif.jpg","datePublished":"2022-01-19T05:43:00+00:00","dateModified":"2026-02-28T10:01:32+00:00","breadcrumb":{"@id":"https:\/\/clubs.misterugby.com\/usomc\/produit\/haut-training-kappa-1-4-zip-homme-marine-modele-novare\/#breadcrumb"},"inLanguage":"fr-FR","potentialAction":[{"@type":"ReadAction","target":["https:\/\/clubs.misterugby.com\/usomc\/produit\/haut-training-kappa-1-4-zip-homme-marine-modele-novare\/"]}]},{"@type":"ImageObject","inLanguage":"fr-FR","@id":"https:\/\/clubs.misterugby.com\/usomc\/produit\/haut-training-kappa-1-4-zip-homme-marine-modele-novare\/#primaryimage","url":"https:\/\/clubs.misterugby.com\/usomc\/wp-content\/uploads\/sites\/9\/2022\/01\/lov-massif.jpg","contentUrl":"https:\/\/clubs.misterugby.com\/usomc\/wp-content\/uploads\/sites\/9\/2022\/01\/lov-massif.jpg","width":1000,"height":1000},{"@type":"BreadcrumbList","@id":"https:\/\/clubs.misterugby.com\/usomc\/produit\/haut-training-kappa-1-4-zip-homme-marine-modele-novare\/#breadcrumb","itemListElement":[{"@type":"ListItem","position":1,"name":"Accueil","item":"https:\/\/clubs.misterugby.com\/usomc\/"},{"@type":"ListItem","position":2,"name":"Boutique","item":"https:\/\/clubs.misterugby.com\/usomc\/"},{"@type":"ListItem","position":3,"name":"Haut training Kappa 1\/4 zip Homme Marine \u2013 mod\u00e8le LOVATO"}]},{"@type":"WebSite","@id":"https:\/\/clubs.misterugby.com\/usomc\/#website","url":"https:\/\/clubs.misterugby.com\/usomc\/","name":"usomc","description":"","publisher":{"@id":"https:\/\/clubs.misterugby.com\/usomc\/#organization"},"potentialAction":[{"@type":"SearchAction","target":{"@type":"EntryPoint","urlTemplate":"https:\/\/clubs.misterugby.com\/usomc\/?s={search_term_string}"},"query-input":{"@type":"PropertyValueSpecification","valueRequired":true,"valueName":"search_term_string"}}],"inLanguage":"fr-FR"},{"@type":"Organization","@id":"https:\/\/clubs.misterugby.com\/usomc\/#organization","name":"usomc","url":"https:\/\/clubs.misterugby.com\/usomc\/","logo":{"@type":"ImageObject","inLanguage":"fr-FR","@id":"https:\/\/clubs.misterugby.com\/usomc\/#\/schema\/logo\/image\/","url":"https:\/\/clubs.misterugby.com\/usomc\/wp-content\/uploads\/sites\/9\/2022\/09\/cropped-Sans-titre-1.png","contentUrl":"https:\/\/clubs.misterugby.com\/usomc\/wp-content\/uploads\/sites\/9\/2022\/09\/cropped-Sans-titre-1.png","width":4080,"height":1321,"caption":"usomc"},"image":{"@id":"https:\/\/clubs.misterugby.com\/usomc\/#\/schema\/logo\/image\/"}}]}},"_links":{"self":[{"href":"https:\/\/clubs.misterugby.com\/usomc\/wp-json\/wp\/v2\/product\/9664","targetHints":{"allow":["GET"]}}],"collection":[{"href":"https:\/\/clubs.misterugby.com\/usomc\/wp-json\/wp\/v2\/product"}],"about":[{"href":"https:\/\/clubs.misterugby.com\/usomc\/wp-json\/wp\/v2\/types\/product"}],"wp:featuredmedia":[{"embeddable":true,"href":"https:\/\/clubs.misterugby.com\/usomc\/wp-json\/wp\/v2\/media\/9672"}],"wp:attachment":[{"href":"https:\/\/clubs.misterugby.com\/usomc\/wp-json\/wp\/v2\/media?parent=9664"}],"wp:term":[{"taxonomy":"product_brand","embeddable":true,"href":"https:\/\/clubs.misterugby.com\/usomc\/wp-json\/wp\/v2\/product_brand?post=9664"},{"taxonomy":"product_cat","embeddable":true,"href":"https:\/\/clubs.misterugby.com\/usomc\/wp-json\/wp\/v2\/product_cat?post=9664"},{"taxonomy":"product_tag","embeddable":true,"href":"https:\/\/clubs.misterugby.com\/usomc\/wp-json\/wp\/v2\/product_tag?post=9664"}],"curies":[{"name":"wp","href":"https:\/\/api.w.org\/{rel}","templated":true}]}}